{"id":11966,"date":"2017-07-05T10:43:50","date_gmt":"2017-07-05T14:43:50","guid":{"rendered":"https:\/\/www.westgatereservations.com\/pet-friendly\/"},"modified":"2022-04-11T10:02:28","modified_gmt":"2022-04-11T14:02:28","slug":"pet-friendly","status":"publish","type":"page","link":"https:\/\/www.westgatereservations.com\/es\/pet-friendly\/","title":{"rendered":"Aceptamos Mascotas"},"content":{"rendered":"[content_band class=\"mtn mbs\" bg_image=\"https:\/\/westgatecdn.com\/2016\/09\/Pet-friendly-resorts.jpg\" inner_container=\"true\" alt=\"resorts in orlando\" parallax=\"false\"]\r\n[custom_headline style=\"margin-top: 0; color:#ffffff;\" type=\"center\" level=\"h2\" looks_like=\"h2\"]Hoteles y Resorts que Aceptan Mascotas[\/custom_headline]\r\n[\/content_band]\r\n[container]\r\n<!--content 3\/4 - 1\/4-->\r\n\r\n<div class=\"x-column x-sm x-3-4\">\r\n[custom_headline level=\"h1\" looks_like=\"h4\" class=\"mtm mbs\"]\u00a1Vacaciona con tus Mascotas en los Estados Unidos![\/custom_headline]\r\n<p>\r\n\u00bfBuscas unas vacaciones que toda tu familia, y s\u00ed que incluya un destino de viaje que tu mascota, disfrutar\u00e1? Entonces no busque m\u00e1s all\u00e1 de <a href=\"https:\/\/www.westgatereservations.com\/es\/\">Westgate Resorts<\/a>Con exquisitas propiedades en todo Estados Unidos, ofrecemos a su familia desde una aventura en la monta\u00f1a hasta una relajante estancia en la playa. Para colmo, la lista de actividades y atracciones en la propiedad cerca de los resorts es interminable.\r\n<\/p>\r\n<p>\r\n\u00a1Viajar con tu mascota no tiene por qu\u00e9 ser complicado o estresante! Nuestras amplias villas ofrecen alojamiento totalmente equipado con cocina y \u00e1reas separadas para estar, comer y dormir. Usted y su mascota disfrutar\u00e1n de una estancia agradable y relajante en su hogar lejos del hogar.\r\n<\/p>\r\n<p>\r\nAl reservar su villa o alquiler de vacaciones, le recomendamos que llame con anticipaci\u00f3n para verificar los detalles, como el peso y la raza de su mascota. Es posible que encuentre un l\u00edmite en el n\u00famero de mascotas permitidas en algunos lugares. En muchos casos, los hoteles que visite tambi\u00e9n requerir\u00e1n que su mascota est\u00e9 completamente vacunada contra la rabia, la bordetella, etc. P\u00f3ngase en contacto con nosotros con antelaci\u00f3n para verificar nuestras tarifas por mascotas y las tarifas y restricciones de limpieza de la habitaci\u00f3n.\r\n<\/p>\r\n<h5>Esenciales de Viaje<\/h5>\r\n<div class=\"center-text\">\r\n<div class=\"x-column x-sm x-1-3\">\r\n[line class=\"mtn mbn\"]\r\n<img decoding=\"async\" src=\"https:\/\/westgatecdn.com\/2017\/07\/pet-friendly-s1-2.png\" alt=\"Vacaciones con mascotas| Re\u00fana medicamentos\"\/>\r\n<blockquote class=\"x-blockquote center-text font-smaller\">Re\u00fana cualquier medicamento y prueba de vacunas <\/blockquote>\r\n<\/div>\r\n<div class=\"x-column x-sm x-1-3\">\r\n[line class=\"mtn mbn\"]\r\n<img decoding=\"async\" src=\"https:\/\/westgatecdn.com\/2017\/07\/pet-friendly-s2-2.png\" alt=\"comida y agua de mascotas | vacaciones \">\r\n<blockquote class=\"x-blockquote center-text font-smaller\"> No olvides la comida, el agua y los platos de alimentaci\u00f3n\r\n<\/blockquote>\r\n<\/div>\r\n<div class=\"x-column x-sm x-1-3 last\">\r\n[line class=\"mtn mbn\"]\r\n<img decoding=\"async\" src=\"https:\/\/westgatecdn.com\/2017\/07\/pet-friendly-s3-2.png\" alt=\"cama y juguetes de mascotas | vacaciones westgate resorts\">\r\n<blockquote class=\"x-blockquote center-text font-smaller\">Trae la cama de tus mascotas y sus juguetes favoritos<\/blockquote>\r\n<\/div>\r\n[clear]\r\n<\/div>\r\n<p>\r\nViajar con tu mascota puede ser una experiencia divertida. A los miembros de tu familia, especialmente los ni\u00f1os, les encantar\u00e1 poder compartir y crear recuerdos con ellos durante las vacaciones. No olvidemos que tu mascota estar\u00e1 content\u00edsimo de ser parte del viaje. Cuando viajes  con animales, vas a querer asegurarte de que incluyas su comida, juguetes favoritos, y cualquier medicamento que necesite. \r\n<\/p>\r\n<p>\r\n\u00a1Westgate Resorts ofrece una variedad de opciones para familias que tienen mascotas! Si estas considerando viajar con tus mascotas, \u00e9chale un vistazo a nuestros resorts y conoce por que nos encantan las mascotas.<\/p>\r\n\r\n[custom_headline level=\"h2\" looks_like=\"h4\" class=\"mbm\"]Reserva tus Vacaciones en uno de los siguientes Resorts: [\/custom_headline]\r\n[resorts ids=\"5886, 5945, 5917, 5810, 7252, 5785, 5680, 5688, 5738, 5701, 5975\"]\r\n\r\n<h3 class=\"h4 mtn\">\r\nNuestra Pol\u00edtica de Mascotas<\/h3>\r\n[content-block name=\"pet-policy\"]\r\n\r\n[blockquote type=\"center\"]Reserva tus vacaciones con tus mascotas hoy<br>\u00a1Ll\u00e1manos! [phone_link][tel][\/phone_link] [\/blockquote]\r\n\r\n[custom_headline level=\"h4\" looks_like=\"h5\" class=\"mtm mbs\"]Mas acerca de nuestros Resorts que Aceptan Mascotas[\/custom_headline]\r\n\r\n[columnize]\r\n<ul>\t\r\n<li><a href=\"\/es\/orlando\/resorts-and-hotels\/pet-friendly\/\">Resorts que Aceptan Mascotas en Orlando Florida<\/a><\/li>\r\n<\/ul>\r\n[\/columnize]\r\n<\/div>\r\n<div class=\"x-column x-sm x-1-4 last\">\r\n[clear]\r\n[sidebar sidebar_id=\"ups-sidebar-beach-vacation-sidebar-pet-friendly-vacations\"]\r\n<\/div>\r\n<!--\/content 2\/3 - 1\/3-->\r\n\r\n[\/container]\r\n[gap size=\"2em\"]","protected":false},"excerpt":{"rendered":"<p>[content_band class=\"mtn mbs\" bg_image=\"https:\/\/westgatecdn.com\/2016\/09\/Pet-friendly-resorts.jpg\" inner_container=\"true\" alt=\"resorts in orlando\" parallax=\"false\"] [custom_headline style=\"margin-top: 0; color:#ffffff;\" type=\"center\" level=\"h2\" looks_like=\"h2\"]Hoteles y Resorts que Aceptan Mascotas[\/custom_headline] [\/content_band] [container] [custom_headline level=\"h1\" looks_like=\"h4\" class=\"mtm mbs\"]\u00a1Vacaciona con tus ... <\/p>\n<div><a href=\"https:\/\/www.westgatereservations.com\/es\/pet-friendly\/\" class=\"more-link\">Leer M\u00e1s<\/a><\/div>\n","protected":false},"author":2,"featured_media":0,"parent":0,"menu_order":0,"comment_status":"closed","ping_status":"closed","template":"template-blank-4.php","meta":{"footnotes":""},"_links":{"self":[{"href":"https:\/\/www.westgatereservations.com\/es\/wp-json\/wp\/v2\/pages\/11966"}],"collection":[{"href":"https:\/\/www.westgatereservations.com\/es\/wp-json\/wp\/v2\/pages"}],"about":[{"href":"https:\/\/www.westgatereservations.com\/es\/wp-json\/wp\/v2\/types\/page"}],"author":[{"embeddable":true,"href":"https:\/\/www.westgatereservations.com\/es\/wp-json\/wp\/v2\/users\/2"}],"replies":[{"embeddable":true,"href":"https:\/\/www.westgatereservations.com\/es\/wp-json\/wp\/v2\/comments?post=11966"}],"version-history":[{"count":0,"href":"https:\/\/www.westgatereservations.com\/es\/wp-json\/wp\/v2\/pages\/11966\/revisions"}],"wp:attachment":[{"href":"https:\/\/www.westgatereservations.com\/es\/wp-json\/wp\/v2\/media?parent=11966"}],"curies":[{"name":"wp","href":"https:\/\/api.w.org\/{rel}","templated":true}]}}