{"id":11935,"date":"2025-03-18T12:00:25","date_gmt":"2025-03-18T16:00:25","guid":{"rendered":"https:\/\/www.westgatereservations.com\/discount-disney-tickets\/"},"modified":"2025-03-21T11:41:08","modified_gmt":"2025-03-21T15:41:08","slug":"discount-disney-tickets","status":"publish","type":"page","link":"https:\/\/www.westgatereservations.com\/es\/orlando\/theme-parks\/walt-disney-world\/discount-disney-tickets\/","title":{"rendered":"Tickets para Disney con Descuento"},"content":{"rendered":"<div>\r\n    <div class=\"image-wrap background-cover ptl relative\" style=\"background-image:linear-gradient( rgba(0, 0, 0, 0.2), rgba(0, 0, 0, 0.2) ), url(https:\/\/westgatecdn.com\/2021\/08\/disney-bg-banner.jpg); position: relative;\">\r\n        <div class=\"x-container max width\">\r\n        \t<div class=\"row\">\r\n        \t\t<div class=\"py-2 my-3\">\r\n        \t\t<\/div>\r\n        \t\t<div class=\"my-4\">\r\n        \t\t<h1 class=\"white dshadow mbn\"><img decoding=\"async\" alt=\"Walt Disney World Tickets\" style=\"width:100%; max-width: 460px;\" src=\"https:\/\/westgatecdn.com\/2023\/04\/walt-disney-world-tickets-logo.png\"><\/h1>\r\n        \t\t<\/div>\r\n        \t<\/div>\r\n        <\/div>\r\n        <!----->\r\n    <\/div>\r\n<\/div>\r\n<div class=\"x-container max width\">\r\n     <br>\r\n\r\n<h1>Tickets de Disney World con Descuento<\/h1>\r\n\r\n            <p class=\"mtm\">Adentrarse en el encantador mundo de Disney World no deber\u00eda romperte el bolsillo. En Westgate Reservations, ofrecemos tickets de Disney con descuento para familias que deseen crear recuerdos inolvidables. Entremos en un mundo de aventura, fantas\u00eda y encanto puro sin necesidad de tirar la casa por la ventana.<\/p>\r\n\r\n                [line]\r\n\r\n\t<h2 class=\"h4\">Escoge tu Ticket<\/h2>\r\n\t[content-block name=\"disney-tickets\"]\r\n<\/div>\r\n<div class=\"mt-3\">&nbsp;<\/div>\r\n<div style=\"background:#6f43d6;\" class=\"py-5 my-4\">\r\n\t<div class=\"x-container max width py-5\">\r\n\t\t<div class=\"row\">\r\n\t\t\t<div class=\"d-lg-flex align-items-center\">\r\n\t\t\t\t<div class=\"col-12 col-lg-6\">\r\n\t\t\t\t\t<p class=\"m-0 d-none d-lg-block pr-4\" style=\"font-size:1.1vw;\">\r\n\t\t\t\t\t\t<span class=\"h1 text-white m-0\" style=\"text-transform: uppercase;\">Compra <span style=\"color: #4fd5ed;\">2 Tickets<\/span><br\/>y recibe<span style=\"color: #4fd5ed;\">$200<\/span> <\/span>\r\n\t\t\t\t\t<\/p>\r\n\t\t\t\t\t<p class=\"mt-0 mb-3 d-block d-lg-none pr-4\">\r\n\t\t\t\t\t\t<span class=\"h1 text-white m-0\" style=\"text-transform: uppercase;\">Compra <span style=\"color: #4fd5ed;\">2 Tickets<\/span><br\/> y recibe <span style=\"color: #4fd5ed;\">$200<\/span><\/span>\r\n\t\t\t\t\t<\/p>\r\n\t\t\t\t<\/div>\r\n\t\t\t\t<div class=\"col-12 col-lg-6\">\r\n\t\t\t\t\t<div class=\"text-white\">\r\n\t\t\t\t\t\t<p><i style=\"float:left;\" class=\"fa fa-exclamation-circle fa-3x mr-2\" aria-hidden=\"true\"><\/i><b>Para recibir esta promoci\u00f3n<\/b>, se le pedir\u00e1 que realice un recorrido de propiedad vacacional de 90 minutos, y tambi\u00e9n deber\u00e1 cumplir con los siguientes requisitos:\r\n<br\/> <\/p>\r\n\t\t\t\t\t\t<div class=\"p-4\" style=\"border:1px solid #fff; border-radius: 5px;\">\r\n\t\t\t\t\t\t\t<p class=\"m-0\">\r\n\t\t\t\t\t\t\t\t<i class=\"fas fa-check\"><\/i>Debe estar casados y ambos deben viajar juntos<br\/>  \r\n\t\t\t\t\t\t\t\t<i class=\"fas fa-check\"><\/i>Debe estar empleado con ingresos anuales combinados de al menos $ 60,000 USD<br\/>  \r\n\t\t\t\t\t\t\t\t<i class=\"fas fa-check\"><\/i>Deben ser ciudadanos de los Estados Unidos o de pa\u00edses donde est\u00e9 registrada esta promoci\u00f3n\r\n<br\/>  \r\n\t\t\t\t\t\t\t\t<i class=\"fas fa-check\"><\/i>Deben tener edades de 28 \u2013 68<br\/>  \r\n\t\t\t\t\t\t\t\t<i class=\"fas fa-check\"><\/i> Llevar una tarjeta de cr\u00e9dito v\u00e1lida (no se aceptan tarjetas prepagadas o recargables)\r\n\r\n<br\/>\r\n \u2022 Puede estar sujeto a t\u00e9rminos adicionales\r\n\t\t\t\t\t\t\t<\/p>\r\n\t\t\t\t\t\t<\/div>\r\n\t\t\t\t\t<\/div>\r\n\t\t\t\t<\/div>\r\n\r\n\t\t\t<\/div>\r\n\t\t<\/div>\r\n\t\t<div class=\"row\">\r\n\t\t\t<div class=\"col-12 center-text\">\r\n\t\t\t\t<p class=\"text-white pt-5\">Entiendo los requisitos,<\/p>\r\n\t\t\t\t<a href=\"https:\/\/kgstix.com\/westgate\/walt-disney-world\/?ref=WGRDisney200GC\" class=\" x-btn btn-white x-btn-large px-5\">Obtener oferta<\/a><br\/>\r\n\t\t\t<\/div>\r\n\t\t<\/div>\r\n\t<\/div>\r\n<\/div>\r\n\r\n<div class=\"x-container max width\">\r\n\t<div class=\"row py-4 mb-4\">\r\n\t\t<div class=\"col-12\">\r\n\t\t\t<p class=\"h4 my-1\">Complementos para Tickets de Disney. Disfruta m\u00e1s<\/p>\r\n\t\t\t<p>Los complementos de los tickets te permiten visitar m\u00e1s parques en el mismo d\u00eda o varios parques en d\u00edas diferentes.  Elige la opci\u00f3n que mejor se adapte a ti.<\/p>\r\n\t\t\t[accordion id=\"addons\"] \r\n            [accordion_item title=\"Ticket Est\u00e1ndar\" parent_id=\"addons\"]\r\n            <h6>Ticket Est\u00e1ndar<\/h6>\r\n            <p>\r\n\t          Visita UN parque tem\u00e1tico por d\u00eda, cada d\u00eda en que tu ticket es v\u00e1lido. Puedes elegir un parque tem\u00e1tico diferente cada d\u00eda a partir de tu ticket de admisi\u00f3n.<br\/>\r\n\t\t\t\t<b>Para cada d\u00eda, puedes elegir una de las siguientes opciones:<\/b><br\/>\r\n\t\t\t\t<ul><li>Disney's Magic Kingdom<\/li><li>EPCOT<\/li><li>Disney's Animal Kingdom<\/li><li>Disney's Hollywood Studios<\/li><\/ul>\r\n            <\/p>\r\n            [\/accordion_item]\r\n            [accordion_item title=\"Opci\u00f3n Park Hopper\" parent_id=\"addons\"]\r\n            <h6>Opci\u00f3n Park Hopper<\/h6>\r\n            <p>Visita VARIOS parques tem\u00e1ticos cada d\u00eda con este ticket.\r\n <br\/>\r\n\t\t\t\t<b>Para cada d\u00eda, puedes elegir uno de los siguientes:<\/b><br\/><\/p>\r\n            <ul><li>Disney's Magic Kingdom<\/li><li>EPCOT<\/li><li>Disney's Animal Kingdom<\/li><li>Disney's Hollywood Studios<\/li><\/ul>\r\n            <p>Con la experiencia actualizada de Park Hopper, los Visitantes deben hacer una reservaci\u00f3n de Disney Park Pass para el primer parque que planeen visitar E ingresar a ese primer parque antes de visitar otro. En estos momentos, no se requiere una reserva de parque despu\u00e9s del primer parque, sin embargo, los requisitos de reserva est\u00e1n sujetos a cambios. Tenga en cuenta que la posibilidad de visitar otro parque estar\u00e1 sujeta a las limitaciones de capacidad del parque. En caso de que la opci\u00f3n Park Hopper no est\u00e9 disponible en un parque tem\u00e1tico, los Visitantes ser\u00e1n notificados en tiempo real a trav\u00e9s de una notificaci\u00f3n push de la aplicaci\u00f3n My Disney Experience.\r\n<\/p>\r\n            <p>Si deseas visitar Disney's Hollywood Studios despu\u00e9s de visitar el primer parque, no podr\u00e1s unirte a la cola virtual para\r\n\r\n<em>Star Wars:<\/em>Rise of the Resistance.<\/p>\r\n            [\/accordion_item]\r\n\r\n            [accordion_item title=\"Opci\u00f3n Parque Acu\u00e1tico y Deportes\" parent_id=\"addons\"]\r\n            <h6>OPCI\u00d3N PARQUE ACU\u00c1TICO Y DEPORTES<\/h6>\r\n            <p>Visita un parque tem\u00e1tico cada d\u00eda gracias a tu ticket. Puedes elegir un parque diferente cada d\u00eda. ADEM\u00c1S, disfruta de un cierto n\u00famero de visitas a un parque acu\u00e1tico u otro parque tem\u00e1tico relacionado con los deportes de Walt Disney World. <br\/>\r\n\t\t\t\t<b>Para cada d\u00eda, puedes elegir varias de las siguientes opciones:<\/b><br\/><\/p>\r\n            <ul><li>Disney's Magic Kingdom<\/li><li>EPCOT<\/li><li>Disney's Animal Kingdom<\/li><li>Disney's Hollywood Studios&nbsp;<\/li><\/ul>\r\n            <ul><li>Disney's Typhoon Lagoon Water Park<sup>1<\/sup><\/li><li>Disney's Blizzard Beach Water Park<sup>1<\/sup><\/li><li>ESPN Wide World of Sports Complex<sup>2<\/sup><\/li><li>Disney's Oak Trail Golf Course<sup>3<\/sup><\/li><li>Disney's Oak Trail Golf Course - FootGolf<sup>4<\/sup><\/li><li>Disney's Fantasia Gardens Miniature Golf Course<sup>5<\/sup><\/li><li>Disney's Winter Summerland Miniature Golf Course<sup>5<\/sup><\/li><\/ul>\r\n            [\/accordion_item]\r\n\r\n            [accordion_item title=\"Opci\u00f3n Park Hopper Plus\" parent_id=\"addons\"]\r\n            <h6>OPCI\u00d3N PARK HOPPER PLUS<\/h6>\r\n            <p>Visita varios parques tem\u00e1ticos cada d\u00eda gracias a tu ticket. Adem\u00e1s, disfruta de un cierto n\u00famero de visitas a un parque acu\u00e1tico u otro parque tem\u00e1tico relacionado con los deportes de Walt Disney World.<br\/>\r\n\t\t\t<b>Para cada d\u00eda, puedes elegir varias de las siguientes opciones:<\/b><br\/><\/p>\r\n            <ul><li>Disney's Magic Kingdom<\/li><li>EPCOT<\/li><li>Disney's Animal Kingdom<\/li><li>Disney's Hollywood Studios&nbsp;<\/li><\/ul>\r\n            <ul><li>Disney's Typhoon Lagoon Water Park<sup>1<\/sup><\/li><li>Disney's Blizzard Beach Water Park<sup>1<\/sup><\/li><li>ESPN Wide World of Sports Complex<sup>2<\/sup><\/li><li>Disney's Oak Trail Golf Course<sup>3<\/sup><\/li><li>Disney's Oak Trail Golf Course - FootGolf<sup>4<\/sup><\/li><li>Disney's Fantasia Gardens Miniature Golf Course<sup>5<\/sup><\/li><li>Disney's Winter Summerland Miniature Golf Course<sup>5<\/sup><\/li><\/ul>\r\n            [\/accordion_item]\r\n \r\n            [\/accordion]\r\n\r\n            <p><em><sup>1<\/sup><\/em><em>Los parques acu\u00e1ticos est\u00e1n sujetos a rehabilitaci\u00f3n, cierres estacionales y clim\u00e1ticos.<\/em> <em><br> <em><sup>2<\/sup> V\u00e1lido solo en d\u00edas de eventos; algunos eventos requieren un cargo de admisi\u00f3n adicional; no hay eventos en ciertos d\u00edas; los d\u00edas y horas de operaci\u00f3n de las concesiones, lugares y atracciones var\u00edan. Visita &nbsp;<a href=\"http:\/\/www.espnwwos.com\/\">www.espnwwos.com<\/a>&nbsp; para m\u00e1s informaci\u00f3n.<\/em><br> <em><sup>3<\/sup>Tarifas de greens para una ronda de golf. Se requieren tee times y est\u00e1n sujetos a disponibilidad.<\/em> <br> <em><sup>4<\/sup>FootGolf est\u00e1 disponible todos los mi\u00e9rcoles, s\u00e1bados y domingos despu\u00e9s de las 2:30 PM, sujeto a disponibilidad.<\/em> <br> <em><sup>5<\/sup>V\u00e1lido para una ronda. La ronda debe comenzar antes de las 4:00 PM. Solo una visita de minigolf por d\u00eda. Solo un campo de minigolf puede estar abierto de vez en cuando y los campos est\u00e1n sujetos a cierres clim\u00e1ticos.<\/em><\/em><\/p>\r\n\r\n            <p>Todos los tickets y opciones son intransferibles, no reembolsables y excluyen actividades \/ eventos con precios por separado. Los tickets de 1 d\u00eda son v\u00e1lidos para la admisi\u00f3n en la fecha que seleccione. Parques, atracciones y otras ofertas sujetas a disponibilidad, cierres y cambios o cancelaciones sin previo aviso ni responsabilidad.<\/p>\r\n\r\n[line]\r\n<h2>\u00a1Elige las mejores vacaciones para tu familia!<\/h2>\r\n<p>Realmente no hay otro lugar como las m\u00e1gicas aventuras de Disney para ni\u00f1os y adultos por igual. Es donde podr\u00e1s sumergirte en un reino donde los queridos personajes de Disney cobran vida, emocionantes atracciones te dejar\u00e1n sin aliento y los parques acu\u00e1ticos prometen mucha diversi\u00f3n. Desde tranquilas playas y lujosos spas hasta restaurantes y tiendas de primer nivel, tambi\u00e9n es un universo propio. \u00a1Y ahora, con Westgate Reservations, puedes disfrutar de esta magia a un precio insuperable para toda la familia! \u00a1Las vacaciones de tus sue\u00f1os est\u00e1n a solo un clic!\r\n\r\n    <h5>Encuentra tickets de Disney con descuento para tu parque favorito<\/h5>\r\n    <li><a href=\"[home_url]orlando\/theme-parks\/walt-disney-world\/magic-kingdom-orlando\/magic-kingdom-discount-tickets\/\">Tickets de Magic Kingdom con Descuento<\/a><\/li>\r\n    <li><a href=\"[home_url]orlando\/theme-parks\/walt-disney-world\/epcot-orlando\/epcot-discount-tickets\/\">Tickets de EPCOT con Descuento<\/a><\/li>\r\n    <li><a href=\"[home_url]orlando\/theme-parks\/walt-disney-world\/animal-kingdom-orlando\/animal-kingdom-discount-tickets\/\">Tickets de Animal Kingdom con Descuento<\/a><\/li>\r\n    <li><a href=\"[home_url]orlando\/theme-parks\/walt-disney-world\/disney-hollywood-studios\/hollywood-studios-discount-tickets\/\">Tickets de Hollywood Studios con Descuento<\/a><\/li>\r\n\r\n       <\/div>\r\n    <\/div>\r\n<\/div>\t\t","protected":false},"excerpt":{"rendered":"<p>Tickets de Disney World con Descuento Adentrarse en el encantador mundo de Disney World no deber\u00eda romperte el bolsillo. En Westgate Reservations, ofrecemos tickets de Disney con descuento para familias ... <\/p>\n<div><a href=\"https:\/\/www.westgatereservations.com\/es\/orlando\/theme-parks\/walt-disney-world\/discount-disney-tickets\/\" class=\"more-link\">Leer M\u00e1s<\/a><\/div>\n","protected":false},"author":2,"featured_media":0,"parent":23868,"menu_order":0,"comment_status":"closed","ping_status":"closed","template":"template-blank-4.php","meta":{"footnotes":""},"_links":{"self":[{"href":"https:\/\/www.westgatereservations.com\/es\/wp-json\/wp\/v2\/pages\/11935"}],"collection":[{"href":"https:\/\/www.westgatereservations.com\/es\/wp-json\/wp\/v2\/pages"}],"about":[{"href":"https:\/\/www.westgatereservations.com\/es\/wp-json\/wp\/v2\/types\/page"}],"author":[{"embeddable":true,"href":"https:\/\/www.westgatereservations.com\/es\/wp-json\/wp\/v2\/users\/2"}],"replies":[{"embeddable":true,"href":"https:\/\/www.westgatereservations.com\/es\/wp-json\/wp\/v2\/comments?post=11935"}],"version-history":[{"count":0,"href":"https:\/\/www.westgatereservations.com\/es\/wp-json\/wp\/v2\/pages\/11935\/revisions"}],"up":[{"embeddable":true,"href":"https:\/\/www.westgatereservations.com\/es\/wp-json\/wp\/v2\/pages\/23868"}],"wp:attachment":[{"href":"https:\/\/www.westgatereservations.com\/es\/wp-json\/wp\/v2\/media?parent=11935"}],"curies":[{"name":"wp","href":"https:\/\/api.w.org\/{rel}","templated":true}]}}