{"id":11489,"date":"2017-02-14T10:16:07","date_gmt":"2017-02-14T15:16:07","guid":{"rendered":"https:\/\/www.westgatereservations.com\/nurse-travel-discounts\/"},"modified":"2020-07-02T16:18:51","modified_gmt":"2020-07-02T20:18:51","slug":"nurse-travel-discounts","status":"publish","type":"page","link":"https:\/\/www.westgatereservations.com\/es\/nurse-travel-discounts\/","title":{"rendered":"Descuento para Enfermeros(as)"},"content":{"rendered":"[custom_headline type=\"left\" level=\"h1\" looks_like=\"h3\" class=\"mtn mbm\"]Descuento para Enfermeros(as)[\/custom_headline]\r\n<div>\r\n\t<div class=\"x-column x-sm x-2-3\">\r\n\t[image type=\"thumbnail\" src=\"https:\/\/westgatecdn.com\/2017\/02\/Nurse-Vacation-Deals.jpg\" alt=\"Nurse hotel deals\"]\r\n\t<\/div>\r\n\t<div class=\"x-column x-sm x-1-3\">\r\n[custom_headline type=\"left\" level=\"h2\" looks_like=\"h4\" class=\"mtn mbs\"]Descuentos para Enfermeros(as)[\/custom_headline]\r\n\t<p>Desde salas de emergencia hasta cuidado intensivo, enfermeros(as) son cruciales para la profesi\u00f3n m\u00e9dica. Por todo el cuidado que nos dan, les queremos brindar un 10% de descuentos en nuestras tarifas. <\/p>\r\n\t[blockquote type=\"center\"]*AHORRA 10%  Utiliza el C\u00f3digo: <strong>Enfermeros10<\/strong>[\/blockquote]\r\n<p style=\"font-size:11px;\">*Para recibir tu descuento de 10% en l\u00ednea, utiliza el c\u00f3digo durante el proceso de Check-out. Tambi\u00e9n nos puedes llamar al 1-800-413-0776 y proveer el c\u00f3digo de descuento a uno de nuestros representantes.<\/p>\r\n\t<\/div>\r\n<\/div>\r\n[clear]\r\n[gap size=\"1em\"]\r\n[search-availability layout=\"horizontal\" resort_id=\"1049,1050,1052,1044,1045,9344,1094,1451,1490,659,937,981,1004,1007,8322,1048,1046,835\" destination=\"\"]\r\n[gap size=\"2em\"]\r\n[columnize]\r\n[custom_headline type=\"left\" level=\"h3\" looks_like=\"h4\" class=\"mtn mbs\"]\u00a1Carga tu ID y ahorra con un Descuento de Enfermeros(as)![\/custom_headline]\r\n\t<p><a href=\"\/\">Westgate Resorts<\/a> est\u00e1 orgulloso de nuestra naci\u00f3n de enfermeros(as).  Para agradecerles por su valent\u00eda, habilidad y su compromiso con Estados Unidos, nos complace ofrecerles un descuento especial a todas los enfermeros(as). Disfruta de los ahorros y lujos en cualquier propiedad de Westgate Resort ubicada en los destinos m\u00e1s populares de los Estados Unidos. Para recibir el descuento especial de 10% para viajes, se le pedir\u00e1 una identificaci\u00f3n apropiada al momento del \u201cCheck-in\u201d. El descuento se basa en la disponibilidad y pueden aplicarse algunas fechas de exclusi\u00f3n.<\/p>\r\n<p>\r\n\u00a1Utilizar el descuento para enfermeros(as) es simple! Al hacer una reserva en l\u00ednea, usa el c\u00f3digo promocional de descuento de enfermeros(as) en el momento del \u201cCheck-Out\u201d. Tambi\u00e9n puede utilizar el c\u00f3digo mencion\u00e1ndolo al llamarnos y  hablar con uno de nuestros especialistas de viajes. \r\n<\/p>\r\n<ul>\r\n  <li>Descuentos de Viaje para Enfermeros(as)<\/li>\r\n  <li>10% menos en tus Vacaciones<\/li>\r\n  <li>Resorts de 5 Estrellas<\/li>\r\n  <li>Ahorra en L\u00ednea o Ll\u00e1manos al [phone_link][tel][\/phone_link]<\/li>\r\n  <li>ID ser\u00e1 requerido durante el Registro de Llegada<\/li>\r\n<\/ul>\r\n[\/columnize]\r\n[blockquote type=\"center\"]\u00a1Reserva tu estad\u00eda hoy!  <br>Ll\u00e1manos al [phone_link][tel][\/phone_link] y Ahorra 10%[\/blockquote]\r\n[custom_headline type=\"left\" level=\"h2\" looks_like=\"h4\" class=\"mts\"]\u00a1Disfruta de tu descuento de enfermero(a) en estas vacaciones![\/custom_headline]\r\n[specials ids=\"8285,11252,11066,5654,10400,5658,11201\"]\r\n[gap size=\"2em\"]\r\n[blockquote type=\"center\"]\u00a1Reserva tu estad\u00eda hoy!  <br>Ll\u00e1manos al [phone_link][tel][\/phone_link] y Ahorra 10%[\/blockquote]\r\n[gap size=\"3em\"]","protected":false},"excerpt":{"rendered":"<p>[custom_headline type=\"left\" level=\"h1\" looks_like=\"h3\" class=\"mtn mbm\"]Descuento para Enfermeros(as)[\/custom_headline] [image type=\"thumbnail\" src=\"https:\/\/westgatecdn.com\/2017\/02\/Nurse-Vacation-Deals.jpg\" alt=\"Nurse hotel deals\"] [custom_headline type=\"left\" level=\"h2\" looks_like=\"h4\" class=\"mtn mbs\"]Descuentos para Enfermeros(as)[\/custom_headline] Desde salas de emergencia hasta cuidado intensivo, enfermeros(as) ... <\/p>\n<div><a href=\"https:\/\/www.westgatereservations.com\/es\/nurse-travel-discounts\/\" class=\"more-link\">Leer M\u00e1s<\/a><\/div>\n","protected":false},"author":6,"featured_media":0,"parent":0,"menu_order":0,"comment_status":"closed","ping_status":"closed","template":"template-blank-1.php","meta":{"footnotes":""},"_links":{"self":[{"href":"https:\/\/www.westgatereservations.com\/es\/wp-json\/wp\/v2\/pages\/11489"}],"collection":[{"href":"https:\/\/www.westgatereservations.com\/es\/wp-json\/wp\/v2\/pages"}],"about":[{"href":"https:\/\/www.westgatereservations.com\/es\/wp-json\/wp\/v2\/types\/page"}],"author":[{"embeddable":true,"href":"https:\/\/www.westgatereservations.com\/es\/wp-json\/wp\/v2\/users\/6"}],"replies":[{"embeddable":true,"href":"https:\/\/www.westgatereservations.com\/es\/wp-json\/wp\/v2\/comments?post=11489"}],"version-history":[{"count":0,"href":"https:\/\/www.westgatereservations.com\/es\/wp-json\/wp\/v2\/pages\/11489\/revisions"}],"wp:attachment":[{"href":"https:\/\/www.westgatereservations.com\/es\/wp-json\/wp\/v2\/media?parent=11489"}],"curies":[{"name":"wp","href":"https:\/\/api.w.org\/{rel}","templated":true}]}}