{"id":11424,"date":"2017-01-31T11:28:48","date_gmt":"2017-01-31T16:28:48","guid":{"rendered":"https:\/\/www.westgatereservations.com\/first-responder-discount\/"},"modified":"2017-01-31T16:03:41","modified_gmt":"2017-01-31T21:03:41","slug":"first-responder-discount","status":"publish","type":"page","link":"https:\/\/www.westgatereservations.com\/es\/first-responder-discount\/","title":{"rendered":"Descuentos para Personal de Emergencia"},"content":{"rendered":"[custom_headline type=\"left\" level=\"h1\" looks_like=\"h3\" class=\"mtn mbm\"]Descuentos para Personal de Emergencia[\/custom_headline]\r\n<div>\r\n\t<div class=\"x-column x-sm x-2-3\">\r\n\t[image type=\"thumbnail\" src=\"https:\/\/westgatecdn.com\/2017\/01\/first-responder-discounts.jpg\" alt=\"first responder discounts\"]\r\n\t<\/div>\r\n\t<div class=\"x-column x-sm x-1-3\">\r\n[custom_headline type=\"left\" level=\"h2\" looks_like=\"h4\" class=\"mtn mbs\"]Descuentos para Personal de Emergencia[\/custom_headline]\r\n\t<p>El personal de emergencia arriesga sus vidas todos los d\u00edas y por eso y m\u00e1s merecen las \u201cgracias\u201d todos los d\u00edas. Por tal raz\u00f3n que los h\u00e9roes de Am\u00e9rica pueden ahorrar hasta 10% en nuestras tarifas.<\/p>\r\n\t[blockquote type=\"center\"]**AHORRA 10% Utiliza el C\u00f3digo: <strong>PersonalEmergencia10<\/strong>[\/blockquote]\r\n<p style=\"font-size:11px;\">*Para recibir tu descuento de 10% en l\u00ednea, utiliza el c\u00f3digo durante el \u201cCheck-out\u201d. Tambi\u00e9n puedes llamarnos al 1-800-413-0776 y proveer el c\u00f3digo a uno de nuestros representantes.\r\n<\/p>\r\n\t<\/div>\r\n<\/div>\r\n[clear]\r\n[gap size=\"1em\"]\r\n[search-availability layout=\"horizontal\" resort_id=\"1049,1050,1052,1044,1045,9344,1094,1451,1490,659,937,981,1004,1007,8322,1048,1046,835\" destination=\"\"]\r\n[gap size=\"2em\"]\r\n[columnize]\r\n[custom_headline type=\"left\" level=\"h3\" looks_like=\"h4\" class=\"mtn mbs\"]\u00a1Carga con tu ID y Disfruta de Descuentos para Personal de Emergencia![\/custom_headline]\r\n\t<p>Westgate Resorts est\u00e1 orgulloso de todos los h\u00e9roes de nuestra naci\u00f3n. Para agradecerles por su valent\u00eda y compromiso con los Estados Unidos, nos complacemos en proveer un descuento para personal parte de la polic\u00eda, bomberos, personal de b\u00fasqueda y rescate y personal de atenci\u00f3n m\u00e9dica de emergencia.  Disfruta de ahorros y lujos en cualquiera de nuestras propiedades Westgate Resorts a trav\u00e9s de los Estados Unidos. Para recibir tu descuento militar de 10%, utiliza el c\u00f3digo <strong>PersonalEmergencia10<\/strong> y presenta tu ID de Personal de Emergencia durante el Registro de Llegada. El descuento es basado en disponibilidades y algunas fechas durante la alta temporada podr\u00e1n aplicar. Para recibir tu descuento de 10% en l\u00ednea, utiliza el c\u00f3digo durante el \u201cCheck-out\u201d. Tambi\u00e9n puedes llamarnos al 1-800-413-0776 y proveer el c\u00f3digo a uno de nuestros representantes.\r\n<\/p>\r\n<ul>\r\n  <li>Descuentos para Personal de Emergencia<\/li>\r\n  <li>Descuentos para Polic\u00edas<\/li>\r\n  <li>Descuentos para Bomberos<\/li>\r\n  <li>Resorts de 5 Estrellas<\/li>\r\n  <li>Ahorra en L\u00ednea o ll\u00e1manos al [phone_link][tel][\/phone_link]<\/li>\r\n  <li>ID requerido durante el Registro de Llegada<\/li>\r\n<\/ul>\r\n[\/columnize]\r\n[blockquote type=\"center\"]\u00a1Reserva tu estad\u00eda hoy!  <br>Ll\u00e1manos al [phone_link][tel][\/phone_link] y Ahorra 10%[\/blockquote]\r\n[custom_headline type=\"left\" level=\"h2\" looks_like=\"h4\" class=\"mts\"]\u00a1Disfruta de tu descuento en estas vacaciones!\r\n[\/custom_headline]\r\n[specials ids=\"8285,11252,11066,5654,10400,5658,11201\"]\r\n[gap size=\"2em\"]\r\n[blockquote type=\"center\"]\u00a1Reserva tu estad\u00eda hoy!  <br>Ll\u00e1manos al [phone_link][tel][\/phone_link] y Ahorra 10%[\/blockquote]\r\n[gap size=\"3em\"]","protected":false},"excerpt":{"rendered":"<p>[custom_headline type=\"left\" level=\"h1\" looks_like=\"h3\" class=\"mtn mbm\"]Descuentos para Personal de Emergencia[\/custom_headline] [image type=\"thumbnail\" src=\"https:\/\/westgatecdn.com\/2017\/01\/first-responder-discounts.jpg\" alt=\"first responder discounts\"] [custom_headline type=\"left\" level=\"h2\" looks_like=\"h4\" class=\"mtn mbs\"]Descuentos para Personal de Emergencia[\/custom_headline] El personal de emergencia ... <\/p>\n<div><a href=\"https:\/\/www.westgatereservations.com\/es\/first-responder-discount\/\" class=\"more-link\">Leer M\u00e1s<\/a><\/div>\n","protected":false},"author":6,"featured_media":0,"parent":0,"menu_order":0,"comment_status":"closed","ping_status":"closed","template":"template-blank-1.php","meta":{"footnotes":""},"_links":{"self":[{"href":"https:\/\/www.westgatereservations.com\/es\/wp-json\/wp\/v2\/pages\/11424"}],"collection":[{"href":"https:\/\/www.westgatereservations.com\/es\/wp-json\/wp\/v2\/pages"}],"about":[{"href":"https:\/\/www.westgatereservations.com\/es\/wp-json\/wp\/v2\/types\/page"}],"author":[{"embeddable":true,"href":"https:\/\/www.westgatereservations.com\/es\/wp-json\/wp\/v2\/users\/6"}],"replies":[{"embeddable":true,"href":"https:\/\/www.westgatereservations.com\/es\/wp-json\/wp\/v2\/comments?post=11424"}],"version-history":[{"count":0,"href":"https:\/\/www.westgatereservations.com\/es\/wp-json\/wp\/v2\/pages\/11424\/revisions"}],"wp:attachment":[{"href":"https:\/\/www.westgatereservations.com\/es\/wp-json\/wp\/v2\/media?parent=11424"}],"curies":[{"name":"wp","href":"https:\/\/api.w.org\/{rel}","templated":true}]}}