{"id":11412,"date":"2017-01-24T16:56:10","date_gmt":"2017-01-24T21:56:10","guid":{"rendered":"https:\/\/www.westgatereservations.com\/teacher-travel-discounts\/"},"modified":"2023-06-02T13:07:28","modified_gmt":"2023-06-02T17:07:28","slug":"teacher-travel-discounts","status":"publish","type":"page","link":"https:\/\/www.westgatereservations.com\/es\/teacher-travel-discounts\/","title":{"rendered":"Descuentos para Maestros"},"content":{"rendered":"[custom_headline type=\"left\" level=\"h1\" looks_like=\"h3\" class=\"mtn mbm\"]Descuentos para Maestros y Educadores [\/custom_headline]\r\n<div>\r\n\t<div class=\"x-column x-sm x-2-3\">\r\n\t[image type=\"thumbnail\" src=\"https:\/\/westgatecdn.com\/2017\/01\/Educator-discounts.jpg\" alt=\"hotel discounts for teachers \"]\r\n\t<\/div>\r\n\t<div class=\"x-column x-sm x-1-3\">\r\n[custom_headline type=\"left\" level=\"h2\" looks_like=\"h4\" class=\"mtn mbs\"]Descuento para Educadores[\/custom_headline]\r\n\t<p>En Westgate Resorts creemos que los educadores merecen tanto, como por ejemplo, \u00a1un descuento para maestros y educadores! Por tal raz\u00f3n, todo educador cualificado (maestros, consejeros, administradores, maestros sustitutos, personal de limpieza y conserjer\u00eda, etc.) puede ahorrar hasta 10% en nuestras tarifas. <\/p>\r\n\t[blockquote type=\"center\"]*AHORRA 10% Utiliza el C\u00f3digo: <strong>EDUCADORES10<\/strong>[\/blockquote]\r\n<p style=\"font-size:11px;\">*Para recibir tu descuento de 10% en l\u00ednea, utiliza el c\u00f3digo durante el proceso de Check-out. Tambi\u00e9n nos puedes llamar al 1-800-413-0776 y proveer el c\u00f3digo de descuento a uno de nuestros representantes. <\/p>\r\n\t<\/div>\r\n<\/div>\r\n[clear]\r\n[gap size=\"1em\"]\r\n[search-availability layout=\"horizontal\" resort_id=\"1049,1050,1052,1044,1045,9344,1094,1451,1490,659,937,981,1004,1007,8322,1048,1046,835\" destination=\"\"]\r\n[gap size=\"2em\"]\r\n[columnize]\r\n[custom_headline type=\"left\" level=\"h3\" looks_like=\"h4\" class=\"mtn mbs\"]\u00a1Trae tu ID de Educador y Ahorra![\/custom_headline]\r\n\t<p>Maestros - \u00a1queremos agradecerles por todo lo que hacen! En Westgate Resorts, les damos la bienvenida a todos los maestros, administradores escolares y miembros del personal de la escuela con este descuento especial en cualquiera de nuestras propiedades en los Estados Unidos. Para recibir el descuento de 10%, utiliza el c\u00f3digo: <strong>EDUCADORES10<\/strong> y muestra tu ID Escolar durante el Registro de Llegada. El descuento es basado en disponibilidades y algunas fechas durante la alta temporada podr\u00e1n aplicar. <\/p>\r\n<ul>\r\n  <li>Descuentos para Maestros en Nuestros Hoteles<\/li>\r\n  <li>Educadores Ahorran 10%<\/li>\r\n  <li>Resorts de 5 Estrellas <\/li>\r\n  <li>Ahorra en L\u00ednea o Ll\u00e1manos al [phone_link][tel][\/phone_link]<\/li>\r\n<\/ul>\r\n[\/columnize]\r\n[blockquote type=\"center\"]Maestros, \u00a1reserven sus estad\u00edas hoy!  <br>Ll\u00e1manos al [phone_link][tel][\/phone_link] y Ahorra 10%[\/blockquote]\r\n[custom_headline type=\"left\" level=\"h2\" looks_like=\"h4\" class=\"mts\"]\u00a1Disfruta de tu descuento de maestro en estas vacaciones![\/custom_headline]\r\n[specials ids=\"8285,11252,11066,5654,10400,5658,11201\"]\r\n[gap size=\"2em\"]\r\n[blockquote type=\"center\"]Maestros, \u00a1reserven sus estad\u00edas hoy!  <br>Ll\u00e1manos al [phone_link][tel][\/phone_link] y Ahorra 10%[\/blockquote]\r\n[gap size=\"3em\"]","protected":false},"excerpt":{"rendered":"<p>[custom_headline type=\"left\" level=\"h1\" looks_like=\"h3\" class=\"mtn mbm\"]Descuentos para Maestros y Educadores [\/custom_headline] [image type=\"thumbnail\" src=\"https:\/\/westgatecdn.com\/2017\/01\/Educator-discounts.jpg\" alt=\"hotel discounts for teachers \"] [custom_headline type=\"left\" level=\"h2\" looks_like=\"h4\" class=\"mtn mbs\"]Descuento para Educadores[\/custom_headline] En Westgate Resorts ... <\/p>\n<div><a href=\"https:\/\/www.westgatereservations.com\/es\/teacher-travel-discounts\/\" class=\"more-link\">Leer M\u00e1s<\/a><\/div>\n","protected":false},"author":6,"featured_media":20979,"parent":0,"menu_order":0,"comment_status":"closed","ping_status":"closed","template":"template-blank-1.php","meta":{"footnotes":""},"_links":{"self":[{"href":"https:\/\/www.westgatereservations.com\/es\/wp-json\/wp\/v2\/pages\/11412"}],"collection":[{"href":"https:\/\/www.westgatereservations.com\/es\/wp-json\/wp\/v2\/pages"}],"about":[{"href":"https:\/\/www.westgatereservations.com\/es\/wp-json\/wp\/v2\/types\/page"}],"author":[{"embeddable":true,"href":"https:\/\/www.westgatereservations.com\/es\/wp-json\/wp\/v2\/users\/6"}],"replies":[{"embeddable":true,"href":"https:\/\/www.westgatereservations.com\/es\/wp-json\/wp\/v2\/comments?post=11412"}],"version-history":[{"count":0,"href":"https:\/\/www.westgatereservations.com\/es\/wp-json\/wp\/v2\/pages\/11412\/revisions"}],"wp:featuredmedia":[{"embeddable":true,"href":"https:\/\/www.westgatereservations.com\/es\/wp-json\/wp\/v2\/media\/20979"}],"wp:attachment":[{"href":"https:\/\/www.westgatereservations.com\/es\/wp-json\/wp\/v2\/media?parent=11412"}],"curies":[{"name":"wp","href":"https:\/\/api.w.org\/{rel}","templated":true}]}}