{"id":10988,"date":"2016-09-09T14:43:21","date_gmt":"2016-09-09T18:43:21","guid":{"rendered":"https:\/\/www.westgatereservations.com\/es\/orlando\/cheap-vacations\/"},"modified":"2023-01-11T09:59:52","modified_gmt":"2023-01-11T14:59:52","slug":"cheap-vacations","status":"publish","type":"page","link":"https:\/\/www.westgatereservations.com\/es\/orlando\/cheap-vacations\/","title":{"rendered":"Estad\u00edas Econ\u00f3micas en Orlando"},"content":{"rendered":"<div>\r\n    <div class=\"ptl background-cover\" style=\"\r\n    background-image:url(https:\/\/westgatecdn.com\/2019\/05\/Cheap-Orlando-Vacations.jpg);\">\r\n        <div class=\"x-container max width dshadow x-hidden-phone\">\r\n            <h1 class=\"pts white center-text\">Estad\u00edas Econ\u00f3micas en Orlando<\/h1>\r\n            <p class=\"h3 man pts white center-text\">\u00a1Encuentra las Vacaciones de tus Sue\u00f1os!<\/p>\r\n            <div class=\"center-text white mbl\" style=\"font-weight: 500;\">\r\n            <span>DESDE: <\/span><span class=\"h1 white\">$99<\/span> \/POR PAQUETE<\/span>\r\n            <\/div>\r\n        <\/div>\r\n        [gap size=\"1em\"]\r\n        <!----->\r\n        <div class=\"x-container max width search-ow-resort availability-search\">\r\n            <div class=\"x-visible-phone\">\r\n                <h2 class=\"dshadow mts white center-text\">Estad\u00edas Econ\u00f3micas en Orlando<\/h2>\r\n                <p class=\"h3 dshadow man pts white center-text\">\u00a1Encuentra las Vacaciones de tus Sue\u00f1os!<\/p>\r\n                <div class=\"availability-horizontal center-text\">\r\n                    <span class=\"no-break\"><span class=\"white\">DESDE: <\/span><span class=\"price white\"><b>$99<\/b><\/span> <span class=\"white\">\/PAQUETE<\/span><\/span>\r\n                <\/div>\r\n            <\/div>\r\n\r\n            <div class=\"x-content-band marginless-columns mbn ptm pbm\">\r\n                <div class=\"x-container\">\r\n                    <div class=\"x-column x-sm x-1-4 x-hidden-phone\" style=\"vertical-align: middle;\">\r\n                        <p class=\"h3 man white\">\u00a1Reserva tus Vacaciones de Verano!<\/p>\r\n                    <\/div>\r\n                    <div class=\"x-column x-sm x-3-4 last\">\r\n                        [search-availability layout=\"horizontal\" destination=\"Orlando\" hide_title=\"true\" class=\"no-bg pan\"]\r\n                    <\/div>\r\n                <\/div>\r\n            <\/div>\r\n        <\/div>\r\n        [gap size=\"1em\" class=\"x-visible-phone\"]\r\n        <!---->\r\n    <\/div>\r\n<\/div>\r\n[container]\r\n     <div class=\"ptm icon-nav light pbs\">\r\n        [gap size=\"1em\" class=\"x-hidden-phone\"]\r\n            <div class=\"x-column x-1-3 stack-center-m\">\r\n                <div>\r\n                    [phone_link class=\"inheritcolor\"]\r\n                    <div class=\"x-column x-sm x-1-4\">\r\n                        <i class=\"fas fa-phone fa-2x right-stack-m focus\"><\/i>\r\n                    <\/div>\r\n                    <div class=\"x-column x-sm x-3-4 last\">\r\n                        <p class=\"x-visible-phone mts\" style=\"line-height:1.2em;\">\r\n                            <strong>Llama para<br\/> Reservar<\/strong>\r\n                            <\/p>\r\n                            <p class=\"x-hidden-phone font-120\">\r\n                                <strong>\u00a1Llama para Reservar!<\/strong><br\/>\r\n                                <span>[tel]<\/span>\r\n                            <\/p>\r\n                        <\/div>\r\n                        [\/phone_link]\r\n                        [clear]\r\n                    <\/div>\r\n                <\/div>\r\n                <div class=\"x-column x-1-3 stack-center-m\">\r\n                    <div>\r\n                        [subscribe modal=\"true\" trigger=\"link\" show_name=\"true\" trigger_class=\"inheritcolor\"]\r\n                        <div class=\"x-column x-sm x-1-4\">\r\n                            <i class=\"fas fa-envelope fa-2x right-stack-m\"><\/i>\r\n                        <\/div>\r\n                        <div class=\"x-column x-sm x-3-4 last\">\r\n                            <p class=\"x-visible-phone mts\" style=\"line-height:1.2em;\">\r\n                                <strong>Suscr\u00edbete y recibe<br\/> Ofertas<\/strong>\r\n                            <\/p>\r\n                            <p class=\"x-hidden-phone font-120\">\r\n                                <strong>\u00a1Suscr\u00edbete y recibe ofertas!<\/strong><br\/>\r\n                            <span>Ahorra hasta un 40%<\/span>\r\n                            <\/p>\r\n                        <\/div>\r\n                        [\/subscribe]\r\n                        [clear]\r\n                    <\/div>\r\n                <\/div>\r\n                <div class=\"x-column x-1-3 stack-center-m last\">\r\n                    <div>\r\n                        <a href=\"#\"; onclick=\"SnapEngage.startLink();\" class=\"inheritcolor\">\r\n                            <div class=\"x-column x-sm x-1-4\">\r\n                                <i class=\"fas fa-comment-alt fa-2x right-stack-m\"><\/i>\r\n                            <\/div>\r\n                            <div class=\"x-column x-sm x-3-4 last\">\r\n                                <p class=\"x-visible-phone mts\" style=\"line-height:1.2em;\">\r\n                                    <strong>Charla con un<br\/> Agente<\/strong>\r\n                                <\/p>\r\n                                <p class=\"x-hidden-phone font-120\">\r\n                                    <strong>Chat en Vivo<\/strong><br\/>\r\n                                    <span>Charla con un Agente<\/span>\r\n                            <\/p>\r\n                        <\/div>\r\n                    <\/a>\r\n                    [clear]\r\n                <\/div>\r\n            <\/div>\r\n            [clear]\r\n            [gap size=\"1em\" class=\"x-hidden-phone\"]\r\n        <\/div>\r\n[\/container]\r\n<div class=\"x-colophon\">&nbsp;<\/div>\r\n[container class=\"mbm pbm\"]\r\n    [gap size=\"2em\" class=\"x-hidden-phone\"]\r\n    <div class=\"x-column x-sm x-1-4\">\r\n        <!-- topnav -->\r\n        <wf-scroll hash=\"vacpac\" class=\"x-btn btn-blue x-btn-transparent x-visible-phone mbm\">View Cheap Orlando Packages<\/wf-scroll>\r\n        <!--\/topnav-->\r\n        [gap size=\"2em\" class=\"x-visible-phone\"]\r\n        <img decoding=\"async\" alt=\"Mejor Precio Garantizado en todos nuestros Paquetes Vacacionales de Orlando\" src=\"https:\/\/westgatecdn.com\/2019\/07\/mejor_precio_garantizado.png\">\r\n        [line class=\"x-hidden-phone\"]\r\n        <img decoding=\"async\" class=\"mtm x-hidden-phone\" alt=\"Transporte Gratuito a los Parques Tem\u00e1ticos en Orlando\" src=\"https:\/\/westgatecdn.com\/2019\/07\/transporte_gratuito_a_los_parques.jpg\">\r\n        [line class=\"x-hidden-phone\"]\r\n        <div class=\"x-hidden-phone\">\r\n            <p class=\"font-400 mbn\"><strong>Nuestros Hu\u00e9spedes lo Califican:<\/strong><\/p>\r\n            <div class=\"orange\">\r\n            <i class=\"fas fa-star\" aria-hidden=\"true\"><\/i>\r\n            <i class=\"fas fa-star\" aria-hidden=\"true\"><\/i>\r\n            <i class=\"fas fa-star\" aria-hidden=\"true\"><\/i>\r\n            <i class=\"fas fa-star\" aria-hidden=\"true\"><\/i>\r\n            <i class=\"fas fa-star-half\" aria-hidden=\"true\"><\/i>\r\n            <span>\u00a1Excelente Oferta!<\/span>\r\n            <\/div>\r\n            <p style=\"color:#848b94;\">Lee nuestras <a target=\"_blank\" href=\"\/es\/reviews-orlando\/\" rel=\"noopener noreferrer\">Rese\u00f1as de Hu\u00e9spedes<\/a><\/p>\r\n            [line]\r\n            <p class=\"center-text mtn font-120\"><strong>\u00a1Somos vendedores de boletos autorizados para los siguientes parques tem\u00e1ticos!<\/strong><\/p>\r\n            <img decoding=\"async\" class=\"mtm\" alt=\"Parques Tem\u00e1ticos de Orlando: Disney, Universal, SeaWorl, Legoland \" src=\"https:\/\/westgatecdn.com\/2019\/03\/side-logo-bar.jpg\">\r\n            [line]\r\n            [content-block name=\"single-sitewide-seasonal-ad\"]\r\n        <\/div>\r\n\r\n    <\/div>\r\n    <div class=\"x-column x-sm x-3-4 last\">\r\n        [gap size=\"1em\" class=\"x-visible-phone\"]\r\n        <h2 class=\"h3 mtn mbs\">Vacaciones Econ\u00f3micas en Orlando <\/h2>\r\n\r\n        <p class=\"mtm\">En algunas ocasiones, los costos de unas vacaciones familiares en Orlando pueden subir dr\u00e1sticamente. Recuerda que estamos hablando de costos de viaje, estad\u00eda, comidas, entradas, souvenirs, y otros gastos. Por tal raz\u00f3n encontrar\u00e1s descuentos en entradas a los parques tem\u00e1ticos y atracciones entre otras cosas. .\r\n\r\n<\/p>\r\n\r\n<p>Westgate Resorts ofrece una variedad de paquetes y estad\u00edas econ\u00f3micas en Orlando dise\u00f1adas para hacer tus vacaciones divertidas e inolvidables. No tan solo ahorraras dinero, pero tambi\u00e9n gozaras de amenidades y habitaciones en un incre\u00edble resort perfecto para crear recuerdos con tus seres queridos.<\/p>\r\n        [line class=\"x-hidden-phone\"]\r\n        <h3 class=\"mtn mbm\" id=\"vacpac\">Paquetes y Estad\u00edas Econ\u00f3micas en Orlando<\/h3>\r\n        <!-- Packages-->\r\n        [specials ids=\"8285,5658,8640,5661\"]\r\n        <!-- \/Packages-->\r\n    <\/div>\r\n    [clear]\r\n    [gap size=\"2em\" class=\"x-hidden-phone\"]\r\n[\/container]\r\n\r\n<div style=\"background: #efefef;\">\r\n<div class=\"x-container max width ptl pbs\">\r\n    <h4 class=\"h3 center-text\" id=\"explore\">\u00a1Aventuras Familiares a un costo m\u00e1s bajo!<\/h4>\r\n    <div class=\"ptl pbl\">\r\n       [tab_nav type=\"two-up\"]\r\n       [tab_nav_item title=\"Qu\u00e9date y Divi\u00e9rtete\" active=\"true\"]\r\n       [tab_nav_item title=\"Actividades Gratuitas\" active=\"\"]\r\n  \r\n       [\/tab_nav]\r\n       [tabs]\r\n       [tab active=\"true\"] \r\n       <div class=\"x-container\">\r\n            <div class=\"x-column x-sm x-1-2\">\r\n                <div>\r\n                [image class=\"galleryimg1 interior\" src=\"https:\/\/westgatecdn.com\/2019\/05\/cheap-vacation-pool.jpg\" alt=\"Paquetes a Orlando Economicos\" type=\"thumbnail\" link=\"true\" title=\"Pool Westgate Vacation\"]\r\n                <\/div>\r\n                <div>\r\n                    <div class=\"x-column x-1-3\">[image class=\"galleryimg1 interior\" src=\"https:\/\/westgatecdn.com\/2019\/05\/family-mini-golf-cheap.jpg\" alt=\"Vacaciones Baratas en Orlando Florida\" type=\"thumbnail\" link=\"true\" title=\"Westgate Minigolf\"]<\/div>\r\n\r\n                    <div class=\"x-column x-1-3\">[image class=\"galleryimg1 interior\" src=\"https:\/\/westgatecdn.com\/2019\/05\/pool-lifestyle-cheap.jpg\" alt=\"Vacaciones Baratas en Florida\" type=\"thumbnail\" link=\"true\" title=\"Westgate pool fun\"]<\/div>\r\n\r\n                    <div class=\"x-column x-1-3 last\">[image class=\"galleryimg1 interior\" src=\"https:\/\/westgatecdn.com\/2019\/05\/cheap-orlando-resort.jpg\" alt=\"paquetes economicos orlando florida\" type=\"thumbnail\" link=\"true\" title=\"Cheap Orlando Activities\"]<\/div>\r\n                <\/div>\r\n                [clear]\r\n                [lightbox selector=\".galleryimg1\" deeplink=\"\" opacity=\"0.875\" prev_scale=\"0.75\" prev_opacity=\"0.75\" next_scale=\"0.75\" next_opacity=\"0.75\" orientation=\"horizontal\" thumbnails=\"true\"]\r\n            <\/div>\r\n            <div class=\"x-column x-sm x-1-2 last\">\r\n                <h4 class=\"h5 mtn\">\u00a1M\u00e1s Diversi\u00f3n y M\u00e1s Ahorros!<\/h4>\r\n                <p>Unas vacaciones econ\u00f3micas en Westgate pueden incluir ahorros en habitaciones espaciosas, m\u00e1s entradas a un parque acu\u00e1tico incre\u00edble o parques tem\u00e1ticos como Disney World, Universal Studios y SeaWorld Orlando. Nuestras fant\u00e1sticas propiedades de resort est\u00e1n idealmente ubicadas cerca de los parques tem\u00e1ticos y las atracciones que m\u00e1s deseas visitar. Y nos encontrar\u00e1s convenientemente cerca de centros comerciales, restaurantes de clase mundial y una emocionante vida nocturna.<\/p>\r\n<p>Las habitaciones y villas de Westgate Resorts te ayudan ahorrar de varias maneras durante tus vacaciones. Disfrutar\u00e1s de una cocina equipada, perfecta para preparar meriendas o una comida completa. Y dado que estamos cerca de los parques tem\u00e1ticos, incluso podr\u00edas dejar el parque para un breve descanso, comer algo en tu habitaci\u00f3n y regresar al parque para divertirte m\u00e1s.<\/p>\r\n<p>Tambi\u00e9n ahorrar\u00e1s mucho si te quedas en la propiedad del resort y disfrutas de la amplia gama de actividades y amenidades familiares. Ofrecemos opciones para toda la familia para todos. Podr\u00e1s pasar menos tiempo en los parques tem\u00e1ticos y m\u00e1s tiempo para relajarte en una de las piscinas, mini golf, gimnasio, parque acu\u00e1tico, spa y mucho m\u00e1s.<\/p>\r\n               \r\n            <\/div>\r\n        <\/div>\r\n       [\/tab]\r\n       [tab] \r\n          <div class=\"x-container\">\r\n            <div class=\"x-column x-sm x-1-2\">\r\n                <div>\r\n                [image class=\"galleryimg2 interior\" src=\"https:\/\/westgatecdn.com\/2019\/05\/summer-cheap-vacation.jpg\" alt=\"paquetes vacacionales economicos a orlando\" type=\"thumbnail\" link=\"true\" title=\"Summer Westgate Pool\"]\r\n                <\/div>\r\n                <div>\r\n                    <div class=\"x-column x-1-3\">[image class=\"galleryimg2 interior\" src=\"https:\/\/westgatecdn.com\/2019\/05\/bike-riding-orlando.jpg\" alt=\"paquetes economicos orlando florida\" type=\"thumbnail\" link=\"true\" title=\"Bike Riding at Westgate\"]<\/div>\r\n\r\n                    <div class=\"x-column x-1-3\">[image class=\"galleryimg2 interior\" src=\"https:\/\/westgatecdn.com\/2019\/05\/swan-boat-cheap-vacation.jpg\" alt=\"vacaciones baratas en florida\" type=\"thumbnail\" link=\"true\" title=\"Westgate Swan Boat Ride\"]<\/div>\r\n\r\n                    <div class=\"x-column x-1-3 last\">[image class=\"galleryimg2 interior\" src=\"https:\/\/westgatecdn.com\/2019\/05\/beach-free-vacation.jpg\" alt=\"paquetes a orlando economicos\" type=\"thumbnail\" link=\"true\" title=\"Beach Activities\"]<\/div>\r\n                <\/div>\r\n                [clear]\r\n                [lightbox selector=\".galleryimg2\" deeplink=\"\" opacity=\"0.875\" prev_scale=\"0.75\" prev_opacity=\"0.75\" next_scale=\"0.75\" next_opacity=\"0.75\" orientation=\"horizontal\" thumbnails=\"true\"]\r\n            <\/div>\r\n            <div class=\"x-column x-sm x-1-2 last\">\r\n                <h4 class=\"h5 mtn\">Ponte Creativo<\/h4>\r\n                <p>\r\nPuedes ahorrar en tus vacaciones en Orlando cuando aprovechas las actividades gratuitas del \u00e1rea. Por ejemplo, podr\u00edas pasear, comer o irte de compras en Disney Springs. Visitar una de las playas cercanas de Orlando. Caminar por el hermoso Lago Eola o el Centro Hist\u00f3rico de Orlando. Notar\u00e1s que en Orlando existen muchas actividades y atracciones gratuitas o econ\u00f3micas. Disfruta de todo lo que ofrece Orlando FL con una de nuestras estad\u00edas econ\u00f3micas en Orlando.\r\n<\/p>\r\n                <p>\r\nOrlando tambi\u00e9n est\u00e1 cerca de las dos costas de la Florida. Est\u00e1s a poca distancia en coche de una de las muchas playas cercanas a lo largo del Oc\u00e9ano Atl\u00e1ntico o el Golfo de M\u00e9xico. Viaja a emocionantes destinos de playa como Clearwater, San Petersburgo, Daytona Beach y m\u00e1s.<\/p>\r\n\r\n <p>El \u00e1rea de Orlando est\u00e1 llena de lagos y muy pocos son m\u00e1s bonitos que el hermoso lago Eola de Orlando. Camina por la pintoresca orilla del lago donde encontrar\u00e1s vistas excepcionales de la ciudad, y podr\u00e1s ver y alimentar a las diferentes especies de cisnes que hacen del lago Eola su hogar. Hay muchas opciones de bajo costo o gratuitas en toda el \u00e1rea de Orlando. Disfruta del sol de la Florida mientras disfrutas de un paquete de vacaciones barato y lleno de diversi\u00f3n en Orlando.<\/p>\r\n             <\/div>\r\n        <\/div>\r\n       [\/tab]\r\n     \r\n       [\/tabs]\r\n    <\/div>\r\n    [gap size=\"3em\"]\r\n<\/div>\r\n<\/div>\r\n <div class=\"x-container max width ptm pbm\">\r\n        <h5 class=\"h3\">Consejos sobre c\u00f3mo ahorrar en tus Vacaciones en Orlando:<\/h5>\r\n        <div class=\"ptl pbl\">\r\n            [accordion]\r\n            [accordion_item title=\"\u00a1Reserva un Paquete Vacacional!\"]\r\n            <p>Recomendamos reservar un paquete de vacaciones en Orlando que incluya no solo su alojamiento sino tambi\u00e9n boletos con descuento para parques tem\u00e1ticos como Walt Disney World o Universal Studios. Estos paquetes te permiten comenzar a ahorrar autom\u00e1ticamente en tu viaje. Con el alto costo de los boletos para los parques tem\u00e1ticos, la mejor manera de ahorrar cientos de d\u00f3lares en tus vacaciones en Disney World, SeaWorld Orlando y Universal Orlando es combinar los boletos con tu estad\u00eda en el resort. Puedes encontrar un paquete solo 2 noches o disfrutar de una escapada de 7 noches. Perm\u00edtenos personalizar un paquete que sea adecuado para ti. \r\n            <\/p>\r\n            [\/accordion_item] \r\n            [\/accordion]\r\n            [accordion]\r\n            [accordion_item title=\"Prepara tus comidas y meriendas\"]\r\n            <p>Una de las principales razones por las que a los visitantes de Orlando les gusta alojarse en nuestras villas es porque tienen acceso a todas las comodidades del hogar, incluyendo una cocina totalmente equipada. Esto te permite preparar tu desayuno, cena y todo lo que pueda ser ideal para familias grandes o d\u00edas en los que desea ahorrar en comidas. Definitivamente recomendamos llevarte meriendas a los parques tem\u00e1ticos para un r\u00e1pido impulso de energ\u00eda y algunas botellas de agua para mantenerte hidratado durante todo el d\u00eda. Y cuando pases un d\u00eda divertido y relajante en el resort, es bueno tener un refrigerio o comida en tu habitaci\u00f3n y no tener que preocuparte por ir a buscar un restaurante. \u00a1Tu tiempo se puede pasar mejor en la piscina o en el spa! <\/p>\r\n            [\/accordion_item] \r\n            [\/accordion]\r\n            [accordion]\r\n            [accordion_item title=\"Utiliza el servicio de transporte de los Resorts a los Parques Tem\u00e1ticos\"]\r\n            <p>\u00a1Una de las muchas ventajas de alojarte en un Westgate Resort en Orlando es que tu paquete incluye transporte de cortes\u00eda a los parques tem\u00e1ticos! \u00a1Esta es la mejor manera de ahorrar no solo en alquiler de autom\u00f3viles y gasolina, sino tambi\u00e9n en ahorrar tiempo! \u00a1No tienes que preocuparte por memorizar d\u00f3nde estacionaste tu autom\u00f3vil, tomar el servicio de transporte desde el estacionamiento hasta la entrada del parque tem\u00e1tico o las tarifas de estacionamiento!<\/p>\r\n            [\/accordion_item] \r\n            [\/accordion]\r\n             [accordion]\r\n            [accordion_item title=\"Agrega algunas actividades gratuitas a tu itinerario\"]\r\n            <p>Orlando, FL, est\u00e1 lleno de algunos de los mejores parques tem\u00e1ticos y atracciones del mundo, pero tambi\u00e9n una gran variedad de actividades divertidas y gratuitas. Notar\u00e1s que donde sea que vayas, siempre hay algo que hacer y casi todo es amigable para los ni\u00f1os. Desde dar un paseo por Disney Springs o el CityWalk de Universal, hasta visitar parques como el Lago Eola, te prometemos que t\u00fa y tu familia se divertir\u00e1n en esta ciudad m\u00e1gica y podr\u00e1n encontrar muchas opciones a un precio reducido. \u00c9chale un vistazo a <a href=\"https:\/\/www.westgatereservations.com\/es\/blog\/50-things-to-do-in-orlando\/\">50 cosas que puedes hacer en Orlando<\/a> ahora mismo.\r\n            <\/p>\r\n            [\/accordion_item] \r\n            [\/accordion]\r\n        <\/div>\r\n        [gap size=\"1em\"]\r\n       \r\n    <\/div\r\n\r\n<!-- call banner-->\r\n<div style=\"background: #232c35;\">\r\n    <div class=\"x-container max width\">\r\n        [gap size=\"1em\"]\r\n        <div class=\"x-column x-sm x-2-3 white stack-center-m pas\">\r\n            <h5 class=\"font-lighter white man\">\u00a1Comienza a planificar tus Vacaciones Econ\u00f3micas en Orlando con Westgate Resorts!<\/h5>\r\n            <p>Te ayudaremos a descubrir todo lo mejor de Orlando<\/p>\r\n        <\/div>\r\n        <div class=\"x-column x-sm x-1-3 pam last\">\r\n            [phone_link class=\"x-btn x-btn-block btn-orange\"]Llama al [tel][\/phone_link]\r\n            [gap size=\"1em\" class=\"x-visible-phone\"]\r\n        <\/div>\r\n    <\/div>\r\n<\/div>\r\n\r\n\r\n\r\n\r\n<!--\/call banner-->\r\n<!--Extra phone content orlando-->\r\n<div class=\"x-container max width x-visible-phone mtl\">\r\n    <img decoding=\"async\" class=\"mtm x-hidden-phone\" alt=\"Transporte Gratuito a los Parques Tem\u00e1ticos en Orlando\" src=\"https:\/\/westgatecdn.com\/2019\/07\/transporte_gratuito_a_los_parques.jpg\">\r\n    [line]\r\n    <div>\r\n         <p class=\"font-400 mbn\"><strong>Nuestros Hu\u00e9spedes lo Califican:<\/strong><\/p>\r\n            <div class=\"orange\">\r\n            <i class=\"fas fa-star\" aria-hidden=\"true\"><\/i>\r\n            <i class=\"fas fa-star\" aria-hidden=\"true\"><\/i>\r\n            <i class=\"fas fa-star\" aria-hidden=\"true\"><\/i>\r\n            <i class=\"fas fa-star\" aria-hidden=\"true\"><\/i>\r\n            <i class=\"fas fa-star-half\" aria-hidden=\"true\"><\/i>\r\n            <span>\u00a1Excelente Oferta!<\/span>\r\n            <\/div>\r\n            <p style=\"color:#848b94;\">Lee nuestras <a target=\"_blank\" href=\"\/es\/reviews-orlando\/\" rel=\"noopener noreferrer\">Rese\u00f1as de Hu\u00e9spedes<\/a><\/p>\r\n        [line]\r\n        <p class=\"center-text mtn font-120\"><strong>\u00a1Somos vendedores de boletos autorizados para los siguientes parques tem\u00e1ticos!<\/strong><\/p>\r\n        <img decoding=\"async\" class=\"mtm\" alt=\"Parques Tem\u00e1ticos de Orlando: Disney, Universal, SeaWorld, Legoland\" src=\"https:\/\/westgatecdn.com\/2019\/03\/side-logo-bar.jpg\">\r\n        [line]\r\n        [content-block name=\"single-sitewide-seasonal-ad\"]\r\n    <\/div>\r\n<\/div>\r\n<!---->\r\n\r\n<div class=\"x-container max width pbl mtl\">\r\n<h5 class=\"h5 mtn\">Enlaces Adicionales de Orlando:<\/h5>\r\n[columnize]\r\n<ul>\r\n    <li><a href=\"\/es\/orlando\/resorts-and-hotels\/\">Resorts y Hoteles en Orlando <\/a><\/li>\r\n    <li><a href=\"\/es\/orlando\/map\/\">Mapa de Orlando: Atracciones<\/a><\/li>\r\n    <li><a href=\"\/es\/orlando\/summer-vacation\/\">Ofertas de Verano en Orlando<\/a><\/li>\r\n    <li><a href=\"\/es\/orlando\/vacation-packages\/\">Paquetes Vacacionales de Orlando<\/a><\/li>\r\n    <li><a href=\"\/es\/orlando\/vacation-packages\/\">Paquetes de Parques Acu\u00e1ticos en Orlando<\/a><\/li>\r\n    <li><a href=\"\/es\/orlando\/theme-parks\/\">Parques Tem\u00e1ticos de Orlando<\/a><\/li>\r\n    <li><a href=\"\/es\/orlando\/christmas-vacation\/\">Navidades en Orlando<\/a><\/li>\r\n    <li><a href=\"\/es\/orlando\/\">Vacaciones en Orlando<\/a><\/li>\r\n<\/ul>\r\n[\/columnize]\r\n<\/div>\r\n","protected":false},"excerpt":{"rendered":"<p>Estad\u00edas Econ\u00f3micas en Orlando \u00a1Encuentra las Vacaciones de tus Sue\u00f1os! DESDE: $99 \/POR PAQUETE [gap size=\"1em\"] Estad\u00edas Econ\u00f3micas en Orlando \u00a1Encuentra las Vacaciones de tus Sue\u00f1os! DESDE: $99 \/PAQUETE \u00a1Reserva ... <\/p>\n<div><a href=\"https:\/\/www.westgatereservations.com\/es\/orlando\/cheap-vacations\/\" class=\"more-link\">Leer M\u00e1s<\/a><\/div>\n","protected":false},"author":2,"featured_media":0,"parent":10820,"menu_order":0,"comment_status":"closed","ping_status":"closed","template":"template-blank-4.php","meta":{"footnotes":""},"_links":{"self":[{"href":"https:\/\/www.westgatereservations.com\/es\/wp-json\/wp\/v2\/pages\/10988"}],"collection":[{"href":"https:\/\/www.westgatereservations.com\/es\/wp-json\/wp\/v2\/pages"}],"about":[{"href":"https:\/\/www.westgatereservations.com\/es\/wp-json\/wp\/v2\/types\/page"}],"author":[{"embeddable":true,"href":"https:\/\/www.westgatereservations.com\/es\/wp-json\/wp\/v2\/users\/2"}],"replies":[{"embeddable":true,"href":"https:\/\/www.westgatereservations.com\/es\/wp-json\/wp\/v2\/comments?post=10988"}],"version-history":[{"count":0,"href":"https:\/\/www.westgatereservations.com\/es\/wp-json\/wp\/v2\/pages\/10988\/revisions"}],"up":[{"embeddable":true,"href":"https:\/\/www.westgatereservations.com\/es\/wp-json\/wp\/v2\/pages\/10820"}],"wp:attachment":[{"href":"https:\/\/www.westgatereservations.com\/es\/wp-json\/wp\/v2\/media?parent=10988"}],"curies":[{"name":"wp","href":"https:\/\/api.w.org\/{rel}","templated":true}]}}