{"id":10968,"date":"2016-09-09T10:45:13","date_gmt":"2016-09-09T14:45:13","guid":{"rendered":"https:\/\/www.westgatereservations.com\/es\/orlando\/christmas-vacation\/"},"modified":"2019-12-04T09:56:47","modified_gmt":"2019-12-04T14:56:47","slug":"christmas-vacation","status":"publish","type":"page","link":"https:\/\/www.westgatereservations.com\/es\/orlando\/christmas-vacation\/","title":{"rendered":"Vacaciones Navide\u00f1as"},"content":{"rendered":"<div>\r\n    <div class=\"ptl background-cover\" style=\"\r\n    background-image:url(https:\/\/westgatecdn.com\/2019\/05\/Christmas-in-Orlando.jpg);\">\r\n        <div class=\"x-container max width dshadow x-hidden-phone\">\r\n            <h2 class=\"pts white center-text\">Navidades en Orlando<\/h2>\r\n            <p class=\"h3 man pts white center-text\">\u00a1Encuentra las Vacaciones de tus Sue\u00f1os!<\/p>\r\n            <div class=\"center-text white mbl\" style=\"font-weight: 500;\">\r\n            <span>DESDE: <\/span><span class=\"h1 white\">$409<\/span> \/POR PAQUETE<\/span>\r\n            <\/div>\r\n        <\/div>\r\n        [gap size=\"1em\"]\r\n        <!----->\r\n        <div class=\"x-container max width search-ow-resort availability-search\">\r\n            <div class=\"x-visible-phone\">\r\n                <h1 class=\"dshadow mts white center-text\">Navidades en Orlando<\/h1>\r\n                <p class=\"h3 dshadow man pts white center-text\">\u00a1Encuentra las Vacaciones de tus Sue\u00f1os!<\/p>\r\n                <div class=\"availability-horizontal center-text\">\r\n                    <span class=\"no-break\"><span class=\"white\">DESDE: <\/span><span class=\"price white\"><b>$409<\/b><\/span> <span class=\"white\">\/PAQUETE<\/span><\/span>\r\n                <\/div>\r\n            <\/div>\r\n\r\n            <div class=\"x-content-band marginless-columns mbn ptm pbm\">\r\n                <div class=\"x-container\">\r\n                    <div class=\"x-column x-sm x-1-4 x-hidden-phone\" style=\"vertical-align: middle;\">\r\n                        <p class=\"h3 man white\">\u00a1V\u00e1monos de Vacaciones!<\/p>\r\n                    <\/div>\r\n                    <div class=\"x-column x-sm x-3-4 last\">\r\n                        [search-availability layout=\"horizontal\" destination=\"Orlando\" hide_title=\"true\" class=\"no-bg pan\"]\r\n                    <\/div>\r\n                <\/div>\r\n            <\/div>\r\n        <\/div>\r\n        [gap size=\"1em\" class=\"x-visible-phone\"]\r\n        <!---->\r\n    <\/div>\r\n<\/div>\r\n[container]\r\n     <div class=\"ptm icon-nav light pbs\">\r\n        [gap size=\"1em\" class=\"x-hidden-phone\"]\r\n            <div class=\"x-column x-1-3 stack-center-m\">\r\n                <div>\r\n                    [phone_link class=\"inheritcolor\"]\r\n                    <div class=\"x-column x-sm x-1-4\">\r\n                        <i class=\"fas fa-phone fa-2x right-stack-m focus\"><\/i>\r\n                    <\/div>\r\n                    <div class=\"x-column x-sm x-3-4 last\">\r\n                        <p class=\"x-visible-phone mts\" style=\"line-height:1.2em;\">\r\n                            <strong>Llama para<br\/> Reservar<\/strong>\r\n                        <\/p>\r\n                        <p class=\"x-hidden-phone font-120\">\r\n                            <strong>\u00a1Llama para Reservar!<\/strong><br\/>\r\n                            <span>[tel]<\/span>\r\n                        <\/p>\r\n                    <\/div>\r\n                    [\/phone_link]\r\n                    [clear]\r\n                <\/div>\r\n            <\/div>\r\n            <div class=\"x-column x-1-3 stack-center-m\">\r\n                <div>\r\n                    [subscribe modal=\"true\" trigger=\"link\" show_name=\"true\" trigger_class=\"inheritcolor\"]\r\n                    <div class=\"x-column x-sm x-1-4\">\r\n                        <i class=\"fas fa-envelope fa-2x right-stack-m\"><\/i>\r\n                    <\/div>\r\n                    <div class=\"x-column x-sm x-3-4 last\">\r\n                        <p class=\"x-visible-phone mts\" style=\"line-height:1.2em;\">\r\n                            <strong>Suscr\u00edbete y recibe<br\/> Ofertas<\/strong>\r\n                        <\/p>\r\n                        <p class=\"x-hidden-phone font-120\">\r\n                            <strong>\u00a1Suscr\u00edbete y recibe ofertas!<\/strong><br\/>\r\n                            <span>Ahorra hasta un 40%<\/span>\r\n                        <\/p>\r\n                    <\/div>\r\n                    [\/subscribe]\r\n                    [clear]\r\n                <\/div>\r\n            <\/div>\r\n            <div class=\"x-column x-1-3 stack-center-m last\">\r\n                <div>\r\n                    <a href=\"#\"; onclick=\"SnapEngage.startLink();\" class=\"inheritcolor\">\r\n                        <div class=\"x-column x-sm x-1-4\">\r\n                            <i class=\"fas fa-comment-alt fa-2x right-stack-m\"><\/i>\r\n                        <\/div>\r\n                        <div class=\"x-column x-sm x-3-4 last\">\r\n                            <p class=\"x-visible-phone mts\" style=\"line-height:1.2em;\">\r\n                                <strong>Charla con un<br\/> Agente<\/strong>\r\n                            <\/p>\r\n                            <p class=\"x-hidden-phone font-120\">\r\n                                <strong>Chat en Vivo<\/strong><br\/>\r\n                                <span>Charla con un Agente<\/span>\r\n                            <\/p>\r\n                        <\/div>\r\n                    <\/a>\r\n                    [clear]\r\n                <\/div>\r\n            <\/div>\r\n            [clear]\r\n            [gap size=\"1em\" class=\"x-hidden-phone\"]\r\n        <\/div>\r\n[\/container]\r\n<div class=\"x-colophon\">&nbsp;<\/div>\r\n[container class=\"mbl pbl\"]\r\n    [gap size=\"2em\" class=\"x-hidden-phone\"]\r\n    <div class=\"x-column x-sm x-1-4\">\r\n        <!-- topnav -->\r\n        <wf-scroll hash=\"vacpac\" class=\"x-btn btn-blue x-btn-transparent x-visible-phone mbm\">View Orlando Christmas Packages<\/wf-scroll>\r\n        <!--\/topnav-->\r\n        [gap size=\"2em\" class=\"x-visible-phone\"]\r\n        <img decoding=\"async\" alt=\"Mejor Precio Garantizado en todos nuestros Paquetes de Orlando\" src=\"https:\/\/westgatecdn.com\/2019\/07\/mejor_precio_garantizado.png\">\r\n        [line class=\"x-hidden-phone\"]\r\n        <img decoding=\"async\" class=\"mtm x-hidden-phone\" alt=\"Transporte Gratuito a los Parques de Orlando\" src=\"https:\/\/westgatecdn.com\/2019\/07\/transporte_gratuito_a_los_parques.jpg\">\r\n        [line class=\"x-hidden-phone\"]\r\n        <div class=\"x-hidden-phone\">\r\n            <p class=\"font-400 mbn\"><strong>Nuestros Hu\u00e9spedes lo Califican:<\/strong><\/p>\r\n            <div class=\"orange\">\r\n            <i class=\"fas fa-star\" aria-hidden=\"true\"><\/i>\r\n            <i class=\"fas fa-star\" aria-hidden=\"true\"><\/i>\r\n            <i class=\"fas fa-star\" aria-hidden=\"true\"><\/i>\r\n            <i class=\"fas fa-star\" aria-hidden=\"true\"><\/i>\r\n            <i class=\"fas fa-star-half\" aria-hidden=\"true\"><\/i>\r\n            <span>\u00a1Excelente Oferta!<\/span>\r\n            <\/div>\r\n            <p style=\"color:#848b94;\">Lee nuestras <a target=\"_blank\" href=\"\/es\/reviews-orlando\/\" rel=\"noopener noreferrer nofollow\">Rese\u00f1as de Hu\u00e9spedes<\/a><\/p>\r\n            [line]\r\n            <p class=\"center-text mtn font-120\"><strong>\u00a1Somos vendedores de boletos autorizados para los siguientes parques tem\u00e1ticos!<\/strong><\/p>\r\n            <img decoding=\"async\" class=\"mtm\" alt=\"Parques Tematicos de Orlando: Disney, Universal, SeaWorl, Legoland \" src=\"https:\/\/westgatecdn.com\/2019\/03\/side-logo-bar.jpg\">\r\n            [line]\r\n            [content-block name=\"single-sitewide-seasonal-ad\"]\r\n        <\/div>\r\n\r\n    <\/div>\r\n    <div class=\"x-column x-sm x-3-4 last\">\r\n        [gap size=\"1em\" class=\"x-visible-phone\"]\r\n        <h2 class=\"h3 mtn mbs\">Vacaciones Navide\u00f1as en Orlando<\/h2>\r\n        <p class=\"mtl\">\r\n[dropcap]C[\/dropcap]elebra las <strong>Navidades en Orlando<\/strong> y crea recuerdos m\u00e1gicos con tu familia. \u00a1Qu\u00e9 mejor manera para celebrar la \u00e9poca navide\u00f1a que dici\u00e9ndole a tus peque\u00f1os que ir\u00e1n a Disney para las Navidades!\r\n<\/p>\r\n<p>Pasar las Navidades en Orlando, todav\u00eda es una de las vacaciones m\u00e1s populares para familias de todas partes. El \u00e1rea de Orlando se ilumina con luces navide\u00f1as y el aire se llena de la emoci\u00f3n de los parques tem\u00e1ticos y atracciones y toda su decoraci\u00f3n. Disfruta de shows de luces, paradas, espect\u00e1culos navide\u00f1os y mucho m\u00e1s.<\/p>\r\n        [line class=\"x-hidden-phone\"]\r\n        <h3 class=\"mtn mbm\" id=\"vacpac\">Encuentra los Mejores Paquetes Vacacionales:<\/h3>\r\n        <!-- Packages-->\r\n        [specials ids=\"15762,10741\"]\r\n        <!-- \/Packages-->\r\n    <\/div>\r\n    [clear]\r\n[\/container]\r\n<div style=\"background: #efefef;\">\r\n    [container class=\"ptl pbl\"]\r\n    <h3 class=\"h3 mbm\">\u00a1Disfruta de la Emoci\u00f3n de los Parques Tem\u00e1ticos estas Navidades!\r\n<\/h3>\r\n    <div class=\"ptl pbl\">\r\n       [tab_nav type=\"four-up\"]\r\n       [tab_nav_item title=\"Disney World\" active=\"true\"]\r\n       [tab_nav_item title=\"SeaWorld\" active=\"\"]\r\n       [tab_nav_item title=\"Legoland\" active=\"\"]\r\n       [tab_nav_item title=\"Otros Eventos\" active=\"\"]\r\n\r\n       [\/tab_nav]\r\n       [tabs]\r\n       [tab active=\"true\"] \r\n       <div class=\"x-container\">\r\n            <div class=\"x-column x-sm x-2-5\">\r\n                <img decoding=\"async\" class=\"mtm\" alt=\"Disney | Paquetes Navide\u00f1os de Orlando\" src=\"https:\/\/westgatecdn.com\/2019\/05\/disney-christmas-deals.jpg\">\r\n            <\/div>\r\n            <div class=\"x-column x-sm x-3-5 last\">\r\n                [gap size=\"2em\" class=\"x-visible-phone\"]\r\n                <h4 class=\"h5 mtn mbm\">Diversi\u00f3n Navide\u00f1a en Walt Disney World Resort!<\/h4>\r\n                <p>Los parques tem\u00e1ticos ofrecen tanta emoci\u00f3n y diversi\u00f3n navide\u00f1a. Unas Vacaciones en Disney pueden comenzar en el Parque Magic Kingdom donde puedes formar parte de Mickey\u2019s Very Merry Christmas Party, una parada donde veras a Santa Claus, fuegos artificiales, y un sinn\u00famero de decoraciones navide\u00f1as. Por otro lado, Disney\u2019s Epcot ofrece eventos especiales como \u201cHoliday Around the World\u201d \u2013 una celebraci\u00f3n donde conocer\u00e1s las tradiciones e historias navide\u00f1as de diferentes partes del mundo.\r\n<\/p>\r\n                <div class=\"x-container\">\r\n                    <div class=\"x-column x-sm x-1-2\">\r\n                        <a href=\"https:\/\/www.westgatereservations.com\/es\/walt-disney-world\/visit-disney-at-christmas\/\" class=\"x-btn btn-blue x-btn-transparent\">Ver Paquetes Navide\u00f1os de Disney<\/a>\r\n                    <\/div>\r\n                    <div class=\"x-column x-sm x-1-2 last\"><\/div>\r\n                <\/div>\r\n            <\/div>\r\n        <\/div>\r\n       [\/tab]\r\n       [tab] \r\n       <div class=\"x-container\">\r\n            <div class=\"x-column x-sm x-2-5\">\r\n                <img decoding=\"async\" class=\"mtm\" alt=\"Sea World Orlando | navidad en orlando\" src=\"https:\/\/westgatecdn.com\/2019\/05\/christmas-vacation-seaworld.jpg\">\r\n            <\/div>\r\n            <div class=\"x-column x-sm x-3-5 last\">\r\n                [gap size=\"2em\" class=\"x-visible-phone\"]\r\n                <h4 class=\"h5 mtn mbm\">\u00a1Celebra la Navidad con Shamu en SeaWorld Orlando!<\/h4>\r\n                <p>Esta fiesta marina es especial ya que ofrece espect\u00e1culos festivos en vivo, opciones de compras festivas que incluyen un mercado navide\u00f1o y deliciosa comida. Celebra la temporada con las numerosas decoraciones de SeaWorld, incluyendo el Mar de \u00e1rboles: m\u00e1s de 100 \u00e1rboles brillantes con luces que bailan al ritmo de la m\u00fasica navide\u00f1a y las r\u00e1fagas de nieve frente al mar.<\/p>\r\n<p>\u00a1Otras atracciones y espect\u00e1culos tem\u00e1ticos especiales incluyen O Wondrous Night, Shamu Christmas Miracle que muestra la gracia y el poder de Shamu, Winter Wonderland on Ice, Clyde y Seamore's Countdown to Christmas y Elmo's Christmas Wish con Elmo, Grover, Zoe y Cookie Monster!<\/p>\r\n\r\n       \r\n            <\/div>\r\n        <\/div>\r\n       [\/tab]\r\n       [tab] \r\n       <div class=\"x-container\">\r\n            <div class=\"x-column x-sm x-2-5\">\r\n                <img decoding=\"async\" class=\"mtm\" alt=\"legoland Orlando | navidad en orlando florida\" src=\"https:\/\/westgatecdn.com\/2019\/05\/lego-christmas-orlando.jpg\">\r\n            <\/div>\r\n            <div class=\"x-column x-sm x-3-5 last\">\r\n                [gap size=\"2em\" class=\"x-visible-phone\"]\r\n                <h4 class=\"h5 mtn mbm\">\u00a1Navidades repletas de Legos en LEGOLAND!<\/h4>\r\n                <p>Legoland, conocido como uno de los mejores parques tem\u00e1ticos para ni\u00f1os peque\u00f1os en el \u00e1rea de Florida Central, tiene una celebraci\u00f3n navide\u00f1a muy especial para todos. Disfruta de un d\u00eda festivo y m\u00e1gico donde las decoraciones incluyen un \u00e1rbol de Navidad gigante de 30 pies de altura hecho de LEGO. Tambi\u00e9n puede conocer a Pap\u00e1 Noel y soldados de juguete, admirar miles de luces navide\u00f1as, disfrutar de m\u00fasica festiva y golosinas y divertirte con muchas actividades de construcci\u00f3n.<\/p><\/div>\r\n        <\/div>\r\n       [\/tab]\r\n        [tab] \r\n      <div class=\"x-container\">\r\n                <h4 class=\"h3 mtn mbm\">Otros Eventos Navide\u00f1os en Orlando<\/h4>\r\n                [column type=\"2\/5\" fade=\"true\" fade_animation=\"in-from-top\" fade_animation_offset=\"40px\"]\r\n                    <img decoding=\"async\" class=\"mtm\" alt=\"ofertas para orlando en navidad\" src=\"https:\/\/westgatecdn.com\/2019\/05\/nutcracker-orlando-christmas.jpg\">\r\n                [\/column]\r\n                [column type=\"3\/5\" fade=\"true\" fade_animation=\"in-from-top\" fade_animation_offset=\"40px\" last=\"true\"]\r\n                    [gap size=\"2em\" class=\"x-visible-phone\"]\r\n                    <h5 class=\"mtn mbm\">Orlando Ballet: El Cascanueces<\/h5>\r\n                    <p>Cada a\u00f1o, el famoso Ballet de Orlando devuelve la vida al cl\u00e1sico Cascanueces con su hermosa coreograf\u00eda, m\u00fasica y narraci\u00f3n. \u00a1No te pierdas este evento m\u00e1gico que incluye nieve y bastones de caramelo!<\/p>\r\n                [\/column]\r\n                [clear]\r\n                [line]\r\n                [column type=\"2\/5\" fade=\"true\" fade_animation=\"in-from-top\" fade_animation_offset=\"40px\"]\r\n                    <img decoding=\"async\" class=\"mtm\" alt=\"navidad en orlando\" src=\"https:\/\/westgatecdn.com\/2019\/05\/orlando-bok-tower-xmas.jpg\">\r\n                [\/column]\r\n                [column type=\"3\/5\" fade=\"true\" fade_animation=\"in-from-top\" fade_animation_offset=\"40px\" last=\"true\"]\r\n                    [gap size=\"2em\" class=\"x-visible-phone\"]\r\n                    <h5 class=\"mtn mbm\">Navidad en los Jardines de la Torre Bok<\/h5>\r\n                    <p>Descubre los hermosos e hist\u00f3ricos jardines con su Tour anual de casas navide\u00f1as en Pinewood Estate, recorridos por jardines y exhibiciones de flores de pascua.<\/p>\r\n                [\/column]\r\n                [clear]\r\n                   [line]\r\n                [column type=\"2\/5\" fade=\"true\" fade_animation=\"in-from-top\" fade_animation_offset=\"40px\"]\r\n                    <img decoding=\"async\" class=\"mtm\" alt=\"ofertas para orlando en navidad\" src=\"https:\/\/westgatecdn.com\/2019\/05\/festival-of-trees-christmas.jpg\">\r\n                [\/column]\r\n                [column type=\"3\/5\" fade=\"true\" fade_animation=\"in-from-top\" fade_animation_offset=\"40px\" last=\"true\"]\r\n                    [gap size=\"2em\" class=\"x-visible-phone\"]\r\n                    <h5 class=\"mtn mbm\">Festival de Arboles<\/h5>\r\n                    <p>El Museo de Arte de Orlando se transforma en un para\u00edso invernal de \u00e1rboles brillantes y decoraci\u00f3n navide\u00f1a dise\u00f1ada a mano.<\/p>\r\n                [\/column]\r\n                [clear]\r\n\r\n            <\/div>\r\n\r\n\r\n       [\/tab]\r\n       [\/tabs]\r\n    <\/div>\r\n    [\/container]\r\n<\/div>\r\n\r\n<!---->\r\n<div>\r\n   <div class=\"x-container max width ptm pbm\">\r\n        <h5 class=\"h3\">Preguntas Frecuentes<\/h5>\r\n        <div class=\"ptl pbl\">\r\n            [accordion]\r\n            [accordion_item title=\"Clima Navide\u00f1o en Orlando: \u00bfqu\u00e9 tan fr\u00edo est\u00e1 Orlando en diciembre?\"]\r\n            <p>Con un clima subtropical y temperaturas estacionales c\u00e1lidas, el centro de Florida es el escape perfecto de la nieve y el fr\u00edo. Incluso en unas vacaciones de Navidad, las familias pueden nadar en piscinas climatizadas, jugar al golf, ir de compras, o visitar uno de los parques excepcionales que hacen de Orlando la capital mundial de los parques tem\u00e1ticos.<\/p>\r\n            <p>Las temperaturas de diciembre en Orlando son espectaculares, promediando un m\u00e1ximo casi perfecto de 73\u00b0 F y un m\u00ednimo c\u00f3modo de 50\u00b0 F. Diciembre tambi\u00e9n se considera la \"estaci\u00f3n seca\" en el centro de la Florida, por lo que las posibilidades de lluvia son mucho menores que durante los meses de verano.<\/p>\r\n            [\/accordion_item] \r\n            [\/accordion]\r\n            [accordion]\r\n            [accordion_item title=\"\u00bfQu\u00e9 puedo hacer el d\u00eda de Navidad en Orlando, FL?\"]\r\n            <p>Para la mayor\u00eda de las personas, \u00a1las opciones preferidas son los parques tem\u00e1ticos! \u00a1Est\u00e1n abiertos durante toda la temporada festiva, incluyendo Nochebuena, Navidad y A\u00f1o Nuevo! Los parques tem\u00e1ticos incluyen muchas presentaciones y celebraciones navide\u00f1as, oportunidades para conocer a Santa Claus y tus personajes favoritos, y cenar en restaurantes divertidos y tem\u00e1ticos. Pero si est\u00e1s buscando a\u00fan m\u00e1s opciones, considera las muchas atracciones en International Drive. Lugares como Pirate\u2019s Cove Adventure Golf, Fun Spot Orlando, Ripley\u2019s Believe It or Not, WonderWorks, la rueda gigante ICON Orlando y m\u00e1s.<\/p>\r\n            [\/accordion_item] \r\n            [\/accordion]\r\n            [accordion]\r\n            [accordion_item title=\"\u00bfD\u00f3nde puedo comer en Orlando el d\u00eda de Navidad?\"]\r\n            <p>Su mejor opci\u00f3n para encontrar opciones de restaurantes abiertos el d\u00eda de Navidad es visitar lugares como Disney Springs o CityWalk de Universal Orlando. \u00a1Estas populares \u00e1reas de compras \/ restaurantes \/ entretenimiento ofrecen una amplia gama de opciones de comidas r\u00e1pidas y cenas que seguramente har\u00e1n que tu d\u00eda de Navidad sea muy especial! En Disney Springs, encontrar\u00e1s restaurantes como The Boathouse, Morimoto Asia, Paddlefish, Planet Hollywood Observatory, STK Orlando, Frontera Cocina, y la lista sigue y sigue. En el CityWalk de Universal encontrar\u00e1s opciones como Hard Rock Caf\u00e9 Orlando, VIVO Italian Kitchen, The Cowfish Sushi Burger, Antojitos Authentic Mexican Food, Toothsome Chocolate Emporium & Savory Feast Chicken, y muchos m\u00e1s. <\/p>\r\n            [\/accordion_item] \r\n            [\/accordion]\r\n            [accordion]\r\n            [accordion_item title=\"\u00bfEst\u00e1n abiertos los parques tem\u00e1ticos de Orlando el d\u00eda de Navidad?\"]\r\n            <p>\u00a1S\u00ed! Recomendamos consultar con Disney World las horas espec\u00edficas del parque, pero es muy probable que los cuatro parques tem\u00e1ticos de Disney est\u00e1n abiertos en Nochebuena y el d\u00eda de Navidad. Otros parques tem\u00e1ticos importantes como Universal Studios Florida, Islands of Adventure, SeaWorld Orlando y Legoland Florida tambi\u00e9n est\u00e1n abiertos el 24 de diciembre (Nochebuena) y el 25 de diciembre (D\u00eda de Navidad). Ten en cuenta que estas fiestas son algunos de los d\u00edas m\u00e1s ocupados del a\u00f1o en los parques tem\u00e1ticos de Orlando, as\u00ed que trate de llegar temprano.<\/p>\r\n            [\/accordion_item] \r\n            [\/accordion]\r\n            [accordion]\r\n            [accordion_item title=\"\u00bfD\u00f3nde puedo ir a ver luces de Navidad en Orlando?\"]\r\n            <p>\u00a1En casi todos los rincones de Orlando, FL encontrar\u00e1s una calle o \u00e1rea cubierta de luces navide\u00f1as! A\u00fan as\u00ed, recomendamos ver una de las siguientes atracciones repletas de luces: Navidad en The Wizarding World of Harry Potter, Disney Springs, Mickey's Very Merry Christmas Party en Magic Kingdom, Sea of Trees at SeaWorld's Christmas Celebration, el gigantesco \u00e1rbol de Navidad del centro de Orlando, o explorar el pueblo de Celebration, FL (cerca de Disney World) que tambi\u00e9n presenta una \"nevada\" y luces navide\u00f1as.<\/p>\r\n            [\/accordion_item] \r\n            [\/accordion]\r\n        <\/div>\r\n        [gap size=\"1em\"]\r\n       \r\n    <\/div>\r\n<\/div>\r\n<!-- call banner-->\r\n<div style=\"background: #232c35;\">\r\n\r\n    <div class=\"x-container max width\">\r\n        [gap size=\"1em\"]\r\n        <div class=\"x-column x-sm x-2-3 white stack-center-m pas\">\r\n            <h5 class=\"font-lighter white man\">\u00a1Comienza a planificar tus Vacaciones Navide\u00f1as en Orlando con Westgate Resorts!\r\n<\/h5>\r\n            <p>Te ayudaremos a descubrir todo lo mejor de Orlando\r\n\r\n<\/p>\r\n        <\/div>\r\n        <div class=\"x-column x-sm x-1-3 pam last\">\r\n            [phone_link class=\"x-btn x-btn-block btn-orange\"]Llama al [tel][\/phone_link]\r\n            [gap size=\"1em\" class=\"x-visible-phone\"]\r\n        <\/div>\r\n    <\/div>\r\n<\/div>\r\n<!--\/call banner-->\r\n<!---->\r\n<div class=\"x-container max width x-visible-phone mtl\">\r\n    <img decoding=\"async\" class=\"mtm x-hidden-phone\" alt=\"Transporte Gratuito a los Parques de Orlando\" src=\"https:\/\/westgatecdn.com\/2019\/07\/transporte_gratuito_a_los_parques.jpg\">\r\n    [line]\r\n    <div>\r\n        <p class=\"font-400 mbn\"><strong>Nuestros Hu\u00e9spedes lo Califican:<\/strong><\/p>\r\n            <div class=\"orange\">\r\n            <i class=\"fas fa-star\" aria-hidden=\"true\"><\/i>\r\n            <i class=\"fas fa-star\" aria-hidden=\"true\"><\/i>\r\n            <i class=\"fas fa-star\" aria-hidden=\"true\"><\/i>\r\n            <i class=\"fas fa-star\" aria-hidden=\"true\"><\/i>\r\n            <i class=\"fas fa-star-half\" aria-hidden=\"true\"><\/i>\r\n            <span>\u00a1Excelente Oferta!<\/span>\r\n            <\/div>\r\n            <p style=\"color:#848b94;\">Lee nuestras <a target=\"_blank\" href=\"\/es\/reviews-orlando\/\" rel=\"noopener noreferrer nofollow\">Rese\u00f1as de Hu\u00e9spedes<\/a><\/p>\r\n        [line]\r\n        <p class=\"center-text mtn font-120\"><strong>\u00a1Somos vendedores de boletos autorizados para los siguientes parques tem\u00e1ticos!\r\n<\/strong><\/p>\r\n        <img decoding=\"async\" class=\"mtm\" alt=\"Parques Tematicos de Orlando: Disney, Universal, SeaWorld, Legoland\" src=\"https:\/\/westgatecdn.com\/2019\/03\/side-logo-bar.jpg\">\r\n        [line]\r\n        [content-block name=\"single-sitewide-seasonal-ad\"]\r\n    <\/div>\r\n<\/div>\r\n<!---->\r\n\r\n<div class=\"x-container max width pbl mts\">\r\n\t[gap size=\"4em\"]\r\n\r\n<h5 class=\"h5 mtm\">Enlaces Adicionales de Orlando:<\/h5>\r\n[columnize]\r\n<ul>\r\n \t<li><a href=\"\/es\/orlando\/resorts-and-hotels\/\">Resorts y Hoteles en Orlando <\/a><\/li>\r\n \t<li><a href=\"\/es\/orlando\/map\/\">Mapa de Orlando: Atracciones<\/a><\/li>\r\n \t<li><a href=\"\/es\/orlando\/summer-vacation\/\">Ofertas de Verano en Orlando<\/a><\/li>\r\n    <li><a href=\"\/es\/orlando\/vacation-packages\/\">Paquetes Vacacionales Orlando, FL<\/a><\/li>\r\n    <li><a href=\"\/es\/orlando\/cheap-vacations\/\">Estad\u00edas Econ\u00f3micas en Orlando<\/a><\/li>\r\n \t<li><a href=\"\/es\/orlando\/vacation-packages\/\">Paquetes Vacacionales en Parques de Agua<\/a><\/li>\r\n    <li><a href=\"\/es\/orlando\/theme-parks\/\">Parques Tem\u00e1ticos de Orlando<\/a><\/li>\r\n    <li><a href=\"\/es\/orlando\/\">Vacaciones en Orlando<\/a><\/li>\r\n<\/ul>\r\n[\/columnize]\r\n<\/div>\r\n","protected":false},"excerpt":{"rendered":"<p>Navidades en Orlando \u00a1Encuentra las Vacaciones de tus Sue\u00f1os! DESDE: $409 \/POR PAQUETE [gap size=\"1em\"] Navidades en Orlando \u00a1Encuentra las Vacaciones de tus Sue\u00f1os! DESDE: $409 \/PAQUETE \u00a1V\u00e1monos de Vacaciones! ... <\/p>\n<div><a href=\"https:\/\/www.westgatereservations.com\/es\/orlando\/christmas-vacation\/\" class=\"more-link\">Leer M\u00e1s<\/a><\/div>\n","protected":false},"author":2,"featured_media":0,"parent":10820,"menu_order":0,"comment_status":"closed","ping_status":"closed","template":"template-blank-4.php","meta":{"footnotes":""},"_links":{"self":[{"href":"https:\/\/www.westgatereservations.com\/es\/wp-json\/wp\/v2\/pages\/10968"}],"collection":[{"href":"https:\/\/www.westgatereservations.com\/es\/wp-json\/wp\/v2\/pages"}],"about":[{"href":"https:\/\/www.westgatereservations.com\/es\/wp-json\/wp\/v2\/types\/page"}],"author":[{"embeddable":true,"href":"https:\/\/www.westgatereservations.com\/es\/wp-json\/wp\/v2\/users\/2"}],"replies":[{"embeddable":true,"href":"https:\/\/www.westgatereservations.com\/es\/wp-json\/wp\/v2\/comments?post=10968"}],"version-history":[{"count":0,"href":"https:\/\/www.westgatereservations.com\/es\/wp-json\/wp\/v2\/pages\/10968\/revisions"}],"up":[{"embeddable":true,"href":"https:\/\/www.westgatereservations.com\/es\/wp-json\/wp\/v2\/pages\/10820"}],"wp:attachment":[{"href":"https:\/\/www.westgatereservations.com\/es\/wp-json\/wp\/v2\/media?parent=10968"}],"curies":[{"name":"wp","href":"https:\/\/api.w.org\/{rel}","templated":true}]}}