{"id":10959,"date":"2016-09-06T14:13:51","date_gmt":"2016-09-06T18:13:51","guid":{"rendered":"https:\/\/www.westgatereservations.com\/es\/orlando\/summer-vacation\/"},"modified":"2022-05-27T11:27:51","modified_gmt":"2022-05-27T15:27:51","slug":"summer-vacation","status":"publish","type":"page","link":"https:\/\/www.westgatereservations.com\/es\/orlando\/summer-vacation\/","title":{"rendered":"Vacaciones de Verano"},"content":{"rendered":"<div>\r\n    <div class=\"ptl background-cover\" style=\"\r\n    background-image:url(https:\/\/westgatecdn.com\/2019\/05\/orlando-summer-vacation-packages.jpg);\">\r\n        <div class=\"x-container max width dshadow x-hidden-phone\">\r\n            <h1 class=\"pts white center-text\">Vacaciones de Verano en Orlando\r\n<\/h1>\r\n            <p class=\"h3 man pts white center-text\">\u00a1Encuentras las Vacaciones de tus Sue\u00f1os!<\/p>\r\n            <div class=\"center-text white mbl\" style=\"font-weight: 500;\">\r\n            <span>DESDE: <\/span><span class=\"h1 white\">$99<\/span> \/POR PAQUETE<\/span>\r\n            <\/div>\r\n        <\/div>\r\n        [gap size=\"1em\"]\r\n        <!----->\r\n        <div class=\"x-container max width search-ow-resort availability-search\">\r\n            <div class=\"x-visible-phone\">\r\n                <h1 class=\"dshadow mts white center-text\">Vacaciones de Verano en Orlando<\/h1>\r\n                <p class=\"h3 dshadow man pts white center-text\">\u00a1Encuentras las Vacaciones de tus Sue\u00f1os!<\/p>\r\n                <div class=\"availability-horizontal center-text\">\r\n                    <span class=\"no-break\"><span class=\"white\">DESDE: <\/span><span class=\"price white\"><b>$99<\/b><\/span> <span class=\"white\">\/PAQUETE<\/span><\/span>\r\n                <\/div>\r\n            <\/div>\r\n\r\n            <div class=\"x-content-band marginless-columns mbn ptm pbm\">\r\n                <div class=\"x-container\">\r\n                    <div class=\"x-column x-sm x-1-4 x-hidden-phone\" style=\"vertical-align: middle;\">\r\n                        <p class=\"h3 man white\">Reserva tus Vacaciones de Verano<\/p>\r\n                    <\/div>\r\n                    <div class=\"x-column x-sm x-3-4 last\">\r\n                        [search-availability layout=\"horizontal\" destination=\"Orlando\" hide_title=\"true\" class=\"no-bg pan\"]\r\n                    <\/div>\r\n                <\/div>\r\n            <\/div>\r\n        <\/div>\r\n        [gap size=\"1em\" class=\"x-visible-phone\"]\r\n        <!---->\r\n    <\/div>\r\n<\/div>\r\n[container]\r\n     <div class=\"ptm icon-nav light pbs\">\r\n        [gap size=\"1em\" class=\"x-hidden-phone\"]\r\n            <div class=\"x-column x-1-3 stack-center-m\">\r\n                <div>\r\n                    [phone_link class=\"inheritcolor\"]\r\n                    <div class=\"x-column x-sm x-1-4\">\r\n                        <i class=\"fas fa-phone fa-2x right-stack-m focus\"><\/i>\r\n                    <\/div>\r\n                    <div class=\"x-column x-sm x-3-4 last\">\r\n                        <p class=\"x-visible-phone mts\" style=\"line-height:1.2em;\">\r\n                            <strong>Llama para<br\/> Reservar<\/strong>\r\n                        <\/p>\r\n                        <p class=\"x-hidden-phone font-120\">\r\n                            <strong>\u00a1Llama para Reservar!<\/strong><br\/>\r\n                            <span>[tel]<\/span>\r\n                        <\/p>\r\n                    <\/div>\r\n                    [\/phone_link]\r\n                    [clear]\r\n                <\/div>\r\n            <\/div>\r\n            <div class=\"x-column x-1-3 stack-center-m\">\r\n                <div>\r\n                    [subscribe modal=\"true\" trigger=\"link\" show_name=\"true\" trigger_class=\"inheritcolor\"]\r\n                    <div class=\"x-column x-sm x-1-4\">\r\n                        <i class=\"fas fa-envelope fa-2x right-stack-m\"><\/i>\r\n                    <\/div>\r\n                    <div class=\"x-column x-sm x-3-4 last\">\r\n                        <p class=\"x-visible-phone mts\" style=\"line-height:1.2em;\">\r\n                            <strong>Suscr\u00edbete y recibe<br\/> Ofertas<\/strong>\r\n                        <\/p>\r\n                        <p class=\"x-hidden-phone font-120\">\r\n                            <strong>\u00a1Suscr\u00edbete y recibe ofertas!<\/strong><br\/>\r\n                            <span>Ahorra hasta un 40%<\/span>\r\n                        <\/p>\r\n                    <\/div>\r\n                    [\/subscribe]\r\n                    [clear]\r\n                <\/div>\r\n            <\/div>\r\n            <div class=\"x-column x-1-3 stack-center-m last\">\r\n                <div>\r\n                    <a href=\"#\"; onclick=\"SnapEngage.startLink();\" class=\"inheritcolor\">\r\n                        <div class=\"x-column x-sm x-1-4\">\r\n                            <i class=\"fas fa-comment-alt fa-2x right-stack-m\"><\/i>\r\n                        <\/div>\r\n                        <div class=\"x-column x-sm x-3-4 last\">\r\n                            <p class=\"x-visible-phone mts\" style=\"line-height:1.2em;\">\r\n                                <strong>Charla con un<br\/> Agente<\/strong>\r\n                            <\/p>\r\n                            <p class=\"x-hidden-phone font-120\">\r\n                                <strong>Chat en Vivo<\/strong><br\/>\r\n                                <span>Charla con un Agente<\/span>\r\n                            <\/p>\r\n                        <\/div>\r\n                    <\/a>\r\n                    [clear]\r\n                <\/div>\r\n            <\/div>\r\n            [clear]\r\n            [gap size=\"1em\" class=\"x-hidden-phone\"]\r\n        <\/div>\r\n[\/container]\r\n<div class=\"x-colophon\">&nbsp;<\/div>\r\n[container class=\"mbm pbm\"]\r\n    [gap size=\"2em\" class=\"x-hidden-phone\"]\r\n    <div class=\"x-column x-sm x-1-4\">\r\n        <!-- topnav -->\r\n        <wf-scroll hash=\"vacpac\" class=\"x-btn btn-blue x-btn-transparent x-visible-phone mbm\">View Orlando Summer Packages<\/wf-scroll>\r\n        <!--\/topnav-->\r\n        [gap size=\"2em\" class=\"x-visible-phone\"]\r\n        <img decoding=\"async\" alt=\"Mejor Precio Garantizado en todos los Paquetes Vacacionales de Orlando\" src=\"https:\/\/westgatecdn.com\/2019\/07\/mejor_precio_garantizado.png\">\r\n        [line class=\"x-hidden-phone\"]\r\n        <div class=\"x-hidden-phone\">\r\n            <p class=\"font-400 mbn\"><strong>Nuestros Hu\u00e9spedes lo Califican:<\/strong><\/p>\r\n            <div class=\"orange\">\r\n            <i class=\"fas fa-star\" aria-hidden=\"true\"><\/i>\r\n            <i class=\"fas fa-star\" aria-hidden=\"true\"><\/i>\r\n            <i class=\"fas fa-star\" aria-hidden=\"true\"><\/i>\r\n            <i class=\"fas fa-star\" aria-hidden=\"true\"><\/i>\r\n            <i class=\"fas fa-star-half\" aria-hidden=\"true\"><\/i>\r\n            <span>\u00a1Excelente Oferta!<\/span>\r\n            <\/div>\r\n            <p style=\"color:#848b94;\">Lee nuestras<a rel=\"noopener noreferrer nofollow\">Rese\u00f1as de Hu\u00e9spedes<\/a><\/p>\r\n        <\/div>\r\n\r\n    <\/div>\r\n    <div class=\"x-column x-sm x-3-4 last\">\r\n        [gap size=\"1em\" class=\"x-visible-phone\"]\r\n        <h2 class=\"h3 mtn mbs\">Vacaciones de Verano en Orlando\r\n<\/h2>\r\n        <p class=\"mtl\">\u00a1No hay nada mejor que unas vacaciones de verano en familia! Que mejor lugar para crear esos recuerdos que en destino m\u00e1s m\u00e1gico del mundo, Orlando Florida.<\/p>\r\n\r\n<p> Unas <strong>vacaciones de verano en Orlando<\/strong> ofrecen algo para todos. Encontrar\u00e1s desde parques tem\u00e1ticos y atracciones, vida nocturna, tiendas, restaurantes y m\u00e1s. Mejor a\u00fan, \u00a1goza del clima tropical de Orlando donde puedes tener vacaciones de verano en cualquier \u00e9poca del a\u00f1o!\r\n\r\n\r\n<\/p>\r\n        [line class=\"x-hidden-phone\"]\r\n        <h3 class=\"mtn mbm\" id=\"vacpac\">Ofertas de Verano en Orlandos<\/h3>\r\n        <!-- Packages-->\r\n        [specials ids=\"8640,20706,5658,15861\"]\r\n        <!-- \/Packages-->\r\n    <\/div>\r\n    [clear]\r\n    [gap size=\"2em\" class=\"x-hidden-phone\"]\r\n[\/container]\r\n\r\n<div style=\"background: #efefef;\">\r\n<div class=\"x-container max width ptl pbs\">\r\n    <h4 class=\"h3 center-text\" id=\"explore\">Explora Vacaciones de Verano en Orlando<\/h4>\r\n    <div class=\"ptl pbl\">\r\n       [tab_nav type=\"two-up\"]\r\n       [tab_nav_item title=\"Parques Acu\u00e1ticos\" active=\"true\"]\r\n       [tab_nav_item title=\"Westgate\" active=\"\"]\r\n  \r\n       [\/tab_nav]\r\n       [tabs]\r\n       [tab active=\"true\"] \r\n       <div class=\"x-container\">\r\n            <div class=\"x-column x-sm x-1-2\">\r\n                <div>\r\n                [image class=\"galleryimg1 interior\" src=\"https:\/\/westgatecdn.com\/2019\/05\/summer-vacation-disney.jpg\" alt=\"Father and Daughter at Disney\" type=\"thumbnail\" link=\"true\" title=\"Disney Magic Kingdom\"]\r\n                <\/div>\r\n                <div>\r\n                    <div class=\"x-column x-1-3\">[image class=\"galleryimg1 interior\" src=\"https:\/\/westgatecdn.com\/2019\/05\/summer-vacation-waterpark.jpg\" alt=\"verano en florida\" type=\"thumbnail\" link=\"true\" title=\"Water Park\"]<\/div>\r\n\r\n                    <div class=\"x-column x-1-3\">[image class=\"galleryimg1 interior\" src=\"https:\/\/westgatecdn.com\/2019\/05\/summer-package-deals.jpg\" alt=\"orlando en julio\" type=\"thumbnail\" link=\"true\" title=\"Water Park Vacation\"]<\/div>\r\n\r\n                    <div class=\"x-column x-1-3 last\">[image class=\"galleryimg1 interior\" src=\"https:\/\/westgatecdn.com\/2019\/05\/summer-vacation-packages.jpg\" alt=\"verano en orlando\" type=\"thumbnail\" link=\"true\" title=\"Aquatica\"]<\/div>\r\n                <\/div>\r\n                [clear]\r\n                [lightbox selector=\".galleryimg1\" deeplink=\"\" opacity=\"0.875\" prev_scale=\"0.75\" prev_opacity=\"0.75\" next_scale=\"0.75\" next_opacity=\"0.75\" orientation=\"horizontal\" thumbnails=\"true\"]\r\n            <\/div>\r\n            <div class=\"x-column x-sm x-1-2 last\">\r\n                <h4 class=\"h5 mtn\">Aventuras Refrescantes en un Verano Caluroso<\/h4>\r\n                <p>\r\n              Muchas vacaciones de verano en Orlando comienzan con una visita a Walt Disney World Resort. Sentir\u00e1s la emoci\u00f3n desde el momento que entras a Magic Kingdom y empiezas a caminar por la calle Main Street U.S.A. hacia el castillo de Cenicienta. Desde conocer a los personajes de Disney hasta las atracciones y monta\u00f1as rusas, existe diversi\u00f3n para todos.\r\n\r\n <\/p>\r\n                <p>\r\n               \u00bfQu\u00e9 serian unas vacaciones sin una visita a un refrescante parque acu\u00e1tico? Disney tiene dos parques acu\u00e1ticos incre\u00edbles \u2013 Blizzard Beach y Typhoon Lagoon. Ese es solo el comienzo de la lista de parques de agua en la Florida Central. En SeaWorld encontrar\u00e1s Aquatica, tambi\u00e9n existe Wet \u2018n\u2019 Wild y pr\u00f3ximamente, Universal Orlando Resort estar\u00e1 abriendo Volcano Bay.\r\n\r\n\r\n\r\n<\/p>\r\n                <div class=\"x-container\">\r\n                    <div class=\"x-column x-sm x-1-2\">\r\n                        <a href=\"https:\/\/www.westgatereservations.com\/es\/orlando\/vacation-packages\/waterpark\/\" class=\"x-btn x-btn-block btn-blue x-btn-transparent\">Parques Acu\u00e1ticos de Orlando<\/a>\r\n                    <\/div>\r\n                    <div class=\"x-column x-sm x-1-2 last\"><\/div>\r\n                <\/div>\r\n            <\/div>\r\n        <\/div>\r\n       [\/tab]\r\n       [tab] \r\n          <div class=\"x-container\">\r\n            <div class=\"x-column x-sm x-1-2\">\r\n                <div>\r\n                [image class=\"galleryimg2 interior\" src=\"https:\/\/westgatecdn.com\/2019\/05\/westgate-pool-orlando.jpg\" alt=\"verano en orlando\" type=\"thumbnail\" link=\"true\" title=\"Orlando Pool Fun\"]\r\n                <\/div>\r\n                <div>\r\n                    <div class=\"x-column x-1-3\">[image class=\"galleryimg2 interior\" src=\"https:\/\/westgatecdn.com\/2019\/05\/bike-riding-orlando.jpg\" alt=\"vacaciones de verano familiares en orlando\" type=\"thumbnail\" link=\"true\" title=\"Bike Riding at Westgate\"]<\/div>\r\n\r\n                    <div class=\"x-column x-1-3\">[image class=\"galleryimg2 interior\" src=\"https:\/\/westgatecdn.com\/2019\/05\/mini-golf-orlando.jpg\" alt=\"orlando en junio\" type=\"thumbnail\" link=\"true\" title=\"Westgate Golfing\"]<\/div>\r\n\r\n                    <div class=\"x-column x-1-3 last\">[image class=\"galleryimg2 interior\" src=\"https:\/\/westgatecdn.com\/2019\/05\/marina-orlando-deals.jpg\" alt=\"verano westgate resorts\" type=\"thumbnail\" link=\"true\" title=\"Marina Orlando Deals\"]<\/div>\r\n                <\/div>\r\n                [clear]\r\n                [lightbox selector=\".galleryimg2\" deeplink=\"\" opacity=\"0.875\" prev_scale=\"0.75\" prev_opacity=\"0.75\" next_scale=\"0.75\" next_opacity=\"0.75\" orientation=\"horizontal\" thumbnails=\"true\"]\r\n            <\/div>\r\n            <div class=\"x-column x-sm x-1-2 last\">\r\n                <h4 class=\"h5 mtn\">Verano Todo Los D\u00edas<\/h4>\r\n                <p>\r\n              Las ofertas vacacionales de verano en Orlando pueden incluir descuentos en una variedad de hoteles, resorts y atracciones, incluyendo Westgate Resorts. Con m\u00faltiples resorts en el \u00e1rea, Westgate te coloca a solo pasos de los mejores parques tem\u00e1ticos y atracciones. Mejor a\u00fan, Westgate Resorts te provee amenidades incre\u00edbles y habitaciones espaciosas. De igual manera, nuestros resorts te ofrecen acceso f\u00e1cil a Disney World, Universal Studios, SeaWorld Orlando, e International Drive al igual que tiendas y restaurantes de clase mundial. En Westgate Resort encontrar\u00e1s todo desde piscinas tropicales, mini golf, gimnasio, sala de juego, tenis, spa de clase mundial y m\u00e1s.\r\n\r\n\r\n\r\n <\/p>\r\n                <p>\r\n               Comienza a crear recuerdos y momentos especiales con tu familia con nuestras ofertas de verano de Westgate Resorts:\r\n\r\n <\/p>\r\n                <div class=\"x-container\">\r\n                    <div class=\"x-column x-sm x-1-2\">\r\n<!--                         <a href=\"https:\/\/www.westgatereservations.com\/es\/orlando\/vacation-packages\/\" class=\"x-btn x-btn-block btn-blue x-btn-transparent\">Ver Paquetes de Verano en Orlando<\/a>\r\n -->\r\n                 <wf-scroll hash=\"vacpac\" class=\"x-btn btn-blue x-btn-transparent\">Ver Ofertas de Veranos en Orlando<\/wf-scroll>\r\n\r\n\r\n                    <\/div>\r\n                    <div class=\"x-column x-sm x-1-2 last\"><\/div>\r\n                <\/div>\r\n            <\/div>\r\n        <\/div>\r\n       [\/tab]\r\n     \r\n       [\/tabs]\r\n    <\/div>\r\n    [gap size=\"3em\"]\r\n<\/div>\r\n<\/div>\r\n<!-- call banner-->\r\n<div style=\"background: #232c35;\">\r\n    <div class=\"x-container max width\">\r\n        [gap size=\"1em\"]\r\n        <div class=\"x-column x-sm x-2-3 white stack-center-m pas\">\r\n            <h5 class=\"font-lighter white man\">\u00a1Comienza a planificar tus Vacaciones en Orlando con Westgate Resorts!<\/h5>\r\n            <p>Te ayudaremos a descubrir lo mejor que Orlando tiene por ofrecer.<\/p>\r\n        <\/div>\r\n        <div class=\"x-column x-sm x-1-3 pam last\">\r\n            [phone_link class=\"x-btn x-btn-block btn-orange\"]Llama al [tel][\/phone_link]\r\n            [gap size=\"1em\" class=\"x-visible-phone\"]\r\n        <\/div>\r\n    <\/div>\r\n<\/div>\r\n<!--\/call banner-->\r\n<!--Extra phone content orlando-->\r\n<div class=\"x-container max width x-visible-phone mtl\">\r\n <!--   <img decoding=\"async\" class=\"mtm x-hidden-phone\" alt=\"Transporte Gratuito a los Parques Tem\u00e1ticos en Orlando, FL\" src=\"https:\/\/westgatecdn.com\/2019\/07\/transporte_gratuito_a_los_parques.jpg\"> -->\r\n    [line]\r\n    <div>\r\n            <p class=\"font-400 mbn\"><strong>Nuestros Hu\u00e9spedes lo Califican:<\/strong><\/p>\r\n        <div class=\"orange\">\r\n        <i class=\"fas fa-star\" aria-hidden=\"true\"><\/i>\r\n        <i class=\"fas fa-star\" aria-hidden=\"true\"><\/i>\r\n        <i class=\"fas fa-star\" aria-hidden=\"true\"><\/i>\r\n        <i class=\"fas fa-star\" aria-hidden=\"true\"><\/i>\r\n        <i class=\"fas fa-star-half\" aria-hidden=\"true\"><\/i>\r\n            <span>\u00a1Excelente Oferta!<\/span>\r\n        <\/div>\r\n                    <p style=\"color:#848b94;\">Lee nuestras<a target=\"_blank\" href=\"\/es\/reviews-orlando\/\" rel=\"noopener noreferrer nofollow\">Rese\u00f1as de Hu\u00e9spedes<\/a><\/p>\r\n        [line]\r\n        <p class=\"center-text mtn font-120\"><strong>\u00a1Somos vendedores de entradas autorizados para los siguientes parques tem\u00e1ticos!<\/strong><\/p>\r\n            <img decoding=\"async\" class=\"mtm\" alt=\"Parques Tem\u00e1ticos de Orlando: Disney, Universal, SeaWorld, Legoland \" src=\"https:\/\/westgatecdn.com\/2019\/03\/side-logo-bar.jpg\">\r\n        [line]\r\n        [content-block name=\"single-sitewide-seasonal-ad\"]\r\n    <\/div>\r\n<\/div>\r\n<!---->\r\n\r\n<div class=\"x-container max width pbl mtl\">\r\n<h5 class=\"h5 mtn\">Enlaces Adicionales de Orlando:<\/h5>\r\n[columnize]\r\n<ul>\r\n    <li><a href=\"\/es\/orlando\/resorts-and-hotels\/\">Resorts y Hoteles en Orlando <\/a><\/li>\r\n    <li><a href=\"\/es\/orlando\/map\/\">Mapa de Atracciones de Orlando<\/a><\/li>\r\n    <li><a href=\"\/es\/orlando\/theme-parks\/\">Parques Tem\u00e1ticos de Orlando<\/a><\/li>\r\n        <li><a href=\"\/es\/orlando\/vacation-packages\/\">Paquetes Vacacionales Orlando, FL<\/a><\/li>\r\n        <li><a href=\"\/es\/orlando\/cheap-vacations\/\">Estad\u00edas Econ\u00f3micas en Orlando<\/a><\/li>\r\n        <li><a href=\"\/es\/orlando\/\">Vacaciones en Orlando<\/a><\/li>\r\n<\/ul>\r\n[\/columnize]\r\n\r\n<\/div>\r\n","protected":false},"excerpt":{"rendered":"<p>Vacaciones de Verano en Orlando \u00a1Encuentras las Vacaciones de tus Sue\u00f1os! DESDE: $99 \/POR PAQUETE [gap size=\"1em\"] Vacaciones de Verano en Orlando \u00a1Encuentras las Vacaciones de tus Sue\u00f1os! DESDE: $99 ... <\/p>\n<div><a href=\"https:\/\/www.westgatereservations.com\/es\/orlando\/summer-vacation\/\" class=\"more-link\">Leer M\u00e1s<\/a><\/div>\n","protected":false},"author":2,"featured_media":0,"parent":10820,"menu_order":0,"comment_status":"closed","ping_status":"closed","template":"template-blank-4.php","meta":{"footnotes":""},"_links":{"self":[{"href":"https:\/\/www.westgatereservations.com\/es\/wp-json\/wp\/v2\/pages\/10959"}],"collection":[{"href":"https:\/\/www.westgatereservations.com\/es\/wp-json\/wp\/v2\/pages"}],"about":[{"href":"https:\/\/www.westgatereservations.com\/es\/wp-json\/wp\/v2\/types\/page"}],"author":[{"embeddable":true,"href":"https:\/\/www.westgatereservations.com\/es\/wp-json\/wp\/v2\/users\/2"}],"replies":[{"embeddable":true,"href":"https:\/\/www.westgatereservations.com\/es\/wp-json\/wp\/v2\/comments?post=10959"}],"version-history":[{"count":0,"href":"https:\/\/www.westgatereservations.com\/es\/wp-json\/wp\/v2\/pages\/10959\/revisions"}],"up":[{"embeddable":true,"href":"https:\/\/www.westgatereservations.com\/es\/wp-json\/wp\/v2\/pages\/10820"}],"wp:attachment":[{"href":"https:\/\/www.westgatereservations.com\/es\/wp-json\/wp\/v2\/media?parent=10959"}],"curies":[{"name":"wp","href":"https:\/\/api.w.org\/{rel}","templated":true}]}}