{"id":10952,"date":"2025-03-20T10:00:34","date_gmt":"2025-03-20T14:00:34","guid":{"rendered":"https:\/\/www.westgatereservations.com\/es\/orlando\/timeshare\/promotions\/"},"modified":"2025-03-26T12:15:02","modified_gmt":"2025-03-26T16:15:02","slug":"promotions","status":"publish","type":"page","link":"https:\/\/www.westgatereservations.com\/es\/orlando\/timeshare\/promotions\/","title":{"rendered":"Ofertas"},"content":{"rendered":"<div>\r\n    <div class=\"ptl background-cover\" style=\"\r\n    background-image:url(https:\/\/westgatecdn.com\/2019\/05\/Orlando-Timeshare-promotions.jpg);\">\r\n        <div class=\"x-container max width dshadow x-hidden-phone\">\r\n            <h1 class=\"pts white center-text\">Ofertas de Tiempo Compartido en Orlando<\/h1>\r\n            <p class=\"h3 man pts white center-text\">\u00a1Encuentra las Vacaciones Perfectas!<\/p>\r\n            <div class=\"center-text white mbl\" style=\"font-weight: 500;\">\r\n            <span>DESDE: <\/span><span class=\"h1 white\">$79<\/span> \/POR PAQUETE<\/span>\r\n            <\/div>\r\n        <\/div>\r\n        [gap size=\"1em\"]\r\n        <!----->\r\n        <div class=\"x-container max width search-ow-resort availability-search\">\r\n            <div class=\"x-visible-phone\">\r\n                <h1 class=\"dshadow mts white center-text\">Ofertas de Tiempo Compartido en Orlando<\/h1>\r\n                <p class=\"h3 dshadow man pts white center-text\">\u00a1Encuentra las Vacaciones Perfectas!<\/p>\r\n                <div class=\"availability-horizontal center-text\">\r\n                    <span class=\"no-break\"><span class=\"white\">DESDE: <\/span><span class=\"price white\"><b>$59<\/b><\/span> <span class=\"white\">\/PAQUETE<\/span><\/span>\r\n                <\/div>\r\n            <\/div>\r\n\r\n            <div class=\"x-content-band marginless-columns mbn ptm pbm\">\r\n                <div class=\"x-container\">\r\n                    <div class=\"x-column x-sm x-1-4 x-hidden-phone\" style=\"vertical-align: middle;\">\r\n                        <p class=\"h3 man white\">\u00a1V\u00e1monos de Vacaciones!<\/p>\r\n                    <\/div>\r\n                    <div class=\"x-column x-sm x-3-4 last\">\r\n                        [search-availability layout=\"horizontal\" destination=\"Orlando\" hide_title=\"true\" class=\"no-bg pan\"]\r\n                    <\/div>\r\n                <\/div>\r\n            <\/div>\r\n        <\/div>\r\n        [gap size=\"1em\" class=\"x-visible-phone\"]\r\n        <!---->\r\n    <\/div>\r\n<\/div>\r\n[container]\r\n     <div class=\"ptm icon-nav light pbs\">\r\n        [gap size=\"1em\" class=\"x-hidden-phone\"]\r\n            <div class=\"x-column x-1-3 stack-center-m\">\r\n                <div>\r\n                    [phone_link class=\"inheritcolor\"]\r\n                    <div class=\"x-column x-sm x-1-4\">\r\n                        <i class=\"fas fa-phone fa-2x right-stack-m focus\"><\/i>\r\n                    <\/div>\r\n                    <div class=\"x-column x-sm x-3-4 last\">\r\n                        <p class=\"x-visible-phone mts\" style=\"line-height:1.2em;\">\r\n                            <strong>Llama para<br\/> Reservar<\/strong>\r\n                        <\/p>\r\n                        <p class=\"x-hidden-phone font-120\">\r\n                            <strong>\u00a1Llama para Reservar!<\/strong><br\/>\r\n                            <span>[tel]<\/span>\r\n                        <\/p>\r\n                    <\/div>\r\n                    [\/phone_link]\r\n                    [clear]\r\n                <\/div>\r\n            <\/div>\r\n            <div class=\"x-column x-1-3 stack-center-m\">\r\n                <div>\r\n                    [subscribe modal=\"true\" trigger=\"link\" show_name=\"true\" trigger_class=\"inheritcolor\"]\r\n                    <div class=\"x-column x-sm x-1-4\">\r\n                        <i class=\"fas fa-envelope fa-2x right-stack-m\"><\/i>\r\n                    <\/div>\r\n                    <div class=\"x-column x-sm x-3-4 last\">\r\n                        <p class=\"x-visible-phone mts\" style=\"line-height:1.2em;\">\r\n                            <strong>Suscr\u00edbete y recibe<br\/> Ofertas<\/strong>\r\n                        <\/p>\r\n                        <p class=\"x-hidden-phone font-120\">\r\n                            <strong>\u00a1Suscr\u00edbete y recibe ofertas!<\/strong><br\/>\r\n                            <span>Ahorra hasta un 40%<\/span>\r\n                        <\/p>\r\n                    <\/div>\r\n                    [\/subscribe]\r\n                    [clear]\r\n                <\/div>\r\n            <\/div>\r\n            <div class=\"x-column x-1-3 stack-center-m last\">\r\n                <div>\r\n                    <a href=\"#\"; onclick=\"SnapEngage.startLink();\" class=\"inheritcolor\">\r\n                        <div class=\"x-column x-sm x-1-4\">\r\n                            <i class=\"fas fa-comment-alt fa-2x right-stack-m\"><\/i>\r\n                        <\/div>\r\n                        <div class=\"x-column x-sm x-3-4 last\">\r\n                            <p class=\"x-visible-phone mts\" style=\"line-height:1.2em;\">\r\n                                <strong>Charla con un<br\/> Agente<\/strong>\r\n                            <\/p>\r\n                            <p class=\"x-hidden-phone font-120\">\r\n                                <strong>Chat en Vivo<\/strong><br\/>\r\n                                <span>Charla con un Agente<\/span>\r\n                            <\/p>\r\n                        <\/div>\r\n                    <\/a>\r\n                    [clear]\r\n                <\/div>\r\n            <\/div>\r\n            [clear]\r\n            [gap size=\"1em\" class=\"x-hidden-phone\"]\r\n        <\/div>\r\n[\/container]\r\n<div class=\"x-colophon\">&nbsp;<\/div>\r\n[container class=\"mbl pbl\"]\r\n    [gap size=\"2em\" class=\"x-hidden-phone\"]\r\n    <div class=\"x-column x-sm x-1-4\">\r\n        <!-- topnav -->\r\n        <wf-scroll hash=\"vacpac\" class=\"x-btn btn-blue x-btn-transparent x-visible-phone mbm\">View Orlando Timeshare Promotions<\/wf-scroll>\r\n        <!--\/topnav-->\r\n        [gap size=\"2em\" class=\"x-visible-phone\"]\r\n        <img decoding=\"async\" alt=\"Mejor Precio Garantizado en todos nuestros Paquetes de Orlando\" src=\"https:\/\/westgatecdn.com\/2019\/07\/mejor_precio_garantizado.png\">\r\n        [line class=\"x-hidden-phone\"]\r\n        <img decoding=\"async\" class=\"mtm x-hidden-phone\" alt=\"Transporte Gratuito a los Parques de Orlando\" src=\"https:\/\/westgatecdn.com\/2019\/07\/transporte_gratuito_a_los_parques.jpg\">\r\n        [line class=\"x-hidden-phone\"]\r\n        <div class=\"x-hidden-phone\">\r\n            <p class=\"font-400 mbn\"><strong>Nuestros Hu\u00e9spedes lo Califican:<\/strong><\/p>\r\n            <div class=\"orange\">\r\n            <i class=\"fas fa-star\" aria-hidden=\"true\"><\/i>\r\n            <i class=\"fas fa-star\" aria-hidden=\"true\"><\/i>\r\n            <i class=\"fas fa-star\" aria-hidden=\"true\"><\/i>\r\n            <i class=\"fas fa-star\" aria-hidden=\"true\"><\/i>\r\n            <i class=\"fas fa-star-half\" aria-hidden=\"true\"><\/i>\r\n            <span>\u00a1Excelente Oferta!<\/span>\r\n            <\/div>\r\n            <p style=\"color:#848b94;\">Lee nuestras <a target=\"_blank\" href=\"\/es\/reviews-orlando\/\" rel=\"noopener noreferrer nofollow\">Rese\u00f1as de Hu\u00e9spedes<\/a><\/p>\r\n            [line]\r\n            <p class=\"center-text mtn font-120\"><strong>\u00a1Somos vendedores de boletos autorizados para los siguientes parques tem\u00e1ticos!<\/strong><\/p>\r\n            <img decoding=\"async\" class=\"mtm\" alt=\"Parques Tematicos de Orlando: Disney, Universal, SeaWorl, Legoland \" src=\"https:\/\/westgatecdn.com\/2019\/03\/side-logo-bar.jpg\">\r\n            [line]\r\n            [content-block name=\"single-sitewide-seasonal-ad\"]\r\n        <\/div>\r\n\r\n    <\/div>\r\n    <div class=\"x-column x-sm x-3-4 last\">\r\n        [gap size=\"1em\" class=\"x-visible-phone\"]\r\n        <h2 class=\"h3 mtn mbs\">Ofertas de Tiempo Compartido<\/h2>\r\n        <p class=\"mtl\">\r\nUna oferta de tiempo compartido puede ser una buena manera para ahorrar en tus vacaciones familiares, ofreciendo un valor incre\u00edble para aquellos que est\u00e9n dispuestos a explorar esta opci\u00f3n vacacional. Para muchas familias, irse de vacaciones puede ser costoso, y los tiempos compartidos ofrecen una oportunidad de asegurar precios econ\u00f3micos durante varios a\u00f1os, lo que hace que las futuras vacaciones sean m\u00e1s asequibles. Ya sea que est\u00e9s planeando una escapada anual o una experiencia \u00fanica, las promociones de tiempo compartido pueden ser una forma de aprovechar al m\u00e1ximo tu presupuesto sin sacrificar la comodidad o la calidad.<\/p>\r\n\r\n<p>Cuando entiendas el proceso, notar\u00e1s que no tienes nada que perder. Los resorts como Westgate ofrecen destinos vacacionales de primera categor\u00eda en zonas populares, desde la zona de los parques tem\u00e1ticos, hasta tranquilos resorts en la playa. Con estos paquetes de vacaciones, disfrutar\u00e1s de los beneficios de instalaciones de primer nivel a un precio menor de lo habitual, \u00a1lo que te permitir\u00e1 alojarte c\u00f3modamente mientras creas recuerdos con tu familia que durar\u00e1n para siempre!\r\n        [line class=\"x-hidden-phone\"]\r\n        <h3 class=\"mtn mbm\" id=\"vacpac\">Ofertas de Paquetes de Tiempo Compartido<\/h3>\r\n        <!-- Packages-->\r\n        [specials ids=\"8285,5658,5663,8640,5661,11042\"]\r\n        <!-- \/Packages-->\r\n    <\/div>\r\n    [clear]\r\n    [gap size=\"2em\" class=\"x-hidden-phone\"]\r\n[\/container]\r\n<div style=\"background: #efefef;\" class=\"ptl pbl\">\r\n    [container class=\"pbl ptl\"]\r\n    [gap size=\"2em\" class=\"x-hidden-phone\"]\r\n        <div class=\"x-column x-sm x-1-2\">\r\n            <div>\r\n            [image class=\"galleryimg1 interior\" src=\"https:\/\/westgatecdn.com\/2019\/05\/orlando-timeshare-disney-promotion.jpg\" alt=\"timeshare orlando\" type=\"thumbnail\" link=\"true\" title=\"Orlando Timeshare Disney Promotion\"]\r\n            <\/div>\r\n            <div>\r\n                <div class=\"x-column x-1-3\">[image class=\"galleryimg1 interior\" src=\"https:\/\/westgatecdn.com\/2019\/05\/westgate-orlando-timeshare.jpg\" alt=\"tiempo compartido orlando\" type=\"thumbnail\" link=\"true\" title=\"Westgate Orlando Pool\"]<\/div>\r\n                <div class=\"x-column x-1-3\">[image class=\"galleryimg1 interior\" src=\"https:\/\/westgatecdn.com\/2019\/05\/orlando-timeshare-deals.jpg\" alt=\"timeshare orlando\" type=\"thumbnail\" link=\"true\" title=\"Westgate Mini Golf\"]<\/div>\r\n                <div class=\"x-column x-1-3 last\">[image class=\"galleryimg1 interior\" src=\"https:\/\/westgatecdn.com\/2019\/05\/disney-orlando-timeshare.jpg\" alt=\"timeshare en orlando\" type=\"thumbnail\" link=\"true\" title=\"Disney Timeshare Vacation\"]<\/div>\r\n            <\/div>\r\n            [clear]\r\n            [lightbox selector=\".galleryimg1\" deeplink=\"\" opacity=\"0.875\" prev_scale=\"0.75\" prev_opacity=\"0.75\" next_scale=\"0.75\" next_opacity=\"0.75\" orientation=\"horizontal\" thumbnails=\"true\"]\r\n        <\/div>\r\n        <div class=\"x-column x-sm x-1-2 last\">\r\n            <h4 class=\"h3 mtn\">\u00bfPor qu\u00e9 reservar una Oferta de Tiempo Compartido en Orlando?<\/h4>\r\n            <p>Las villas de timeshare en Orlando son una excelente manera de conocer los beneficios y las lujosas comodidades asociadas con Westgate Resorts. Por qu\u00e9 no ver c\u00f3mo una promoci\u00f3n de tiempo compartido de Westgate puede ayudarte a ahorrar dr\u00e1sticamente en tus pr\u00f3ximas vacaciones familiares en destinos populares como Orlando, Las Vegas, Gatlinburg, Williamsburg, Myrtle Beach, Branson o Park City.<\/p>\r\n            [accordion id=\"my-accordion\"] \r\n            [accordion_item title=\"Ahorra en tus Vacaciones Familiares\" parent_id=\"my-accordion\"]\r\n            <p>La antigua tradici\u00f3n de irse a vacacionar en familia es la forma ideal de crear incre\u00edbles recuerdos familiares. Los viajes especiales a destinos \u00fanicos te ofrecen la oportunidad de salir de la rutina diaria y descubrir nuevas aventuras. Planear unas incre\u00edbles vacaciones familiares requiere tiempo. Irse de vacaciones puede requerir mucho dinero. Por lo tanto, los econ\u00f3micos <a href=\"[home_url]vacation-deals\/family\/\">paquetes vacacionales familiares<\/a> son tu paso a seguir.<\/p>\r\n            [\/accordion_item] \r\n            [accordion_item title=\"Los Gastos Se Van Sumando\" parent_id=\"my-accordion\"]\r\n            <p>Considera los costos de unas vacaciones. Ya sea que viajes en avi\u00f3n o en coche, los costos de transporte toman gran parte del presupuesto. Luego, considera el costo del alojamiento por noche. A eso le a\u00f1ades las comidas, tickets de atracciones, estacionamiento, souvenirs, entre otras cosas y notar\u00e1s que el total empieza a subir.<\/p>\r\n\r\n            [\/accordion_item] \r\n            [accordion_item title=\"El Mejor Destino En Cualquier \u00c9poca del A\u00f1o\" parent_id=\"my-accordion\"]\r\n           <p>Algunas de las promociones de tiempo compartido m\u00e1s populares en Orlando son ofrecidas por Westgate Resorts. Estos son incre\u00edbles <a href=\"[home_url]orlando\/vacation-packages\/\">paquetes de vacaciones en Orlando<\/a> a precios sustancialmente reducidos. Una promoci\u00f3n de tiempo compartido normalmente consiste en un descuento sobre el precio regular de alojamiento y en muchas ocasiones, incluyen bonos adicionales como tickets para parques tem\u00e1ticos. Imag\u00ednate viajar a Orlando y, en lugar de quedarte en una peque\u00f1a habitaci\u00f3n de hotel, disfrutas de una amplia y lujosa villa en un resort y a casi el mismo precio. Mejor a\u00fan, \u00a1imagina que tambi\u00e9n recibes tickets de cortes\u00eda para alguno de los <a href=\"[home_url]orlando\/theme-parks\/\">parques tem\u00e1ticos de Orlando<\/a>! Con un paquete de vacaciones de tiempo compartido, puedes conseguir exactamente eso, todo por el simple hecho de aceptar tomar una presentaci\u00f3n VIP de 2 horas en una propiedad de Westgate Resorts, y no tendr\u00e1s obligaci\u00f3n alguna de comprar algo.<\/p>\r\n\r\n<p>El <a href=\"[home_url]orlando\/timeshare\/\">alquiler de timeshare en Orlando<\/a> es una gran manera de experimentar los beneficios y los servicios lujosos asociados con Westgate Resorts. \u00a1Vis\u00edtanos y explora las muchas <a href=\"[home_url]blog\/50-things-to-do-in-orlando\/\">actividades para hacer en Orlando<\/a> durante tu estad\u00eda!<\/p>\r\n            [\/accordion_item] \r\n            [\/accordion]\r\n<!--             <div class=\"x-container\">\r\n                <div class=\"x-column x-sm x-1-2\">\r\n                    <wf-scroll hash=\"vacpac\" class=\"x-btn btn-blue x-btn-transparent\">Scroll to Vacation Packages<\/wf-scroll>\r\n                <\/div>\r\n                <div class=\"x-column x-sm x-1-2 last\"><\/div>\r\n            <\/div> -->\r\n        <\/div>\r\n        [gap size=\"2em\" class=\"x-hidden-phone\"]\r\n    [\/container]\r\n<\/div>\r\n<!-- call banner-->\r\n<div style=\"background: #232c35;\">\r\n    <div class=\"x-container max width\">\r\n        [gap size=\"1em\"]\r\n        <div class=\"x-column x-sm x-2-3 white stack-center-m pas\">\r\n            <h5 class=\"font-lighter white man\">\u00a1Compra tus Vacaciones de Timeshare en Orlando Hoy!<\/h5>\r\n            <p>Te ayudaremos a descubrir todo lo mejor de Orlando<\/p>\r\n        <\/div>\r\n        <div class=\"x-column x-sm x-1-3 pam last\">\r\n            [phone_link class=\"x-btn x-btn-block btn-orange\"]Llama al [tel][\/phone_link]\r\n            [gap size=\"1em\" class=\"x-visible-phone\"]\r\n        <\/div>\r\n    <\/div>\r\n<\/div>\r\n<!--\/call banner-->\r\n<!--Extra phone content orlando-->\r\n<div class=\"x-container max width x-visible-phone mtl\">\r\n    <img decoding=\"async\" alt=\"Mejor Precio Garantizado en todos nuestros Paquetes de Orlando\" src=\"https:\/\/westgatecdn.com\/2019\/07\/mejor_precio_garantizado.png\">\r\n        [line class=\"x-hidden-phone\"]\r\n        <img decoding=\"async\" class=\"mtm x-hidden-phone\" alt=\"Transporte Gratuito a los Parques de Orlando\" src=\"https:\/\/westgatecdn.com\/2019\/07\/transporte_gratuito_a_los_parques.jpg\">\r\n        [line class=\"x-hidden-phone\"]\r\n        <div class=\"x-hidden-phone\">\r\n            <p class=\"font-400 mbn\"><strong>Nuestros Hu\u00e9spedes lo Califican:<\/strong><\/p>\r\n            <div class=\"orange\">\r\n            <i class=\"fas fa-star\" aria-hidden=\"true\"><\/i>\r\n            <i class=\"fas fa-star\" aria-hidden=\"true\"><\/i>\r\n            <i class=\"fas fa-star\" aria-hidden=\"true\"><\/i>\r\n            <i class=\"fas fa-star\" aria-hidden=\"true\"><\/i>\r\n            <i class=\"fas fa-star-half\" aria-hidden=\"true\"><\/i>\r\n            <span>\u00a1Excelente Oferta!<\/span>\r\n            <\/div>\r\n            <p style=\"color:#848b94;\">Lee nuestras <a target=\"_blank\" href=\"\/es\/reviews-orlando\/\" rel=\"noopener noreferrer nofollow\">Rese\u00f1as de Hu\u00e9spedes<\/a><\/p>\r\n            [line]\r\n            <p class=\"center-text mtn font-120\"><strong>\u00a1Somos vendedores de boletos autorizados para los siguientes parques tem\u00e1ticos!<\/strong><\/p>\r\n            <img decoding=\"async\" class=\"mtm\" alt=\"Parques Tematicos de Orlando: Disney, Universal, SeaWorl, Legoland \" src=\"https:\/\/westgatecdn.com\/2019\/03\/side-logo-bar.jpg\">\r\n        [line]\r\n        [content-block name=\"single-sitewide-seasonal-ad\"]\r\n    <\/div>\r\n<\/div>\r\n<!---->\r\n\r\n<div class=\"x-container max width pbl mtl\">\r\n<h5 class=\"h5 mtn\">Enlaces Adicionales de Orlando:<\/h5>\r\n[columnize]\r\n<ul>    \r\n<li><a href=\"\/es\/orlando\/timeshare\/\">Tiempo Compartido en Orlando<\/a><\/li>\r\n<li><a href=\"\/es\/orlando\/vacation-packages\/\">Paquetes de Vacaciones en Orlando<\/a><\/li>\r\n<li><a href=\"\/es\/orlando\/resorts-and-hotels\/\">Resorts en Orlando<\/a><\/li>\r\n<li><a href=\"\/es\/orlando\/places-to-stay\/\">Los Mejores Lugares para Hospedarse en Orlando<\/a><\/li>\r\n<li><a href=\"\/es\/orlando\/summer-vacation\/\">Vacaciones de Verano en Orlando<\/a><\/li>\r\n<li><a href=\"\/es\/orlando\/christmas-vacation\/\">Navidad en Orlando<\/a><\/li>\r\n<li><a href=\"\/es\/orlando\/theme-parks\/\">Parques Tem\u00e1ticos de Orlando<\/a><\/li>\r\n<li><a href=\"\/es\/orlando\/cheap-vacations\/\">Vacaciones Econ\u00f3micas en Orlando<\/a><\/li>\r\n<\/ul>\r\n[\/columnize]\r\n<\/div>\r\n","protected":false},"excerpt":{"rendered":"<p>Ofertas de Tiempo Compartido en Orlando \u00a1Encuentra las Vacaciones Perfectas! DESDE: $79 \/POR PAQUETE [gap size=\"1em\"] Ofertas de Tiempo Compartido en Orlando \u00a1Encuentra las Vacaciones Perfectas! DESDE: $59 \/PAQUETE \u00a1V\u00e1monos ... <\/p>\n<div><a href=\"https:\/\/www.westgatereservations.com\/es\/orlando\/timeshare\/promotions\/\" class=\"more-link\">Leer M\u00e1s<\/a><\/div>\n","protected":false},"author":2,"featured_media":0,"parent":10949,"menu_order":0,"comment_status":"closed","ping_status":"closed","template":"template-blank-4.php","meta":{"footnotes":""},"_links":{"self":[{"href":"https:\/\/www.westgatereservations.com\/es\/wp-json\/wp\/v2\/pages\/10952"}],"collection":[{"href":"https:\/\/www.westgatereservations.com\/es\/wp-json\/wp\/v2\/pages"}],"about":[{"href":"https:\/\/www.westgatereservations.com\/es\/wp-json\/wp\/v2\/types\/page"}],"author":[{"embeddable":true,"href":"https:\/\/www.westgatereservations.com\/es\/wp-json\/wp\/v2\/users\/2"}],"replies":[{"embeddable":true,"href":"https:\/\/www.westgatereservations.com\/es\/wp-json\/wp\/v2\/comments?post=10952"}],"version-history":[{"count":0,"href":"https:\/\/www.westgatereservations.com\/es\/wp-json\/wp\/v2\/pages\/10952\/revisions"}],"up":[{"embeddable":true,"href":"https:\/\/www.westgatereservations.com\/es\/wp-json\/wp\/v2\/pages\/10949"}],"wp:attachment":[{"href":"https:\/\/www.westgatereservations.com\/es\/wp-json\/wp\/v2\/media?parent=10952"}],"curies":[{"name":"wp","href":"https:\/\/api.w.org\/{rel}","templated":true}]}}