{"id":10944,"date":"2025-03-30T12:00:54","date_gmt":"2025-03-30T16:00:54","guid":{"rendered":"https:\/\/www.westgatereservations.com\/es\/orlando\/map\/"},"modified":"2025-04-02T10:37:13","modified_gmt":"2025-04-02T14:37:13","slug":"map","status":"publish","type":"page","link":"https:\/\/www.westgatereservations.com\/es\/orlando\/map\/","title":{"rendered":"Mapa de Orlando"},"content":{"rendered":"<section role=\"contentinfo\">\r\n    <img decoding=\"async\" src=\"https:\/\/westgatecdn.com\/2019\/05\/Orlando-maps.jpg\" alt=\"Mapa de Orlando\" class=\"x-visible-phone\">\r\n    <div class=\"x-container max width mtl\">\r\n        [gap size=\"3em\" class=\"x-hidden-phone\"]\r\n            <div class=\"x-column x-sm x-1-2 x-1-2-push rel last\">\r\n               <img decoding=\"async\" src=\"https:\/\/westgatecdn.com\/2019\/05\/Orlando-Map.jpg\" alt=\"Mapa de Orlando por Westgate Reservations\" class=\"x-hidden-phone\">\r\n               [clear]\r\n            <\/div>\r\n            <div class=\"x-column x-sm x-1-2 x-1-2-pull rel\">\r\n                [gap size=\"1em\" class=\"x-visible-phone\"]\r\n                <h1 class=\"h3 man mbs\">Mapa de Orlando<\/h1>\r\n                <p>Las vacaciones familiares en Orlando, Florida est\u00e1n destinadas a estar llenas de diversi\u00f3n y aventura. \u00c9chale un vistazo al mapa de Orlando y ver\u00e1s todas las atracciones que te esperan. Eso se debe a que el \u00e1rea de Florida Central est\u00e1 repleta de parques tem\u00e1ticos, museos, atracciones, tiendas, restaurantes y otros destinos de vacaciones emocionantes.\r\n <\/p>\r\n                <div class=\"x-container stack-center-m icon-nav light\">\r\n                    <div class=\"x-column x-not-sm x-1-3\">\r\n                        [phone_link class=\"inheritcolor\"]\r\n                            <i class=\"fas fa-phone fa-2x left-stack-m focus\"><\/i>\r\n                            <div class=\"left-stack-m mrm\" style=\"height:10px;\">&nbsp;<\/div>\r\n                            <p class=\"x-visible-phone mts\">\r\n                                <strong>Llama para<br\/> reservar<\/strong>\r\n                            <\/p>\r\n                            <p class=\"x-hidden-phone font-120\" style=\"line-height: 3em;\">\r\n                                <strong>\u00a1Llama para Reservar!<\/strong>\r\n                                <span>[tel]<\/span>\r\n                            <\/p>\r\n                        [\/phone_link]\r\n                        [clear]\r\n                    <\/div>\r\n                    <div class=\"x-column x-not-sm x-1-3\">\r\n                        [subscribe modal=\"true\" trigger=\"link\" show_name=\"true\" trigger_class=\"inheritcolor\"]\r\n                            <i class=\"fas fa-envelope fa-2x left-stack-m\"><\/i>\r\n                            <div class=\"left-stack-m mrm\" style=\"height:10px;\">&nbsp;<\/div>\r\n                            <p class=\"x-visible-phone mts\">\r\n                                <strong>Suscr\u00edbete y Recibe<br\/> Ofertas<\/strong>\r\n                            <\/p>\r\n                            <p class=\"x-hidden-phone font-120\" style=\"line-height: 3em;\">\r\n                                <strong>\u00a1Suscr\u00edbete y Recibe Ofertas!<\/strong>\r\n                                <span>Ahorra hasta un 40%<\/span>\r\n                            <\/p>\r\n                        [\/subscribe]\r\n                        [clear]\r\n                    <\/div>\r\n                    <div class=\"x-column x-not-sm x-1-3 last\">\r\n                        <a href=\"#\"; onclick=\"SnapEngage.startLink();\" class=\"inheritcolor\">\r\n                            <i class=\"fas fa-comment-alt fa-2x left-stack-m\"><\/i>\r\n                            <div class=\"left-stack-m mrm\" style=\"height:10px;\">&nbsp;<\/div>\r\n                            <p class=\"x-visible-phone mts\">\r\n                                <strong>Chatea con<br\/> Agentes<\/strong>\r\n                            <\/p>\r\n                            <p class=\"x-hidden-phone font-120\" style=\"line-height: 3em;\">\r\n                                <strong>Chat en Vivo<\/strong>\r\n                                <span>Chatea con un Agente<\/span>\r\n                            <\/p>\r\n                        <\/a>\r\n                        [clear]\r\n                    <\/div>\r\n                <\/div>\r\n            <\/div>\r\n            [clear]\r\n        [gap size=\"2em\"]\r\n    <\/div>\r\n<\/section>\r\n[gap size=\"3em\" class=\"x-hidden-phone\"]\r\n<section role=\"search\">\r\n    <div class=\"availability-search x-content-band marginless-columns\">\r\n        <div class=\"x-container max width pbm ptm\">\r\n            <div class=\"x-column x-sm x-1-4\" style=\"vertical-align: middle;\">\r\n                <p class=\"h3 man white\">\u00a1V\u00e1monos de Vacaciones!<\/p>\r\n            <\/div>\r\n            <div class=\"x-column x-sm x-3-4 last\">\r\n                [search-availability layout=\"horizontal\" destination=\"Orlando\" hide_title=\"true\" class=\"no-bg pan\"]\r\n            <\/div>\r\n        <\/div>\r\n    <\/div>\r\n<\/section>\r\n<section role=\"contentinfo\">\r\n    [container class=\"mbl pbs\"]\r\n        [gap size=\"2em\" class=\"x-hidden-phone\"]\r\n        <div class=\"x-column x-sm x-1-4 x-3-4-push rel last\">\r\n            <aside>\r\n                <!-- mobile -->\r\n                <wf-scroll hash=\"specials\" class=\"x-btn x-btn-block btn-blue x-btn-transparent x-visible-phone mts mbs\">Ver Resorts de Orlando<\/wf-scroll>\r\n                <!--\/mobile-->\r\n                [gap size=\"2em\" class=\"x-visible-phone\"]\r\n                <img decoding=\"async\" alt=\"Mejor Precio Garantizado en nuestros Paquetes Vacacionales de Orlando\" src=\"https:\/\/westgatecdn.com\/2019\/07\/mejor_precio_garantizado.png\">\r\n                [line]\r\n                <div class=\"x-hidden-phone\">\r\n                    <img decoding=\"async\" alt=\"Transporte Gratuito a los Parques Tem\u00e1ticos\" class=\"mtm\" src=\"https:\/\/westgatecdn.com\/2019\/07\/transporte_gratuito_a_los_parques.jpg\">\r\n                    [line]\r\n                    <p class=\"font-400 mbn\"><strong>Nuestros Hu\u00e9spedes lo Califican:<\/strong><\/p>\r\n                    <div class=\"orange\">\r\n                    <i class=\"fas fa-star\" aria-hidden=\"true\"><\/i>\r\n                    <i class=\"fas fa-star\" aria-hidden=\"true\"><\/i>\r\n                    <i class=\"fas fa-star\" aria-hidden=\"true\"><\/i>\r\n                    <i class=\"fas fa-star\" aria-hidden=\"true\"><\/i>\r\n                    <i class=\"fas fa-star-half\" aria-hidden=\"true\"><\/i>\r\n                    <span>\u00a1Excelente Oferta!<\/span>\r\n                    <\/div>\r\n                    <p style=\"color:#848b94;\">Lee nuestras <a target=\"_blank\" href=\"\/es\/reviews-orlando\/\" rel=\"noopener noreferrer\">Rese\u00f1as de Hu\u00e9spedes<\/a><\/p>\r\n                    [line]\r\n                    [content-block name=\"single-sitewide-seasonal-ad\"]\r\n                <\/div>\r\n            <\/aside>\r\n        <\/div>\r\n        <div class=\"x-column x-sm x-3-4 x-1-4-pull rel\">\r\n            <h2 class=\"h3 mtn mbm\">Mapa de los Resorts y Atracciones de Orlando\r\n<\/h2>\r\n            \r\n\r\n<div>[google_map lat=\"28.427401\" lng=\"-81.475950\" zoom=\"11\" zoom_control=\"true\" drag=\"true\" height=\"300px\" no_container=\"true\" class=\"mbn\"]\r\n[google_map_marker image=\"https:\/\/westgatecdn.com\/2015\/07\/marker-resort.png\" lat=\"28.329507\" lng=\"-81.597821\" info=\"Westgate Town Center\"][\/google_map_marker]\r\n[google_map_marker image=\"https:\/\/westgatecdn.com\/2015\/07\/marker-resort.png\" lat=\"28.427401\" lng=\"-81.475950\" info=\"Westgate Lakes Resort &amp; Spa\"][\/google_map_marker]\r\n[google_map_marker image=\"https:\/\/westgatecdn.com\/2015\/07\/marker-resort.png\" lat=\"28.456674\" lng=\"-81.465868\" info=\"Westgate Palace\"][\/google_map_marker]\r\n[google_map_marker image=\"https:\/\/westgatecdn.com\/2015\/07\/marker-resort.png\" lat=\"28.333696\" lng=\"-81.591425\" info=\"Westgate Towers Resort &amp; Spa\"][\/google_map_marker]\r\n[google_map_marker image=\"https:\/\/westgatecdn.com\/2015\/07\/marker-disney.png\" lat=\"28.359634\" lng=\"-81.591549\" info=\"Disney's Animal Kingdom Theme Park\"][\/google_map_marker]\r\n[google_map_marker image=\"https:\/\/westgatecdn.com\/2015\/07\/marker-disney.png\" lat=\"28.417663\" lng=\"-81.581437\" info=\"Disney's Magic Kingdom Theme Park\"][\/google_map_marker]\r\n[google_map_marker image=\"https:\/\/westgatecdn.com\/2015\/07\/marker-disney.png\" lat=\"28.374425\" lng=\"-81.550268\" info=\"Disney's Epcot\"][\/google_map_marker]\r\n[google_map_marker image=\"https:\/\/westgatecdn.com\/2015\/07\/marker-disney.png\" lat=\"28.357001\" lng=\"-81.559473\" info=\"Disney's Hollywood Studios\"][\/google_map_marker]\r\n[google_map_marker image=\"https:\/\/westgatecdn.com\/2015\/07\/marker-seaworld.png\" lat=\"28.411445\" lng=\"-81.463559\" info=\"SeaWorld Orlando\"][\/google_map_marker]\r\n[google_map_marker image=\"https:\/\/westgatecdn.com\/2015\/07\/marker-waterpark.png\" lat=\"28.461475\" lng=\"-81.465764\" info=\"Wet 'n' Wild waterpark\"][\/google_map_marker]\r\n[google_map_marker image=\"https:\/\/westgatecdn.com\/2015\/07\/marker-universal.png\" lat=\"28.474881\" lng=\"-81.470426\" info=\"Universal Studios Orlando\"][\/google_map_marker]\r\n[google_map_marker image=\"https:\/\/westgatecdn.com\/2015\/07\/marker-disney-waterpark.png\" lat=\"28.365441\" lng=\"-81.528575\" info=\"Disney's Typhoon Lagoon\"][\/google_map_marker]\r\n[google_map_marker image=\"https:\/\/westgatecdn.com\/2015\/07\/marker-disney-waterpark.png\" lat=\"28.351581\" lng=\"-81.575075\" info=\"Disney's Blizzard Beach\"][\/google_map_marker]\r\n[google_map_marker image=\"https:\/\/westgatecdn.com\/2015\/07\/shopping-marker1.png\" lat=\"28.479219\" lng=\"-81.451498\" info=\"Prime Outlets International Dr.\"][\/google_map_marker]\r\n[google_map_marker image=\"https:\/\/westgatecdn.com\/2015\/07\/shopping-marker1.png\" lat=\"28.387344\" lng=\"-81.492183\" info=\"Orlando Vineland Prime Outlets\"][\/google_map_marker]\r\n[google_map_marker image=\"https:\/\/westgatecdn.com\/2015\/07\/shopping-marker.png\" lat=\"28.44622\" lng=\"-81.394905\" info=\"Florida Mall\"]\r\n[\/google_map_marker]\r\n[google_map_marker image=\"https:\/\/westgatecdn.com\/2015\/07\/shopping-marker.png\" lat=\"28.485769\" lng=\"-81.431595\" info=\"Mall at Millenia\"]\r\n[\/google_map_marker]\r\n[google_map_marker image=\"https:\/\/westgatecdn.com\/2015\/07\/Orlando-Eye-Icon.png\" lat=\"28.443489\" lng=\"-81.469079\" info=\"Orlando Eye\"]\r\n[\/google_map_marker]\r\n[\/google_map]<\/div>\r\n\r\n\r\n\r\n\r\n            <div class=\"x-container pts\">\r\n                <div class=\"x-column x-1-4 x-sm\">\r\n                    <h4 class=\"subheading man ptm stack-center-m\">Distribuidores Autorizados de Entradas:<\/h4>\r\n                <\/div>\r\n                <div class=\"x-column x-3-4 x-sm last\">\r\n                    [gap size=\".5em\" class=\"x-visible-phone\"]\r\n                    <img decoding=\"async\" alt=\"Vendedor Autorizado de Entradas a los Parques Tem\u00e1ticos\" src=\"https:\/\/westgatecdn.com\/2019\/02\/logos-florida-theme-parks.jpg\">\r\n                <\/div>\r\n            <\/div>\r\n            <div class=\"read-more\" ng-class=\"{expand: show}\">\r\n                <h2 class=\"h3 mts mbm\">\u00a1A Solo Pasos de Disney!<\/h2>\r\n                <p class=\"mtl\">[dropcap]C[\/dropcap]laro que lo m\u00e1s destacado en cualquier mapa de Orlando es Walt Disney World Resort. Situado al suroeste de downtown Orlando, Disney World es una extensa propiedad que incluye sus cuatro parques tem\u00e1ticos principales (Magic Kingdom, Epcot, Disney\u2019s Hollywood Studios y Disney\u2019s Animal Kingdom) y dos parques acu\u00e1ticos (Blizzard Beach y Typhoon Lagoon), as\u00ed como tambi\u00e9n resorts, otras atracciones y el complejo de tiendas y entretenimiento Disney Springs.\r\n <\/p>\r\n                \r\n                <div ng-if=\"!show\" class=\"fade-bottom\"><\/div>\r\n            <\/div>\r\n            <button class=\"x-visible-phone read-m\" ng-init=\"show = false\" ng-hide=\"show\" ng-click=\"show = !show\">Leer M\u00e1s<\/button>\r\n        <\/div>\r\n        [clear]\r\n        [gap size=\"2em\"]\r\n    [\/container]\r\n<section role=\"contentinfo\">\r\n    <div style=\"background: #efefef;\">\r\n        [container class=\"ptl pbl\"]\r\n            <h3 class=\"mbm center-text\" id=\"specials\">Resorts en Orlando<\/h3>\r\n            <div class=\"x-column x-sm x-1-2\">\r\n        <p>Mostrando <strong>5<\/strong> Resorts de Orlando<\/p>\r\n        <\/div>\r\n        <div class=\"x-column x-sm x-1-2 last\">\r\n            <p class=\"x-hidden-phone text-right mbn\">Si tienes preguntas, llama: <strong>[phone_link][tel][\/phone_link]<\/strong><\/p>\r\n        <\/div>\r\n        [clear]\r\n        [line class=\"mtn\" style=\"border-top: 1px solid #cac9c9;\"]\r\n            <div class=\"cards\">\r\n[resorts ids=\"5810,7252,5886,5917,5945\"]\r\n\r\n            <\/div>\r\n            [gap size=\"1em\"]\r\n        [\/container]\r\n    <\/div>\r\n<\/section>\r\n<!---->\r\n\r\n[container class=\"pbl mbl mtl ptl\"]\r\n            <div class=\"x-column x-sm x-1-2\">\r\n                <div>\r\n                [image class=\"galleryimg1 interior\" src=\"https:\/\/westgatecdn.com\/2019\/03\/disney-spring-vacation.jpg\" alt=\"Vacaciones en Disney Springs\" type=\"thumbnail\" link=\"true\" title=\"Disney Springs\"]\r\n                <\/div>\r\n                <div>\r\n                    <div class=\"x-column x-1-3\">[image class=\"galleryimg1 interior\" src=\"https:\/\/westgatecdn.com\/2019\/05\/lake-eola-downtown.jpg\" alt=\"Lago Eola en Downtown Orlando\" type=\"thumbnail\" link=\"true\" title=\"Lake Eola\"]<\/div>\r\n\r\n                    <div class=\"x-column x-1-3\">[image class=\"galleryimg1 interior\" src=\"https:\/\/westgatecdn.com\/2019\/05\/florida-mall-shopping.jpg\" alt=\"Florida Mall Orlando\" type=\"thumbnail\" link=\"true\" title=\"Florida Mall\"]<\/div>\r\n\r\n                    <div class=\"x-column x-1-3 last\">[image class=\"galleryimg1 interior\" src=\"https:\/\/westgatecdn.com\/2019\/05\/icon-orlando.jpg\" alt=\"The Wheel at ICON Park en Orlando\" type=\"thumbnail\" link=\"true\" title=\"Icon Orlando\"]<\/div>\r\n                <\/div>\r\n                [clear]\r\n                [lightbox selector=\".galleryimg1\" deeplink=\"\" opacity=\"0.875\" prev_scale=\"0.75\" prev_opacity=\"0.75\" next_scale=\"0.75\" next_opacity=\"0.75\" orientation=\"horizontal\" thumbnails=\"true\"]\r\n            <\/div>\r\n            <div class=\"x-column x-sm x-1-2 last\">\r\n                <h4 class=\"h5 mtn\">\u00a1Westgate est\u00e1 cerca de muchas atracciones de Orlando!<\/h4>\r\n                <p>\r\n             En cualquier mapa de Orlando, f\u00e1cilmente encontrar\u00e1s a Universal Orlando Resort y SeaWorld Orlando. Junto con Disney, estos parques m\u00e1gicos hacen que Orlando se mantenga en la cima como la capital mundial de los parques tem\u00e1ticos. De igual manera, tambi\u00e9n descubrir\u00e1s muchas m\u00e1s atracciones llenas de diversi\u00f3n para mantener a toda la familia entretenida.\r\n\r\n<\/p>\r\n                <p>\r\n            Tambi\u00e9n notar\u00e1s nuestros Westgate Resorts en el mapa de Orlando. Westgate Resorts ofrece m\u00faltiples propiedades en el \u00e1rea de Orlando que cuentan con servicios exclusivos y ubicaciones convenientes junto con <a href=\"[home_url]specials\/\">paquetes de vacaciones<\/a>. Westgate Lakes Resort & Spa est\u00e1 estrat\u00e9gicamente ubicado cerca de Universal y SeaWorld, y a un corto viaje de Disney. <a href=\"[home_url]resorts\/westgate-town-center\/\">Westgate Town Center Resort<\/a> y <a href=\"\/resorts\/westgate-vacation-villas-resort\/\">Vacation Villas Resort<\/a> est\u00e1n ubicados a solo una milla de la entrada principal de Disney World. Y Westgate Palace te coloca cerca de las muchas tiendas, restaurantes y atracciones de la International Drive de Orlando.\r\n\r\n\r\n\r\n <\/p>\r\n                <div class=\"x-container\">\r\n                    <div class=\"x-column x-sm x-1-2\">\r\n                        <a href=\"https:\/\/www.westgatereservations.com\/es\/orlando\/vacation-packages\/\" class=\"x-btn x-btn-block btn-blue x-btn-transparent\">Ver Paquetes Vacacionales de Orlando<\/a>\r\n                    <\/div>\r\n                    <div class=\"x-column x-sm x-1-2 last\"><\/div>\r\n                <\/div>\r\n            <\/div>\r\n        [\/container]\r\n\r\n\r\n\r\n\r\n<!-- cta bar -->\r\n<section role=\"contentinfo\">\r\n    <div style=\"background: #232c35;\">\r\n        <div class=\"x-container max width\">\r\n            [gap size=\"1em\"]\r\n            <div class=\"x-column x-sm x-2-3 white stack-center-m pas\">\r\n                <h5 class=\"font-lighter white man\">\u00a1Comienza a planificar tus Vacaciones en Orlando con Westgate Resorts!<\/h5>\r\n                <p>Te ayudaremos a descubrir todo lo mejor de Orlando<\/p>\r\n            <\/div>\r\n            <div class=\"x-column x-sm x-1-3 pam last\">\r\n                [phone_link class=\"x-btn x-btn-block btn-orange\"]Llama al [tel][\/phone_link]\r\n            <\/div>\r\n        <\/div>\r\n    <\/div>\r\n<\/section>\r\n<!-- additional links -->\r\n<section role=\"contentinfo\">\r\n    <div class=\"x-container max width pbl mtl\">\r\n        <h4 class=\"h5 mtn\">Enlaces Adicionales de Orlando:<\/h4>\r\n    [columnize]\r\n<ul>\r\n    <li><a href=\"\/es\/orlando\/resorts-and-hotels\/\">Resorts en Orlando <\/a><\/li>\r\n    <li><a href=\"\/es\/orlando\/timeshare\/\">Tiempo Compartido en Orlando<\/a><\/li>\r\n    <li><a href=\"\/es\/orlando\/summer-vacation\/\">Ofertas de Verano en Orlando<\/a><\/li>\r\n    <li><a href=\"\/es\/orlando\/theme-parks\/\">Parques Tem\u00e1ticos de Orlando<\/a><\/li>\r\n        <li><a href=\"\/es\/orlando\/vacation-packages\/\">Paquetes Vacacionales de Orlando<\/a><\/li>\r\n        <li><a href=\"\/es\/orlando\/cheap-vacations\/\">Vacaciones Econ\u00f3micas en Orlando<\/a><\/li>\r\n    <li><a href=\"\/es\/orlando\/vacation-packages\/\">Ofertas de Parques Acu\u00e1ticos en Orlando<\/a><\/li>\r\n        <li><a href=\"\/es\/orlando\/\">Vacaciones en Orlando<\/a><\/li>\r\n<\/ul>\r\n[\/columnize]\r\n    <\/div>\r\n<\/section>\r\n\r\n\r\n","protected":false},"excerpt":{"rendered":"<p>[gap size=\"3em\" class=\"x-hidden-phone\"] [clear] [gap size=\"1em\" class=\"x-visible-phone\"] Mapa de Orlando Las vacaciones familiares en Orlando, Florida est\u00e1n destinadas a estar llenas de diversi\u00f3n y aventura. \u00c9chale un vistazo al mapa ... <\/p>\n<div><a href=\"https:\/\/www.westgatereservations.com\/es\/orlando\/map\/\" class=\"more-link\">Leer M\u00e1s<\/a><\/div>\n","protected":false},"author":2,"featured_media":0,"parent":10820,"menu_order":0,"comment_status":"closed","ping_status":"closed","template":"template-blank-4.php","meta":{"footnotes":""},"_links":{"self":[{"href":"https:\/\/www.westgatereservations.com\/es\/wp-json\/wp\/v2\/pages\/10944"}],"collection":[{"href":"https:\/\/www.westgatereservations.com\/es\/wp-json\/wp\/v2\/pages"}],"about":[{"href":"https:\/\/www.westgatereservations.com\/es\/wp-json\/wp\/v2\/types\/page"}],"author":[{"embeddable":true,"href":"https:\/\/www.westgatereservations.com\/es\/wp-json\/wp\/v2\/users\/2"}],"replies":[{"embeddable":true,"href":"https:\/\/www.westgatereservations.com\/es\/wp-json\/wp\/v2\/comments?post=10944"}],"version-history":[{"count":0,"href":"https:\/\/www.westgatereservations.com\/es\/wp-json\/wp\/v2\/pages\/10944\/revisions"}],"up":[{"embeddable":true,"href":"https:\/\/www.westgatereservations.com\/es\/wp-json\/wp\/v2\/pages\/10820"}],"wp:attachment":[{"href":"https:\/\/www.westgatereservations.com\/es\/wp-json\/wp\/v2\/media?parent=10944"}],"curies":[{"name":"wp","href":"https:\/\/api.w.org\/{rel}","templated":true}]}}