{"id":10932,"date":"2016-09-01T14:28:06","date_gmt":"2016-09-01T18:28:06","guid":{"rendered":"https:\/\/www.westgatereservations.com\/es\/orlando\/places-to-stay\/"},"modified":"2024-05-02T13:55:59","modified_gmt":"2024-05-02T17:55:59","slug":"places-to-stay","status":"publish","type":"page","link":"https:\/\/www.westgatereservations.com\/es\/orlando\/places-to-stay\/","title":{"rendered":"Donde Alojarse en Orlando"},"content":{"rendered":"<section role=\"contentinfo\">\r\n    <img decoding=\"async\" src=\"https:\/\/westgatecdn.com\/2019\/05\/best-places-to-stay-in-orlando-2.jpg\" alt=\"donde alojarse en orlando\" class=\"x-visible-phone\">\r\n    <div class=\"x-container max width mtl\">\r\n        [gap size=\"3em\" class=\"x-hidden-phone\"]\r\n            <div class=\"x-column x-sm x-1-2 x-1-2-push rel last\">\r\n               <img decoding=\"async\" src=\"https:\/\/westgatecdn.com\/2019\/05\/best-places-to-stay-Orlando.jpg\" alt=\"donde quedarse en orlando | Westgate Town Center\" class=\"x-hidden-phone\">\r\n               [clear]\r\n            <\/div>\r\n            <div class=\"x-column x-sm x-1-2 x-1-2-pull rel\">\r\n                [gap size=\"1em\" class=\"x-visible-phone\"]\r\n                <h1 class=\"h3 man mbs\">Donde Alojarse en Orlando<\/h1>\r\n                <p>Conocido como el destino tur\u00edstico favorito de todos, existen un sinn\u00famero de lugares donde alojarse en Orlando. Desde moteles econ\u00f3micos hasta hoteles lujosos y resorts exclusivos, encontrar\u00e1s tantas opciones en Orlando. La realidad es que la b\u00fasqueda de los mejores hoteles en Orlando deber\u00eda ser basada en las necesidades de tu familia y presupuesto.\r\n <\/p>\r\n                <div class=\"x-container stack-center-m icon-nav light\">\r\n                    <div class=\"x-column x-not-sm x-1-3\">\r\n                        [phone_link class=\"inheritcolor\"]\r\n                            <i class=\"fas fa-phone fa-2x left-stack-m focus\"><\/i>\r\n                            <div class=\"left-stack-m mrm\" style=\"height:10px;\">&nbsp;<\/div>\r\n                            <p class=\"x-visible-phone mts\">\r\n                            <strong>Llama para<br\/> Reservar<\/strong>\r\n                            <\/p>\r\n                            <p class=\"x-hidden-phone font-120\" style=\"line-height: 3em;\">\r\n                                <strong>\u00a1Llama para Reservar!<\/strong>\r\n                                <span>[tel]<\/span>\r\n                            <\/p>\r\n                        [\/phone_link]\r\n                        [clear]\r\n                    <\/div>\r\n                    <div class=\"x-column x-not-sm x-1-3\">\r\n                        [subscribe modal=\"true\" trigger=\"link\" show_name=\"true\" trigger_class=\"inheritcolor\"]\r\n                            <i class=\"fas fa-envelope fa-2x left-stack-m\"><\/i>\r\n                            <div class=\"left-stack-m mrm\" style=\"height:10px;\">&nbsp;<\/div>\r\n                            <p class=\"x-visible-phone mts\">\r\n                                <strong>\u00a1Suscr\u00edbete y<br\/> recibe Ofertas!<\/strong>\r\n                            <\/p>\r\n                            <p class=\"x-hidden-phone font-120\" style=\"line-height: 3em;\">\r\n                                <strong>\u00a1Suscr\u00edbete y recibe Ofertas!<\/strong>\r\n                                <span>Ahorra hasta un 40%<\/span>\r\n                            <\/p>\r\n                        [\/subscribe]\r\n                        [clear]\r\n                    <\/div>\r\n                    <div class=\"x-column x-not-sm x-1-3 last\">\r\n                        <a href=\"#\"; onclick=\"SnapEngage.startLink();\" class=\"inheritcolor\">\r\n                            <i class=\"fas fa-comment-alt fa-2x left-stack-m\"><\/i>\r\n                            <div class=\"left-stack-m mrm\" style=\"height:10px;\">&nbsp;<\/div>\r\n                            <p class=\"x-visible-phone mts\">\r\n                                <strong>Charla con un<br\/> Agente<\/strong>\r\n                            <\/p>\r\n                            <p class=\"x-hidden-phone font-120\" style=\"line-height: 3em;\">\r\n                                <strong>Chat en Vivo<\/strong>\r\n                                <span>Charla con un Agente<\/span>\r\n                            <\/p>\r\n                        <\/a>\r\n                        [clear]\r\n                    <\/div>\r\n                <\/div>\r\n            <\/div>\r\n            [clear]\r\n        [gap size=\"2em\"]\r\n    <\/div>\r\n<\/section>\r\n[gap size=\"3em\" class=\"x-hidden-phone\"]\r\n<section role=\"search\">\r\n    <div class=\"availability-search x-content-band marginless-columns\">\r\n        <div class=\"x-container max width pbm ptm\">\r\n            <div class=\"x-column x-sm x-1-4\" style=\"vertical-align: middle;\">\r\n                <p class=\"h3 man white\">Encuentra un Resort en Orlando<\/p>\r\n            <\/div>\r\n            <div class=\"x-column x-sm x-3-4 last\">\r\n                [search-availability layout=\"horizontal\" destination=\"Orlando\" hide_title=\"true\" class=\"no-bg pan\"]\r\n            <\/div>\r\n        <\/div>\r\n    <\/div>\r\n<\/section>\r\n\r\n\r\n\r\n\r\n  <div class=\"x-container max width mtl mbs\">\r\n        [gap size=\"3em\" class=\"x-hidden-phone\"]\r\n            <div class=\"x-column x-sm x-1-2 x-1-2-push rel last\">\r\n            <div>\r\n[google_map lat=\"28.427401\" lng=\"-81.475950\" zoom=\"11\" zoom_control=\"true\" drag=\"true\" height=\"330px\" no_container=\"true\" class=\"mbn\"]\r\n[google_map_marker image=\"https:\/\/westgatecdn.com\/2015\/07\/marker-resort.png\" lat=\"28.329507\" lng=\"-81.597821\" info=\"Westgate Town Center\"][\/google_map_marker]\r\n[google_map_marker image=\"https:\/\/westgatecdn.com\/2015\/07\/marker-resort.png\" lat=\"28.427401\" lng=\"-81.475950\" info=\"Westgate Lakes Resort &amp; Spa\"][\/google_map_marker]\r\n[google_map_marker image=\"https:\/\/westgatecdn.com\/2015\/07\/marker-resort.png\" lat=\"28.456674\" lng=\"-81.465868\" info=\"Westgate Palace\"][\/google_map_marker]\r\n[google_map_marker image=\"https:\/\/westgatecdn.com\/2015\/07\/marker-disney.png\" lat=\"28.359634\" lng=\"-81.591549\" info=\"Disney's Animal Kingdom Theme Park\"][\/google_map_marker]\r\n[google_map_marker image=\"https:\/\/westgatecdn.com\/2015\/07\/marker-disney.png\" lat=\"28.417663\" lng=\"-81.581437\" info=\"Disney's Magic Kingdom Theme Park\"][\/google_map_marker]\r\n[google_map_marker image=\"https:\/\/westgatecdn.com\/2015\/07\/marker-disney.png\" lat=\"28.374425\" lng=\"-81.550268\" info=\"Disney's Epcot\"][\/google_map_marker]\r\n[google_map_marker image=\"https:\/\/westgatecdn.com\/2015\/07\/marker-disney.png\" lat=\"28.357001\" lng=\"-81.559473\" info=\"Disney's Hollywood Studios\"][\/google_map_marker]\r\n[google_map_marker image=\"https:\/\/westgatecdn.com\/2015\/07\/marker-seaworld.png\" lat=\"28.411445\" lng=\"-81.463559\" info=\"SeaWorld Orlando\"][\/google_map_marker]\r\n[google_map_marker image=\"https:\/\/westgatecdn.com\/2015\/07\/marker-waterpark.png\" lat=\"28.461475\" lng=\"-81.465764\" info=\"Wet 'n' Wild waterpark\"][\/google_map_marker]\r\n[google_map_marker image=\"https:\/\/westgatecdn.com\/2015\/07\/marker-universal.png\" lat=\"28.474881\" lng=\"-81.470426\" info=\"Universal Studios Orlando\"][\/google_map_marker]\r\n[google_map_marker image=\"https:\/\/westgatecdn.com\/2015\/07\/marker-disney-waterpark.png\" lat=\"28.365441\" lng=\"-81.528575\" info=\"Disney's Typhoon Lagoon\"][\/google_map_marker]\r\n[google_map_marker image=\"https:\/\/westgatecdn.com\/2015\/07\/marker-disney-waterpark.png\" lat=\"28.351581\" lng=\"-81.575075\" info=\"Disney's Blizzard Beach\"][\/google_map_marker]\r\n[google_map_marker image=\"https:\/\/westgatecdn.com\/2015\/07\/shopping-marker1.png\" lat=\"28.479219\" lng=\"-81.451498\" info=\"Prime Outlets International Dr.\"][\/google_map_marker]\r\n[google_map_marker image=\"https:\/\/westgatecdn.com\/2015\/07\/shopping-marker1.png\" lat=\"28.387344\" lng=\"-81.492183\" info=\"Orlando Vineland Prime Outlets\"][\/google_map_marker]\r\n[google_map_marker image=\"https:\/\/westgatecdn.com\/2015\/07\/shopping-marker.png\" lat=\"28.44622\" lng=\"-81.394905\" info=\"Florida Mall\"]\r\n[\/google_map_marker]\r\n[google_map_marker image=\"https:\/\/westgatecdn.com\/2015\/07\/shopping-marker.png\" lat=\"28.485769\" lng=\"-81.431595\" info=\"Mall at Millenia\"]\r\n[\/google_map_marker]\r\n[google_map_marker image=\"https:\/\/westgatecdn.com\/2015\/07\/Orlando-Eye-Icon.png\" lat=\"28.443489\" lng=\"-81.469079\" info=\"Orlando Eye\"]\r\n[\/google_map_marker]\r\n[\/google_map]\r\n<\/div> \r\n               [clear]\r\n            <\/div>\r\n            <div class=\"x-column x-sm x-1-2 x-1-2-pull rel\">\r\n                [gap size=\"1em\" class=\"x-visible-phone\"]\r\n                <h1 class=\"h3 man mbs\">\u00a1Planifica la estad\u00eda perfecta!\r\n<\/h1>\r\n                <p>Como el destino tur\u00edstico favorito del mundo, no hay escasez de lugares para quedarse en Orlando, Florida. Desde moteles econ\u00f3micos y hoteles de clase mundial hasta resorts exclusivos, los visitantes de Orlando encontrar\u00e1n cientos de opciones. Sin embargo, encontrar los mejores hoteles en Orlando para familias debes basarlo en tus propias necesidades familiares y presupuesto.\r\n <\/p>\r\n\r\n <p>Otro factor importante para encontrar los mejores lugares para hospedarte en Orlando es \u00bfqu\u00e9 deseas hacer en tus vacaciones? Puedes ahorrar tiempo y dinero si encuentras alojamiento cerca de los parques tem\u00e1ticos y las atracciones m\u00e1s importantes en tu lista de actividades de vacaciones. Por ejemplo, es posible que desees determinar d\u00f3nde alojarte en Orlando cerca de Disney. Si el Magic Kingdom y otros parques tem\u00e1ticos de Walt Disney World son el centro de tus vacaciones, querr\u00e1s encontrar un hotel o resort cerca de los parques. Disney World incluso ofrece una variedad de hoteles y resorts directamente en la propiedad de Disney.\r\n<\/p>\r\n               \r\n            <\/div>\r\n            [clear]\r\n        [gap size=\"2em\"]\r\n    <\/div>\r\n\r\n[line]\r\n \r\n<section role=\"contentinfo\">\r\n    <div>\r\n        [container class=\"pbl\"]\r\n            <h3 class=\"mbm left-text\" id=\"specials\">Resorts en Orlando<\/h3>\r\n            <div class=\"x-column x-sm x-1-2\">\r\n        <p>Mostrando <strong>5<\/strong> Resorts de Orlando<\/p>\r\n        <\/div>\r\n        <div class=\"x-column x-sm x-1-2 last\">\r\n            <p class=\"x-hidden-phone text-right mbn\">Si tienes preguntas, llama al: <strong>[phone_link][tel][\/phone_link]<\/strong><\/p>\r\n        <\/div>\r\n        [clear]\r\n            <div class=\"cards\">\r\n[resorts ids=\"5945,5810,7252,5886,5917\"]\r\n\r\n            <\/div>\r\n            [gap size=\"1em\"]\r\n        [\/container]\r\n    <\/div>\r\n<\/section>\r\n\r\n<div style=\"background: #efefef;\">\r\n\r\n<div class=\"x-container max width ptl pbs\">\r\n    <h4 class=\"h3 center-text\" id=\"explore\">Westgate Resorts est\u00e1 justo en el centro de toda de la acci\u00f3n\r\n<\/h4>\r\n    <div class=\"ptl pbs\">\r\n       [tab_nav type=\"four-up\"]\r\n       [tab_nav_item title=\"Primera Visita\" active=\"true\"]\r\n       [tab_nav_item title=\"Conoce a Westgate\" active=\"\"]\r\n       [tab_nav_item title=\"Amenidades\" active=\"\"]\r\n       [tab_nav_item title=\"Hoteles en Orlando y Miami\" active=\"\"]\r\n       [\/tab_nav]\r\n       [tabs]\r\n       [tab active=\"true\"] \r\n       \r\n<h4 class=\"mtn\">Consejos de Viaje para quienes Visitan por Primera Vez<\/h4>\r\n          \r\n           <div class=\"x-column x-sm x-1-2 mbl\">\r\n\r\n<ul>\r\n<li>Si viajas con un grupo m\u00e1s grande, es posible que prefieras optar por una villa en lugar de una habitaci\u00f3n de hotel est\u00e1ndar. Esto no solo te ahorrar\u00e1 dinero, sino que tambi\u00e9n te proporcionar\u00e1 muchas de las comodidades del hogar.<\/li>\r\n<li>Descarga las aplicaciones m\u00f3viles de los parques tem\u00e1ticos para que tengas acceso r\u00e1pido a informaci\u00f3n como horarios de apertura, horarios de los shows y tiempos de espera para todas las atracciones y eventos.<\/li>\r\n<li>Prep\u00e1rate para el clima tropical c\u00e1lido y soleado de la Florida con protector solar, pero tambi\u00e9n un paraguas o poncho. Los ponchos tambi\u00e9n son excelentes para usar en las atracciones donde puedes mojarte. \u00a1Tambi\u00e9n querr\u00e1s llevar algunas botellas de agua para mantenerte hidratado! Durante los meses de verano, pueden aparecer breves tormentas en la tarde antes de dar paso a m\u00e1s luz solar.<\/li>\r\n<li>Cuando viajes a Florida, usa ropa y zapatos c\u00f3modos. Como usted probablemente sabe, Disney es enorme y requiere caminar mucho. As\u00ed que tener zapatos c\u00f3modos es una necesidad.<\/li>\r\n<\/ul>\r\n<\/div>\r\n\r\n           <div class=\"x-column x-sm x-1-2 mbl\">\r\n\r\n<ul>\r\n<li>Verifica los requisitos de altura para las atracciones m\u00e1s populares con anticipaci\u00f3n para que puedas planificar mejor tu experiencia en el parque tem\u00e1tico y saber qu\u00e9 atracciones son aptas para ni\u00f1os.<\/li>\r\n<li>Compra los boletos con anticipaci\u00f3n en l\u00ednea ya que generalmente son m\u00e1s baratos. \u00bfQuieres ahorrar a\u00fan m\u00e1s dinero? Considera un paquete vacacional de Westgate Resorts que normalmente incluye varios boletos m\u00e1s tu estad\u00eda en una de nuestras propiedades exclusivas.<\/li>\r\n<li>Orlando, FL est\u00e1 lleno de restaurantes incre\u00edbles, as\u00ed que no te estreses si ves que todos los restaurantes de los parques tem\u00e1ticos est\u00e1n llenos. Todav\u00eda encontrar\u00e1s muchas opciones de restaurantes cercanos en Disney Springs, Universal CityWalk o el \u00e1rea de I-Drive.<\/li>\r\n<li>\u00a1Ll\u00e9vate meriendas! Dado que los parques tem\u00e1ticos te permiten llevar ciertos alimentos dentro de los parques, aprov\u00e9chalos y ahorra algo de dinero.<\/li>\r\n<li>\u00a1Si es posible, incluye algunos d\u00edas adicionales en tu itinerario de viaje solo para relajarte! No intentes visitar todos los parques tem\u00e1ticos en un d\u00eda o en un d\u00eda consecutivo, en lugar de eso, deja pasar unos d\u00edas para relajarte y participar en actividades dentro de la propiedad o visitar otras atracciones de Orlando. Nuestros hu\u00e9spedes a menudo mencionan que los mejores d\u00edas de su viaje fueron simplemente los de Westgate jugando en las piscinas, salas de juegos y otras \u00e1reas recreativas llenas de diversi\u00f3n.<\/li>\r\n<\/ul> \r\n\r\n<\/div>\r\n\r\n\r\n\r\n\r\n\r\n       [\/tab]\r\n       [tab] \r\n\r\n\r\n\r\n       <h4 class=\"mtn\">Tu Experiencia en Westgate<\/h4>\r\n<h6 class=\"mtn\">HABITACIONES Y VILLAS<\/h6> \r\n<p>\r\nEncontrar\u00e1s hoteles boutique y condominios, pero nuestra amplia gama de villas, habitaciones y suites en Orlando te brinda no solo todas las comodidades de un hogar, sino tambi\u00e9n la mejor experiencia de resort en la ciudad. Las habitaciones te brindan lo esencial, como una cocina totalmente equipada, sala y comedor separados, televisores de pantalla grande, patios o balcones privados y, en algunas villas, incluso una lavadora y secadora. Ofrecemos villas y suites que pueden acomodar a una familia de cuatro o incluso de 12 a 16 personas. \u00a1Nuestro objetivo es crear la mejor escapada de vacaciones para cada familia! Para obtener m\u00e1s informaci\u00f3n sobre nuestras habitaciones, precios o para reservar tu reserva, ll\u00e1manos al 1-800-610-0479.\r\n<\/p>\r\n<h6 class=\"mtn\">AMENIDADES DEL RESORT<\/h6> \r\n<p>\r\nNuestras propiedades incluyen una extensa lista de servicios y cosas que hacer para cada miembro de tu familia. Si est\u00e1s buscando actividades divertidas, ven a disfrutar de botes de remo y kayaks, minigolf, alquiler de bicicletas, canchas de b\u00e1squetbol, gimnasios, salas de juegos y m\u00e1s. Nuestro Town Center Resort incluye incluso un parque acu\u00e1tico completo con toboganes, as\u00ed como un cine especial de Disney. Para unas vacaciones m\u00e1s relajantes, te recomendamos visitar Serenity Spa by Westgate para un masaje o un tratamiento facial o relajarte en cualquiera de nuestras muchas piscinas tropicales y jacuzzis. Eche un vistazo a nuestras p\u00e1ginas del resort para ver una lista completa de servicios y actividades.\r\n<\/p>\r\n<h6 class=\"mtn\">Parque Acu\u00e1tico ShipWreck Island<\/h6>\r\n<p>\r\nEl parque acu\u00e1tico ShipWreck Island es una aventura acu\u00e1tica de m\u00faltiples niveles con tem\u00e1tica pirata que f\u00e1cilmente se convertir\u00e1 en tu lugar favorito en el resort. Con una ubicaci\u00f3n conveniente en nuestra propiedad de Westgate Town Center Resort & Spa, esta \u00e1rea de juegos acu\u00e1ticos cuenta con piscinas, una terraza para tomar el sol, m\u00faltiples toboganes y nuestro favorito, \u00a1el r\u00edo lento! Tambi\u00e9n encontrar\u00e1s un \u00e1rea donde podr\u00e1s relajarte con una bebida refrescante o una buena comida en el restaurante Jalley Roger\u00b4s Galley o Sea Dog's Bar.\r\n<\/p>\r\n<h6 class=\"mtn\">VILLAS QUE ACEPTAN MASCOTAS<\/h6>\r\n<p>\r\nEntendemos que tus mascotas son parte de la familia y tambi\u00e9n merecen una escapada, \u00a1as\u00ed que tr\u00e1iganlas! Antes de llegar al resort, te recomendamos que llames con anticipaci\u00f3n y verifiques todos los detalles con la propiedad. Para obtener m\u00e1s informaci\u00f3n sobre nuestra pol\u00edtica de mascotas, visita nuestros Hoteles que admiten mascotas en Orlando.\r\n<\/p>\r\n       [\/tab]\r\n       [tab] \r\n        <div class=\"x-container\">\r\n            <div class=\"x-column x-sm x-1-2\">\r\n                <div>\r\n                [image class=\"galleryimg1 interior\" src=\"https:\/\/westgatecdn.com\/2019\/05\/disney-family-orlanndo.jpg\" alt=\"donde alojarse en orlando\" type=\"thumbnail\" link=\"true\" title=\"Disney Family Vacatioin\"]\r\n                <\/div>\r\n                <div>\r\n                    <div class=\"x-column x-1-3\">[image class=\"galleryimg1 interior\" src=\"https:\/\/westgatecdn.com\/2019\/05\/hulk-ride.jpg\" alt=\"donde quedarse en orlando \" type=\"thumbnail\" link=\"true\" title=\"Universal Hulk Vacation\"]<\/div>\r\n\r\n                    <div class=\"x-column x-1-3\">[image class=\"galleryimg1 interior\" src=\"https:\/\/westgatecdn.com\/2019\/05\/seaworld-dolphin.jpg\" alt=\"donde alojarse en orlando cerca de los parques\" type=\"thumbnail\" link=\"true\" title=\"SeaWorld Vacation\"]<\/div>\r\n\r\n                    <div class=\"x-column x-1-3 last\">[image class=\"galleryimg1 interior\" src=\"https:\/\/westgatecdn.com\/2019\/05\/orlando-disney-couple.jpg\" alt=\"donde alojarse en disney orlando\" type=\"thumbnail\" link=\"true\" title=\"Orlando Disney Vacation\"]<\/div>\r\n                <\/div>\r\n                [clear]\r\n                [lightbox selector=\".galleryimg1\" deeplink=\"\" opacity=\"0.875\" prev_scale=\"0.75\" prev_opacity=\"0.75\" next_scale=\"0.75\" next_opacity=\"0.75\" orientation=\"horizontal\" thumbnails=\"true\"]\r\n            <\/div>\r\n            <div class=\"x-column x-sm x-1-2 last\">\r\n                <h4 class=\"h5 mtn\">\u00a1Qu\u00e9date en el centro de la acci\u00f3n!<\/h4>\r\n                <p>\r\n                Tambi\u00e9n descubrir\u00e1s hoteles y lugares donde alojarte cerca de Universal Orlando Resort y SeaWorld Orlando. Existen muchas opciones cerca de o en la misma International Drive. Y de hecho, puedes encontrar hoteles cerca de centros comerciales y otras atracciones.\r\n<\/p>\r\n                <p>\r\n               Algunas de las mejores ofertas de hoteles pueden ser encontradas en Westgate Resorts. Eso se debe a que Westgate ofrece resorts incre\u00edbles que te colocan en el centro de toda la emoci\u00f3n de Orlando. Wetsgate Lakes Resort & Spa est\u00e1 idealmente ubicado cerca de SeaWorld y Orlando, y a un corto viaje en auto de Disney World. Westgate Palace est\u00e1 situado a solo pasos de las tiendas, restaurantes y atracciones de la famosa International Drive. Westgate Town Center Resort & Spa y Westgate Vacation Villas est\u00e1n ubicados a solo una milla de la entrada principal de Disney.\r\n\r\n\r\n\r\n<\/p>\r\n\r\n            <\/div>\r\n        <\/div>\r\n       [\/tab]\r\n       [tab] \r\n       <div class=\"x-container\">\r\n            <div class=\"x-column x-sm x-1-2\">\r\n                <div>\r\n                [image class=\"galleryimg2 interior\" src=\"https:\/\/westgatecdn.com\/2019\/05\/shipwreck-waterpark-resort.jpg\" alt=\"donde quedarse en orlando \" type=\"thumbnail\" link=\"true\" title=\"Westgate Orlando Vacations\"]\r\n                <\/div>\r\n                <div>\r\n                    <div class=\"x-column x-1-3\">[image class=\"galleryimg2 interior\" src=\"https:\/\/westgatecdn.com\/2019\/05\/swan-boat-resort.jpg\" alt=\"donde alojarse en orlando cerca de los parques\" type=\"thumbnail\" link=\"true\" title=\"Westgate Resort Swan boat\"]<\/div>\r\n\r\n                    <div class=\"x-column x-1-3\">[image class=\"galleryimg2 interior\" src=\"https:\/\/westgatecdn.com\/2019\/04\/orlando-timeshare-pool.jpg\" alt=\"Piscinas de Westgate Orlando\" type=\"thumbnail\" link=\"true\" title=\"Westgate Lakes Orlando Vacation\"]<\/div>\r\n\r\n                    <div class=\"x-column x-1-3 last\">[image class=\"galleryimg2 interior\" src=\"https:\/\/westgatecdn.com\/2019\/05\/westgate-pool-bar.jpg\" alt=\"Bar en la Piscina - Westgate\" type=\"thumbnail\" link=\"true\" title=\"Westgate Lakes pool bar\"]<\/div>\r\n                <\/div>\r\n                [clear]\r\n                [lightbox selector=\".galleryimg2\" deeplink=\"\" opacity=\"0.875\" prev_scale=\"0.75\" prev_opacity=\"0.75\" next_scale=\"0.75\" next_opacity=\"0.75\" orientation=\"horizontal\" thumbnails=\"true\"]\r\n            <\/div>\r\n            <div class=\"x-column x-sm x-1-2 last\">\r\n                <h4 class=\"h5 mtn\">\u00a1Entretenimiento para toda la familia!<\/h4>\r\n                <p>\r\n               \u00c9chale un vistazo a nuestras ubicaciones en el centro de Florida (o Miami) y encontrar\u00e1s que Westgate Resorts est\u00e1 justo donde quieres estar, en medio de la emoci\u00f3n. \u00a1Y te damos la flexibilidad de permanecer por 2 noches, 3 noches, 7 noches o m\u00e1s! T\u00fa decides cu\u00e1nto tiempo quieres visitar. Incluso puedes llegar a una de las muchas playas incre\u00edbles de Florida en menos de una hora.\r\n\r\n<\/p>\r\n                <p>\r\n                Westgate Resorts es tambi\u00e9n uno de los mejores hoteles en Orlando para familias que buscan diversi\u00f3n o que buscan una excelente oferta en una villa tur\u00edstica. Sea cual sea la propiedad que elijas, disfrutar\u00e1s un ambiente c\u00e1lido y acogedor donde disfrutar\u00e1 de amplias habitaciones y lujosas comodidades. Los alojamientos de varias habitaciones ofrecen privacidad y mucho espacio para todos. Las cocinas completamente equipadas ayudan a ahorrar en los costos de comidas. Y una amplia gama de amenidades y actividades llenas de diversi\u00f3n ayudar\u00e1n a mantener a todos entretenidos. Goza de nuestras m\u00faltiples piscinas, adem\u00e1s de \u00e1reas recreativas desde tenis y voleibol hasta minigolf y m\u00e1s. Rel\u00e1jate y tome un c\u00f3ctel en nuestro bar junto a la piscina. Come una merienda o una comida completa en uno de nuestros restaurantes del hotel. Y duerma tranquilo sabiendo que obtuviste la mejor tarifa disponible, garantizado.\r\n\r\n<\/p>\r\n\r\n<p>Desde el momento de tu check-in, disfrutar\u00e1s de todas las comodidades del hogar mientras te relajas en un ambiente limpio y c\u00f3modo que no encontrar\u00e1s en una habitaci\u00f3n de hotel b\u00e1sica. Desde parejas rom\u00e1nticas hasta familias de m\u00faltiples generaciones, ofrecemos excelentes alojamientos con planta cocinas completas, balcones y patios privados y hospitalidad de primera categor\u00eda.\r\n\r\n<\/p>\r\n            <\/div>\r\n        <\/div>\r\n       [\/tab]\r\n       [\/tabs]\r\n    <\/div>\r\n    [gap size=\"3em\"]\r\n<\/div>\r\n\r\n<\/div>\r\n\r\n\r\n\r\n\r\n<!-- cta bar -->\r\n<section role=\"contentinfo\">\r\n    <div style=\"background: #232c35;\">\r\n        <div class=\"x-container max width\">\r\n            [gap size=\"1em\"]\r\n            <div class=\"x-column x-sm x-2-3 white stack-center-m pas\">\r\n                <h5 class=\"font-lighter white man\">\u00a1Comienza a planificar tus Vacaciones en Orlando con Westgate Resorts!<\/h5>\r\n                <p>Te ayudaremos a descubrir lo mejor de Orlando, FL\r\n\r\n<\/p>\r\n            <\/div>\r\n            <div class=\"x-column x-sm x-1-3 pam last\">\r\n                [phone_link class=\"x-btn x-btn-block btn-orange\"]Llama al [tel][\/phone_link]\r\n            <\/div>\r\n        <\/div>\r\n    <\/div>\r\n<\/section>\r\n<!-- additional links -->\r\n<section role=\"contentinfo\">\r\n    <div class=\"x-container max width pbl mtl\">\r\n        <h4 class=\"h5 mtn\">Enlaces Adicionales de Orlando:<\/h4>\r\n       [columnize]\r\n<ul>    \r\n<li><a href=\"\/es\/orlando\/vacation-packages\/\">Paquetes Vacacionales Orlando, FL<\/a><\/li>\r\n<li><a href=\"\/es\/orlando\/resorts-and-hotels\/\">Resorts y Hoteles en Orlando<\/a><\/li>\r\n<li><a href=\"\/es\/orlando\/timeshare\/\">Tiempo Compartido Westgate<\/a><\/li>\r\n<li><a href=\"\/es\/orlando\/summer-vacation\/\">Ofertas de Verano en Orlando<\/a><\/li>\r\n<li><a href=\"\/es\/orlando\/christmas-vacation\/\">Navidad en Orlando<\/a><\/li>\r\n<li><a href=\"\/es\/orlando\/theme-parks\/\">Parques Tem\u00e1ticos en Orlando<\/a><\/li>\r\n<li><a href=\"\/es\/orlando\/\">Vacaciones en Orlando<\/a><\/li>\r\n<\/ul>\r\n[\/columnize]\r\n    <\/div>\r\n<\/section>\r\n","protected":false},"excerpt":{"rendered":"<p>[gap size=\"3em\" class=\"x-hidden-phone\"] [clear] [gap size=\"1em\" class=\"x-visible-phone\"] Donde Alojarse en Orlando Conocido como el destino tur\u00edstico favorito de todos, existen un sinn\u00famero de lugares donde alojarse en Orlando. Desde moteles ... <\/p>\n<div><a href=\"https:\/\/www.westgatereservations.com\/es\/orlando\/places-to-stay\/\" class=\"more-link\">Leer M\u00e1s<\/a><\/div>\n","protected":false},"author":2,"featured_media":0,"parent":10820,"menu_order":0,"comment_status":"closed","ping_status":"closed","template":"template-blank-4.php","meta":{"footnotes":""},"_links":{"self":[{"href":"https:\/\/www.westgatereservations.com\/es\/wp-json\/wp\/v2\/pages\/10932"}],"collection":[{"href":"https:\/\/www.westgatereservations.com\/es\/wp-json\/wp\/v2\/pages"}],"about":[{"href":"https:\/\/www.westgatereservations.com\/es\/wp-json\/wp\/v2\/types\/page"}],"author":[{"embeddable":true,"href":"https:\/\/www.westgatereservations.com\/es\/wp-json\/wp\/v2\/users\/2"}],"replies":[{"embeddable":true,"href":"https:\/\/www.westgatereservations.com\/es\/wp-json\/wp\/v2\/comments?post=10932"}],"version-history":[{"count":0,"href":"https:\/\/www.westgatereservations.com\/es\/wp-json\/wp\/v2\/pages\/10932\/revisions"}],"up":[{"embeddable":true,"href":"https:\/\/www.westgatereservations.com\/es\/wp-json\/wp\/v2\/pages\/10820"}],"wp:attachment":[{"href":"https:\/\/www.westgatereservations.com\/es\/wp-json\/wp\/v2\/media?parent=10932"}],"curies":[{"name":"wp","href":"https:\/\/api.w.org\/{rel}","templated":true}]}}