{"id":10920,"date":"2016-08-30T16:00:05","date_gmt":"2016-08-30T20:00:05","guid":{"rendered":"https:\/\/www.westgatereservations.com\/es\/orlando\/resorts-and-hotels\/near-international-drive\/"},"modified":"2020-07-08T12:13:16","modified_gmt":"2020-07-08T16:13:16","slug":"near-international-drive","status":"publish","type":"page","link":"https:\/\/www.westgatereservations.com\/es\/orlando\/resorts-and-hotels\/near-international-drive\/","title":{"rendered":"Cerca de International Drive"},"content":{"rendered":"[content_band class=\"mtn mbl\" bg_image=\"https:\/\/westgatecdn.com\/2016\/09\/Orlando-idrive.jpg\" inner_container=\"true\" alt=\"Hoteles de International Drive\" parallax=\"false\"]\r\n[custom_headline style=\"margin-top: 0; color:#ffffff;\" type=\"center\" level=\"h1\" looks_like=\"h2\"]Hoteles Cerca de International Drive[\/custom_headline]\r\n[\/content_band]\r\n[container]\r\n<!--content 3\/4 - 1\/4-->\r\n<div>\r\n<div class=\"x-column x-sm x-3-4\">\r\n[custom_headline level=\"h2\" looks_like=\"h3\" class=\"mtn\"]Resorts & Hoteles Cerca de International Drive[\/custom_headline]\r\n<p>\r\nAunque Disney World es la atracci\u00f3n m\u00e1s popular en Orlando, la ic\u00f3nica International Drive siempre est\u00e1 en la lista de lugares de inter\u00e9s para turistas de todo el mundo. En las 11 millas de la International Drive, encontrar\u00e1s tiendas, restaurantes, y atracciones. Tambi\u00e9n descubrir\u00e1s un sinn\u00famero de hoteles cerca de la Internacional Drive Orlando. <\/strong>.\r\n<\/p>\r\n<p>Los <strong>hoteles en International Drive Orlando<\/strong> proveen acceso r\u00e1pido a sus atracciones, y tambi\u00e9n a parques tem\u00e1ticos como Disney, Universal Studios y SeaWorld Orlando. \r\n                <\/p>\r\n[custom_headline level=\"h3\" looks_like=\"h4\" class=\"mtn\"]Westgate Resorts Cerca de International Drive[\/custom_headline]\r\n[resorts ids=\"5810, 7252\"]\r\n<p class=\"\">\r\nOtras atracciones populares en I-Drive lo son WonderWorks, Zombie Outbreak, iFly Indoor Skydiving, Artegon Marketplace, Congo River Golf, Escapalogy, Ripley\u2019s Believe it or Not!, el Museo de Titanic y m\u00e1s. Aunque SeaWorld y Universal Orlando Resort est\u00e1n ubicados en International Drive, pronto ver\u00e1s una nueva atracci\u00f3n en el \u00e1rea. En el 2017 abrir\u00e1 Skyplex, en donde encontrar\u00e1s la monta\u00f1a rusa m\u00e1s alta del mundo. \r\n<\/p>\r\n<div>\r\n<div class=\"x-column x-sm x-1-3\">\r\n<img decoding=\"async\" src=\"https:\/\/westgatecdn.com\/2016\/09\/orlando-eye.jpg\" alt=\"Atracci\u00f3n Orlando Eye en Orlando\"\/>\r\n<\/div>\r\n<div class=\"x-column x-sm x-2-3 last\">\r\n[custom_headline level=\"h3\" looks_like=\"h5\" class=\"mtn\"]Orlando Eye[\/custom_headline]\r\n<p>\r\nAunque muchas de las atracciones de International Drive llevan a\u00f1os, el \u00e1rea ofrece atracciones nuevas.  El Coca-Cola Orlando Eye es la rueda de observaci\u00f3n m\u00e1s grande en la costa este, proporcionando impresionantes vistas de 360 grados desde la comodidad de sus c\u00e1psulas de aire acondicionado. Es tambi\u00e9n parte del complejo de entretenimiento 360 I-Drive, que tambi\u00e9n cuenta con restaurantes, discotecas, tiendas, Sealife Aquarium, esqueletos y el museo de cera Madame Tussauds.\r\n<\/p>\r\n<\/div>\r\n[clear]\r\n<\/div>\r\n<h4 class=\"subheading\"> Westgate Resorts Est\u00e1n a Solo Minutos de I-Drive<\/h4>\r\n<div>\r\n[google_map lat=\"28.427401\" lng=\"-81.475950\" zoom=\"11\" zoom_control=\"true\" drag=\"true\" height=\"300px\" no_container=\"true\" class=\"mbn\"]\r\n[google_map_marker image=\"https:\/\/westgatecdn.com\/2015\/07\/marker-resort.png\" lat=\"28.427401\" lng=\"-81.475950\" info=\"Westgate Lakes Resort &amp; Spa\"][\/google_map_marker]\r\n[google_map_marker image=\"https:\/\/westgatecdn.com\/2015\/07\/marker-resort.png\" lat=\"28.456674\" lng=\"-81.465868\" info=\"Westgate Palace\"][\/google_map_marker]\r\n[google_map_marker image=\"https:\/\/westgatecdn.com\/2015\/07\/marker-disney.png\" lat=\"28.359634\" lng=\"-81.591549\" info=\"Disney's Animal Kingdom Theme Park\"][\/google_map_marker]\r\n[google_map_marker image=\"https:\/\/westgatecdn.com\/2015\/07\/marker-disney.png\" lat=\"28.417663\" lng=\"-81.581437\" info=\"Disney's Magic Kingdom Theme Park\"][\/google_map_marker]\r\n[google_map_marker image=\"https:\/\/westgatecdn.com\/2015\/07\/marker-disney.png\" lat=\"28.374425\" lng=\"-81.550268\" info=\"Disney's Epcot\"][\/google_map_marker]\r\n[google_map_marker image=\"https:\/\/westgatecdn.com\/2015\/07\/marker-disney.png\" lat=\"28.357001\" lng=\"-81.559473\" info=\"Disney's Hollywood Studios\"][\/google_map_marker]\r\n[google_map_marker image=\"https:\/\/westgatecdn.com\/2015\/07\/marker-seaworld.png\" lat=\"28.411445\" lng=\"-81.463559\" info=\"SeaWorld Orlando\"][\/google_map_marker]\r\n[google_map_marker image=\"https:\/\/westgatecdn.com\/2015\/07\/marker-waterpark.png\" lat=\"28.461475\" lng=\"-81.465764\" info=\"Wet 'n' Wild waterpark\"][\/google_map_marker]\r\n[google_map_marker image=\"https:\/\/westgatecdn.com\/2015\/07\/marker-universal.png\" lat=\"28.474881\" lng=\"-81.470426\" info=\"Universal Studios Orlando\"][\/google_map_marker]\r\n[google_map_marker image=\"https:\/\/westgatecdn.com\/2015\/07\/marker-disney-waterpark.png\" lat=\"28.365441\" lng=\"-81.528575\" info=\"Disney's Typhoon Lagoon\"][\/google_map_marker]\r\n[google_map_marker image=\"https:\/\/westgatecdn.com\/2015\/07\/marker-disney-waterpark.png\" lat=\"28.351581\" lng=\"-81.575075\" info=\"Disney's Blizzard Beach\"][\/google_map_marker]\r\n[google_map_marker image=\"https:\/\/westgatecdn.com\/2015\/07\/shopping-marker1.png\" lat=\"28.479219\" lng=\"-81.451498\" info=\"Prime Outlets International Dr.\"][\/google_map_marker]\r\n[google_map_marker image=\"https:\/\/westgatecdn.com\/2015\/07\/shopping-marker1.png\" lat=\"28.387344\" lng=\"-81.492183\" info=\"Orlando Vineland Prime Outlets\"][\/google_map_marker]\r\n[google_map_marker image=\"https:\/\/westgatecdn.com\/2015\/07\/shopping-marker.png\" lat=\"28.44622\" lng=\"-81.394905\" info=\"Florida Mall\"]\r\n[\/google_map_marker]\r\n[google_map_marker image=\"https:\/\/westgatecdn.com\/2015\/07\/shopping-marker.png\" lat=\"28.485769\" lng=\"-81.431595\" info=\"Mall at Millenia\"]\r\n[\/google_map_marker]\r\n[google_map_marker image=\"https:\/\/westgatecdn.com\/2015\/07\/Orlando-Eye-Icon.png\" lat=\"28.443489\" lng=\"-81.469079\" info=\"Orlando Eye\"]\r\n[\/google_map_marker]\r\n[\/google_map]\r\n<p><\/p>\r\n<\/div>\r\n<p>\r\nLos<strong> hoteles cerca de International Drive<\/strong> tambi\u00e9n te colocan a solo pasos de un sinn\u00famero de tiendas y restaurantes internacionales. Disfruta de centros comerciales, tiendas de f\u00e1brica y una amplia gama de boutiques y tiendas de marca. De igual manera podr\u00e1s encontrar restaurantes que ofrecen casi cualquier tipo de comida imaginable. Todo esto es parte de la magia de la International Drive.\r\n<\/p>\r\n<p>\r\n\u00bfBuscas ofertas de hoteles? - International Drive Orlando tiene un mont\u00f3n de opciones. Uno de los mejores es Westgate Palace Resort. Situado cerca de la I-Drive, nuestro resort ofrece villas espaciosas y lujosas de dos habitaciones. Disfruta de una villa donde la sala, comedor y habitaciones est\u00e1n separadas, una cocina equipada y m\u00e1s. Las amenidades incluyen una piscina, gimnasio, sala de juegos, club de ni\u00f1os y mucho m\u00e1s. \u00a1Y todo est\u00e1 a pasos de la International Drive!\r\n<\/p>\r\n\r\n[custom_headline level=\"h3\" looks_like=\"h5\"]Enlaces Adicionales de Orlando[\/custom_headline]\r\n\r\n[columnize]\r\n<ul>\t\r\n<li><a href=\"https:\/\/www.westgatereservations.com\/es\/?page_id=10867\">Hoteles Familiares en Orlando Florida<\/a><\/li>\r\n<li><a href=\"https:\/\/www.westgatereservations.com\/es\/?page_id=10905\">Villas de Dos Habitaciones en Orlando<\/a><\/li>\r\n<li><a href=\"https:\/\/www.westgatereservations.com\/es\/?page_id=10907\">Resorts de 3 Habitaciones en Orlando<\/a><\/li>\r\n<li><a href=\"https:\/\/www.westgatereservations.com\/es\/?page_id=10911\">Hoteles Cerca de Disney World<\/a><\/li>\r\n<li><a href=\"https:\/\/www.westgatereservations.com\/es\/?page_id=10914\">Hoteles con Parques de Agua en Orlando<\/a><\/li>\r\n<li><a href=\"https:\/\/www.westgatereservations.com\/es\/?page_id=10932\">Mejores Resorts en Orlando<\/a><\/li>\r\n<\/ul>\r\n[\/columnize]\r\n[line]\r\n\r\n[gap size=\"4em\"]\r\n<!--\/left col-->\r\n<\/div>\r\n<div class=\"x-column x-sm x-1-4 last\">\r\n[sidebar class=\"mts\" sidebar_id=\"ups-sidebar-orlando-silo-sidebar\"]\r\n<!--\/content 2\/3 - 1\/3-->\r\n[\/container]","protected":false},"excerpt":{"rendered":"<p>[content_band class=\"mtn mbl\" bg_image=\"https:\/\/westgatecdn.com\/2016\/09\/Orlando-idrive.jpg\" inner_container=\"true\" alt=\"Hoteles de International Drive\" parallax=\"false\"] [custom_headline style=\"margin-top: 0; color:#ffffff;\" type=\"center\" level=\"h1\" looks_like=\"h2\"]Hoteles Cerca de International Drive[\/custom_headline] [\/content_band] [container] [custom_headline level=\"h2\" looks_like=\"h3\" class=\"mtn\"]Resorts &#038; Hoteles Cerca ... <\/p>\n<div><a href=\"https:\/\/www.westgatereservations.com\/es\/orlando\/resorts-and-hotels\/near-international-drive\/\" class=\"more-link\">Leer M\u00e1s<\/a><\/div>\n","protected":false},"author":2,"featured_media":0,"parent":10867,"menu_order":0,"comment_status":"closed","ping_status":"closed","template":"template-blank-4.php","meta":{"footnotes":""},"_links":{"self":[{"href":"https:\/\/www.westgatereservations.com\/es\/wp-json\/wp\/v2\/pages\/10920"}],"collection":[{"href":"https:\/\/www.westgatereservations.com\/es\/wp-json\/wp\/v2\/pages"}],"about":[{"href":"https:\/\/www.westgatereservations.com\/es\/wp-json\/wp\/v2\/types\/page"}],"author":[{"embeddable":true,"href":"https:\/\/www.westgatereservations.com\/es\/wp-json\/wp\/v2\/users\/2"}],"replies":[{"embeddable":true,"href":"https:\/\/www.westgatereservations.com\/es\/wp-json\/wp\/v2\/comments?post=10920"}],"version-history":[{"count":0,"href":"https:\/\/www.westgatereservations.com\/es\/wp-json\/wp\/v2\/pages\/10920\/revisions"}],"up":[{"embeddable":true,"href":"https:\/\/www.westgatereservations.com\/es\/wp-json\/wp\/v2\/pages\/10867"}],"wp:attachment":[{"href":"https:\/\/www.westgatereservations.com\/es\/wp-json\/wp\/v2\/media?parent=10920"}],"curies":[{"name":"wp","href":"https:\/\/api.w.org\/{rel}","templated":true}]}}