{"id":10911,"date":"2016-08-26T14:05:28","date_gmt":"2016-08-26T18:05:28","guid":{"rendered":"https:\/\/www.westgatereservations.com\/es\/orlando\/resorts-and-hotels\/near-disney\/"},"modified":"2019-09-27T11:41:28","modified_gmt":"2019-09-27T15:41:28","slug":"near-disney","status":"publish","type":"page","link":"https:\/\/www.westgatereservations.com\/es\/orlando\/resorts-and-hotels\/near-disney\/","title":{"rendered":"Hoteles Cerca de Disney"},"content":{"rendered":"[content_band class=\"mtn mbl\" bg_image=\"https:\/\/westgatecdn.com\/2016\/09\/Orlando-Vacation-Packages.jpg\" inner_container=\"true\" parallax=\"false\"]\r\n[custom_headline style=\"margin-top: 0; color:#ffffff;\" type=\"center\" level=\"h1\" looks_like=\"h2\"]Hoteles Cerca de Disney World[\/custom_headline]\r\n[\/content_band]\r\n[container]\r\n\r\n<!--content 3\/4 - 1\/4-->\r\n<div>\r\n<div class=\"x-column x-sm x-3-4\">\r\n[custom_headline level=\"h2\" looks_like=\"h3\" class=\"mtn\"]Resorts y Hoteles Cerca de Disney World[\/custom_headline]\r\n<p>\r\nOrlando, FL permanece como uno de los destinos m\u00e1s visitados en el mundo. Visitada por millones de familias cada a\u00f1o, Walt Disney World Resort es la atracci\u00f3n n\u00famero de Orlando. Es por tal raz\u00f3n que encontrar\u00e1s muchos <strong>hoteles cerca de Disney World<\/strong>. \r\n<\/p>\r\n<p>\r\n               Cuando est\u00e9s buscando <strong>habitaciones cerca de Disney World<\/strong>, ver\u00e1s que tienes tantas y tantas opciones. Encontrar\u00e1s de todo desde habitaciones simples y b\u00e1sicas hasta villas lujosas y espaciosas. La decisi\u00f3n es tuya, tendr\u00e1s una variedad de opciones y podr\u00e1s escoger la opci\u00f3n que cumpla con tu presupuesto y las necesidades de tu familia. \r\n                <\/p>\r\n<h5 class=\"subheading\">Resorts cerca de Disney<\/h5>\r\n[resorts ids=\"5886, 5917, 5945\"]\r\n<p>\r\n              Las tarifas y disponibilidad de los hoteles cerca de Disney World pueden variar dr\u00e1sticamente por temporada. Para las mejores ofertas y disponibilidad, opta por viajar en temporadas bajas. Notar\u00e1s que durante el verano, d\u00edas festivos y fines de semanas largos, Disney est\u00e1 lleno y las tarifas de los hoteles suben. \r\n                <\/p>\r\n<p>Encontrar\u00e1s un sinn\u00famero de resorts dentro de Disney pero para los mejores hoteles cerca de Disney World, considera Westgate Resorts. <strong>Westgate Town Center Resort & Spa<\/strong> est\u00e1 idealmente ubicado a solo una milla de la entrada principal de Disney World. Podr\u00e1s ahorrar y gozar de los mismos lujos y amenidades, incluyendo el <a href=\"https:\/\/www.westgatereservations.com\/es\/shipwreck-island\/\">Parque Acuatico ShipWreck Island<\/a>. Westgate Town Center tambi\u00e9n provee <strong>transportaci\u00f3n complementaria a los parques tem\u00e1ticos.<\/strong>\r\n                <\/p>\r\n<div>\r\n[google_map lat=\"28.387344\" lng=\"-81.463559\" zoom=\"11\" zoom_control=\"true\" drag=\"true\" height=\"300px\" no_container=\"true\" class=\"mbn\"]\r\n[google_map_marker image=\"https:\/\/westgatecdn.com\/2015\/07\/marker-resort.png\" lat=\"28.329507\" lng=\"-81.597821\" info=\"Westgate Town Center\"][\/google_map_marker]\r\n[google_map_marker image=\"https:\/\/westgatecdn.com\/2015\/07\/marker-resort.png\" lat=\"28.3337523\" lng=\"-81.5936679\" info=\"Westgate Towers Resort & Spa\"][\/google_map_marker]\r\n[google_map_marker image=\"https:\/\/westgatecdn.com\/2015\/07\/marker-resort.png\" lat=\"28.329507\" lng=\"-81.597821\" info=\"Westgate Town Center\"][\/google_map_marker]\r\n[google_map_marker image=\"https:\/\/westgatecdn.com\/2015\/07\/marker-disney.png\" lat=\"28.359634\" lng=\"-81.591549\" info=\"Disney's Animal Kingdom Theme Park\"][\/google_map_marker]\r\n[google_map_marker image=\"https:\/\/westgatecdn.com\/2015\/07\/marker-disney.png\" lat=\"28.417663\" lng=\"-81.581437\" info=\"Disney's Magic Kingdom Theme Park\"][\/google_map_marker]\r\n[google_map_marker image=\"https:\/\/westgatecdn.com\/2015\/07\/marker-disney.png\" lat=\"28.374425\" lng=\"-81.550268\" info=\"Disney's Epcot\"][\/google_map_marker]\r\n[google_map_marker image=\"https:\/\/westgatecdn.com\/2015\/07\/marker-disney.png\" lat=\"28.357001\" lng=\"-81.559473\" info=\"Disney's Hollywood Studios\"][\/google_map_marker]\r\n[google_map_marker image=\"https:\/\/westgatecdn.com\/2015\/07\/marker-seaworld.png\" lat=\"28.411445\" lng=\"-81.463559\" info=\"SeaWorld Orlando\"][\/google_map_marker]\r\n[google_map_marker image=\"https:\/\/westgatecdn.com\/2015\/07\/marker-waterpark.png\" lat=\"28.461475\" lng=\"-81.465764\" info=\"Wet 'n' Wild waterpark\"][\/google_map_marker]\r\n[google_map_marker image=\"https:\/\/westgatecdn.com\/2015\/07\/marker-universal.png\" lat=\"28.474881\" lng=\"-81.470426\" info=\"Universal Studios Orlando\"][\/google_map_marker]\r\n[google_map_marker image=\"https:\/\/westgatecdn.com\/2015\/07\/marker-disney-waterpark.png\" lat=\"28.365441\" lng=\"-81.528575\" info=\"Disney's Typhoon Lagoon\"][\/google_map_marker]\r\n[google_map_marker image=\"https:\/\/westgatecdn.com\/2015\/07\/marker-disney-waterpark.png\" lat=\"28.351581\" lng=\"-81.575075\" info=\"Disney's Blizzard Beach\"][\/google_map_marker]\r\n[google_map_marker image=\"https:\/\/westgatecdn.com\/2015\/07\/shopping-marker1.png\" lat=\"28.479219\" lng=\"-81.451498\" info=\"Prime Outlets International Dr.\"][\/google_map_marker]\r\n[google_map_marker image=\"https:\/\/westgatecdn.com\/2015\/07\/shopping-marker1.png\" lat=\"28.387344\" lng=\"-81.492183\" info=\"Orlando Vineland Prime Outlets\"][\/google_map_marker]\r\n[google_map_marker image=\"https:\/\/westgatecdn.com\/2015\/07\/shopping-marker.png\" lat=\"28.44622\" lng=\"-81.394905\" info=\"Florida Mall\"]\r\n[\/google_map_marker]\r\n[google_map_marker image=\"https:\/\/westgatecdn.com\/2015\/07\/shopping-marker.png\" lat=\"28.485769\" lng=\"-81.431595\" info=\"Mall at Millenia\"]\r\n[\/google_map_marker]\r\n[google_map_marker image=\"https:\/\/westgatecdn.com\/2015\/07\/Orlando-Eye-Icon.png\" lat=\"28.443489\" lng=\"-81.469079\" info=\"Orlando Eye\"]\r\n[\/google_map_marker]\r\n[\/google_map]\r\n<p><\/p>\r\n<\/div>\r\n<p>\r\n                Otros <strong>Hoteles Wetsgate cerca de Disney<\/strong> incluyen Westgate Vacation Villas y Wetsgate Towers. No importa la propiedad que escojas, disfrutar\u00e1s de habitaciones espaciosas y todas las comodidades del hogar, incluyendo una cocina equipada.  Escoge entre una suite espaciosa y c\u00f3moda o una villa con m\u00faltiples habitaciones. Las propiedades Westgate Resorts tambi\u00e9n incluyen piscinas, jacuzzis, mini golf, restaurantes en la propiedad, sala de juegos, cine de Disney, parque acu\u00e1tico y mucho m\u00e1s. \r\n                <\/p><p>\r\n               Existen muchos hoteles cerca de Disney World. \u00c9chale un vistazo a nuestras opciones y escoge el resort perfecto para ti y tu familia. \r\n                <\/p>\r\n\r\n[custom_headline level=\"h3\" looks_like=\"h5\"]Enlaces Acerca de Orlando[\/custom_headline]\r\n\r\n[columnize]\r\n<ul>\t\r\n<li><a href=\"\/es\/orlando\/resorts-and-hotels\/pet-friendly\/\">Hoteles que Aceptan Mascotas en Orlando<\/a><\/li>\r\n<li><a href=\"\/es\/orlando\/resorts-and-hotels\/2-bedroom-suites\/\">Villas de Dos Habitaciones en Orlando<\/a><\/li>\r\n<li><a href=\"\/es\/orlando\/resorts-and-hotels\/3-bedroom-resort\/\">Resorts de Tres Habitaciones en Orlando<\/a><\/li>\r\n<li><a href=\"\/es\/orlando\/resorts-and-hotels\/\">Resorts Familiares en Orlando<\/a><\/li>\r\n<li><a href=\"\/es\/orlando\/resorts-and-hotels\/water-park\/\">Hoteles con Parques de Agua en Orlando<\/a><\/li>\r\n<li><a href=\"\/es\/orlando\/resorts-and-hotels\/near-international-drive\/\">Hoteles Cerca de International Drive<\/a><\/li>\r\n<\/ul>\r\n[\/columnize]\r\n[line]\r\n\r\n[gap size=\"4em\"]\r\n<!--\/left col-->\r\n<\/div>\r\n<div class=\"x-column x-sm x-1-4 last\">\r\n[sidebar sidebar_id=\"ups-sidebar-orlando-silo-sidebar\"]\r\n<\/div>\r\n<\/div>\r\n<!--\/content 2\/3 - 1\/3-->\r\n\r\n[\/container]","protected":false},"excerpt":{"rendered":"<p>[content_band class=\"mtn mbl\" bg_image=\"https:\/\/westgatecdn.com\/2016\/09\/Orlando-Vacation-Packages.jpg\" inner_container=\"true\" parallax=\"false\"] [custom_headline style=\"margin-top: 0; color:#ffffff;\" type=\"center\" level=\"h1\" looks_like=\"h2\"]Hoteles Cerca de Disney World[\/custom_headline] [\/content_band] [container] [custom_headline level=\"h2\" looks_like=\"h3\" class=\"mtn\"]Resorts y Hoteles Cerca de Disney World[\/custom_headline] Orlando, ... <\/p>\n<div><a href=\"https:\/\/www.westgatereservations.com\/es\/orlando\/resorts-and-hotels\/near-disney\/\" class=\"more-link\">Leer M\u00e1s<\/a><\/div>\n","protected":false},"author":2,"featured_media":0,"parent":10867,"menu_order":0,"comment_status":"closed","ping_status":"closed","template":"template-blank-4.php","meta":{"footnotes":""},"_links":{"self":[{"href":"https:\/\/www.westgatereservations.com\/es\/wp-json\/wp\/v2\/pages\/10911"}],"collection":[{"href":"https:\/\/www.westgatereservations.com\/es\/wp-json\/wp\/v2\/pages"}],"about":[{"href":"https:\/\/www.westgatereservations.com\/es\/wp-json\/wp\/v2\/types\/page"}],"author":[{"embeddable":true,"href":"https:\/\/www.westgatereservations.com\/es\/wp-json\/wp\/v2\/users\/2"}],"replies":[{"embeddable":true,"href":"https:\/\/www.westgatereservations.com\/es\/wp-json\/wp\/v2\/comments?post=10911"}],"version-history":[{"count":0,"href":"https:\/\/www.westgatereservations.com\/es\/wp-json\/wp\/v2\/pages\/10911\/revisions"}],"up":[{"embeddable":true,"href":"https:\/\/www.westgatereservations.com\/es\/wp-json\/wp\/v2\/pages\/10867"}],"wp:attachment":[{"href":"https:\/\/www.westgatereservations.com\/es\/wp-json\/wp\/v2\/media?parent=10911"}],"curies":[{"name":"wp","href":"https:\/\/api.w.org\/{rel}","templated":true}]}}