{"id":10907,"date":"2016-08-26T11:30:04","date_gmt":"2016-08-26T15:30:04","guid":{"rendered":"https:\/\/www.westgatereservations.com\/es\/orlando\/resorts-and-hotels\/3-bedroom-resort\/"},"modified":"2019-09-30T14:07:06","modified_gmt":"2019-09-30T18:07:06","slug":"3-bedroom-resort","status":"publish","type":"page","link":"https:\/\/www.westgatereservations.com\/es\/orlando\/resorts-and-hotels\/3-bedroom-resort\/","title":{"rendered":"Villas de Tres Habitaciones en Orlando"},"content":{"rendered":"<!--content 3\/4 - 1\/4-->\r\n<div>\r\n<div class=\"x-column x-sm x-3-4\">\r\n[gap size=\"2em\"]\r\n[custom_headline level=\"h1\" looks_like=\"h3\" class=\"mtn\"]Villas de 3 Habitaciones en Orlando[\/custom_headline]\r\n<p>\r\nLas vacaciones familiares est\u00e1n hechas para divertirte y relajarte. Son una oportunidad para olvidarte de la rutina diaria y gozar de actividades familiares. Para muchos, poder relajarse tambi\u00e9n requiere un buen hotel o resort. <\/p>\r\n\r\n[search-availability layout=\"horizontal\" destination=\"Orlando\"]\r\n<hr class=\"darker-hr\" \/>\r\n<div>\r\n[custom_headline level=\"h2\" looks_like=\"h5\" class=\"mtn\"]Suites de 3 Habitaciones en Westgate Town Center Resort & Spa[\/custom_headline]\r\n[column type=\"one-third\"]\r\n<img decoding=\"async\" style=\"float:left;\" src=\"https:\/\/westgatecdn.com\/2016\/09\/3-bedroom-resort-orlando.jpg\" class=\"x-img-thumbnail\"\/>\r\n<p class=\"\" style=\"float:right; margin-top: -39px; padding:5px; margin-right: 6px; background: rgba(255,255,255,0.8);\">Master Bedroom<\/p>\r\n[\/column]\r\n[column type=\"one-third\" class=\"x-hidden-phone\"]\r\n<img decoding=\"async\" style=\"float:left;\" src=\"https:\/\/westgatecdn.com\/2016\/09\/3-room-hotel-orlando.jpg\" class=\"x-img-thumbnail\"\/>\r\n<p class=\"\"style=\"float:right; margin-top: -39px; padding:5px; margin-right: 6px; background: rgba(255,255,255,0.8);\" >2nd Bedroom<\/p>\r\n[\/column]\r\n[column type=\"one-third\" last=\"true\" class=\"x-hidden-phone\"]\r\n<img decoding=\"async\" style=\"float:left;\" src=\"https:\/\/westgatecdn.com\/2016\/09\/Orlando-3Bedroom-resort.jpg\" class=\"x-img-thumbnail\"\/>\r\n<p class=\"\" style=\"float:right; margin-top: -39px; padding:5px; margin-right: 6px; background: rgba(255,255,255,0.8);\">3rd Bedroom<\/p>\r\n[\/column]\r\n[clear]\r\n<\/div>\r\n<p class=\"mtm\">\r\nEn Orlando, algunos de los <strong>resorts de 3 habitaciones <\/strong>de Westgate son Westgate Lakes Resort & Spa y Westgate Town Center Resort & Spa. Nuestros resorts ofrecen villas espaciosas y lujosas, tambi\u00e9n actividades y amenidades incre\u00edbles. Adem\u00e1s de gozar en los parques tem\u00e1ticos, en nuestros resorts tendr\u00e1s actividades como piscinas, Spa de Clase Mundial, Mini Golf, botes de pedales, tenis, gimnasio, cine Disney, restaurantes en la propiedad, un parque acu\u00e1tico y mucho m\u00e1s.\r\n<\/p>\r\n[gap size=\"1em\"]\r\n<hr class=\"darker-hr\" \/>\r\n[gap size=\"1em\"]\r\n<!-- text content-->\r\n<div>\r\n\t<div class=\"x-column x-sm x-1-2\" style=\"\">\r\n\t\t<div class=\"x-promo\" style=\"text-align: center;\">\r\n\t\t\t<div class=\"x-promo-image-wrap\"><img decoding=\"async\" class=\"mbs\" src=\"https:\/\/westgatecdn.com\/2015\/07\/Westgate-Palace_Two-Bedroom-Villa-2-1.png\" alt=\"Villas de Tres Habitaciones en Orlando\" \/><\/div>\r\n\t\t\t<div class=\"x-promo-content\">\r\n\t\t\t<p style=\"text-align:left;\">\r\nExisten familias que escogen una habitaci\u00f3n de hotel est\u00e1ndar y estas a veces son peque\u00f1as y solo incluyen camas, escritorio, silla y televisi\u00f3n. No necesariamente te ayudan a relajarte. En el otro extremo del espectro, podr\u00edas pasar tus vacaciones familiares de una manera m\u00e1s lujosa y con amplio espacio para toda la familia<\/p>\r\n\t\t\t<hr class=\"x-gap\" style=\"margin: 25px 0 0 0;\">\r\n\t\t\t<br>\r\n\t\t\t<\/div>\r\n\t\t<\/div>\r\n\t<\/div>\r\n\t<div class=\"x-column x-sm x-1-2 last\" style=\"\">\r\n\t\t<div class=\"x-promo\" style=\"text-align: center;\">\r\n\t\t\t<div class=\"x-promo-image-wrap\"><img decoding=\"async\" class=\"mbs\" src=\"https:\/\/westgatecdn.com\/2015\/07\/Westgate-Palace_Two-Bedroom-Villa-3.png\" \/><\/div>\r\n\t\t\t<div class=\"x-promo-content\">\r\n\t\t\t<p style=\"text-align:left;\">\r\nWestgate Resorts tiene varias propiedades en Orlando que ofrecen m\u00faltiples habitaciones. Puedes disfrutar de una villa con todas las comodidades del hogar, incluyendo muebles en piel, televisores de pantalla grande, lavander\u00eda y un balc\u00f3n o patio privado. Mejor a\u00fan, nuestros resorts de 3 habitaciones en Orlando tienen una cocina equipada, sala y comedor separado, m\u00faltiples habitaciones y ba\u00f1os. <\/p>\r\n\t\t\t<hr class=\"x-gap\" style=\"margin: 25px 0 0 0;\">\r\n\t\t\t<br>\r\n\t\t\t<\/div>\r\n\t\t<\/div>\r\n\t<\/div>\r\n<\/div>\r\n[clear]\r\n[gap size=\"1em\"]\r\n<p>\r\nEn vez de estar apretados en una habitaci\u00f3n de hotel peque\u00f1a, los ni\u00f1os tendr\u00e1n suficiente espacio para jugar mientras t\u00fa descansas y te relajas. Al final del d\u00eda, todos tendr\u00e1n el espacio y privacidad que necesitan en una de m\u00faltiples habitaciones. <\/p>\r\n[columnize]\r\n<ul>\t\r\n<li><a href=\"\/es\/orlando\/resorts-and-hotels\/pet-friendly\/\">Hoteles que Aceptan Mascotas en Orlando<\/a><\/li>\r\n<li><a href=\"\/es\/orlando\/resorts-and-hotels\/\">Mejores Resorts en Orlando<\/a><\/li>\r\n<li><a href=\"\/es\/orlando\/resorts-and-hotels\/2-bedroom-suites\/\">Villas de 2 Habitaciones en Orlando<\/a><\/li>\r\n<li><a href=\"\/es\/orlando\/resorts-and-hotels\/near-disney\/\">Hoteles Cerca de Disney World<\/a><\/li>\r\n<li><a href=\"\/es\/orlando\/resorts-and-hotels\/water-park\/\">Hoteles con Parques de Agua en Orlando<\/a><\/li>\r\n<\/ul>\r\n[\/columnize]\r\n[gap size=\"1em\"]\r\n<!--\/left col-->\r\n<\/div>\r\n<div class=\"x-column x-sm x-1-4 last\">\r\n[sidebar sidebar_id=\"ups-sidebar-orlando-silo-sidebar\"]\r\n<\/div>\r\n<\/div>\r\n<!--\/content 2\/3 - 1\/3-->","protected":false},"excerpt":{"rendered":"<p>[gap size=\"2em\"] [custom_headline level=\"h1\" looks_like=\"h3\" class=\"mtn\"]Villas de 3 Habitaciones en Orlando[\/custom_headline] Las vacaciones familiares est\u00e1n hechas para divertirte y relajarte. Son una oportunidad para olvidarte de la rutina diaria y ... <\/p>\n<div><a href=\"https:\/\/www.westgatereservations.com\/es\/orlando\/resorts-and-hotels\/3-bedroom-resort\/\" class=\"more-link\">Leer M\u00e1s<\/a><\/div>\n","protected":false},"author":2,"featured_media":0,"parent":10867,"menu_order":0,"comment_status":"closed","ping_status":"closed","template":"template-blank-1.php","meta":{"footnotes":""},"_links":{"self":[{"href":"https:\/\/www.westgatereservations.com\/es\/wp-json\/wp\/v2\/pages\/10907"}],"collection":[{"href":"https:\/\/www.westgatereservations.com\/es\/wp-json\/wp\/v2\/pages"}],"about":[{"href":"https:\/\/www.westgatereservations.com\/es\/wp-json\/wp\/v2\/types\/page"}],"author":[{"embeddable":true,"href":"https:\/\/www.westgatereservations.com\/es\/wp-json\/wp\/v2\/users\/2"}],"replies":[{"embeddable":true,"href":"https:\/\/www.westgatereservations.com\/es\/wp-json\/wp\/v2\/comments?post=10907"}],"version-history":[{"count":0,"href":"https:\/\/www.westgatereservations.com\/es\/wp-json\/wp\/v2\/pages\/10907\/revisions"}],"up":[{"embeddable":true,"href":"https:\/\/www.westgatereservations.com\/es\/wp-json\/wp\/v2\/pages\/10867"}],"wp:attachment":[{"href":"https:\/\/www.westgatereservations.com\/es\/wp-json\/wp\/v2\/media?parent=10907"}],"curies":[{"name":"wp","href":"https:\/\/api.w.org\/{rel}","templated":true}]}}