{"id":10905,"date":"2016-08-25T14:49:43","date_gmt":"2016-08-25T18:49:43","guid":{"rendered":"https:\/\/www.westgatereservations.com\/es\/orlando\/resorts-and-hotels\/2-bedroom-suites\/"},"modified":"2025-04-08T11:41:00","modified_gmt":"2025-04-08T15:41:00","slug":"2-bedroom-suites","status":"publish","type":"page","link":"https:\/\/www.westgatereservations.com\/es\/orlando\/resorts-and-hotels\/2-bedroom-suites\/","title":{"rendered":"Villas de Dos Habitaciones en Orlando"},"content":{"rendered":"<!--content 3\/4 - 1\/4-->\r\n<div>\r\n<div class=\"x-column x-sm x-3-4\">\r\n[custom_headline level=\"h2\" looks_like=\"h3\" class=\"mtn\"]Villas de Dos Habitaciones en Orlando[\/custom_headline]\r\n<p>\r\nCuando est\u00e1s planificando tus vacaciones en Orlando, FL quieres que todo sea perfecto y tu familia pueda disfrutar al m\u00e1ximo. Quieres que el clima sea agradable, tener entradas a los mejores parques tem\u00e1ticos, acceso a tiendas y restaurantes de clase mundial, en fin, que nada te falte. \u00bfSabes qu\u00e9 es igual de importante? \u00a1El hotel o resort en el que te estar\u00e1s quedando!<\/p>\r\n\r\n[search-availability layout=\"horizontal\" resort_id=\"1007, 937, 981, 659, 1004\" destination=\"Orlando\"]\r\n<\/p>\r\n<hr class=\"darker-hr\" \/>\r\n<div>\r\n[custom_headline level=\"h2\" looks_like=\"h5\" class=\"mtn\"]2 Habitaciones de Westgate Lakes Resort & Spa[\/custom_headline]\r\n[column type=\"one-third\"]\r\n<img decoding=\"async\" style=\"float:left;\" src=\"https:\/\/westgatecdn.com\/2015\/07\/WGL-RC2-TwoBedroom-BR.jpg\" alt=\"2 bedroom suites in Orlando | Westgate Lakes Resort and Spa\" class=\"x-img-thumbnail\"\/>\r\n<p class=\"\" style=\"float:right; margin-top: -39px; padding:5px; margin-right: 6px; background: rgba(255,255,255,0.8);\">Master Bedroom<\/p>\r\n[\/column]\r\n[column type=\"one-third\" class=\"x-hidden-phone\"]\r\n<img decoding=\"async\" style=\"float:left;\" src=\"https:\/\/westgatecdn.com\/2015\/07\/WGL-RC2-TwoBedroom-LR.jpg\" class=\"x-img-thumbnail\" alt=\"Westgate Lakes in Orlando | 2 bedroom suites in Orlando\"\/>\r\n<p class=\"\"style=\"float:right; margin-top: -39px; padding:5px; margin-right: 6px; background: rgba(255,255,255,0.8);\" >Living Room<\/p>\r\n[\/column]\r\n[column type=\"one-third\" last=\"true\" class=\"x-hidden-phone\"]\r\n<img decoding=\"async\" style=\"float:left;\" src=\"https:\/\/westgatecdn.com\/2015\/07\/WGL-RC2-TwoBedroom-BR2.jpg\" class=\"x-img-thumbnail\" alt=\"2 bedroom hotels in orlando | Westgate Resorts Orlando, FL\"\/>\r\n<p class=\"\" style=\"float:right; margin-top: -39px; padding:5px; margin-right: 6px; background: rgba(255,255,255,0.8);\">2nd Bedroom<\/p>\r\n[\/column]\r\n[clear]\r\n<\/div>\r\n<p class=\"mtm\">\r\n\u00bfEst\u00e1s buscando una villa de 2 Habitaciones cerca de Disney World en Orlando? Entonces, te encantar\u00e1n los hermosos Westgate Lakes Resort & Spa y Westgate Town Center Resort & Spa. De hecho, Westgate Town Center est\u00e1 ubicado a solo una milla de la entrada principal de Walt Disney World.\r\n<\/p>\r\n[gap size=\"1em\"]\r\n<hr class=\"darker-hr\" \/>\r\n[gap size=\"1em\"]\r\n<!-- text content-->\r\n<div>\r\n    <div class=\"x-column x-sm x-1-2\" style=\"\">\r\n        <div class=\"x-promo\" style=\"text-align: center;\">\r\n            <div class=\"x-promo-image-wrap\"><img decoding=\"async\" class=\"mbs\" src=\"https:\/\/westgatecdn.com\/2015\/07\/Westgate-Palace_Two-Bedroom-Villa-2-1.png\" alt=\"2 bedroom suites in orlando\" \/><\/div>\r\n            <div class=\"x-promo-content\">\r\n            <p>\r\n<a href=\"https:\/\/www.westgatereservations.com\/es\/resorts\/westgate-palace\/\">Westgate Palace<\/a> tambi\u00e9n ofrece <strong>suites de dos habitaciones en Orlando<\/strong>. Este resort est\u00e1 idealmente ubicado cerca de la International Drive y a un corto viaje en auto de Disney, Universal Studios, Sea World y un sinn\u00famero de tiendas y restaurantes. \r\n<\/p>\r\n            <hr class=\"x-gap\" style=\"margin: 25px 0 0 0;\">\r\n            <br>\r\n            <\/div>\r\n        <\/div>\r\n    <\/div>\r\n    <div class=\"x-column x-sm x-1-2 last\" style=\"\">\r\n        <div class=\"x-promo\" style=\"text-align: center;\">\r\n            <div class=\"x-promo-image-wrap\"><img decoding=\"async\" class=\"mbs\" src=\"https:\/\/westgatecdn.com\/2015\/07\/WGVV-TwoBedroomVillaWithLoft-RC3-BR.jpg\" \/><\/div>\r\n            <div class=\"x-promo-content\">\r\n            <p>\r\nWestgate ofrece espaciosas <strong>villas de dos habitaciones<\/strong> y con todas las comodidades del hogar, incluyendo una cocina equipada. Tambi\u00e9n apreciar\u00e1s que las habitaciones est\u00e1n separadas de la sala y comedor, ofreciendo suficientes espacio para toda la familia. <\/p>\r\n            <hr class=\"x-gap\" style=\"margin: 25px 0 0 0;\">\r\n            <br>\r\n            <\/div>\r\n        <\/div>\r\n    <\/div>\r\n<\/div>\r\n[clear]\r\n[gap size=\"1em\"]\r\n[blockquote type=\"center\"]Llama Hoy y Reserva tu Villa de 2 Habitaciones en Orlando, FL <br>[phone_link][tel][\/phone_link] [\/blockquote]\r\n[gap size=\"2em\"]\r\n<p>\r\nLa realidad es que Orlando tiene tanto para ofrecer cuando se trata de atracciones y alojamiento. \u00a1Imag\u00ednate poder regresar a una villa privada y espaciosa luego de visitar los parques tem\u00e1ticos! No te conformes con habitaciones peque\u00f1as y conoce de nuestras espaciosas villas. <\/p>\r\n<p>\r\nNotar\u00e1s que cuando se trata de hoteles de <strong>dos habitaciones en Orlando<\/strong>, Westgate Resorts tiene las mejores opciones. Westgate ofrece varios resorts en la Florida Central y ofertas para todos los presupuestos y familias. \u00a1Perm\u00edtenos hacer que tus vacaciones sean \u00fanicas e inolvidables! <\/p>\r\n<p>\r\nDisfruta tus vacaciones en Disney al m\u00e1ximo con una estad\u00eda c\u00f3moda y relajante en una villa de dos habitaciones en Orlando, Florida. <\/p>\r\n\r\n[gap size=\"4em\"]\r\n<!--\/left col-->\r\n<\/div>\r\n<div class=\"x-column x-sm x-1-4 last\">\r\n    <div class=\"email-sidebar\">\r\n[subscribe title=\"Sign up for special offers\"]\r\n<\/div>\r\n\r\n<ul class=\"mt-4\">    \r\n<li><a href=\"\/es\/orlando\/resorts-and-hotels\/pet-friendly\/\">Hoteles que Aceptan Mascotas en Orlando<\/a><\/li>\r\n<li><a href=\"\/es\/orlando\/resorts-and-hotels\/\">Hoteles en Orlando<\/a><\/li>\r\n<li><a href=\"\/es\/orlando\/resorts-and-hotels\/3-bedroom-resort\/\">Resort de 3 Habitaciones en Orlando<\/a><\/li>\r\n<li><a href=\"\/es\/orlando\/resorts-and-hotels\/near-disney\/\">Hoteles cerca de Disney World<\/a><\/li>\r\n<li><a href=\"\/es\/orlando\/resorts-and-hotels\/water-park\/\">Hoteles con Parques de Agua en Orlando<\/a><\/li>\r\n<\/ul>\r\n<\/div>\r\n<\/div>\r\n<!--\/content 2\/3 - 1\/3-->","protected":false},"excerpt":{"rendered":"<p>[custom_headline level=\"h2\" looks_like=\"h3\" class=\"mtn\"]Villas de Dos Habitaciones en Orlando[\/custom_headline] Cuando est\u00e1s planificando tus vacaciones en Orlando, FL quieres que todo sea perfecto y tu familia pueda disfrutar al m\u00e1ximo. Quieres ... <\/p>\n<div><a href=\"https:\/\/www.westgatereservations.com\/es\/orlando\/resorts-and-hotels\/2-bedroom-suites\/\" class=\"more-link\">Leer M\u00e1s<\/a><\/div>\n","protected":false},"author":2,"featured_media":0,"parent":10867,"menu_order":0,"comment_status":"closed","ping_status":"closed","template":"template-blank-1.php","meta":{"footnotes":""},"_links":{"self":[{"href":"https:\/\/www.westgatereservations.com\/es\/wp-json\/wp\/v2\/pages\/10905"}],"collection":[{"href":"https:\/\/www.westgatereservations.com\/es\/wp-json\/wp\/v2\/pages"}],"about":[{"href":"https:\/\/www.westgatereservations.com\/es\/wp-json\/wp\/v2\/types\/page"}],"author":[{"embeddable":true,"href":"https:\/\/www.westgatereservations.com\/es\/wp-json\/wp\/v2\/users\/2"}],"replies":[{"embeddable":true,"href":"https:\/\/www.westgatereservations.com\/es\/wp-json\/wp\/v2\/comments?post=10905"}],"version-history":[{"count":0,"href":"https:\/\/www.westgatereservations.com\/es\/wp-json\/wp\/v2\/pages\/10905\/revisions"}],"up":[{"embeddable":true,"href":"https:\/\/www.westgatereservations.com\/es\/wp-json\/wp\/v2\/pages\/10867"}],"wp:attachment":[{"href":"https:\/\/www.westgatereservations.com\/es\/wp-json\/wp\/v2\/media?parent=10905"}],"curies":[{"name":"wp","href":"https:\/\/api.w.org\/{rel}","templated":true}]}}