{"id":10887,"date":"2025-03-30T12:00:32","date_gmt":"2025-03-30T16:00:32","guid":{"rendered":"https:\/\/www.westgatereservations.com\/es\/orlando\/resorts-and-hotels\/pet-friendly\/"},"modified":"2025-04-07T17:40:27","modified_gmt":"2025-04-07T21:40:27","slug":"pet-friendly","status":"publish","type":"page","link":"https:\/\/www.westgatereservations.com\/es\/orlando\/resorts-and-hotels\/pet-friendly\/","title":{"rendered":"Hoteles Que Aceptan Mascotas en Orlando"},"content":{"rendered":"<div>\r\n    <div class=\"ptl background-cover\" style=\"\r\n    background-image:url(https:\/\/westgatecdn.com\/2019\/08\/pet-friendly-hotels-and-resorts-in-orlando.jpg);\">\r\n        <div class=\"x-container max width dshadow x-hidden-phone\">\r\n            <h1 class=\"pts white center-text\"> Hoteles que Aceptan Mascotas en Orlando\r\n\r\n<\/h1>\r\n            <p class=\"h3 man pts white center-text\">\u00a1Encuentra la Escapada de tus Sue\u00f1os!<\/p>\r\n            <div class=\"center-text white mbl\" style=\"font-weight: 500;\">\r\n            <span>DESDE: <\/span><span class=\"h1 white\">$36<\/span> \/POR NOCHE<\/span>\r\n            <\/div>\r\n        <\/div>\r\n        [gap size=\"1em\"]\r\n        <!----->\r\n        <div class=\"x-container max width search-ow-resort availability-search\">\r\n            <div class=\"x-visible-phone\">\r\n                <h1 class=\"dshadow mts white center-text\"> Hoteles y Resorts que Aceptan Mascostas en Orlando\r\n<\/h1>\r\n                <p class=\"h3 dshadow man pts white center-text\">\u00a1Encuentra la Escapada de tus Sue\u00f1os!<\/p>\r\n                <div class=\"availability-horizontal center-text\">\r\n                    <span class=\"no-break\"><span class=\"white\">DESDE: <\/span><span class=\"price white\"><b>$36<\/b><\/span> <span class=\"white\">\/POR NOCHE<\/span><\/span>\r\n                <\/div>\r\n            <\/div>\r\n\r\n            <div class=\"x-content-band marginless-columns mbn ptm pbm\">\r\n                <div class=\"x-container\">\r\n                    <div class=\"x-column x-sm x-1-4 x-hidden-phone\" style=\"vertical-align: middle;\">\r\n                        <p class=\"h3 man white\">Encuentra Habitaciones en Orlando<\/p>\r\n                    <\/div>\r\n                    <div class=\"x-column x-sm x-3-4 last\">\r\n                        [search-availability layout=\"horizontal\" destination=\"Orlando\" hide_title=\"true\" class=\"no-bg pan\"]\r\n                    <\/div>\r\n                <\/div>\r\n            <\/div>\r\n        <\/div>\r\n        [gap size=\"1em\" class=\"x-visible-phone\"]\r\n        <!---->\r\n    <\/div>\r\n<\/div>\r\n[container]\r\n     <div class=\"ptm icon-nav light pbs\">\r\n        [gap size=\"1em\" class=\"x-hidden-phone\"]\r\n            <div class=\"x-column x-1-3 stack-center-m\">\r\n                <div>\r\n                    [phone_link class=\"inheritcolor\"]\r\n                    <div class=\"x-column x-sm x-1-4\">\r\n                        <i class=\"fas fa-phone fa-2x right-stack-m focus\"><\/i>\r\n                    <\/div>\r\n                    <div class=\"x-column x-sm x-3-4 last\">\r\n                        <p class=\"x-visible-phone mts\" style=\"line-height:1.2em;\">\r\n                            <strong>Llama para <br\/> reservar<\/strong>\r\n                        <\/p>\r\n                        <p class=\"x-hidden-phone font-120\">\r\n                            <strong>Llama para Reservar!<\/strong><br\/>\r\n                            <span>[tel]<\/span>\r\n                        <\/p>\r\n                    <\/div>\r\n                    [\/phone_link]\r\n                    [clear]\r\n                <\/div>\r\n            <\/div>\r\n            <div class=\"x-column x-1-3 stack-center-m\">\r\n                <div>\r\n                    [subscribe modal=\"true\" trigger=\"link\" show_name=\"true\" trigger_class=\"inheritcolor\"]\r\n                    <div class=\"x-column x-sm x-1-4\">\r\n                        <i class=\"fas fa-envelope fa-2x right-stack-m\"><\/i>\r\n                    <\/div>\r\n                    <div class=\"x-column x-sm x-3-4 last\">\r\n                        <p class=\"x-visible-phone mts\" style=\"line-height:1.2em;\">\r\n                            <strong>Sign up<br\/> for Deals<\/strong>\r\n                        <\/p>\r\n                        <p class=\"x-hidden-phone font-120\">\r\n                            <strong>\u00a1Inscr\u00edbete para Recibir Ofertas!<\/strong><br\/>\r\n                            <span>Ahorra hasta un 40% de descuento<\/span>\r\n                        <\/p>\r\n                    <\/div>\r\n                    [\/subscribe]\r\n                    [clear]\r\n                <\/div>\r\n            <\/div>\r\n            <div class=\"x-column x-1-3 stack-center-m last\">\r\n                <div>\r\n                    <a href=\"#\"; onclick=\"SnapEngage.startLink();\" class=\"inheritcolor\">\r\n                        <div class=\"x-column x-sm x-1-4\">\r\n                            <i class=\"fas fa-comment-alt fa-2x right-stack-m\"><\/i>\r\n                        <\/div>\r\n                        <div class=\"x-column x-sm x-3-4 last\">\r\n                            <p class=\"x-visible-phone mts\" style=\"line-height:1.2em;\">\r\n                                <strong>Chatea con<br\/> Agentes<\/strong>\r\n                            <\/p>\r\n                            <p class=\"x-hidden-phone font-120\">\r\n                                <strong>Chat en Vivo<\/strong><br\/>\r\n                                <span>Chatea con un agente<\/span>\r\n                            <\/p>\r\n                        <\/div>\r\n                    <\/a>\r\n                    [clear]\r\n                <\/div>\r\n            <\/div>\r\n            [clear]\r\n            [gap size=\"1em\" class=\"x-hidden-phone\"]\r\n        <\/div>\r\n[\/container]\r\n<div class=\"x-colophon\">&nbsp;<\/div>\r\n[container class=\"mbm pbm\"]\r\n    [gap size=\"2em\" class=\"x-hidden-phone\"]\r\n    <div class=\"x-column x-sm x-1-4\">\r\n        <!-- topnav -->\r\n        <wf-scroll hash=\"vacpac\" class=\"x-btn btn-blue x-btn-transparent x-visible-phone mbm\">View Orlando Pet Friendly Hotels<\/wf-scroll>\r\n        <!--\/topnav-->\r\n        [gap size=\"2em\" class=\"x-visible-phone\"]\r\n        <img decoding=\"async\" alt=\"Best Price Guarantee on all of Our Orlando Vacation Packages\" src=\"https:\/\/westgatecdn.com\/2019\/02\/best-price-logo.png\">\r\n        [line class=\"x-hidden-phone\"]\r\n        <img decoding=\"async\" class=\"mtm x-hidden-phone\" alt=\"Free Theme Park Transportation in Orlando with Westgate Resorts Stay\" src=\"https:\/\/westgatecdn.com\/2019\/02\/freetransportation.jpg\">\r\n        [line class=\"x-hidden-phone\"]\r\n        <div class=\"x-hidden-phone\">\r\n            <p class=\"font-400 mbn\"><strong>Nuestros Clientes lo Califican:<\/strong><\/p>\r\n            <div class=\"orange\">\r\n            <i class=\"fas fa-star\" aria-hidden=\"true\"><\/i>\r\n            <i class=\"fas fa-star\" aria-hidden=\"true\"><\/i>\r\n            <i class=\"fas fa-star\" aria-hidden=\"true\"><\/i>\r\n            <i class=\"fas fa-star\" aria-hidden=\"true\"><\/i>\r\n            <i class=\"fas fa-star-half\" aria-hidden=\"true\"><\/i>\r\n            <span>\u00a1Excelente Oferta!<\/span>\r\n            <\/div>\r\n            <p style=\"color:#848b94;\">Lee las <a target=\"_blank\" href=\"\/es\/reviews-orlando\/\" rel=\"noopener noreferrer nofollow\">Calificaciones de nuestros Clientes <\/a><\/p>\r\n            [line]\r\n            <p class=\"center-text mtn font-120\"><strong>\u00a1Somos vendedores autorizados de tickets para los siguientes parques acu\u00e1ticos!<\/strong><\/p>\r\n            <img decoding=\"async\" class=\"mtm\" alt=\"Orlando Theme Parks | Our Orlando Theme Park Partners: Disney, Universal, SeaWorld, Legoland \" src=\"https:\/\/westgatecdn.com\/2019\/03\/side-logo-bar.jpg\">\r\n            [line]\r\n            [content-block name=\"single-sitewide-seasonal-ad\"]\r\n        <\/div>\r\n\r\n    <\/div>\r\n    <div class=\"x-column x-sm x-3-4 last\">\r\n        [gap size=\"1em\" class=\"x-visible-phone\"]\r\n<h2 class=\"h3 mtn mbs\">Resorts que Aceptan Mascotas en Orlando, Florida <\/h2>\r\n\r\n<p>\r\nLas vacaciones te permiten una oportunidad especial de salir y viajar a nuevas zonas mientras te escapas de la misma rutina de siempre. Qu\u00e9 mejor manera de alejarte de las obligaciones del d\u00eda a d\u00eda, as\u00ed como del trabajo y la escuela. \u00a1Y por qu\u00e9 no llevar tambi\u00e9n a nuestras mascotas! \u00a1A las mascotas tambi\u00e9n les gustar\u00eda salir de la rutina! Y puede resultar dif\u00edcil y caro dejar en casa a nuestras mascotas cuando nos vamos de vacaciones.\r\n<\/p>\r\n<p>Viajar con mascotas puede ser una experiencia maravillosa y gratificante para ti y tus mascotas. Si est\u00e1s listo para irte de viaje con tu mascota, puedes hacer que sea m\u00e1s f\u00e1cil con un poco de preparaci\u00f3n, esto incluye encontrar las mejores habitaciones y lugares donde alojarse en Orlando que acepten mascotas. Es importante recordar que cuando encuentres el mejor resort para ti y tu mascota, es crucial que llames antes y verifiques todos los detalles sobre tu mascota. D\u00e9jale saber al hotel que estar\u00e1s trayendo a tu mascota, verifica detalles como los l\u00edmites de peso o raza y la cantidad de mascotas permitidas. Algunos hoteles tambi\u00e9n pueden requerir que tu mascota est\u00e9 completamente vacunada contra la rabia, la bordetella, etc. \r\n<\/p>\r\n\r\n<p>Cuando se trata de alojamientos que aceptan mascotas, puedes encontrar <a href=\"[home_url]specials\/\">paquetes de vacaciones<\/a> econ\u00f3micos y disfrutar de una c\u00f3moda villa cerca de los parques tem\u00e1ticos, cerca de International Drive y cerca de Disney en Lake Buena Vista.<\/p>\r\n\r\n\r\n[line class=\"x-hidden-phone\"]\r\n<h3 class=\"mtn mbm\" id=\"vacpac\">Nuestros Resorts que Aceptan Mascotas en Orlando, Florida<\/h3>\r\n         <!-- Packages-->\r\n[resorts ids=\"5810, 7252, 5886, 5917, 5945\"]\r\n         <!-- \/Packages-->\r\n<\/div>\r\n    [clear]\r\n    [gap size=\"2em\" class=\"x-hidden-phone\"]\r\n[\/container]\r\n\r\n<div style=\"background: #efefef;\">\r\n<div class=\"x-container max width ptl pbs\">\r\n    <h4 class=\"h3 center-text\" id=\"explore\">Consejos Amigables con Tu Mascota para unas <a href=\"https:\/\/www.westgatereservations.com\/es\/orlando\/\">vacaciones en Orlando<\/a><\/h4>\r\n<div class=\"ptl pbl\">\r\n[tab_nav type=\"four-up\"]\r\n[tab_nav_item title=\"Actividades\" active=\"true\"]\r\n[tab_nav_item title=\"Consejos para Empacar\" active=\"\"]\r\n[tab_nav_item title=\"Consejos de Viaje\" active=\"\"]\r\n[tab_nav_item title=\"Pol\u00edtica de Mascotas\" active=\"\"]\r\n[\/tab_nav]\r\n[tabs]\r\n[tab active=\"true\"] \r\n<h3 class=\"h4 mtn\">\r\nActividades en Orlando, FL que Permiten Mascotas \r\n<\/h4>\r\n<p>\r\nPuedes encontrar una amplia gama de \u00e1reas y actividades que permiten mascotas en toda la zona de Florida Central.\r\n<\/p>\r\n<p> <strong>Da un paseo por el Parque Lake Eola <\/strong>\u2013 Esta hermosa \u00e1rea del lago es una verdadera joya y uno de los lugares m\u00e1s populares para llevar a las mascotas a pasear. Ver\u00e1s a tu mascota haciendo amigos mientras camina por el \u00e1rea de aproximadamente una milla alrededor del lago y admira los hermosos e ic\u00f3nicos cisnes. Tambi\u00e9n puedes cenar en uno de los muchos restaurantes exquisitos o visitar una de las varias tiendas boutique cercanas en el \u00e1rea de Downtown Orlando en Florida.\r\n<\/p>\r\n<p>  <strong>Disfruta de un d\u00eda lleno de relajaci\u00f3n<\/strong> \u2013 \u00a1Las Vacaciones son para relajarse! Podr\u00e1s llevar a tu mascota a un Spa de Mascotas local mientras eliminas todo el estr\u00e9s en una de nuestras piscinas al aire libre tropicales o disfrutas de un masaje en nuestro galardonado Serenity Spa. \r\n<\/p>\r\n<p>  <strong>Practica Paddle Board con Tu Amigo Peludo<\/strong> - \u00a1Esta actividad la dejaremos para que decidas! Pero podr\u00eda ser una experiencia genial si t\u00fa y tu perro est\u00e1n preparados para ello. Esta actividad que acepta mascotas te brinda la oportunidad no solo de crear lazos con tu amigo peludo, sino tambi\u00e9n de tomar el sol y el clima incre\u00edble que Orlando, FL tiene para ofrecer. Tambi\u00e9n encontrar\u00e1s una serie de playas que aceptan mascotas a lo largo de las dos costas espectaculares de Florida.\r\n<\/p>\r\n<p> <strong>Realiza una Caminata con tu Mascota<\/strong> \u2013 Pasea con tu mascota en lugares como Wekiwa Springs, donde podr\u00e1s admirar la flora y la fauna de la Florida, pero tambi\u00e9n dar a tu perro su paseo diario en un ambiente divertido y nuevo. Con m\u00e1s de 42,000 acres protegidos a lo largo de una pintoresca cuenca fluvial, el \u00e1rea ofrece muchas opciones de senderismo para ti y Firulais.\r\n<\/p>\r\n[\/tab]\r\n[tab] \r\n<h3 class=\"h4 mtn\">\r\nConsejos para Empacar \u2013 Edici\u00f3n: Mascotas<\/h3>\r\n<p>\r\nDurante tu viaje a Orlando, aseg\u00farate de tener todo lo que puedas necesitar para mantener a tu mascota feliz, tranquila y entretenida tanto en tu habitaci\u00f3n como fuera. \u00a1Esto te permitir\u00e1 tener unas vacaciones sin preocupaciones y ayudar\u00e1 a tus mascotas a disfrutar de esta hermosa ciudad! Aqu\u00ed hay una lista de elementos esenciales cuando viajes con tu mascota a Orlando, FL:\r\n<\/p>\r\n<ul>\r\n<li>Registros de Vacunaci\u00f3n<\/li>\r\n<li>Medalla o Etiqueta con Informaci\u00f3n<\/li>\r\n<li>Collar y Correa<\/li>\r\n<li>Dispensador de Agua y Taz\u00f3n de Comida<\/li>\r\n<li>Comida y Agua (\u00a1mucha agua!)<\/li>\r\n<li>Cama<\/li>\r\n<li>Meriendas<\/li>\r\n<li>Juguetes<\/li>\r\n<li>Porta Mascotas o Cintur\u00f3n de Seguridad<\/li>\r\n<li>Medicamentos Recetados<\/li>\r\n<li>Bolsas para Desechos de Mascotas<\/li>\r\n<li>Zapatos para Mascotas (en caso de que el pavimento est\u00e9 demasiado caliente)<\/li>\r\n<\/ul>\r\n[\/tab]\r\n[tab]\r\n<h3 class=\"h4 mtn\">\r\nConsejos de Viajes con Mascotas<\/h3>\r\n<ul>\r\n<li>Antes de tu vuelo o viaje en auto, te recomendamos llevar a tu perro a caminar y asegurarte de que est\u00e9 bien ejercitado para reducir el exceso de energ\u00eda. Esto ayudar\u00e1 a tu perro a descansar dentro de la jaula.<\/li>\r\n<li>Aseg\u00farate de que tu mascota est\u00e9 en un ambiente fresco mientras est\u00e1s fuera. Como sabes, el clima de Florida a veces puede ser demasiado caluroso para tus amigos peludos, por lo que recomendamos mantener el aire acondicionado encendido y nunca dejarlos desatendidos dentro de un autom\u00f3vil.<\/li>\r\n<li>Las mascotas deben limitarse al asiento trasero y mantenerse seguras mediante el uso de una jaula, un transportador o un arn\u00e9s para mascotas.<\/li>\r\n<li>Mant\u00e9n siempre su correa a mano. Las mascotas tambi\u00e9n necesitan salir y estirar las piernas. Al detenerse por gasolina o en un \u00e1rea de descanso o restaurante, aseg\u00farate de ponerle la correa a tu mascota antes de abrir las puertas. Tambi\u00e9n querr\u00e1s tener cuidado al abrir las puertas de tu habitaci\u00f3n o villa.<\/li>\r\n<li>  A las mascotas les da hambre durante un viaje. Pero es mejor no alimentarlos en un veh\u00edculo en movimiento. Ofr\u00e9cele comidas ligeras y un poco de agua durante tus paradas de descanso.<\/li>\r\n<li>  Planifica con anticipaci\u00f3n y haz saber que tienes un perro o un gato para que podamos explicar la Pol\u00edtica de Mascotas. Una vez que est\u00e9s instalado en tu habitaci\u00f3n, pregunta sobre las \u00e1reas designadas para mascotas alrededor de la propiedad.<\/li>\r\n<\/ul>\r\n[\/tab]\r\n[tab]\r\n<h3 class=\"h4 mtn\">\r\nPol\u00edtica de Mascotas de Westgate Resorts\r\n<\/h3>\r\n[content-block name=\"pet-policy\"]\r\n[\/tab]\r\n[\/tabs]\r\n\r\n <\/div>\r\n    [gap size=\"3em\"]\r\n<\/div>\r\n<\/div>\r\n<!-- call banner-->\r\n<div style=\"background: #232c35;\">\r\n    <div class=\"x-container max width\">\r\n        [gap size=\"1em\"]\r\n        <div class=\"x-column x-sm x-2-3 white stack-center-m pas\">\r\n            <h5 class=\"font-lighter white man\">\u00a1Comienza a Planear tus Vacaciones de Verano en Orlando con Westgate Resorts!<\/h5>\r\n\r\n<p>Te ayudaremos a descubrir lo mejor que Orlando tiene para ofrecer<\/p>\r\n        <\/div>\r\n        <div class=\"x-column x-sm x-1-3 pam last\">\r\n            [phone_link class=\"x-btn x-btn-block btn-orange\"]Llama al [tel][\/phone_link]\r\n            [gap size=\"1em\" class=\"x-visible-phone\"]\r\n        <\/div>\r\n    <\/div>\r\n<\/div>\r\n<!--\/call banner-->\r\n\r\n<div class=\"x-container max width pbl mtl\">\r\n<h5 class=\"h5 mtn\">Enlaces Adicionales de Orlando:<\/h5>\r\n\r\n[columnize]\r\n<ul>\t\r\n<li><a href=\"\/es\/orlando\/resorts-and-hotels\/\">Hoteles Familiares en Orlando Florida<\/a><\/li>\r\n<li><a href=\"\/es\/orlando\/resorts-and-hotels\/2-bedroom-suites\/\">Villas de Dos Habitaciones en Orlando<\/a><\/li>\r\n<li><a href=\"\/es\/orlando\/resorts-and-hotels\/3-bedroom-resort\/\">Resorts de Tres Habitaciones en Orlando<\/a><\/li>\r\n<li><a href=\"\/es\/orlando\/resorts-and-hotels\/near-disney\/\">Hoteles Cerca de Disney World<\/a><\/li>\r\n<li><a href=\"\/es\/orlando\/resorts-and-hotels\/water-park\/\">Hoteles con Parques Acu\u00e1ticos en Orlando<\/a><\/li>\r\n<li><a href=\"\/es\/orlando\/resorts-and-hotels\/near-international-drive\/\">Hoteles Cerca de International Drive<\/a><\/li>\r\n<\/ul>\r\n[\/columnize]\r\n<\/div>\r\n<div class=\"x-column x-sm x-1-4 last\">\r\n[sidebar class=\"mts\" sidebar_id=\"ups-sidebar-orlando-silo-sidebar\"]\r\n<\/div>\r\n<!--\/content 2\/3 - 1\/3-->\r\n\r\n","protected":false},"excerpt":{"rendered":"<p>Hoteles que Aceptan Mascotas en Orlando \u00a1Encuentra la Escapada de tus Sue\u00f1os! DESDE: $36 \/POR NOCHE [gap size=\"1em\"] Hoteles y Resorts que Aceptan Mascostas en Orlando \u00a1Encuentra la Escapada de ... <\/p>\n<div><a href=\"https:\/\/www.westgatereservations.com\/es\/orlando\/resorts-and-hotels\/pet-friendly\/\" class=\"more-link\">Leer M\u00e1s<\/a><\/div>\n","protected":false},"author":2,"featured_media":0,"parent":10867,"menu_order":0,"comment_status":"closed","ping_status":"closed","template":"template-blank-4.php","meta":{"footnotes":""},"_links":{"self":[{"href":"https:\/\/www.westgatereservations.com\/es\/wp-json\/wp\/v2\/pages\/10887"}],"collection":[{"href":"https:\/\/www.westgatereservations.com\/es\/wp-json\/wp\/v2\/pages"}],"about":[{"href":"https:\/\/www.westgatereservations.com\/es\/wp-json\/wp\/v2\/types\/page"}],"author":[{"embeddable":true,"href":"https:\/\/www.westgatereservations.com\/es\/wp-json\/wp\/v2\/users\/2"}],"replies":[{"embeddable":true,"href":"https:\/\/www.westgatereservations.com\/es\/wp-json\/wp\/v2\/comments?post=10887"}],"version-history":[{"count":0,"href":"https:\/\/www.westgatereservations.com\/es\/wp-json\/wp\/v2\/pages\/10887\/revisions"}],"up":[{"embeddable":true,"href":"https:\/\/www.westgatereservations.com\/es\/wp-json\/wp\/v2\/pages\/10867"}],"wp:attachment":[{"href":"https:\/\/www.westgatereservations.com\/es\/wp-json\/wp\/v2\/media?parent=10887"}],"curies":[{"name":"wp","href":"https:\/\/api.w.org\/{rel}","templated":true}]}}