{"id":10863,"date":"2016-08-09T13:56:36","date_gmt":"2016-08-09T17:56:36","guid":{"rendered":"https:\/\/www.westgatereservations.com\/es\/orlando\/vacation-packages\/waterpark\/"},"modified":"2023-05-31T11:37:09","modified_gmt":"2023-05-31T15:37:09","slug":"waterpark","status":"publish","type":"page","link":"https:\/\/www.westgatereservations.com\/es\/orlando\/vacation-packages\/waterpark\/","title":{"rendered":"Ofertas de Parques de Agua en Orlando"},"content":{"rendered":"<section role=\"contentinfo\">\r\n    <img decoding=\"async\" src=\"https:\/\/westgatecdn.com\/2019\/04\/orlano-waterpark-vacation.jpg\" alt=\"Parque Acuatico Orlando\" class=\"x-visible-phone\">\r\n    <div class=\"x-container max width\">\r\n        [gap size=\"3em\" class=\"x-hidden-phone\"]\r\n            <div class=\"x-column x-sm x-1-2 x-1-2-push rel last\">\r\n               <img decoding=\"async\" src=\"https:\/\/westgatecdn.com\/2019\/04\/orlano-waterpark-vacation.jpg\" alt=\"Parques de Agua en  Orlando\" class=\"x-hidden-phone\">\r\n               [clear]\r\n            <\/div>\r\n            <div class=\"x-column x-sm x-1-2 x-1-2-pull rel\">\r\n                [gap size=\"1em\" class=\"x-visible-phone\"]\r\n                <h1 class=\"h3 man mbs\">Ofertas de Parques de Agua en Orlando<\/h1>\r\n                <p>Ya sea que escojas visitar un parque o m\u00faltiples, encontrar\u00e1s diversi\u00f3n, aventura y atracciones con nuestras ofertas vacacionales para los Parques Acu\u00e1ticos de Orlando. Los parques acu\u00e1ticos de Orlando ofrecen algo para todas las edades y en diferentes niveles y extremos. Puedes escoger entre un relajante lazy river o unos emocionantes toboganes que te dejar\u00e1n sin palabras.<\/p>\r\n                <div class=\"x-container stack-center-m icon-nav light\">\r\n                    <div class=\"x-column x-not-sm x-1-3\">\r\n                        [phone_link class=\"inheritcolor\"]\r\n                            <i class=\"fas fa-phone fa-2x left-stack-m focus\"><\/i>\r\n                            <div class=\"left-stack-m mrm\" style=\"height:10px;\">&nbsp;<\/div>\r\n                            <p class=\"x-visible-phone mts\">\r\n                                <strong>Llama para<br\/> Reservar<\/strong>\r\n                            <\/p>\r\n                            <p class=\"x-hidden-phone font-120\" style=\"line-height: 3em;\">\r\n                                <strong>\u00a1Llama para Reservar!<\/strong>\r\n                                <span>[tel]<\/span>\r\n                            <\/p>\r\n                        [\/phone_link]\r\n                        [clear]\r\n                    <\/div>\r\n                    <div class=\"x-column x-not-sm x-1-3\">\r\n                        [subscribe modal=\"true\" trigger=\"link\" show_name=\"true\" trigger_class=\"inheritcolor\"]\r\n                            <i class=\"fas fa-envelope fa-2x left-stack-m\"><\/i>\r\n                            <div class=\"left-stack-m mrm\" style=\"height:10px;\">&nbsp;<\/div>\r\n                            <p class=\"x-visible-phone mts\">\r\n                                <strong>\u00a1Suscr\u00edbete y<br\/> recibe Ofertas!<\/strong>\r\n                            <\/p>\r\n                            <p class=\"x-hidden-phone font-120\" style=\"line-height: 3em;\">\r\n                                <strong>\u00a1Suscr\u00edbete y recibe Ofertas!<\/strong>\r\n                                <span>Ahorra hasta un 40%<\/span>\r\n                            <\/p>\r\n                        [\/subscribe]\r\n                        [clear]\r\n                    <\/div>\r\n                    <div class=\"x-column x-not-sm x-1-3 last\">\r\n                        <a href=\"#\"; onclick=\"SnapEngage.startLink();\" class=\"inheritcolor\">\r\n                            <i class=\"fas fa-comment-alt fa-2x left-stack-m\"><\/i>\r\n                            <div class=\"left-stack-m mrm\" style=\"height:10px;\">&nbsp;<\/div>\r\n                            <p class=\"x-visible-phone mts\">\r\n                                <strong>Charla con un<br\/> Agente<\/strong>\r\n                            <\/p>\r\n                            <p class=\"x-hidden-phone font-120\" style=\"line-height: 3em;\">\r\n                                <strong>Chat en Vivo<\/strong>\r\n                                <span>Charla con un Agente<\/span>\r\n                            <\/p>\r\n                        <\/a>\r\n                        [clear]\r\n                    <\/div>\r\n                <\/div>\r\n            <\/div>\r\n            [clear]\r\n        [gap size=\"2em\"]\r\n    <\/div>\r\n<\/section>\r\n[gap size=\"3em\" class=\"x-hidden-phone\"]\r\n<section role=\"search\">\r\n    <div class=\"availability-search x-content-band marginless-columns\">\r\n        <div class=\"x-container max width pbm ptm\">\r\n            <div class=\"x-column x-sm x-1-4\" style=\"vertical-align: middle;\">\r\n                <p class=\"h3 man white\">\u00a1Reserva tus Vacaciones Acu\u00e1ticas!<\/p>\r\n            <\/div>\r\n            <div class=\"x-column x-sm x-3-4 last\">\r\n                [search-availability layout=\"horizontal\" destination=\"Orlando\" hide_title=\"true\" class=\"no-bg pan\"]\r\n            <\/div>\r\n        <\/div>\r\n    <\/div>\r\n<\/section>\r\n<section role=\"contentinfo\">\r\n    [container class=\"mbl pbl\"]\r\n        [gap size=\"2em\" class=\"x-hidden-phone\"]\r\n        <div class=\"x-column x-sm x-1-4 x-3-4-push rel last\">\r\n            <aside>\r\n                <!-- mobile -->\r\n                <wf-scroll hash=\"specials\" class=\"x-btn x-btn-block btn-blue x-btn-transparent x-visible-phone mts mbs\">Ver Paquetes de Parques de Agua<\/wf-scroll>\r\n                <!--\/mobile-->\r\n                [gap size=\"2em\" class=\"x-visible-phone\"]\r\n                <img decoding=\"async\" src=\"https:\/\/westgatecdn.com\/2019\/07\/mejor_precio_garantizado.png\" alt=\"Mejor Precio Garantizado en Ofertas de Parques de Agua\">\r\n                [line]\r\n                <div class=\"x-hidden-phone\">\r\n                    <img decoding=\"async\" class=\"mtm\" src=\"https:\/\/westgatecdn.com\/2019\/07\/transporte_gratuito_a_los_parques.jpg\" alt=\"Transporte Gratuito a los Parques Tem\u00e1ticos\">\r\n                    [content-block name=\"orlando-reviews-rating\"]\r\n                    [content-block name=\"single-sitewide-seasonal-ad\"]\r\n                <\/div>\r\n            <\/aside>\r\n        <\/div>\r\n\r\n        <div class=\"x-column x-sm x-3-4 x-1-4-pull rel\">\r\n            <h2 class=\"h3 mtn mbm\">Paquetes Vacacionales en los Parques Acu\u00e1ticos de Orlando<\/h2>\r\n            <img decoding=\"async\" src=\"https:\/\/westgatecdn.com\/2019\/04\/orlando-shipwreck-island.jpg\" alt=\"Parque Acuatico shipwrek island en Kissimmee\">\r\n            <div class=\"x-container ptm\">\r\n                [gap size=\".5em\" class=\"x-visible-phone\"]\r\n                    <img decoding=\"async\" src=\"https:\/\/westgatecdn.com\/2019\/04\/waterparklogo.jpg\" alt=\"Typhoon Lagoon logo | Aquatica Logo | Shiwreck island logo | Legoland Waterpark logo | Blizzard Beach Logo | Volcano Bay Logo\">\r\n            <\/div>\r\n            <div class=\"read-more\" ng-class=\"{expand: show}\">\r\n                <p class=\"mtl\">[dropcap]C[\/dropcap]on su ubicaci\u00f3n subtropical, notar\u00e1s que el clima en Orlando var\u00eda entre agradable hasta caluroso y h\u00famedo. De hecho, durante la primavera, verano, y oto\u00f1o, las temperaturas pueden permanecer en los 90 grados Fahrenheit. Es por eso que muchos visitantes optan por comprar un paquete vacacional con Parques Acu\u00e1ticos. <\/p>\r\n                <p class=\"mbn\">\r\n                Cuando se trata de los mejores parques acu\u00e1ticos en Orlando, tendr\u00e1s muchas opciones. Algunos de los m\u00e1s reconocidos incluyen Disney\u2019s Blizzard Beach, Disney\u2019s Typhoon Lagoon, Aquatica by SeaWorld, y Wet N Wild. Sin embargo, este es el \u00faltimo a\u00f1o en el que podr\u00e1s disfrutar de Wet n Wild ya que est\u00e1 siendo reemplazado con un nuevo parque acu\u00e1tico de Universal, \u00a1Volcano Bay! Este nuevo parque estar\u00e1 abierto en el 2017. Tambi\u00e9n tenemos Legoland Florida y este ofrece un parque acu\u00e1tico para ni\u00f1os aventureros.\r\n\r\n\r\n                 <\/p>\r\n                <div ng-if=\"!show\" class=\"fade-bottom\"><\/div>\r\n            <\/div>\r\n            <button class=\"x-visible-phone read-m\" ng-init=\"show = false\" ng-hide=\"show\" ng-click=\"show = !show\">Leer M\u00e1s<\/button>\r\n        <\/div>\r\n        [clear]\r\n        [gap size=\"2em\"]\r\n    [\/container]\r\n<\/section>\r\n<!-- featured resorts-->\r\n<section role=\"contentinfo\">\r\n    <div style=\"background: #efefef;\">\r\n        [container class=\"ptl pbl\"]\r\n            <h3 class=\"mbm center-text\" id=\"specials\">Ofertas de Parques de Agua en Orlando:<\/h3>\r\n            <div class=\"cards\">\r\n                [specials ids=\"8640,14366,16040,8221\"]\r\n            <\/div>\r\n            [gap size=\"1em\"]\r\n        [\/container]\r\n    <\/div>\r\n<\/section>\r\n<!---->\r\n<section role=\"contentinfo\">\r\n    <div class=\"x-container max width ptl pbl mtl mbl\">\r\n        [gap size=\"1em\" class=\"x-hidden-phone\"]\r\n        <div class=\"x-column x-sm x-1-2\">\r\n            <div class=\"rv-container\">\r\n                [embed_video youtube_id=\"7Oo5_XJ26wI\" ]\r\n              \r\n            <\/div>\r\n        <\/div>\r\n        <div class=\"x-column x-sm x-1-2 last\">\r\n            <div class=\"\">\r\n                <div class=\"x-column x-sm x-1-6\">\r\n                    &nbsp;\r\n                <\/div>\r\n                <div class=\"x-column x-sm x-2-3\">\r\n                    [gap size=\"1em\" class=\"x-hidden-phone\"]\r\n                    <h3 class=\"h5 mbm mtn center-text\">\u00a1Comienza a planificar tus vacaciones en Orlando con Westgate Resorts!<\/h3>\r\n                    [content-block name=\"call-hours\"]\r\n                <!--\/\/-->\r\n                <\/div>\r\n                <div class=\"x-column x-sm x-1-6 last x-hidden-phone\">\r\n                    &nbsp;\r\n                <\/div>\r\n            <\/div>\r\n        <\/div>\r\n    <\/div>\r\n<\/section>\r\n<!-- explore -->\r\n<section role=\"contentinfo\">\r\n    <div style=\"background: #efefef;\">\r\n        [container class=\"ptl pbl\"]\r\n        <h4 class=\"h3 mbm\">Explora los Parques Acu\u00e1ticos de Orlando<\/h4>\r\n        <div class=\"x-container mbl\">\r\n            <div class=\"x-column x-1-4 x-sm\">\r\n                <img decoding=\"async\" class=\"mbm\" src=\"https:\/\/westgatecdn.com\/2019\/04\/shipwreck-island-waterpark.jpg\" alt=\"Parque Acuatico Shipwreck Island en Orlando\">\r\n            <\/div>\r\n            <div class=\"x-column x-3-4 x-sm last\">\r\n                <h6 class=\"mtn\">Shipwreck Island<\/h6>\r\n                <p class=\"mbs\">Para tener las mejores vacaciones en un parque acu\u00e1tico, realmente no tienes que salir del resort. \u00a1Shipwreck Island es el incre\u00edble parque acu\u00e1tico dentro de nuestro Westgate Town Center Resort & Spa! A solo pasos de tu lujosa villa, encontrar\u00e1s un lazy river, los toboganes Cannon Ball Falls, el tobog\u00e1n Pirate\u2019s Plunge, y el Barco Pirata de Black Beard donde podr\u00e1s jugar en las fuentes y ca\u00f1ones de agua, piscinas, el restaurante Jolly Roger\u2019s Galley y mucho m\u00e1s.<\/p>\r\n            <\/div>\r\n        <\/div>\r\n        <div class=\"x-container mbl\">\r\n            <div class=\"x-column x-1-4 x-sm\">\r\n                <img decoding=\"async\" class=\"mbm\" src=\"https:\/\/westgatecdn.com\/2019\/04\/disney-typhoon-lagoon.jpg\" alt=\"Disney's Typhoon Lagoon | Crush N' Gusher ride\">\r\n            <\/div>\r\n            <div class=\"x-column x-3-4 x-sm last\">\r\n                <h6 class=\"mtn\">DISNEY'S TYPHOON LAGOON<\/h6>\r\n                <p class=\"mbs\">Typhoon Lagoon est\u00e1 repleto de toboganes incre\u00edbles, r\u00e1pidos y locos hasta un relajante lazy river. Este parque de 56 acres tiene aventuras en lugares como el Castaway Creek \u2013 un lazy river que cruza 2,100 pies de cuevas, bosques, cascadas y m\u00e1s. Tambi\u00e9n encontrar\u00e1s el Gangplank Falls, un tobog\u00e1n para toda la familia; Crush \u2018N\u201d Gusher y sus curvas y giros; Humunga Cowabunga, un tobog\u00e1n que alcanza hasta las 30mph; y la atracci\u00f3n principal una piscina de surf que crea olas de hasta 6 pies de altura.<\/p>\r\n            <\/div>\r\n        <\/div>\r\n        <div class=\"x-container mbl\">\r\n            <div class=\"x-column x-1-4 x-sm\">\r\n                <img decoding=\"async\" class=\"mbm\" src=\"https:\/\/westgatecdn.com\/2019\/04\/disneys-blizzard-beach.jpg\" alt=\"Disney's Blizzard Beach\">\r\n            <\/div>\r\n            <div class=\"x-column x-3-4 x-sm last\">\r\n                <h6 class=\"mtn\">DISNEY'S BLIZZARD BEACH<\/h6>\r\n                <p class=\"mbs\">Rel\u00e1jate en la \u201chelada\u201d playa de Orlando llamada Blizzard Beach. Este incre\u00edble parque acu\u00e1tico parece un resort de esquiar y ofrece todo desde un lazy river hasta toboganes. Goza del Melt-Away Bay, una piscina de olas; el Downhill Double Dipper, un tobog\u00e1n de 230 pies de largo en donde alcanzas hasta las 25 mph; Slush Gusher, un tobog\u00e1n de 90 pies de altura, y el desafioso Summit Plummet, \u00a1un tobog\u00e1n que alcanza las 55 mph!<\/p>\r\n            <\/div>\r\n        <\/div>\r\n        <div class=\"x-container mbl\">\r\n            <div class=\"x-column x-1-4 x-sm\">\r\n                <img decoding=\"async\" class=\"mbm\" src=\"https:\/\/westgatecdn.com\/2019\/04\/orlando-aquatica-beach.jpg\" alt=\"Parque Aquatica Seaworld\">\r\n            <\/div>\r\n            <div class=\"x-column x-3-4 x-sm last\">\r\n                <h6 class=\"mtn\">AQUATICA DE SEAWORLD<\/h6>\r\n                <p class=\"mbs\">Este colorido parque acu\u00e1tico de SeaWorld ofrece alta velocidad, playas con arena y encuentros con animales. Con sus 60 pintorescos paisajes, Aquatica es un para\u00edso con sus r\u00edos azules, cuevas escondidas, cascadas refrescantes y flora tropical. Algunos de los animales incluyen los delfines de Commerson, guacamayos brillantes y peces coloridos. Disfruta de 36 toboganes, seis r\u00edos y lagunas, m\u00e1s de 80,000 pies cuadrados de arena y la torre m\u00e1s alta en Orlando,k Breakaway Falls.\r\n\r\n<\/p>\r\n            <\/div>\r\n        <\/div>\r\n        <div class=\"x-container mbl\">\r\n            <div class=\"x-column x-1-4 x-sm\">\r\n                <img decoding=\"async\" class=\"mbm\" src=\"https:\/\/westgatecdn.com\/2019\/05\/Volcano-Bay-Waterpark-Orlando.jpg\" alt=\"Parque Univeral Studios Volcano Bay en Orlando\">\r\n            <\/div>\r\n            <div class=\"x-column x-3-4 x-sm last\">\r\n                <h6 class=\"mtn\">UNIVERSAL'S VOLCANO BAY<\/h6>\r\n                <p class=\"mbs\">E Parque Acu\u00e1tico Volcano Bay ofrece nuevas aventuras marinas en un para\u00edso tropical y el volc\u00e1n gigante, Krakatau. Este volc\u00e1n de 200 pies de altura tiene cascadas durante el d\u00eda y explosiones de lava durante la noche. Dentro del volc\u00e1n, encontrar\u00e1s toboganes y en el parque veras lagunas, una piscina de olas, \u00e1rea para ni\u00f1os y un sinn\u00famero de otras atracciones y toboganes.\r\n\r\n<\/p>\r\n            <\/div>\r\n        <\/div>\r\n        <div class=\"x-container mbl\">\r\n            <div class=\"x-column x-1-4 x-sm\">\r\n                <img decoding=\"async\" class=\"mbm\" src=\"https:\/\/westgatecdn.com\/2019\/05\/Legoland-waterpark.jpg\" alt=\"Parque Acuatico Legoland\">\r\n            <\/div>\r\n            <div class=\"x-column x-3-4 x-sm last\">\r\n                <h6 class=\"mtn\">PARQUE ACU\u00c1TICO LEGOLAND<\/h6>\r\n                <p class=\"mbs\">\u00a1Legoland es perfecto para los peque\u00f1ines! Este parque est\u00e1 dise\u00f1ado para ni\u00f1os de 2-12 a\u00f1os. Entre sus atracciones incluye una piscina de olas Lego, un lazy river donde construyes tu balsa, toboganes, y una variedad de atracciones acu\u00e1ticos donde los ni\u00f1os pueden usar su imaginaci\u00f3n con bloques de Lego gigantes.<\/p>\r\n            <\/div>\r\n        <\/div>\r\n        [\/container]\r\n    <\/div>\r\n<\/section>\r\n<!-- cta bar -->\r\n<section role=\"contentinfo\">\r\n    <div style=\"background: #232c35;\">\r\n        <div class=\"x-container max width\">\r\n            [gap size=\"1em\"]\r\n            <div class=\"x-column x-sm x-2-3 white stack-center-m pas\">\r\n                <h5 class=\"font-lighter white man\">Crea tu propia Aventura Acu\u00e1tica<\/h5>\r\n                <p>\u00a1con Westgate Resorts!<\/p>\r\n            <\/div>\r\n            <div class=\"x-column x-sm x-1-3 pam last\">\r\n                [phone_link class=\"x-btn x-btn-block btn-orange\"]Llama al [tel][\/phone_link]\r\n            <\/div>\r\n        <\/div>\r\n    <\/div>\r\n<\/section>\r\n<!-- additional links -->\r\n<section role=\"contentinfo\">\r\n    <div class=\"x-container max width pbl mtl\">\r\n        <h4 class=\"h5 mtn\">Enlaces Adicionales de Orlando:<\/h4>\r\n        [columnize]\r\n        <ul>    \r\n        <li><a href=\"\/es\/orlando\/vacation-packages\/disney\/\">Ofertas de Disney<\/a><\/li>\r\n        <li><a href=\"\/es\/orlando\/vacation-packages\/universal\/\">Ofertas de Universal Studios<\/a><\/li>\r\n        <li><a href=\"\/es\/orlando\/vacation-packages\/legoland\/\">Ofertas de Legoland<\/a><\/li>\r\n        <li><a href=\"\/es\/orlando\/vacation-packages\/waterpark\/\">Ofertas de Parques Acu\u00e1ticos en Orlando<\/a><\/li>\r\n        <li><a href=\"\/es\/orlando\/vacation-packages\/\">Paquetes Vacacionales de Orlando<\/a><\/li>\r\n        <\/ul>\r\n        [\/columnize]\r\n    <\/div>\r\n<\/section>\r\n","protected":false},"excerpt":{"rendered":"<p>[gap size=\"3em\" class=\"x-hidden-phone\"] [clear] [gap size=\"1em\" class=\"x-visible-phone\"] Ofertas de Parques de Agua en Orlando Ya sea que escojas visitar un parque o m\u00faltiples, encontrar\u00e1s diversi\u00f3n, aventura y atracciones con nuestras ... <\/p>\n<div><a href=\"https:\/\/www.westgatereservations.com\/es\/orlando\/vacation-packages\/waterpark\/\" class=\"more-link\">Leer M\u00e1s<\/a><\/div>\n","protected":false},"author":2,"featured_media":0,"parent":10828,"menu_order":0,"comment_status":"closed","ping_status":"closed","template":"template-blank-4.php","meta":{"footnotes":""},"_links":{"self":[{"href":"https:\/\/www.westgatereservations.com\/es\/wp-json\/wp\/v2\/pages\/10863"}],"collection":[{"href":"https:\/\/www.westgatereservations.com\/es\/wp-json\/wp\/v2\/pages"}],"about":[{"href":"https:\/\/www.westgatereservations.com\/es\/wp-json\/wp\/v2\/types\/page"}],"author":[{"embeddable":true,"href":"https:\/\/www.westgatereservations.com\/es\/wp-json\/wp\/v2\/users\/2"}],"replies":[{"embeddable":true,"href":"https:\/\/www.westgatereservations.com\/es\/wp-json\/wp\/v2\/comments?post=10863"}],"version-history":[{"count":0,"href":"https:\/\/www.westgatereservations.com\/es\/wp-json\/wp\/v2\/pages\/10863\/revisions"}],"up":[{"embeddable":true,"href":"https:\/\/www.westgatereservations.com\/es\/wp-json\/wp\/v2\/pages\/10828"}],"wp:attachment":[{"href":"https:\/\/www.westgatereservations.com\/es\/wp-json\/wp\/v2\/media?parent=10863"}],"curies":[{"name":"wp","href":"https:\/\/api.w.org\/{rel}","templated":true}]}}