{"id":10849,"date":"2016-08-04T16:55:14","date_gmt":"2016-08-04T20:55:14","guid":{"rendered":"https:\/\/www.westgatereservations.com\/es\/orlando\/vacation-packages\/legoland\/"},"modified":"2024-09-11T14:52:49","modified_gmt":"2024-09-11T18:52:49","slug":"legoland","status":"publish","type":"page","link":"https:\/\/www.westgatereservations.com\/es\/orlando\/vacation-packages\/legoland\/","title":{"rendered":"Paquetes Vacacionales de Legoland"},"content":{"rendered":"<section role=\"contentinfo\">\r\n    <img decoding=\"async\" alt=\"entradas legoland\" src=\"https:\/\/westgatecdn.com\/2019\/03\/legoland-vacation-packages.jpg\" class=\"x-visible-phone\">\r\n    <div class=\"x-container max width\">\r\n        [gap size=\"3em\" class=\"x-hidden-phone\"]\r\n            <div class=\"x-column x-sm x-1-2 x-1-2-push rel last\">\r\n               <img decoding=\"async\" alt=\"boletos legoland\" src=\"https:\/\/westgatecdn.com\/2019\/03\/legoland-vacation-packages.jpg\" class=\"x-hidden-phone\">\r\n               [clear]\r\n            <\/div>\r\n            <div class=\"x-column x-sm x-1-2 x-1-2-pull rel\">\r\n                [gap size=\"1em\" class=\"x-visible-phone\"]\r\n                <h1 class=\"h3 man mbs\">Paquetes Vacacionales de Legoland<\/h1>\r\n                <p>Florida Central es el hogar de parques tem\u00e1ticos de categoria mundial con una innovaci\u00f3n sin igual. Pero, \u00a1solo un parque es realmente dedicado para los m\u00e1s peque\u00f1os y est\u00e1 completamente hecho de Legos! Dale la bienvenida a LEGOLAND en la hermosa ciudad de Winter Haven, FL. <\/p>\r\n                <div class=\"x-container stack-center-m icon-nav light\">\r\n                    <div class=\"x-column x-not-sm x-1-3\">\r\n                        [phone_link class=\"inheritcolor\"]\r\n                            <i class=\"fas fa-phone fa-2x left-stack-m focus\"><\/i>\r\n                            <div class=\"left-stack-m mrm\" style=\"height:10px;\">&nbsp;<\/div>\r\n                            <p class=\"x-visible-phone mts\">\r\n                                <strong>Llama para<br\/> Reservar<\/strong>\r\n                            <\/p>\r\n                            <p class=\"x-hidden-phone font-120\" style=\"line-height: 3em;\">\r\n                                <strong>\u00a1Llama para Reservar!<\/strong>\r\n                                <span>[tel]<\/span>\r\n                            <\/p>\r\n                        [\/phone_link]\r\n                        [clear]\r\n                    <\/div>\r\n                    <div class=\"x-column x-not-sm x-1-3\">\r\n                        [subscribe modal=\"true\" trigger=\"link\" show_name=\"true\" trigger_class=\"inheritcolor\"]\r\n                            <i class=\"fas fa-envelope fa-2x left-stack-m\"><\/i>\r\n                            <div class=\"left-stack-m mrm\" style=\"height:10px;\">&nbsp;<\/div>\r\n                            <p class=\"x-visible-phone mts\">\r\n                                <strong>\u00a1Suscr\u00edbete y<br\/> recibe Ofertas!<\/strong>\r\n                            <\/p>\r\n                            <p class=\"x-hidden-phone font-120\" style=\"line-height: 3em;\">\r\n                                <strong>\u00a1Suscr\u00edbete y recibe Ofertas!<\/strong>\r\n                                <span>Ahorra hasta un 40%<\/span>\r\n                            <\/p>\r\n                        [\/subscribe]\r\n                        [clear]\r\n                    <\/div>\r\n                    <div class=\"x-column x-not-sm x-1-3 last\">\r\n                        <a href=\"#\"; onclick=\"SnapEngage.startLink();\" class=\"inheritcolor\">\r\n                            <i class=\"fas fa-comment-alt fa-2x left-stack-m\"><\/i>\r\n                            <div class=\"left-stack-m mrm\" style=\"height:10px;\">&nbsp;<\/div>\r\n                            <p class=\"x-visible-phone mts\">\r\n                                <strong>Chatea con un<br\/> Agente<\/strong>\r\n                            <\/p>\r\n                            <p class=\"x-hidden-phone font-120\" style=\"line-height: 3em;\">\r\n                                <strong>Chat en Vivo<\/strong>\r\n                                <span>Chatea con un Agente<\/span>\r\n                            <\/p>\r\n                        <\/a>\r\n                        [clear]\r\n                    <\/div>\r\n                <\/div>\r\n            <\/div>\r\n            [clear]\r\n        [gap size=\"2em\"]\r\n    <\/div>\r\n<\/section>\r\n[gap size=\"3em\" class=\"x-hidden-phone\"]\r\n<section role=\"search\">\r\n    <div class=\"availability-search x-content-band marginless-columns\">\r\n        <div class=\"x-container max width pbm ptm\">\r\n            <div class=\"x-column x-sm x-1-4\" style=\"vertical-align: middle;\">\r\n                <p class=\"h3 man white\">\u00a1Obt\u00e9n Nuestros Precios M\u00e1s Bajos!<\/p>\r\n            <\/div>\r\n            <div class=\"x-column x-sm x-3-4 last\">\r\n                [search-availability layout=\"horizontal\" destination=\"Orlando\" hide_title=\"true\" class=\"no-bg pan\"]\r\n            <\/div>\r\n        <\/div>\r\n    <\/div>\r\n<\/section>\r\n<section role=\"contentinfo\">\r\n    [container class=\"mbl pbl\"]\r\n        [gap size=\"2em\" class=\"x-hidden-phone\"]\r\n        <div class=\"x-column x-sm x-1-4 x-3-4-push rel last\">\r\n            <aside>\r\n                <!-- mobile -->\r\n                <wf-scroll hash=\"specials\" class=\"x-btn x-btn-block btn-blue x-btn-transparent x-visible-phone mts mbs\">Ver Ofertas de Legoland<\/wf-scroll>\r\n                <!--\/mobile-->\r\n                [gap size=\"2em\" class=\"x-visible-phone\"]\r\n                <img decoding=\"async\" src=\"https:\/\/westgatecdn.com\/2019\/07\/mejor_precio_garantizado.png\">\r\n                [line]\r\n                <div class=\"x-hidden-phone\">\r\n                    <img decoding=\"async\" class=\"mtm\" src=\"https:\/\/westgatecdn.com\/2019\/07\/transporte_gratuito_a_los_parques.jpg\">\r\n                    [line]\r\n                    [content-block name=\"single-sitewide-seasonal-ad\"]\r\n                <\/div>\r\n            <\/aside>\r\n        <\/div>\r\n        <div class=\"x-column x-sm x-3-4 x-1-4-pull rel\">\r\n            <h2 class=\"h3 mtn mbm\">Paquetes Vacacionales de Legoland, Construidos Bloque por Bloque<\/h2>\r\n            <img alt=\"boletos para legoland\" ng-src=\"{{app.data.is_mobile && 'https:\/\/westgatecdn.com\/2019\/03\/legoland-vacation-orlando.jpg' || 'https:\/\/westgatecdn.com\/2019\/03\/legoland-deals-packages.jpg'}}\">\r\n            <div class=\"x-container pts\">\r\n                <div class=\"x-column x-1-4 x-sm\">\r\n                    <p class=\"subheading man ptm stack-center-m\">Distribuidores Autorizados de Tickets:<\/p>\r\n                <\/div>\r\n                <div class=\"x-column x-3-4 x-sm last\">\r\n                    [gap size=\".5em\" class=\"x-visible-phone\"]\r\n                    <img alt=\"Somos vendedores autorizados de entradas para parques de Disney, Universal, SeaWorld and Legoland\"src=\"https:\/\/westgatecdn.com\/2019\/02\/logos-florida-theme-parks.jpg\">\r\n                <\/div>\r\n            <\/div>\r\n            <div class=\"read-more\" ng-class=\"{expand: show}\">\r\n                <p class=\"mtl\">[dropcap]N[\/dropcap]uestros paquetes vacacionales econ\u00f3micos de Legoland Florida y ofertas te ofrecen una oportunidad \u00fanica de llevar a tus peque\u00f1os a explorar el universo de Lego. Ubicado a poca distancia de Orlando, el parque tem\u00e1tico Legoland Florida de 150 acres ofrece m\u00e1s de 50 atracciones, monta\u00f1as rusas, eventos y millones de Legos.\u00a1Esta es una atracci\u00f3n que tus peque\u00f1os no querr\u00e1n perderse! Legoland est\u00e1 dise\u00f1ado para la diversi\u00f3n familiar y est\u00e1 dirigido principalmente a aquellas personas con ni\u00f1os peque\u00f1os de 2 a 12 a\u00f1os.\r\n<\/p>\r\n\r\n<p>\r\n<li>Disfruta de atracciones y actividades en LEGOLAND\u00ae Florida, que cuenta con modelos LEGO\u00ae de ciudades famosas y juegos emocionantes.<\/li>\r\n<li>Empieza en The Beginning, compra en Big Shop y cena en Market Restaurant.<\/li>\r\n<li>Ve tres pel\u00edculas diferentes en 4-D en el teatro 4-D m\u00e1s grande de Fun Town que cuenta con 700 asientos.<\/li>\r\n<li>Explora Miniland USA para ver monumentos hechos con ladrillos LEGO\u00ae como el Puente Golden Gate.<\/li>\r\n<li>Los ni\u00f1os amar\u00e1n la monta\u00f1a rusa LEGO\u00ae Kingdoms' Dragon coaster y el espect\u00e1culo de esqu\u00ed acu\u00e1tico de Pirate\u2019s Cove en el Lago Eloise.<\/li>\r\n<\/p>\r\n                <p class=\"mbn\">\r\n                Los paquetes vacacionales familiares de Legoland tambi\u00e9n ofrecen experiencias interactivas que van desde juegos en pantallas t\u00e1ctiles para ni\u00f1os, hasta una Tierra de Aventuras, donde t\u00fa y tus hijos podran ir en busca del tesoro. El <a href=\"[home_url]orlando\/vacation-packages\/legoland\/\">Parque Tem\u00e1tico Legoland<\/a> fue construido en el terreno restaurado de lo que una vez fue la atracci\u00f3n de Cypress Gardens en Winter Haven. Los visitantes todav\u00eda pueden pasear por los jardines originales e hist\u00f3ricos del parque en Botanical Gardens.\r\n<\/p>\r\n                <div ng-if=\"!show\" class=\"fade-bottom\"><\/div>\r\n            <\/div>\r\n            <button class=\"x-visible-phone read-m\" ng-init=\"show = false\" ng-hide=\"show\" ng-click=\"show = !show\">Read More<\/button>\r\n        <\/div>\r\n        [clear]\r\n        [gap size=\"2em\"]\r\n    [\/container]\r\n<\/section>\r\n<!-- featured resorts-->\r\n<section role=\"contentinfo\">\r\n    <div style=\"background: #efefef;\">\r\n        [container class=\"ptl pbl\"]\r\n            <h3 class=\"mbm center-text\" id=\"specials\">Nuestros Paquetes Vacacionales de Legoland:<\/h3>\r\n            <div class=\"cards\">\r\n                [specials ids=\"11042\"]\r\n            <\/div>\r\n            [gap size=\"1em\"]\r\n        [\/container]\r\n    <\/div>\r\n<\/section>\r\n<!---->\r\n<section role=\"contentinfo\">\r\n    <div class=\"x-container max width ptl pbl mtl mbl\">\r\n        [gap size=\"1em\" class=\"x-hidden-phone\"]\r\n        <div class=\"x-column x-sm x-1-2\">\r\n            <div class=\"rv-container\">\r\n              <iframe src=\"https:\/\/www.youtube.com\/embed\/rSLb70KemS4\" frameborder=\"0\" allow=\"accelerometer; autoplay; encrypted-media; gyroscope; picture-in-picture\" allowfullscreen><\/iframe>\r\n            <\/div>\r\n        <\/div>\r\n        <div class=\"x-column x-sm x-1-2 last\">\r\n            <div class=\"\">\r\n                <div class=\"x-column x-sm x-1-6\">\r\n                    &nbsp;\r\n                <\/div>\r\n                <div class=\"x-column x-sm x-2-3\">\r\n                    [gap size=\"1em\" class=\"x-hidden-phone\"]\r\n                    <h3 class=\"h5 mbm mtn center-text\">\u00bfNo encuentras un paquete vacacional que cumpla con lo que necesitas? <\/h3>\r\n                    [content-block name=\"call-hours\"]\r\n                <!--\/\/-->\r\n                <\/div>\r\n                <div class=\"x-column x-sm x-1-6 last x-hidden-phone\">\r\n                    &nbsp;\r\n                <\/div>\r\n            <\/div>\r\n        <\/div>\r\n    <\/div>\r\n<\/section>\r\n<!-- explore -->\r\n<section role=\"contentinfo\">\r\n    <div style=\"background: #efefef;\">\r\n        [container class=\"ptl pbl\"]\r\n\r\n<div class=\"my-4\">\r\n<h3>Preguntas Frecuentes Acerca de los Paquetes Vacacionales de LEGOLAND<\/h3>\r\n                   <div class=\"x-column x-sm x-1-2\">\r\n                        [accordion]\r\n                        [accordion_item title=\"\u00bfQu\u00e9 incluye un paquete vacacional de LEGOLAND?\"]\r\n                        <p>Nuestros paquetes vacacionales incluyen una estad\u00eda en Westgate Resorts adem\u00e1s de <a href=\"[home_url]specials\/legoland-vacation-package\/\">Tickets de LEGOLAND<\/a>, \u00a1todo por un precio econ\u00f3mico!\r\n<\/p>\r\n                        [\/accordion_item] \r\n                        [\/accordion]\r\n[accordion]\r\n                        [accordion_item title=\"\u00bfHay alg\u00fan descuento disponible en paquetes vacacionales de LEGOLAND?\"]\r\n                        <p>Los descuentos ya est\u00e1n incluidos en nuestros paquetes vacacionales. \u00a1Estamos hablando de m\u00e1s de un 65% en ahorros!\r\n<\/p>\r\n                        [\/accordion_item] \r\n                        [\/accordion]\r\n                   <\/div>\r\n                   <div class=\"x-column x-sm x-1-2 last\">\r\n                        [accordion]\r\n                        [accordion_item title=\"\u00bfPuedo mejorar mi paquete vacacional de LEGOLAND?\"]\r\n                        <p>S\u00ed, eres m\u00e1s que bienvenido para a\u00f1adir tickets extra y noches adicionales a tu paquete vacacional con <a href=\"[home_url]\">Westgate Resorts<\/a>.\r\n<\/p>\r\n                        [\/accordion_item] \r\n                        [\/accordion]\r\n                    <\/div>\r\n                    [clear]\r\n                <\/div>\r\n        <!--\/-->\r\n\r\n        <h4 class=\"h3 mbm\">Explora Unas Vacaciones Legoland<\/h4>\r\n        <div class=\"ptl pbl\">\r\n           [tab_nav type=\"three-up\"]\r\n           [tab_nav_item title=\"Atracciones Populares\" active=\"true\"]\r\n           [tab_nav_item title=\"C\u00f3mo Llegar\" active=\"\"]\r\n           [tab_nav_item title=\"Antes de Ir\" active=\"\"]\r\n           [\/tab_nav]\r\n           [tabs]\r\n           [tab active=\"true\"] \r\n           <div class=\"x-container\">\r\n                <h4 class=\"h5 mtn\">Atracciones Populares<\/h4>\r\n                    [gap size=\"1em\" class=\"x-visible-phone\"]\r\n                    <p>Aunque el parque est\u00e1 repleto de juegos y atracciones, de todas maneras, te sorprender\u00e1s con la gran cantidad de creaciones de Lego. Ser\u00e1s recibido por dinosaurios gigantes de Lego en la entrada. De igual manera, encontrar\u00e1s miles de otros modelos Lego en todo el parque. Lo m\u00e1s destacado es Miniland USA: una serie de paisajes estadounidenses que incluyen Nueva York y otros edificios emblem\u00e1ticos recreados con Legos. <\/p>\r\n\r\n                    <p>\u00a1<a href=\"[home_url]blog\/legoland-florida-and-peppa-pig-theme-park-the-ultimate-guide\/\">Legoland Florida<\/a> es un lugar que le encantar\u00e1 a tus hijos! Es un lugar donde tus hijos no solo podr\u00e1n jugar en las muchas secciones interactivas, sino tambi\u00e9n divertirse en monta\u00f1as rusas, explorar Ninjago World, conducir sus propios autos y mucho m\u00e1s. \u00c9chale un vistazo a esta lista sorprendente de atracciones:<\/p>   \r\n                    <ul>\r\n                        <li><strong>Boating School<\/strong> - Un paseo divertido donde tus peque\u00f1os pueden navegar por el agua con su propio mini bote.<\/li>\r\n                        <li><strong>Coastersaurus <\/strong> - Observa dinosaurios Lego \u00fanicos mientras vas por la jungla en la monta\u00f1a rusa de madera.<\/li>\r\n                        <li><strong>Driving School<\/strong> - Deja que tu peque\u00f1o conduzca y aprenda las reglas de tr\u00e1nsito. Los ni\u00f1os pueden incluso conseguir su propia licencia de conducci\u00f3n de Legoland.<\/li>\r\n\r\n                        <li><strong>Safari Trek<\/strong> - A todos los ni\u00f1os les encanta esta caminata ... una expedici\u00f3n para buscar el mayor n\u00famero posible de animales.\r\n                        <\/li>\r\n                        <li><strong>Technicycle<\/strong> - Pedalea por el cielo y sube alto o cerca del suelo mientras controlas tu propia aventura de vuelo.\r\n                        <\/li>\r\n                        <li><strong>The Great Lego Race<\/strong> - \u00a1Sube a una monta\u00f1a rusa \u00fanica creada para las personas valientes y audaces!<\/li>\r\n                    <\/ul>\r\n                    <h6>UNA AVENTURA ACU\u00c1TICA REFRESCANTE<\/h6>\r\n                    <p>Puedes mejorar a\u00fan m\u00e1s tu oferta de Legoland Florida agregando un boleto para el parque acu\u00e1tico. La atracci\u00f3n acu\u00e1tica de Legoland cuenta con una piscina de olas; estaci\u00f3n de imaginaci\u00f3n, un r\u00edo lento, el Duplo Splash Safari, el Joker Soaker, Un restaurante, vestidores y m\u00e1s.<\/p>\r\n                    <h6>QU\u00c9DATE Y JUEGA EN LEGOLAND<\/h6>\r\n                    <p>\u00bfPor qu\u00e9 buscar paquetes de alojamiento con tickets de Legoland cuando estamos dispuestos a ayudarte a aprovechar al m\u00e1ximo tu viaje a Florida Central? \u00a1Llama hoy para ver c\u00f3mo podemos ayudarte a crear y reservar el paquete vacacional de Legoland definitivo y as\u00ed crear recuerdos m\u00e1gicos de vacaciones al mejor precio posible!<\/p>\r\n            <\/div>\r\n           [\/tab]\r\n           [tab] \r\n            <div class=\"x-container\">\r\n                <div class=\"x-column x-sm x-1-2\">\r\n                    [google_map lat=\"28.2390589\" lng=\"-81.5150693\" zoom=\"8\" zoom_control=\"true\" drag=\"true\" height=\"300px\" no_container=\"true\" class=\"mbn\"]\r\n                    [google_map_marker image=\"https:\/\/westgatecdn.com\/2015\/07\/marker-resort.png\" lat=\"27.7689199\" lng=\"-81.2090406\" info=\"Westgate River Ranch\"][\/google_map_marker]\r\n                    [google_map_marker image=\"https:\/\/westgatecdn.com\/2015\/08\/Family-Activity.png\" lat=\"27.645236\" lng=\"-80.4143831\" info=\"Vero Beach\"][\/google_map_marker]\r\n                    [google_map_marker image=\"https:\/\/westgatecdn.com\/2015\/07\/shopping-marker1.png\" lat=\"28.0200485\" lng=\"-82.1640159\" info=\"Parkesdale Farm Market\"][\/google_map_marker]\r\n                    [google_map_marker image=\"https:\/\/westgatecdn.com\/2015\/08\/Family-Activity.png\" lat=\"27.5380262\" lng=\"-81.3442736\" info=\"Kissimmee Prairie Preserve State Park\"][\/google_map_marker]\r\n                    [google_map_marker image=\"https:\/\/westgatecdn.com\/2015\/08\/Family-Activity.png\" lat=\"27.9405785\" lng=\"-81.4665411\" info=\"Lake Kissimmee State Park\"][\/google_map_marker]\r\n                    [google_map_marker image=\"https:\/\/westgatecdn.com\/2015\/07\/marker-disney.png\" lat=\"28.359634\" lng=\"-81.591549\" info=\"Disney's Animal Kingdom Theme Park\"][\/google_map_marker]\r\n                    [google_map_marker image=\"https:\/\/westgatecdn.com\/2015\/07\/marker-disney.png\" lat=\"28.417663\" lng=\"-81.581437\" info=\"Disney's Magic Kingdom Theme Park\"][\/google_map_marker]\r\n                    [google_map_marker image=\"https:\/\/westgatecdn.com\/2015\/07\/marker-disney.png\" lat=\"28.374425\" lng=\"-81.550268\" info=\"Disney's Epcot\"][\/google_map_marker]\r\n                    [google_map_marker image=\"https:\/\/westgatecdn.com\/2015\/07\/marker-disney.png\" lat=\"28.357001\" lng=\"-81.559473\" info=\"Disney's Hollywood Studios\"][\/google_map_marker]\r\n                    [google_map_marker image=\"https:\/\/westgatecdn.com\/2015\/07\/marker-seaworld.png\" lat=\"28.411445\" lng=\"-81.463559\" info=\"SeaWorld Orlando\"][\/google_map_marker]\r\n                    [google_map_marker image=\"https:\/\/westgatecdn.com\/2015\/08\/Family-Activity.png\" lat=\"27.9765307\" lng=\"-81.7075455\" info=\"Legoland Florida Resort\"][\/google_map_marker]\r\n                    [google_map_marker image=\"https:\/\/westgatecdn.com\/2015\/08\/Family-Activity.png\" lat=\"27.9613252\" lng=\"-81.6110724\" info=\"Bok Tower Gardens\"][\/google_map_marker]\r\n                    [\/google_map]\r\n                <\/div>\r\n                <div class=\"x-column x-sm x-1-2 last\">\r\n                    [gap size=\"2em\" class=\"x-visible-phone\"]\r\n                    <h4 class=\"h5 mtn\">C\u00f3mo Llegar<\/h4>\r\n                    <p><a href=\"[home_url]resorts\/westgate-river-ranch-resort\/\">Westgate River Ranch Resort & Rodeo<\/a> est\u00e1 a solo 39 millas de Legoland Florida en Winter Haven.<\/p>\r\n                    <h6 class=\"\">DIRECCIONES DESDE WESTGATE RIVER RANCH RESORT:<\/h6>\r\n                    <p>Dir\u00edgete hacia el este por River Ranch Blvd. luego dobla a la izquierda por River Ranch Rd. Dobla a la izquierda en FL-60 W y luego dobla a la derecha para incorporarte a US-27 N hacia Cypress Gardens \/ Haines City \/ I-4. Usa los dos carriles de la izquierda para doblar a la izquierda por FL-540 W \/ Cypress Gardens Blvd.<\/p>\r\n\r\n   <h6 class=\"\">DIRECCIONES DESDE WESTGATE LAKES, WESTGATE VACATION VILLAS, WESTGATE PALACE EN ORLANDO:<\/h6>\r\n                    <p>Dir\u00edgete hacia el oeste por la I-4 y toma la salida 55 para incorporarte a la US-27 S. Dobla a la derecha en Cypress Gardens Blvd \/ FL-540.<\/p>\r\n<p><a href=\"[home_url]resorts\/westgate-lakes-resort-and-spa\/\">Westgate Lakes Resort & Spa<\/a> est\u00e1 a solo 38 millas de Legoland Florida.<\/p>\r\n                <\/div>\r\n                [clear]\r\n            <\/div>\r\n           [\/tab]\r\n           [tab] \r\n            <div class=\"x-container\">\r\n                <h5 class=\"mtn mbm\">Antes de Ir<\/h5>\r\n                [gap size=\"1em\" class=\"x-visible-phone\"]\r\n                <h6 class=\"mtn\">HORARIO DEL PARQUE LEGOLAND:<\/h6>\r\n                <p>Recomendamos que verifiques con Legoland directamente, ya que el horario puede variar seg\u00fan el d\u00eda de la semana y \/ o temporada. El parque generalmente abre a las 10:00AM y cierra a las 5:00PM. Podemos ayudarte a reservar tickets con anticipaci\u00f3n y a obtener la mejor oferta y precio.<\/p>\r\n                <h6 class=\"mtn\">HORARIO DEL PARQUE ACU\u00c1TICO:<\/h6>\r\n                <p>Similar al \u00e1rea principal de Legoland, sugerimos llamar para consultar sobre la atracci\u00f3n acu\u00e1tica. El horario actual de apertura es desde las 12:00PM hasta las 4:00PM.<\/p>\r\n                <h6 class=\"mbm\">CASILLEROS<\/h6>\r\n                <p>Tanto el parque tem\u00e1tico LEGOLAND\u00ae como el parque acu\u00e1tico de Legoland ofrecen casilleros de varios tama\u00f1os, perfectos para almacenar tus art\u00edculos personales y disfrutar de una visita sin estr\u00e9s en Legoland.<\/p>\r\n              <table style=\"border-bottom:1px solid grey;\">\r\n                    <tr>\r\n                        <td><strong>Precio de los Casilleros:<\/strong><\/td>\r\n                        <td><strong>$15-$20 dependiendo del tama\u00f1o seleccionado.<\/strong><\/td>\r\n                    <\/tr>\r\n                <\/table>\r\n                  \r\n                <h6 class=\"mbm\">SERVICIOS AL CLIENTE:<\/h6>\r\n                <ul>\r\n                    <li><strong>Alquiler de Sillas de Ruedas o Cochecitos<\/strong> - Los coches de beb\u00e9s, las sillas de ruedas y los veh\u00edculos el\u00e9ctricos ECV est\u00e1n disponibles por orden de llegada.<\/li>\r\n                   \r\n                    <li><strong>Baby Care Center<\/strong> - Ubicado dentro de la Granja DUPLO (DUPLO Farm) en Duplo Valley, el Baby Care Center ofrece un \u00e1rea de lactancia y cambiador para beb\u00e9s, calentamiento de biberones y m\u00e1s.<\/li>\r\n                <\/ul>\r\n            <\/div>\r\n           [\/tab]\r\n           [\/tabs]\r\n        <\/div>\r\n        [\/container]\r\n    <\/div>\r\n<\/section>\r\n<!-- cta bar -->\r\n<section role=\"contentinfo\">\r\n    <div style=\"background: #232c35;\">\r\n        <div class=\"x-container max width\">\r\n            [gap size=\"1em\"]\r\n            <div class=\"x-column x-sm x-2-3 white stack-center-m pas\">\r\n                <h5 class=\"white man\">Comienza a Planificar tus Vacaciones Legoland en Orlando<\/h5>\r\n                <h5 class=\"white mtn mbs\">\u00a1con Westgate Resorts!<\/h5>\r\n            <\/div>\r\n            <div class=\"x-column x-sm x-1-3 pam last\">\r\n                [phone_link class=\"x-btn x-btn-block btn-orange\"]Llama al [tel][\/phone_link]\r\n            <\/div>\r\n        <\/div> \r\n    <\/div>\r\n<\/section>\r\n<!-- additional links -->\r\n<section role=\"contentinfo\">\r\n    <div class=\"x-container max width pbl mtl\">\r\n        [custom_headline level=\"h4\" looks_like=\"h5\"]Enlaces Adicionales de Orlando[\/custom_headline]\r\n[columnize]\r\n<ul>\t\r\n<li><a href=\"\/es\/orlando\/vacation-packages\/disney\/\">Ofertas de Disney<\/a><\/li>\r\n<li><a href=\"\/es\/orlando\/vacation-packages\/universal\/\">Ofertas de Universal Studios<\/a><\/li>\r\n<li><a href=\"\/es\/orlando\/vacation-packages\/seaworld\/\">Ofertas de SeaWorld<\/a><\/li>\r\n<li><a href=\"\/es\/orlando\/vacation-packages\/waterpark\/\">Ofertas de Parques Acu\u00e1ticos en Orlando<\/a><\/li>\r\n<li><a href=\"\/es\/orlando\/vacation-packages\">Paquetes Vacacionales de Orlando<\/a><\/li>\r\n<\/ul>\r\n[\/columnize]\r\n    <\/div>\r\n<\/section>\r\n","protected":false},"excerpt":{"rendered":"<p>[gap size=\"3em\" class=\"x-hidden-phone\"] [clear] [gap size=\"1em\" class=\"x-visible-phone\"] Paquetes Vacacionales de Legoland Florida Central es el hogar de parques tem\u00e1ticos de categoria mundial con una innovaci\u00f3n sin igual. Pero, \u00a1solo un ... <\/p>\n<div><a href=\"https:\/\/www.westgatereservations.com\/es\/orlando\/vacation-packages\/legoland\/\" class=\"more-link\">Leer M\u00e1s<\/a><\/div>\n","protected":false},"author":2,"featured_media":0,"parent":10828,"menu_order":0,"comment_status":"closed","ping_status":"closed","template":"template-blank-4.php","meta":{"footnotes":""},"_links":{"self":[{"href":"https:\/\/www.westgatereservations.com\/es\/wp-json\/wp\/v2\/pages\/10849"}],"collection":[{"href":"https:\/\/www.westgatereservations.com\/es\/wp-json\/wp\/v2\/pages"}],"about":[{"href":"https:\/\/www.westgatereservations.com\/es\/wp-json\/wp\/v2\/types\/page"}],"author":[{"embeddable":true,"href":"https:\/\/www.westgatereservations.com\/es\/wp-json\/wp\/v2\/users\/2"}],"replies":[{"embeddable":true,"href":"https:\/\/www.westgatereservations.com\/es\/wp-json\/wp\/v2\/comments?post=10849"}],"version-history":[{"count":0,"href":"https:\/\/www.westgatereservations.com\/es\/wp-json\/wp\/v2\/pages\/10849\/revisions"}],"up":[{"embeddable":true,"href":"https:\/\/www.westgatereservations.com\/es\/wp-json\/wp\/v2\/pages\/10828"}],"wp:attachment":[{"href":"https:\/\/www.westgatereservations.com\/es\/wp-json\/wp\/v2\/media?parent=10849"}],"curies":[{"name":"wp","href":"https:\/\/api.w.org\/{rel}","templated":true}]}}