{"id":10842,"date":"2016-08-09T10:40:23","date_gmt":"2016-08-09T14:40:23","guid":{"rendered":"https:\/\/www.westgatereservations.com\/es\/orlando\/vacation-packages\/seaworld\/"},"modified":"2025-04-08T12:19:47","modified_gmt":"2025-04-08T16:19:47","slug":"seaworld","status":"publish","type":"page","link":"https:\/\/www.westgatereservations.com\/es\/orlando\/vacation-packages\/seaworld\/","title":{"rendered":"Ofertas de SeaWorld Orlando"},"content":{"rendered":"<section role=\"contentinfo\">\r\n    <img decoding=\"async\" src=\"https:\/\/westgatecdn.com\/2019\/03\/seaworld-vacations.jpg\" class=\"x-visible-phone\">\r\n    <div class=\"x-container max width\">\r\n        [gap size=\"3em\" class=\"x-hidden-phone\"]\r\n            <div class=\"x-column x-sm x-1-2 x-1-2-push rel last\">\r\n               <img decoding=\"async\" src=\"https:\/\/westgatecdn.com\/2019\/03\/seaworld-vacations.jpg\" alt=\"Entradas a SeaWorld | Paquetes de SeaWorld Orlando\" class=\"x-hidden-phone\">\r\n               [clear]\r\n            <\/div>\r\n            <div class=\"x-column x-sm x-1-2 x-1-2-pull rel\">\r\n                [gap size=\"1em\" class=\"x-visible-phone\"]\r\n                <h1 class=\"h3 man mbs\">Paquetes de SeaWorld<\/h1>\r\n                <p><strong>SeaWorld Orlando<\/strong> es mejor conocido por sus encuentros cercanos con la incre\u00edble vida marina. Pero si miras detenidamente, descubrir\u00e1s un lado completamente nuevo de SeaWorld. La raz\u00f3n es porque SeaWorld ahora ofrece algunas de las atracciones m\u00e1s emocionantes de la Florida Central.<\/p>\r\n                <div class=\"x-container stack-center-m icon-nav light\">\r\n                    <div class=\"x-column x-not-sm x-1-3\">\r\n                        [phone_link class=\"inheritcolor\"]\r\n                            <i class=\"fas fa-phone fa-2x left-stack-m focus\"><\/i>\r\n                            <div class=\"left-stack-m mrm\" style=\"height:10px;\">&nbsp;<\/div>\r\n                            <p class=\"x-visible-phone mts\">\r\n                                <strong>\u00a1Llama para<br\/> Reservar!<\/strong>\r\n                            <\/p>\r\n                            <p class=\"x-hidden-phone font-120\" style=\"line-height: 3em;\">\r\n                                <strong>\u00a1Llama para Reservar!<\/strong>\r\n                                <span>[tel]<\/span>\r\n                            <\/p>\r\n                        [\/phone_link]\r\n                        [clear]\r\n                    <\/div>\r\n                    <div class=\"x-column x-not-sm x-1-3\">\r\n                        [subscribe modal=\"true\" trigger=\"link\" show_name=\"true\" trigger_class=\"inheritcolor\"]\r\n                            <i class=\"fas fa-envelope fa-2x left-stack-m\"><\/i>\r\n                            <div class=\"left-stack-m mrm\" style=\"height:10px;\">&nbsp;<\/div>\r\n                            <p class=\"x-visible-phone mts\">\r\n                                <strong>\u00a1Suscr\u00edbete y recibe<br\/> Ofertas!<\/strong>\r\n                            <\/p>\r\n                            <p class=\"x-hidden-phone font-120\" style=\"line-height: 3em;\">\r\n                                <strong>\u00a1Suscr\u00edbete y recibe Ofertas!<\/strong>\r\n                                <span>Ahorra hasta un 40%<\/span>\r\n                            <\/p>\r\n                        [\/subscribe]\r\n                        [clear]\r\n                    <\/div>\r\n                    <div class=\"x-column x-not-sm x-1-3 last\">\r\n                        <a href=\"#\"; onclick=\"SnapEngage.startLink();\" class=\"inheritcolor\">\r\n                            <i class=\"fas fa-comment-alt fa-2x left-stack-m\"><\/i>\r\n                            <div class=\"left-stack-m mrm\" style=\"height:10px;\">&nbsp;<\/div>\r\n                            <p class=\"x-visible-phone mts\">\r\n                                <strong>Charla con<br\/> Agentes<\/strong>\r\n                            <\/p>\r\n                            <p class=\"x-hidden-phone font-120\" style=\"line-height: 3em;\">\r\n                                <strong>Chat en Vivo<\/strong>\r\n                                <span>Charla con Agentes<\/span>\r\n                            <\/p>\r\n                        <\/a>\r\n                        [clear]\r\n                    <\/div>\r\n                <\/div>\r\n            <\/div>\r\n            [clear]\r\n        [gap size=\"2em\"]\r\n    <\/div>\r\n<\/section>\r\n[gap size=\"3em\" class=\"x-hidden-phone\"]\r\n<section role=\"search\">\r\n    <div class=\"availability-search x-content-band marginless-columns\">\r\n        <div class=\"x-container max width pbm ptm\">\r\n            <div class=\"x-column x-sm x-1-4\" style=\"vertical-align: middle;\">\r\n                <p class=\"h3 man white\">\u00a1V\u00e1monos de Vacaciones!<\/p>\r\n            <\/div>\r\n            <div class=\"x-column x-sm x-3-4 last\">\r\n                [search-availability layout=\"horizontal\" destination=\"Orlando\" hide_title=\"true\" class=\"no-bg pan\"]\r\n            <\/div>\r\n        <\/div>\r\n    <\/div>\r\n<\/section>\r\n<section role=\"contentinfo\">\r\n    [container class=\"mbl pbl\"]\r\n        [gap size=\"2em\" class=\"x-hidden-phone\"]\r\n        <div class=\"x-column x-sm x-1-4 x-3-4-push rel last\">\r\n            <aside>\r\n                <!-- mobile -->\r\n                <wf-scroll hash=\"specials\" class=\"x-btn x-btn-block btn-blue x-btn-transparent x-visible-phone mts mbs\">Ver Paquetes de SeaWorld<\/wf-scroll>\r\n                <!--\/mobile-->\r\n                [gap size=\"2em\" class=\"x-visible-phone\"]\r\n                <img decoding=\"async\" alt=\"Best Price Guarantee on Seaworld Vacation Packages\" src=\"https:\/\/westgatecdn.com\/2019\/02\/best-price-logo.png\">\r\n                [line]\r\n                <div class=\"x-hidden-phone\">\r\n                    <img decoding=\"async\" class=\"mtm\" alt=\"We Offer Free Transportation to Seaworld\" src=\"https:\/\/westgatecdn.com\/2019\/02\/freetransportation.jpg\">\r\n                    [line]\r\n                    [content-block name=\"orlando-reviews-rating\"]\r\n                    [line]\r\n                    [content-block name=\"single-sitewide-seasonal-ad\"]\r\n                <\/div>\r\n            <\/aside>\r\n        <\/div>\r\n        <div class=\"x-column x-sm x-3-4 x-1-4-pull rel\">\r\n            <h2 class=\"h3 mtn mbm\">La Adrenalina es gran parte de nuestras Ofertas de SeaWorld Orlando<\/h2>\r\n            <img alt=\"Couple at SeaWorld watching the aquarium\" ng-src=\"{{app.data.is_mobile && 'https:\/\/westgatecdn.com\/2019\/03\/seaworld-vacations-orlando.jpg' || 'https:\/\/westgatecdn.com\/2019\/03\/seaworld-vacation-deals.jpg'}}\">\r\n            <div class=\"x-container pts\">\r\n                <div class=\"x-column x-1-4 x-sm\">\r\n                    <h4 class=\"subheading man ptm stack-center-m\">Distribuidores Autorizados de Entradas:<\/h4>\r\n                <\/div>\r\n                <div class=\"x-column x-3-4 x-sm last\">\r\n                    [gap size=\".5em\" class=\"x-visible-phone\"]\r\n                    <img decoding=\"async\" alt=\"Distribuidores Autorizados de Entradas - Disney, Universal, SeaWorld, Legoland\" src=\"https:\/\/westgatecdn.com\/2019\/02\/logos-florida-theme-parks.jpg\">\r\n                <\/div>\r\n            <\/div>\r\n            <div class=\"read-more\" ng-class=\"{expand: show}\">\r\n                <p class=\"mtl\">[dropcap]E[\/dropcap]l parque marino m\u00e1s famoso del mundo, SeaWorld Orlando ofrece shows en vivo exclusivos, exhibiciones especiales, atracciones y encuentros con animales incre\u00edbles. Considera las opciones. Puedes cenar o almorzar con tiburones o Shamu, ver manat\u00edes, tocar manta rayas, conocer la vida de una tortuga, o explorar el mundo de los ping\u00fcinos en Ant\u00e1rtica. \u00a1Unas vacaciones en SeaWorld tambi\u00e9n ofrecen algunas de las mejores atracciones del mundo!<\/p>\r\n              \r\n                <div ng-if=\"!show\" class=\"fade-bottom\"><\/div>\r\n            <\/div>\r\n            <button class=\"x-visible-phone read-m\" ng-init=\"show = false\" ng-hide=\"show\" ng-click=\"show = !show\">Leer M\u00e1s<\/button>\r\n        <\/div>\r\n        [clear]\r\n        [gap size=\"2em\"]\r\n    [\/container]\r\n<\/section>\r\n<!-- featured resorts-->\r\n<section role=\"contentinfo\">\r\n    <div style=\"background: #efefef;\">\r\n        [container class=\"ptl pbl\"]\r\n            <h3 class=\"mbm center-text\" id=\"specials\">Escoge tu Paquete Vacacional de SeaWorld:<\/h3>\r\n            <div class=\"cards\">\r\n                [specials ids=\"5663,14364\" layout=\"cards\" excerpt=\"false\"]\r\n            <\/div>\r\n            [gap size=\"1em\"]\r\n        [\/container]\r\n    <\/div>\r\n<\/section>\r\n<!---->\r\n<section role=\"contentinfo\">\r\n    <div class=\"x-container max width ptl pbl mtl mbl\">\r\n        [gap size=\"1em\" class=\"x-hidden-phone\"]\r\n        <div class=\"x-column x-sm x-1-2\">\r\n            <div class=\"rv-container\">\r\n               <iframe src=\"https:\/\/www.youtube.com\/embed\/RQhoG0acXKU\" frameborder=\"0\" allowfullscreen><\/iframe>\r\n            <\/div>\r\n        <\/div>\r\n        <div class=\"x-column x-sm x-1-2 last\">\r\n            <div class=\"\">\r\n                <div class=\"x-column x-sm x-1-6\">\r\n                    &nbsp;\r\n                <\/div>\r\n                <div class=\"x-column x-sm x-2-3\">\r\n                    [gap size=\"1em\" class=\"x-hidden-phone\"]\r\n                    <h3 class=\"h5 mbm mtn center-text\">\u00a1Llama y ahorra hasta un 40% en tus vacaciones en Universal Orlando!<\/h3>\r\n                    [content-block name=\"call-hours\"]\r\n                <!--\/\/-->\r\n                <\/div>\r\n                <div class=\"x-column x-sm x-1-6 last x-hidden-phone\">\r\n                    &nbsp;\r\n                <\/div>\r\n            <\/div>\r\n        <\/div>\r\n    <\/div>\r\n<\/section>\r\n<!-- explore -->\r\n<section role=\"contentinfo\">\r\n    <div style=\"background: #efefef;\">\r\n        [container class=\"ptl pbl\"]\r\n        <h4 class=\"h3 mbm\">Explora SeaWorld Orlando<\/h4>\r\n        <p>Los paquetes vacacionales de SeaWorld Orlando son los favoritos de muchos y est\u00e1n repletos de aventuras especiales en el Parque Tem\u00e1ticos. \u00a1SeaWorld Orlando ofrece una aventura extraordinaria para toda la familia! El parque tambi\u00e9n ofrece opciones \u00fanicas de compras y restaurantes. Y tambi\u00e9n puedes personalizar tu paquete a\u00f1adiendo entradas al Parque Acu\u00e1tico de SeaWorld, Aquatica.<\/p>\r\n        <div class=\"ptl pbl\">\r\n           [tab_nav type=\"two-up\"]\r\n           [tab_nav_item title=\"Atracciones de SeaWorld\" active=\"true\"]\r\n           [tab_nav_item title=\"Encuentros con Animales\" active=\"\"]\r\n           [\/tab_nav]\r\n           [tabs]\r\n           [tab active=\"true\"] \r\n           <div class=\"x-container\">\r\n                [column type=\"2\/5\" fade=\"true\" fade_animation=\"in-from-top\" fade_animation_offset=\"40px\"]\r\n                    <img decoding=\"async\" class=\"mtm\" alt=\"Mako Roller Coaster at SeaWorld Orlando\" src=\"https:\/\/westgatecdn.com\/2019\/03\/seaworld-vacation-ride.jpg\">\r\n                [\/column]\r\n                [column type=\"3\/5\" fade=\"true\" fade_animation=\"in-from-top\" fade_animation_offset=\"40px\" last=\"true\"]\r\n                    [gap size=\"2em\" class=\"x-visible-phone\"]\r\n                    <h5 class=\"mtn mbm\">\u00a1Aborda Mako!<\/h5>\r\n                    <p>SeaWorld Orlando ahora es uno de los mejores destinos para los fan\u00e1ticos de las monta\u00f1as rusas. Pon a prueba tu sentido de aventura en Manta, donde girar\u00e1s y volar\u00e1s en una manta raya gigante en posici\u00f3n boca abajo. No olvidemos a Kraken, la \u00fanica monta\u00f1a rusa en Orlando sin piso y alcanzando hasta 65 mph y girando siete veces.<\/p>\r\n                    <\/p><p>Si eres fan\u00e1tico de las atracciones de agua entonces te encantar\u00e1 Journey to Atlantis, una de las monta\u00f1as rusas m\u00e1s populares. Pero la realidad es que MAKO ahora tiene el t\u00edtulo de la monta\u00f1a rusa m\u00e1s r\u00e1pida, alta y larga de Orlando alcanzando los 200 pies de altura a unas 73 mph.<\/p>\r\n                [\/column]\r\n                [clear]\r\n                [line]\r\n                [column type=\"2\/5\" fade=\"true\" fade_animation=\"in-from-top\" fade_animation_offset=\"40px\"]\r\n                    <img decoding=\"async\" class=\"mtm\" alt=\"Exhibici\u00f3n One Ocean en SeaWorld Orlando\" src=\"https:\/\/westgatecdn.com\/2019\/03\/seaworld-vacations-exhibit.jpg\">\r\n                [\/column]\r\n                [column type=\"3\/5\" fade=\"true\" fade_animation=\"in-from-top\" fade_animation_offset=\"40px\" last=\"true\"]\r\n                    [gap size=\"2em\" class=\"x-visible-phone\"]\r\n                    <h5 class=\"mtn mbm\">Rel\u00e1jate con Risas y Shows en Vivo<\/h5>\r\n                    <p>Luego de toda la adrenalina de las monta\u00f1as rusas, puedes relajarte con el show de acr\u00f3batas, A\u2019Lure. Si prefieres shows de animales, puedes escoger Blue Horizons, un espect\u00e1culo con delfines y aves tropicales.<\/p>\r\n                    <p>Otra idea es gozar del show One Ocean protagonizado por Shamu y toda la fuerza de las orcas. Para risas y m\u00e1s risas, te recomendamos el show Clyde & Seamore\u2019s Sea Lion High.<\/p>\r\n                [\/column]\r\n                [clear]\r\n            <\/div>\r\n           [\/tab]\r\n           [tab] \r\n           <div class=\"x-container\">\r\n                <div class=\"x-column x-sm x-1-2\">\r\n                    [image class=\"gallery44 interior\" src=\"https:\/\/westgatecdn.com\/2019\/03\/seaworld-vacation-pakages.jpg\" alt=\"ballena Orca en SeaWorld Orlando\" type=\"thumbnail\" link=\"true\" title=\"\"]\r\n                    <div class=\"x-container\">\r\n                        <div class=\"x-column x-1-3\">[image class=\"gallery44 interior\" src=\"https:\/\/westgatecdn.com\/2019\/03\/seaworld-vacation-manta-ray.jpg\" alt=\"Acuario Manta \" type=\"thumbnail\" link=\"true\" title=\"\"]<\/div>\r\n                        <div class=\"x-column x-1-3\">[image class=\"gallery44 interior\" src=\"https:\/\/westgatecdn.com\/2019\/03\/seaworld-vacation-girls.jpg\" alt=\"Delfines en SeaWorld Orlando | \" type=\"thumbnail\" link=\"true\" title=\"\"]<\/div>\r\n                        <div class=\"x-column x-1-3 last\">[image class=\"gallery44 interior\" src=\"https:\/\/westgatecdn.com\/2019\/03\/seaworld-vacation-penguins.jpg\" alt=\"Pinguinos | entradas a seaworld \" type=\"thumbnail\" link=\"true\" title=\"\"]<\/div>\r\n                        [clear]\r\n                    <\/div>\r\n                    [lightbox selector=\".gallery44\" deeplink=\"\" opacity=\"0.875\" prev_scale=\"0.75\" prev_opacity=\"0.75\" next_scale=\"0.75\" next_opacity=\"0.75\" orientation=\"horizontal\" thumbnails=\"true\"]\r\n                <\/div>\r\n                <div class=\"x-column x-sm x-1-2 last\">\r\n                    [gap size=\"2em\" class=\"x-visible-phone\"]\r\n                    <h5 class=\"mtn mbm\">Encuentros Extraordinarios con Animales<\/h5>\r\n                    <p>Los encuentros con animales permanecen como uno de los enfoques en SeaWorld Orlando y notar\u00e1s que tendras muchas oportunidades para conocer tus animales favoritos. Alimenta a los delfines en Dolphin Cove, observa m\u00e1s de 100 manta rayas en Manta Aquariums, ac\u00e9rcate a las focas y leones marinos en Pacific Point Preserve o tiburones en Shark Encounter. Tambi\u00e9n puedes acercarte a una colonia de cerca de 250 ping\u00fcinos en Antarctica: Empire of The Penguin.\r\n<\/p>\r\n                <\/div>\r\n            <\/div>\r\n           [\/tab]\r\n           [\/tabs]\r\n        <\/div>\r\n        [\/container]\r\n    <\/div>\r\n<\/section>\r\n<!-- faq -->\r\n<section role=\"contentinfo\">\r\n    <div class=\"x-container max width ptl pbl\">\r\n        <h5 class=\"h3\">Preguntas Frecuentes<\/h5>\r\n        <div class=\"ptl pbl\">\r\n            [accordion id=\"seaworld-faq\"] \r\n            [accordion_item title=\"\u00bfA qu\u00e9 distancia se encuentra Westgate Resorts de SeaWorld Orlando?\" parent_id=\"seaworld-faq\"]\r\n            <p>\r\n            Los resorts Westgate est\u00e1n ubicados en \u00e1reas ideales que te colocan cerca de los principales parques tem\u00e1ticos y atracciones en Orlando, FL. Nuestros resorts est\u00e1n a solo unas millas de Walt Disney World, Universal Studios Orlando y, s\u00ed, SeaWorld Orlando. Si deseas permanecer cerca de SeaWorld Orlando y atracciones como Discovery Cove y el parque acu\u00e1tico Aquatica, te recomendamos alojarte en Westgate Lakes o Westgate Palace. Considera una estad\u00eda en Westgate Towers Resort, Westgate Vacation Villas o Westgate Town Center si te gustar\u00eda estar cerca de SeaWorld Orlando pero a\u00fan m\u00e1s cerca de Disney World. \r\n            <\/p>\r\n            <ul>\r\n            <li> Westgate Lakes Resort & Spa a SeaWorld Orlando: 7 min (2.1 millas)<\/li>\r\n            <li> Westgate Palace Resort & Spa a SeaWorld Orlando: 14 min (5.0 millas)<\/li>\r\n            <li>Westgate Towers Resort a SeaWorld Orlando: 18 min (11.3 millas)<\/li>\r\n            <li>Westgate Vacation Villas Resort & Spa a SeaWorld Orlando: 23 min (12.2 millas)<\/li>\r\n            <li> Westgate Town Center Resort & Spa a SeaWorld Orlando:  24 min (12.3 millas)<\/li>\r\n            <\/ul>\r\n            [\/accordion_item] \r\n            [accordion_item title=\"\u00bfPor qu\u00e9 deber\u00eda reservar mis vacaciones en SeaWorld con Westgate?\" parent_id=\"seaworld-faq\"]\r\n            <p>\r\n            Nuestros resorts en Orlando ofrecen a los hu\u00e9spedes amplias villas y suites con todas las comodidades del hogar y f\u00e1cil acceso a todos los parques tem\u00e1ticos del \u00e1rea. Durante tu estad\u00eda, encontrar\u00e1s suites con una cocina totalmente equipada y una extensa lista de amenidades que incluyen minigolf, piscinas climatizadas, restaurantes en la propiedad, gimnasio, kayaks, botes de pedal, y mucho m\u00e1s. Nos esforzamos por brindarte las mejores vacaciones posibles en Orlando y, por este motivo, nuestros paquetes son completamente personalizables e incluso incluyen transporte de cortes\u00eda a los parques tem\u00e1ticos. \u00a1Prep\u00e1rate para tener una aventura sin estr\u00e9s, una suite de lujo y unas vacaciones llenas de diversi\u00f3n en el hermoso Orlando! Para reservar, ll\u00e1manos al 1-800-610-0479.\r\n            <\/p>\r\n            [\/accordion_item] \r\n            [accordion_item title=\"\u00bfC\u00f3mo personalizo o agrego boletos a mi paquete de SeaWorld?\" parent_id=\"seaworld-faq\"]\r\n            <p>\r\n           \u00a1En realidad es bastante f\u00e1cil! Una vez que selecciones tu paquete preferido, se te pedir\u00e1 que elijas una habitaci\u00f3n o villa y tendr\u00e1s m\u00e1s informaci\u00f3n sobre cu\u00e1ntas personas pueden dormir en cada uno de nuestros alojamientos. A medida que avances en el proceso de pago, podr\u00e1s agregar m\u00e1s boletos de SeaWorld o incluso boletos a los otros parques y atracciones. Si necesitas ayuda para hacer tu reserva o verificar las tarifas antes de tu estad\u00eda, ll\u00e1manos al 1-800-610-0479 y uno de nuestros representantes con gusto te ayudar\u00e1 a personalizar tu paquete o se asegurar\u00e1 de que te encuentre en el mejor lugar para las necesidades de tu familia. \u00a1No te olvides de preguntar tambi\u00e9n por las entradas a los parques acu\u00e1ticos Discovery Cove y Aquatica!\r\n            <\/p>\r\n            [\/accordion_item]\r\n            [accordion_item title=\"\u00bfCu\u00e1les son los horarios de SeaWorld Orlando?\" parent_id=\"seaworld-faq\"]\r\n            <p>\r\n            Debido a que las horas de estacionamiento de SeaWorld se actualizan peri\u00f3dicamente, recomendamos consultar su sitio web o llamar al parque para verificar sus horarios de apertura y cierre. Normalmente, el parque abre a las 9:00 AM y cierra a cualquier hora de 6:00 PM a 9:00 PM.\r\n            <\/p>\r\n            [\/accordion_item] \r\n            [accordion_item title=\"\u00bfCu\u00e1les son las tarifas de estacionamiento de SeaWorld?\" parent_id=\"seaworld-faq\"]\r\n            <p>\r\n            El parque actualmente ofrece a los hu\u00e9spedes estacionamiento general por $20 y estacionamiento preferencial por $30. Para evitar el estr\u00e9s de conducir y todas las tarifas involucradas, te recomendamos que utilices nuestro Transporte de cortes\u00eda a los parques tem\u00e1ticos y atracciones. Adelante, deja tu auto en el resort y perm\u00edtenos llevarte de un lado a otro con facilidad y seguridad.\r\n            <\/p>\r\n            [\/accordion_item]  \r\n            [\/accordion]\r\n        <\/div>\r\n        [gap size=\"1em\"]\r\n        <div class=\"x-visible-phone\">\r\n            <img decoding=\"async\" class=\"mtm\" alt=\"Ofrecemos Transporte Gratuito a SeaWorld\" src=\"https:\/\/westgatecdn.com\/2019\/07\/transporte_gratuito_a_los_parques.jpg\">\r\n            [line]\r\n            [content-block name=\"orlando-reviews-rating\"]\r\n            [line]\r\n            [content-block name=\"single-sitewide-seasonal-ad\"]\r\n        <\/div>\r\n    <\/div>\r\n<\/section>\r\n<!-- cta bar -->\r\n<section role=\"contentinfo\">\r\n    <div style=\"background: #232c35;\">\r\n        <div class=\"x-container max width\">\r\n            [gap size=\"1em\"]\r\n            <div class=\"x-column x-sm x-2-3 white stack-center-m pas\">\r\n                <h5 class=\"font-lighter white man\">Comienza a Planificar tus Vacaciones en Orlando<\/h5>\r\n                <p>\u00a1Con Westgate Resorts!<\/p>\r\n            <\/div>\r\n            <div class=\"x-column x-sm x-1-3 pam last\">\r\n                [phone_link class=\"x-btn x-btn-block btn-orange\"]Llama al [tel][\/phone_link]\r\n            <\/div>\r\n        <\/div>\r\n    <\/div>\r\n<\/section>\r\n<!-- additional links -->\r\n<section role=\"contentinfo\">\r\n    <div class=\"x-container max width pbl mtl\">\r\n        <h4 class=\"h5 mtn\">Enlaces Adicionales de Orlando:<\/h4>\r\n        [columnize]\r\n        <ul>    \r\n        <li><a href=\"\/es\/orlando\/vacation-packages\/disney\/\">Paquetes de Vacaciones de Disney<\/a><\/li>\r\n        <li><a href=\"\/es\/orlando\/vacation-packages\/universal\/\">Ofertas de Universal Studios<\/a><\/li>\r\n        <li><a href=\"\/es\/orlando\/vacation-packages\/legoland\/\">Ofertas de Legoland<\/a><\/li>\r\n        <li><a href=\"\/es\/orlando\/vacation-packages\/waterpark\/\">Ofertas de Parques Acu\u00e1ticos de Orlando<\/a><\/li>\r\n        <li><a href=\"\/es\/orlando\/vacation-packages\/\">Paquetes Vacacionales de Orlando<\/a><\/li>\r\n        <\/ul>\r\n        [\/columnize]\r\n    <\/div>\r\n<\/section>\r\n","protected":false},"excerpt":{"rendered":"<p>[gap size=\"3em\" class=\"x-hidden-phone\"] [clear] [gap size=\"1em\" class=\"x-visible-phone\"] Paquetes de SeaWorld SeaWorld Orlando es mejor conocido por sus encuentros cercanos con la incre\u00edble vida marina. Pero si miras detenidamente, descubrir\u00e1s un ... <\/p>\n<div><a href=\"https:\/\/www.westgatereservations.com\/es\/orlando\/vacation-packages\/seaworld\/\" class=\"more-link\">Leer M\u00e1s<\/a><\/div>\n","protected":false},"author":2,"featured_media":0,"parent":10828,"menu_order":0,"comment_status":"closed","ping_status":"closed","template":"template-blank-4.php","meta":{"footnotes":""},"_links":{"self":[{"href":"https:\/\/www.westgatereservations.com\/es\/wp-json\/wp\/v2\/pages\/10842"}],"collection":[{"href":"https:\/\/www.westgatereservations.com\/es\/wp-json\/wp\/v2\/pages"}],"about":[{"href":"https:\/\/www.westgatereservations.com\/es\/wp-json\/wp\/v2\/types\/page"}],"author":[{"embeddable":true,"href":"https:\/\/www.westgatereservations.com\/es\/wp-json\/wp\/v2\/users\/2"}],"replies":[{"embeddable":true,"href":"https:\/\/www.westgatereservations.com\/es\/wp-json\/wp\/v2\/comments?post=10842"}],"version-history":[{"count":0,"href":"https:\/\/www.westgatereservations.com\/es\/wp-json\/wp\/v2\/pages\/10842\/revisions"}],"up":[{"embeddable":true,"href":"https:\/\/www.westgatereservations.com\/es\/wp-json\/wp\/v2\/pages\/10828"}],"wp:attachment":[{"href":"https:\/\/www.westgatereservations.com\/es\/wp-json\/wp\/v2\/media?parent=10842"}],"curies":[{"name":"wp","href":"https:\/\/api.w.org\/{rel}","templated":true}]}}