{"id":10838,"date":"2016-08-04T16:39:27","date_gmt":"2016-08-04T20:39:27","guid":{"rendered":"https:\/\/www.westgatereservations.com\/es\/orlando\/vacation-packages\/universal\/"},"modified":"2024-05-31T11:09:12","modified_gmt":"2024-05-31T15:09:12","slug":"universal","status":"publish","type":"page","link":"https:\/\/www.westgatereservations.com\/es\/orlando\/vacation-packages\/universal\/","title":{"rendered":"Ofertas de Universal Studios Orlando"},"content":{"rendered":"<section role=\"contentinfo\">\r\n    <img decoding=\"async\" alt=\"Tickets para Universal Studios\" src=\"https:\/\/westgatecdn.com\/2019\/03\/universal-vacation-packages.jpg\" class=\"x-visible-phone\">\r\n    <div class=\"x-container max width\">\r\n        [gap size=\"3em\" class=\"x-hidden-phone\"]\r\n            <div class=\"x-column x-sm x-1-2 x-1-2-push rel last\">\r\n               <img decoding=\"async\" alt=\"Entradas Universal Studios\" src=\"https:\/\/westgatecdn.com\/2019\/03\/universal-vacation-packages.jpg\" class=\"x-hidden-phone\">\r\n               [clear]\r\n            <\/div>\r\n            <div class=\"x-column x-sm x-1-2 x-1-2-pull rel\">\r\n                [gap size=\"1em\" class=\"x-visible-phone\"]\r\n                <h1 class=\"h3 man mbs\">Paquetes Vacacionales de Universal Studios<\/h1>\r\n                <p>Si est\u00e1s buscando unas vacaciones m\u00e1gicas en Orlando, tal vez vas a querer comenzar con Universal Studios Orlando Resort. Con dos parques tem\u00e1ticos excepcionales, tendr\u00e1s suficiente emoci\u00f3n, acci\u00f3n y momentos m\u00e1gicos para toda la familia.<\/p>\r\n                <div class=\"x-container stack-center-m icon-nav light\">\r\n                    <div class=\"x-column x-not-sm x-1-3\">\r\n                        [phone_link class=\"inheritcolor\"]\r\n                            <i class=\"fas fa-phone fa-2x left-stack-m focus\"><\/i>\r\n                            <div class=\"left-stack-m mrm\" style=\"height:10px;\">&nbsp;<\/div>\r\n                            <p class=\"x-visible-phone mts\">\r\n                                <strong>\u00a1Llama para<br\/> Reservar!<\/strong>\r\n                            <\/p>\r\n                            <p class=\"x-hidden-phone font-120\" style=\"line-height: 3em;\">\r\n                                <strong>\u00a1Llama para Reservar!<\/strong>\r\n                                <span>[tel]<\/span>\r\n                            <\/p>\r\n                        [\/phone_link]\r\n                        [clear]\r\n                    <\/div>\r\n                    <div class=\"x-column x-not-sm x-1-3\">\r\n                        [subscribe modal=\"true\" trigger=\"link\" show_name=\"true\" trigger_class=\"inheritcolor\"]\r\n                            <i class=\"fas fa-envelope fa-2x left-stack-m\"><\/i>\r\n                            <div class=\"left-stack-m mrm\" style=\"height:10px;\">&nbsp;<\/div>\r\n                            <p class=\"x-visible-phone mts\">\r\n                                <strong>\u00a1Suscr\u00edbete y recibe<br\/> Ofertas!<\/strong>\r\n                            <\/p>\r\n                            <p class=\"x-hidden-phone font-120\" style=\"line-height: 3em;\">\r\n                                <strong>\u00a1Suscr\u00edbete y recibe Ofertas!<\/strong>\r\n                                <span>Ahorra hasta un 40%<\/span>\r\n                            <\/p>\r\n                        [\/subscribe]\r\n                        [clear]\r\n                    <\/div>\r\n                    <div class=\"x-column x-not-sm x-1-3 last\">\r\n                        <a href=\"#\"; onclick=\"SnapEngage.startLink();\" class=\"inheritcolor\">\r\n                            <i class=\"fas fa-comment-alt fa-2x left-stack-m\"><\/i>\r\n                            <div class=\"left-stack-m mrm\" style=\"height:10px;\">&nbsp;<\/div>\r\n                            <p class=\"x-visible-phone mts\">\r\n                                <strong>Charla con<br\/> Agentes<\/strong>\r\n                            <\/p>\r\n                            <p class=\"x-hidden-phone font-120\" style=\"line-height: 3em;\">\r\n                                <strong>Chat en Vivo<\/strong>\r\n                                <span>Charla con Agentes<\/span>\r\n                            <\/p>\r\n                        <\/a>\r\n                        [clear]\r\n                    <\/div>\r\n                <\/div>\r\n            <\/div>\r\n            [clear]\r\n        [gap size=\"2em\"]\r\n    <\/div>\r\n<\/section>\r\n[gap size=\"3em\" class=\"x-hidden-phone\"]\r\n<section role=\"search\">\r\n    <div class=\"availability-search x-content-band marginless-columns\">\r\n        <div class=\"x-container max width pbm ptm\">\r\n            <div class=\"x-column x-sm x-1-4\" style=\"vertical-align: middle;\">\r\n                <p class=\"h3 man white\">\u00a1Obt\u00e9n nuestras tarifas m\u00e1s bajas al instante!<\/p>\r\n            <\/div>\r\n            <div class=\"x-column x-sm x-3-4 last\">\r\n                [search-availability layout=\"horizontal\" destination=\"Orlando\" hide_title=\"true\" class=\"no-bg pan\"]\r\n            <\/div>\r\n        <\/div>\r\n    <\/div>\r\n<\/section>\r\n<section role=\"contentinfo\">\r\n    [container class=\"mbl pbl\"]\r\n        [gap size=\"2em\" class=\"x-hidden-phone\"]\r\n        <div class=\"x-column x-sm x-1-4 x-3-4-push rel last\">\r\n            <aside>\r\n                <!-- mobile -->\r\n                <wf-scroll hash=\"specials\" class=\"x-btn x-btn-block btn-blue x-btn-transparent x-visible-phone mts mbs\">Ver Paquetes de Universal<\/wf-scroll>\r\n                <!--\/mobile-->\r\n                [gap size=\"2em\" class=\"x-visible-phone\"]\r\n                <img decoding=\"async\" alt=\"Mejor Precio Garantizado en Paquetes de Universal Studios\" src=\"https:\/\/westgatecdn.com\/2019\/07\/mejor_precio_garantizado.png\">\r\n                [line]\r\n                <div class=\"x-hidden-phone\">\r\n                    <img decoding=\"async\" alt=\"Transporte Gratuito a los Parques de Universal Orlando\" class=\"mtm\" src=\"https:\/\/westgatecdn.com\/2019\/07\/transporte_gratuito_a_los_parques.jpg\">\r\n                    [line]\r\n                    [content-block name=\"orlando-reviews-rating\"]\r\n                    [line]\r\n                    [content-block name=\"single-sitewide-seasonal-ad\"]\r\n                <\/div>\r\n            <\/aside>\r\n        <\/div>\r\n        <div class=\"x-column x-sm x-3-4 x-1-4-pull rel\">\r\n            <h2 class=\"h3 mtn mbm\">Visita a Universal Orlando Resort Hoy<\/h2>\r\n            <img ng-src=\"{{app.data.is_mobile && 'https:\/\/westgatecdn.com\/2019\/03\/universal-vacation-orlando.jpg' || 'https:\/\/westgatecdn.com\/2019\/03\/universal-vacation-deals.jpg'}}\">\r\n            <div class=\"x-container pts\">\r\n                <div class=\"x-column x-1-4 x-sm\">\r\n                    <h4 class=\"subheading man ptm stack-center-m\">Distribuidores Autorizados de Entradas:<\/h4>\r\n                <\/div>\r\n                <div class=\"x-column x-3-4 x-sm last\">\r\n                    [gap size=\".5em\" class=\"x-visible-phone\"]\r\n                    <img decoding=\"async\" alt=\"Somos distribuidores autorizados de boletos para Disney, Universal Studios, SeaWorld, Legoland.\" src=\"https:\/\/westgatecdn.com\/2019\/02\/logos-florida-theme-parks.jpg\">\r\n                <\/div>\r\n            <\/div>\r\n            <div class=\"read-more\" ng-class=\"{expand: show}\">\r\n                <p class=\"mtl\">[dropcap]N[\/dropcap]uestras Ofertas de Universal Studios permanecen como unas de las estad\u00edas m\u00e1s populares de Orlando \u2013 de hecho son las m\u00e1s divertidas. Pel\u00edculas Taquilleras. Shows Asombrosos. Vida Nocturna Ecl\u00e9ctica. Mini Golf. Paradas Espectaculares. Restaurantes Ic\u00f3nicos. Eventos Exclusivos. M\u00fasica Magnifica. The Wizarding World of Harry Potter. Todo eso y m\u00e1s es parte de la emoci\u00f3n de Universal Orlando Resort.<\/p>\r\n                <p class=\"mbn\">\r\n                Situado en Universal City Walk y rodeado de toda su vida nocturna y entretenimiento, las ofertas de Universal Studios ofrecen el doble de diversi\u00f3n con dos parques tem\u00e1ticos extraordinarios: Universal Orlando Florida\u00ae y Universal\u2019s Islands of Adventure\u00ae.<\/p>\r\n                <div ng-if=\"!show\" class=\"fade-bottom\"><\/div>\r\n            <\/div>\r\n            <button class=\"x-visible-phone read-m\" ng-init=\"show = false\" ng-hide=\"show\" ng-click=\"show = !show\">Leer M\u00e1s<\/button>\r\n        <\/div>\r\n        [clear]\r\n        [gap size=\"2em\"]\r\n    [\/container]\r\n<\/section>\r\n<!-- featured resorts-->\r\n<section role=\"contentinfo\">\r\n    <div style=\"background: #efefef;\">\r\n        [container class=\"ptl pbl\"]\r\n            <h3 class=\"mbm center-text\" id=\"specials\">Nuestras Ofertas de Universal Studios: Hotel & Entradas<\/h3>\r\n            <div>\r\n                [specials ids=\"5661,19245\"]\r\n            <\/div>\r\n            [gap size=\"1em\"]\r\n        [\/container]\r\n    <\/div>\r\n<\/section>\r\n<!---->\r\n<section role=\"contentinfo\">\r\n    <div class=\"x-container max width ptl pbl mtl mbl\">\r\n        [gap size=\"1em\" class=\"x-hidden-phone\"]\r\n        <div class=\"x-column x-sm x-1-2\">\r\n            <div class=\"rv-container\">\r\n              <iframe src=\"https:\/\/www.youtube.com\/embed\/j1cUqvYTqtE\" frameborder=\"0\" allow=\"accelerometer; autoplay; encrypted-media; gyroscope; picture-in-picture\" allowfullscreen><\/iframe>\r\n            <\/div>\r\n        <\/div>\r\n        <div class=\"x-column x-sm x-1-2 last\">\r\n            <div class=\"\">\r\n                <div class=\"x-column x-sm x-1-6\">\r\n                    &nbsp;\r\n                <\/div>\r\n                <div class=\"x-column x-sm x-2-3\">\r\n                    [gap size=\"1em\" class=\"x-hidden-phone\"]\r\n                    <h3 class=\"h5 mbm mtn center-text\">\u00a1Llama y ahorra hasta un 40% en tus vacaciones en Universal Orlando!<\/h3>\r\n                    [content-block name=\"call-hours\"]\r\n                <!--\/\/-->\r\n                <\/div>\r\n                <div class=\"x-column x-sm x-1-6 last x-hidden-phone\">\r\n                    &nbsp;\r\n                <\/div>\r\n            <\/div>\r\n        <\/div>\r\n    <\/div>\r\n<\/section>\r\n<!-- explore -->\r\n<section role=\"contentinfo\">\r\n    <div style=\"background: #efefef;\">\r\n        [container class=\"ptl pbl\"]\r\n        <h4 class=\"h3 mbm\">Explora unas Vacaciones en Universal Studios<\/h4>\r\n        <div class=\"ptl pbl\">\r\n           [tab_nav type=\"four-up\"]\r\n           [tab_nav_item title=\"Los Parques\" active=\"true\"]\r\n           [tab_nav_item title=\"Cuando Visitar\" active=\"\"]\r\n           [tab_nav_item title=\"Consejos\" active=\"\"]\r\n           [tab_nav_item title=\"Westgate\" active=\"\"]\r\n           [\/tab_nav]\r\n           [tabs]\r\n           [tab active=\"true\"] \r\n           <div class=\"x-container\">\r\n                <h4 class=\"h3 mtn\">Crea Recuerdos \u00danicos en Universal Orlando<\/h4>\r\n                [column type=\"2\/5\" fade=\"true\" fade_animation=\"in-from-top\" fade_animation_offset=\"40px\"]\r\n                <div class=\"rv-container\">\r\n                    <iframe src=\"https:\/\/www.youtube.com\/embed\/1RpKcRaAf-s\" frameborder=\"0\" allowfullscreen><\/iframe>\r\n                <\/div>\r\n                [\/column]\r\n                [column type=\"3\/5\" fade=\"true\" fade_animation=\"in-from-top\" fade_animation_offset=\"40px\" last=\"true\"]\r\n                    [gap size=\"2em\" class=\"x-visible-phone\"]\r\n                    <h5 class=\"mtn mbm\">Universal Studios<\/h5>\r\n                    <p>Universal Studios Orlando es el lugar donde la aventuras se hacen realidad con atracciones y shows basadas en tus pel\u00edculas y series favoritas. De hecho, Universal es un estudio de filmaci\u00f3n que te coloca en el centro de la acci\u00f3n. \u00bfMencionamos que Universal Studios Florida es el hogar del Callej\u00f3n Diag\u00f3n de Harry Potter?<\/p>\r\n                    <p>Con nuestras ofertas de Universal Studios Orlando, nunca te aburrir\u00e1s. En adici\u00f3n a toda la emoci\u00f3n de Universal Studios, el parque es conocido por sus incre\u00edbles eventos anuales como Mardi Gras, su Serie de Conciertos de Verano, Rock The Universe, Halloween Horror Nights y la Parada de Acci\u00f3n de Gracias de Macy\u2019s.<\/p>\r\n                [\/column]\r\n                [clear]\r\n                [line]\r\n                [column type=\"2\/5\" fade=\"true\" fade_animation=\"in-from-top\" fade_animation_offset=\"40px\"]\r\n                <div class=\"rv-container\">\r\n                    <iframe src=\"https:\/\/www.youtube.com\/embed\/WL0WAqpY-YM\" frameborder=\"0\" allowfullscreen><\/iframe>\r\n                <\/div>\r\n                [\/column]\r\n                [column type=\"3\/5\" fade=\"true\" fade_animation=\"in-from-top\" fade_animation_offset=\"40px\" last=\"true\"]\r\n                    [gap size=\"2em\" class=\"x-visible-phone\"]\r\n                    <h5 class=\"mtn mbm\">Islands of Adventure<\/h5>\r\n                    <p>Desde The Wizarding World of Harry Potter\u2122 hasta todas las islas tem\u00e1ticas, notar\u00e1s que Universal\u2019s Islands of Adventure esta repleto de aventuras con sus atracciones innovadoras, shows, atracciones interactivas y tus superh\u00e9roes favoritos, caricaturas, dinosaurios, personajes de Dr. Seuss y m\u00e1s.<\/p>\r\n                    <p>Nuestras ofertas de Universal Studios te permiten tener la estad\u00eda perfecta cerca de Islands of Adventure y sus siete famosas islas. Estamos hablando de The Wizarding World of Harry Potter, la Isla de los Superheroes de Marvel. El Parque Jur\u00e1sico, El Continente Perdido, Seuss Landing y el Puerto de Entrada.<\/p>\r\n                [\/column]\r\n                [clear]\r\n            <\/div>\r\n           [\/tab]\r\n           [tab] \r\n            <div class=\"x-container\">\r\n                <h5 class=\"mtn mbm\">Cuando Visitar<\/h5>\r\n                <p>Universal Orlando tiene algunas de las atracciones y paseos m\u00e1s memorables en Orlando, FL. \u00a1Tambi\u00e9n es el hogar de incre\u00edbles eventos y festivales que crear\u00e1n una experiencia de viaje m\u00e1gica para ti y tu familia! Ve nuestra lista de festivales anuales, entretenimiento y eventos que no querr\u00e1s perderte:<\/p>\r\n                <h6 class=\"mtn mbm\">A CELEBRATION OF HARRY POTTER \u2013 INVIERNO<\/h6>\r\n                <p>Este evento de 3 d\u00edas que normalmente se lleva a cabo a principios de a\u00f1o te lleva a sentir la magia de El mundo m\u00e1gico de Harry Potter, conocer a algunos de los personajes de la pel\u00edcula y obtener una experiencia \u00fanica tras bastidores.<\/p>\r\n\r\n                <h6 class=\"mtn mbm\">MARDI GRAS EN UNIVERSAL STUDIOS FLORIDA - PRIMAVERA<\/h6>\r\n                <p>Como uno de los eventos de primavera m\u00e1s esperados en Orlando, FL, esta fiesta no solo celebra Mardi Gras con millones de collares, comida incre\u00edble y desfiles, \u00a1sino que tambi\u00e9n ofrece entretenimiento de renombre en vivo en el escenario! Lo mejor de todo es que Mardi Gras est\u00e1 incluido con la admisi\u00f3n v\u00e1lida al parque tem\u00e1tico.<\/p>\r\n                <h6 class=\"mtn mbm\">ROCK THE UNIVERSE - VERANO<\/h6>\r\n                <p>\u00a1Este evento de 2 noches trae a algunos de los artistas de rock cristiano m\u00e1s reconocidos al escenario! Este evento edificante definitivamente te inspirar\u00e1 y har\u00e1 que tu verano sea inolvidable.<\/p>\r\n                <h6 class=\"mtn mbm\">HALLOWEEN HORROR NIGHTS - OTO\u00d1O<\/h6>\r\n                <p>Considerado como uno de los mejores eventos de Halloween en la naci\u00f3n, HHN ofrece algunas de las casas embrujadas m\u00e1s aterradoras e incluye zonas de miedo llenas de monstruos, zombis y muchos otros personajes cl\u00e1sicos de terror.<\/p>\r\n                <h6 class=\"mtn mbm\">NAVIDADES EN UNIVERSAL ORLANDO \u2013 INVIERNO<\/h6>\r\n                <p>Conoce un Londres festivo en El mundo m\u00e1gico de Harry Potter o descubre qui\u00e9n rob\u00f3 la Navidad en Seuss Landing. Pero tambi\u00e9n, no olvidemos el Desfile Festivo anual de Universal con los ic\u00f3nicos globos de Macy's, donde ver\u00e1s a tus personajes favoritos celebrando la \u00e9poca m\u00e1s maravillosa del a\u00f1o.<\/p>\r\n            <\/div>\r\n           [\/tab]\r\n           [tab] \r\n            <div class=\"x-container\">\r\n                <h5 class=\"mtn mbm\">Importante Antes de Ir<\/h5>\r\n                <h6 class=\"mtn mbm\">HORARIO DEL PARQUE:<\/h6>\r\n                <h6 class=\"mbm\">UNIVERSAL STUDIOS FLORIDA<\/h6>\r\n                <p>Al reservar tu paquete vacacional, te recomendamos que visites el sitio web del parque tem\u00e1tico o que llames al parque, ya que el horario de apertura puede variar seg\u00fan el d\u00eda. El parque generalmente se abre a las 9:00 AM y se cierra en cualquier momento de 6PM a 9PM.<\/p>\r\n                <h6 class=\"mtn mbm\">UNIVERSAL'S ISLAND OF ADVENTURE<\/h6>\r\n                <p>Al igual que en Universal Studios Orlando, este parque tiene horarios de cierre seg\u00fan el d\u00eda y la \u00e9poca del a\u00f1o. Island\u2019s of Adventure generalmente abre a las 9:00 AM y cierra en cualquier momento de 6PM a 9PM.<\/p>\r\n                <h6 class=\"mtn mbm\">TRANSPORTE<\/h6>\r\n                <p>Todos nuestros resorts en Orlando, FL ofrecen transporte gratuito a los parques tem\u00e1ticos.<\/p>\r\n                <h6 class=\"mtn mbm\">TARIFA DIARIA DE ESTACIONAMIENTO:<\/h6>\r\n                <ul>\r\n                    <li> \u2022 Estacionamiento VIP: $30<\/li>\r\n                    <li> \u2022 Estacionamiento para RV \/ autobuses: $22<\/li>\r\n                    <li> \u2022 Estacionamiento regular: $20<\/li>\r\n                <\/ul>\r\n            <\/div>\r\n           [\/tab]\r\n           [tab] \r\n            <div class=\"x-container\">\r\n                <h5 class=\"mtn mbm\">Universal Orlando con Westgate en Orlando, FL<\/h5>\r\n                <p>Ahora es el momento para comenzar a planificar tus vacaciones en Orlando con nuestras ofertas de Universal Studios. Westgate te ofrece una variedad de resorts excepcionales en el \u00e1rea de Orlando, incluyendo Westgate Lakes Resort & Spa, convenientemente ubicado a unas millas de Universal Orlando Resort. A solo minutos de los parques tem\u00e1ticos, Westgate Lakes te provee todas las amenidades y lujos que necesitas desde 7 piscinas al aire libre, mini golf, gimnasio, restaurantes en la propiedad, marina con botes de pedales y kayaks, un Spa y m\u00e1s. Tambi\u00e9n apreciar\u00e1s nuestra transportaci\u00f3n complementaria a los parques tem\u00e1ticos.\r\n\r\n<\/p>\r\n            <\/div>\r\n           [\/tab]\r\n           [\/tabs]\r\n        <\/div>\r\n        [\/container]\r\n    <\/div>\r\n<\/section>\r\n<!-- faq -->\r\n<section role=\"contentinfo\">\r\n    <div class=\"x-container max width ptl pbl\">\r\n        <h5 class=\"h3\">Preguntas Frecuentes<\/h5>\r\n        <div class=\"ptl pbl\">\r\n            [accordion id=\"seaworld-faq\"] \r\n            [accordion_item title=\"\u00bfCu\u00e1n lejos esta Westgate Resorts de Universal Orlando Resort?\" parent_id=\"seaworld-faq\"]\r\n            <ul>\r\n                <li>Westgate Palace Resort & Spa to Universal Orlando Studios: 4 min (0.9 millas)<\/li>\r\n                <li>Westgate Lakes Resort & Spa to Universal Studios: 11 min (3.2 millas)<\/li>\r\n                <li>Westgate Towers Resort to Universal Studios: 20 min (14.0 millas)<\/li>\r\n                <li>Westgate Town Center Resort & Spa to Universal Studios:  25 min (15.0 millas)<\/li>\r\n                <li>Westgate Vacation Villas Resort & Spa to Universal Studios: 24 min (14.9 millas)<\/li>\r\n            <\/ul>\r\n            [\/accordion_item] \r\n            [accordion_item title=\"Tengo una familia grande, \u00bfc\u00f3mo puedo agregar m\u00e1s boletos y\/o una villa m\u00e1s grande?\" parent_id=\"seaworld-faq\"]\r\n            <p>\u00a1Todas nuestras ofertas de Orlando son completamente personalizables! No vayas a otro lugar para obtener una habitaci\u00f3n en un hotel sin consultar primero nuestras ofertas especiales. Una vez que selecciones tu paquete y fechas preferidas de Orlando, se te dirigir\u00e1 a una p\u00e1gina que te proporcionar\u00e1 varias opciones y precios de habitaciones y resorts. Una vez all\u00ed, podr\u00e1s elegir una suite \/ villa m\u00e1s grande, si es necesario. Del mismo modo, durante el proceso de pago, podr\u00e1s agregar m\u00e1s boletos de admisi\u00f3n al parque tem\u00e1tico Universal Orlando Resort. Para garantizar que obtengas el mejor precio, te ofrecemos una Garant\u00eda de precio especial que coincidir\u00e1 con la tarifa m\u00e1s baja si la encuentras en otro lugar.\r\n            <\/p>\r\n            [\/accordion_item]   \r\n            [\/accordion]\r\n        <\/div>\r\n        [gap size=\"1em\"]\r\n        <div class=\"x-visible-phone\">\r\n            <img decoding=\"async\" alt=\"Ofrecemos transporte gratuito a los Parques de Universal Orlando\" class=\"mtm\" src=\"https:\/\/westgatecdn.com\/2019\/07\/transporte_gratuito_a_los_parques.jpg\">\r\n            [line]\r\n            [content-block name=\"orlando-reviews-rating\"]\r\n            [line]\r\n            [content-block name=\"single-sitewide-seasonal-ad\"]\r\n        <\/div>\r\n    <\/div>\r\n<\/section>\r\n<!-- cta bar -->\r\n<section role=\"contentinfo\">\r\n    <div style=\"background: #232c35;\">\r\n        <div class=\"x-container max width\">\r\n            [gap size=\"1em\"]\r\n            <div class=\"x-column x-sm x-2-3 white stack-center-m pas\">\r\n                <h5 class=\"font-lighter white man\">Comienza a Planificar tus Vacaciones en Orlando<\/h5>\r\n                <p>\u00a1Con Westgate Resorts!<\/p>\r\n            <\/div>\r\n            <div class=\"x-column x-sm x-1-3 pam last\">\r\n                [phone_link class=\"x-btn x-btn-block btn-orange\"]Llama al [tel][\/phone_link]\r\n            <\/div>\r\n        <\/div> \r\n    <\/div>\r\n<\/section>\r\n<!-- additional links -->\r\n<section role=\"contentinfo\">\r\n    <div class=\"x-container max width pbl mtl\">\r\n        <h5 class=\"mtn\">Enlaces Adicionales de Orlando:<\/h5>\r\n        [columnize]\r\n        <ul>    \r\n        <li><a href=\"\/es\/orlando\/vacation-packages\/disney\/\">Ofertas de Disney<\/a><\/li>\r\n        <li><a href=\"\/es\/orlando\/vacation-packages\/universal\/\">Ofertas de Universal Studios<\/a><\/li>\r\n        <li><a href=\"\/es\/orlando\/vacation-packages\/legoland\/\">Ofertas de Legoland<\/a><\/li>\r\n        <li><a href=\"\/es\/orlando\/vacation-packages\/waterpark\/\">Ofertas de Parques Acu\u00e1ticos en Orlando<\/a><\/li>\r\n        <li><a href=\"\/es\/orlando\/vacation-packages\/\">Paquetes Vacacionales de Orlando<\/a><\/li>\r\n        <\/ul>\r\n        [\/columnize]\r\n    <\/div>\r\n<\/section>\r\n","protected":false},"excerpt":{"rendered":"<p>[gap size=\"3em\" class=\"x-hidden-phone\"] [clear] [gap size=\"1em\" class=\"x-visible-phone\"] Paquetes Vacacionales de Universal Studios Si est\u00e1s buscando unas vacaciones m\u00e1gicas en Orlando, tal vez vas a querer comenzar con Universal Studios Orlando ... <\/p>\n<div><a href=\"https:\/\/www.westgatereservations.com\/es\/orlando\/vacation-packages\/universal\/\" class=\"more-link\">Leer M\u00e1s<\/a><\/div>\n","protected":false},"author":2,"featured_media":0,"parent":10828,"menu_order":0,"comment_status":"closed","ping_status":"closed","template":"template-blank-4.php","meta":{"footnotes":""},"_links":{"self":[{"href":"https:\/\/www.westgatereservations.com\/es\/wp-json\/wp\/v2\/pages\/10838"}],"collection":[{"href":"https:\/\/www.westgatereservations.com\/es\/wp-json\/wp\/v2\/pages"}],"about":[{"href":"https:\/\/www.westgatereservations.com\/es\/wp-json\/wp\/v2\/types\/page"}],"author":[{"embeddable":true,"href":"https:\/\/www.westgatereservations.com\/es\/wp-json\/wp\/v2\/users\/2"}],"replies":[{"embeddable":true,"href":"https:\/\/www.westgatereservations.com\/es\/wp-json\/wp\/v2\/comments?post=10838"}],"version-history":[{"count":0,"href":"https:\/\/www.westgatereservations.com\/es\/wp-json\/wp\/v2\/pages\/10838\/revisions"}],"up":[{"embeddable":true,"href":"https:\/\/www.westgatereservations.com\/es\/wp-json\/wp\/v2\/pages\/10828"}],"wp:attachment":[{"href":"https:\/\/www.westgatereservations.com\/es\/wp-json\/wp\/v2\/media?parent=10838"}],"curies":[{"name":"wp","href":"https:\/\/api.w.org\/{rel}","templated":true}]}}