{"id":10442,"date":"2016-08-12T11:27:48","date_gmt":"2016-08-12T15:27:48","guid":{"rendered":"https:\/\/www.westgatereservations.com\/es\/vacations\/labor-day\/"},"modified":"2025-08-01T16:48:13","modified_gmt":"2025-08-01T20:48:13","slug":"labor-day","status":"publish","type":"page","link":"https:\/\/www.westgatereservations.com\/es\/vacations\/labor-day\/","title":{"rendered":"Labor Day"},"content":{"rendered":"<div class=\"fw-absolute\">\r\n<div class=\"fw-container\">\r\n    <img class=\"banner\" ng-cloak ng-src=\"{{app.data.is_mobile && 'https:\/\/westgatecdn.com\/2022\/08\/banner-m-labor-day-es.jpg' || 'https:\/\/westgatecdn.com\/2022\/08\/banner-full-labor-day-es.jpg'}}\" alt=\"Save big with these Labor Day travel deals\">\r\n<\/div>\r\n\r\n<div class=\"py-1\">&nbsp;<\/div>\r\n <div class=\"py-4 py-md-5\">&nbsp;<\/div>\r\n <div class=\"py-1 py-md-4\">&nbsp;<\/div>\r\n <div class=\"py-0 py-xl-4\">&nbsp;<\/div>\r\n <div class=\"py-0 py-xl-5\">&nbsp;<\/div>\r\n<\/div>\r\n<!---->\r\n<div class=\"x-content-band marginless-columns availability-search\">\r\n    <div class=\"x-container max width\">\r\n        [gap size=\"1em\"]\r\n        [search-availability layout=\"horizontal\" hide_title=\"true\" class=\"no-bg pan\" special_id=\"11080\"]\r\n        [gap size=\"1em\" class=\"x-hidden-phone\"]\r\n    <\/div>\r\n<\/div>\r\n<div class=\"mb-4 pb-2\"><\/div>\r\n\r\n\r\n[container]\r\n<div class=\"x-column x-sm x-3-4\">\r\n<!-- Left Content -->\r\n<div class=\"x-hidden-phone\">\r\n     [custom_headline type=\"left\" level=\"h1\" looks_like=\"h2\" class=\"mts\"]Paquetes de vacaciones para el D\u00eda del Trabajo (Labor Day) [\/custom_headline]\r\n     [responsive_text selector=\".responsive-heading\" compression=\"1.5\" min_size=\"18px\" max_size=\"40px\"]\r\n     <!-- Second line Title-->[custom_headline class=\"mts responsive-subheading\" type=\"left\" level=\"h2\" looks_like=\"h5\"]Haz que el Fin de Semana Festivo sea a\u00fan mejor con estas Escapadas con Descuento[\/custom_headline]\r\n     [responsive_text selector=\".responsive-subheading\" compression=\"1.5\" min_size=\"14px\" max_size=\"24px\"]\r\n\r\n     <p class=\"mbs\">\r\n     [dropcap]W[\/dropcap]estgate Resorts ofrece una amplia variedad de ofertas de vacaciones para el D\u00eda del Trabajo (Labor Day) dise\u00f1adas para ayudarte a relajarte y aprovechar al m\u00e1ximo tu fin de semana de 3 d\u00edas. La mejor parte es que estos paquetes familiares con descuento est\u00e1n disponibles en diferentes destinos emocionantes de los Estados Unidos.\r\n     <\/p>\r\n\r\n     <p>Elige desde aventuras m\u00e1gicas en parques tem\u00e1ticos en Orlando, donde puedes explorar la diversi\u00f3n en Disney World, Universal Studios y SeaWorld Orlando. Explora la historia colonial y la diversi\u00f3n que ofrece un parque tem\u00e1tico en el hist\u00f3rico Williamsburg. Divi\u00e9rtete bajo el sol en Myrtle Beach, SC. O asiste a uno de los muchos espect\u00e1culos y conciertos en vivo mientras ganas el premio gordo en Las Vegas, NV.<\/p>\r\n<\/div>\r\n\r\n[custom_headline type=\"left\" class=\"mbs\" level=\"h5\" looks_like=\"h4\" accent=\"true\"]Paquetes Populares de Labor Day[\/custom_headline]\r\n[specials ids=\"20706,11386\"]\r\n\r\n\r\n<div class=\"x-visible-phone mtm mbn\">\r\n<div class=\"x-column x-sm x-1-4 last\">\r\n     [content-block name=\"call-hours\"]\r\n<\/div>\r\n     [custom_headline type=\"left\" level=\"h1\" looks_like=\"h2\" class=\"mts\"]Paquetes de vacaciones Labor Day[\/custom_headline]\r\n     [responsive_text selector=\".responsive-heading\" compression=\"1.5\" min_size=\"18px\" max_size=\"40px\"]\r\n     <!-- Second line Title-->[custom_headline class=\"mts responsive-subheading\" type=\"left\" level=\"h2\" looks_like=\"h5\"]Haz que el fin de semana festivo sea a\u00fan mejor con estas escapadas con descuento [\/custom_headline]\r\n     [responsive_text selector=\".responsive-subheading\" compression=\"1.5\" min_size=\"14px\" max_size=\"24px\"]\r\n\r\n     <p class=\"mbs\">\r\n     [dropcap]W[\/dropcap]estgate Resorts ofrece una amplia variedad de ofertas de vacaciones para el D\u00eda del Trabajo (Labor Day) dise\u00f1adas para ayudarte a relajarte y aprovechar al m\u00e1ximo tu fin de semana de 3 d\u00edas. La mejor parte es que estos paquetes familiares con descuento est\u00e1n disponibles en diferentes destinos emocionantes de los Estados Unidos.\r\n     <\/p>\r\n\r\n     <p>Elige desde aventuras m\u00e1gicas en parques tem\u00e1ticos en Orlando, donde puedes explorar la diversi\u00f3n en Disney World, Universal Studios y SeaWorld Orlando. Explora la historia colonial y la diversi\u00f3n que ofrece un parque tem\u00e1tico en el hist\u00f3rico Williamsburg. Divi\u00e9rtete bajo el sol en Myrtle Beach, SC. O asiste a uno de los muchos espect\u00e1culos y conciertos en vivo mientras ganas el premio gordo en Las Vegas, NV.<\/p>\r\n<\/div>\r\n\r\n<p>Independientemente del destino que elijas para tu paquete vacacional del D\u00eda del Trabajo, encontrar\u00e1s un lujoso y acogedor resort de Westgate que har\u00e1 que tus vacaciones sean a\u00fan m\u00e1s espectaculares e inolvidables. Olv\u00eddate de la habitaci\u00f3n de hotel est\u00e1ndar y en cambio, disfruta de un alojamiento espacioso con todas las comodidades del hogar. Nuestros resorts ofrecen mucho espacio para toda la familia.<\/p>\r\n\r\n<p>Mejor a\u00fan, si bien nuestros destinos ofrecen muchas emociones y entretenimiento, \u00a1encontrar\u00e1s tu dosis de diversi\u00f3n en la propiedad con una amplia variedad de servicios exclusivos como minigolf, gimnasios, salas de juegos, piscinas y jacuzzis, parques acu\u00e1ticos, lujosos spas, opciones gastron\u00f3micas en el lugar, actividades programadas, botes a pedales, tenis y mucho m\u00e1s!<\/p>\r\n\r\n<p>\u00a1El verano se est\u00e1 acabando r\u00e1pidamente, as\u00ed que no pierdas la oportunidad de vivir la vida al m\u00e1ximo con estas ofertas con descuentos en vacaciones del D\u00eda del Trabajo en <a href=\"[home_url]\">Westgate Resorts<\/a>! <\/p>\r\n\r\n<div class=\"x-hidden-phone\">\r\n[gap size=\"1em\"]\r\n<h5  class=\"center-text\">\u00a1Reserva una de las mejores ofertas del D\u00eda del Trabajo hoy!<br\/>\r\n\u00a1Llama Hoy! [phone_link][tel][\/phone_link]<\/h5>\r\n<\/div>\r\n[gap  size=\"3em\"]\r\n\r\n[share title=\"Comparte esta P\u00e1gina\" facebook=\"true\" twitter=\"true\" google_plus=\"true\" linkedin=\"true\" pinterest=\"true\" reddit=\"true\" email=\"true\"]\r\n\r\n<!-- \/Left Content -->\r\n<\/div>\r\n<div class=\"x-column x-sm x-1-4 last\">\r\n<div class=\"mtl\"><\/div>\r\n<div class=\"p-3 email-sidebar x-hidden-phone\" style=\"background: #fafafa;\">\r\n                <img decoding=\"async\" src=\"https:\/\/westgatecdn.com\/2019\/02\/best-price-logo.png\" alt=\"Best Price Guarantee\" class=\"mb-3 x-hidden-phone\" style=\"display: block; width: 100%; max-width: 300px; margin: auto;\">\r\n                <div class=\"container\">\r\n                    <div class=\"row\">\r\n                        <div class=\"col col-6 col-lg-12 pb-0 pb-lg-3\">\r\n                            <div class=\"icon-nav light\">\r\n                             [phone_link class=\"inheritcolor\"]\r\n                                <div class=\"x-column x-1-4\">\r\n                                    <i class=\"fas fa-phone fa-2x right-stack-m focus\"><\/i>\r\n                                <\/div>\r\n                                <div class=\"x-column x-3-4 last\">\r\n                                    <p class=\"x-visible-phone mts pl-4 pl-sm-2 pl-md-0\" style=\"line-height:1.2em;\">\r\n                                        <strong>Call to<br\/> book<\/strong>\r\n                                    <\/p>\r\n                                    <p class=\"x-hidden-phone font-120 mb-0\">\r\n                                        <strong>\u00a1Llama para Reservar!<\/strong><br\/>\r\n                                        <span>[tel]<\/span>\r\n                                    <\/p>\r\n                                <\/div>\r\n                                [\/phone_link]\r\n                            <\/div>\r\n                        <\/div>\r\n                        \r\n                        <div class=\"col col-6 col-lg-12\">\r\n                            <div class=\"icon-nav light\">\r\n                                <a href=\"#\"; onclick=\"SnapEngage.startLink();\" class=\"inheritcolor\">\r\n                                    <div class=\"x-column x-1-4\">\r\n                                        <i class=\"fas fa-comment-alt fa-2x right-stack-m\"><\/i>\r\n                                    <\/div>\r\n                                    <div class=\"x-column x-3-4 last\">\r\n                                        <p class=\"x-visible-phone mts pl-4 pl-sm-2 pl-md-0\" style=\"line-height:1.2em;\">\r\n                                            <strong>Chatear con <br\/> AgenteS<\/strong>\r\n                                        <\/p>\r\n                                        <p class=\"x-hidden-phone font-120 mb-0\">\r\n                                            <strong>Live Chat<\/strong><br\/>\r\n                                            <span>Chatear con un agente<\/span>\r\n                                        <\/p>\r\n                                    <\/div>\r\n                                <\/a>\r\n                            <\/div>\r\n                            [clear]\r\n                        <\/div>\r\n                    <\/div>\r\n                <\/div>\r\n            <\/div>\r\n            <!---->\r\n<div class=\"mt-4\"><\/div>\r\n     [content-block name=\"call-hours\"]\r\n\r\n<\/div>\r\n[\/container]\r\n","protected":false},"excerpt":{"rendered":"<p>&nbsp; &nbsp; &nbsp; &nbsp; &nbsp; [gap size=\"1em\"] [search-availability layout=\"horizontal\" hide_title=\"true\" class=\"no-bg pan\" special_id=\"11080\"] [gap size=\"1em\" class=\"x-hidden-phone\"] [container] [custom_headline type=\"left\" level=\"h1\" looks_like=\"h2\" class=\"mts\"]Paquetes de vacaciones para el D\u00eda del Trabajo (Labor ... <\/p>\n<div><a href=\"https:\/\/www.westgatereservations.com\/es\/vacations\/labor-day\/\" class=\"more-link\">Leer M\u00e1s<\/a><\/div>\n","protected":false},"author":6,"featured_media":0,"parent":5364,"menu_order":0,"comment_status":"open","ping_status":"closed","template":"template-blank-4.php","meta":{"footnotes":""},"_links":{"self":[{"href":"https:\/\/www.westgatereservations.com\/es\/wp-json\/wp\/v2\/pages\/10442"}],"collection":[{"href":"https:\/\/www.westgatereservations.com\/es\/wp-json\/wp\/v2\/pages"}],"about":[{"href":"https:\/\/www.westgatereservations.com\/es\/wp-json\/wp\/v2\/types\/page"}],"author":[{"embeddable":true,"href":"https:\/\/www.westgatereservations.com\/es\/wp-json\/wp\/v2\/users\/6"}],"replies":[{"embeddable":true,"href":"https:\/\/www.westgatereservations.com\/es\/wp-json\/wp\/v2\/comments?post=10442"}],"version-history":[{"count":0,"href":"https:\/\/www.westgatereservations.com\/es\/wp-json\/wp\/v2\/pages\/10442\/revisions"}],"up":[{"embeddable":true,"href":"https:\/\/www.westgatereservations.com\/es\/wp-json\/wp\/v2\/pages\/5364"}],"wp:attachment":[{"href":"https:\/\/www.westgatereservations.com\/es\/wp-json\/wp\/v2\/media?parent=10442"}],"curies":[{"name":"wp","href":"https:\/\/api.w.org\/{rel}","templated":true}]}}