{"id":10297,"date":"2016-07-07T14:03:47","date_gmt":"2016-07-07T18:03:47","guid":{"rendered":"https:\/\/www.westgatereservations.com\/es\/kissimmee\/vacation-ownership-resorts\/"},"modified":"2023-06-02T11:46:11","modified_gmt":"2023-06-02T15:46:11","slug":"vacation-ownership-resorts","status":"publish","type":"page","link":"https:\/\/www.westgatereservations.com\/es\/kissimmee\/vacation-ownership-resorts\/","title":{"rendered":"Propiedades Vacacionales Westgate"},"content":{"rendered":"[container]\r\n[visibility type=\"visible-phone\"]\r\n<a class=\"x-btn x-btn-block x-btn-rounded x-btn-regular btn-orange\" href=\"tel:[tel]\">\r\n<i class=\"x-icon-phone\"><\/i> Llama para Reservar<\/a>\r\n[gap size=\"2em\"]\r\n[\/visibility]\r\n<!--content 3\/4 - 1\/4-->\r\n<div>\r\n<div class=\"x-column x-sm x-3-4\">\r\n<h5 class=\"mtn\">\u00c9chale un vistazo a las Propiedades Vacacionales de Westgate Resorts<\/h5>\r\n<p>\r\nCuando se trata de vacaciones en los Parques Tem\u00e1ticos de Orlando, los visitantes del centro de Florida pueden elegir entre una incre\u00edble variedad de hoteles, moteles, casas de alquiler y resorts. Con cientas de opciones para elegir, hay algo para cada familia y cada presupuesto. Sin embargo, una de las mejores opciones son las propiedades vacacionales de Westgate Resorts en Orlando y Kissimmee.\r\n<\/p>\r\n<div>\r\n[column type=\"one-half\"]\r\n[image class=\"resort-gallery-img1 interior mbn\" src=\"https:\/\/westgatecdn.com\/2015\/07\/Westgate-Town-Center-Resort-and-Spa.jpg\" alt=\"Westgate Town Center Resort and Spa Welcome Center\" type=\"thumbnail\" link=\"true\" href=\"https:\/\/westgatecdn.com\/2015\/07\/Westgate-Town-Center-Resort-and-Spa.jpg\" title=\"Westgate Town Center Resort and Spa Welcome Center\"]\r\n[image class=\"resort-gallery-img1 interior x-hidden-phone x-hidden-desktop\" src=\"https:\/\/westgatecdn.com\/2016\/07\/Shipwreck-Island-113-1.jpg\" alt=\"Westgate Town Center Water Park\" type=\"thumbnail\" link=\"true\" href=\"https:\/\/westgatecdn.com\/2016\/07\/Shipwreck-Island-113-1.jpg\" title=\"\"]\r\n[image class=\"resort-gallery-img1 interior x-hidden-phone x-hidden-desktop\" src=\"https:\/\/westgatecdn.com\/2015\/07\/Westgate-Town-Center-Bedroom.jpg\" alt=\"Westgate Town Center Living-Room\" type=\"thumbnail\" link=\"true\" href=\"https:\/\/westgatecdn.com\/2015\/07\/Westgate-Town-Center-Living-Room.jpg\" title=\"Westgate Town Center Living-Room\"]\r\n[image class=\"resort-gallery-img1 interior x-hidden-phone x-hidden-desktop\" src=\"https:\/\/westgatecdn.com\/2015\/07\/Westgate-Town-Center-Kitchen.jpg\" alt=\"Westgate Town Center Kitchen in the rooms\" type=\"thumbnail\" link=\"true\" href=\"https:\/\/westgatecdn.com\/2015\/07\/Westgate-Town-Center-Kitchen.jpg\" title=\"Westgate Town Center Kitchen\"]\r\n[image class=\"resort-gallery-img1 interior x-hidden-phone x-hidden-desktop\" src=\"https:\/\/westgatecdn.com\/2015\/07\/Westgate-Town-Center-Movie-Theater.jpg\" alt=\"Westgate-Town-Center-Movie-Theater\" type=\"thumbnail\" link=\"true\" href=\"https:\/\/westgatecdn.com\/2015\/07\/Westgate-Town-Center-Movie-Theater.jpg\" title=\"\"]\r\n[image class=\"resort-gallery-img1 interior x-hidden-phone x-hidden-desktop\" src=\"https:\/\/westgatecdn.com\/2015\/07\/Westgate-Town-Center-Paddle-Boats.jpg\" alt=\"Westgate Town Center Paddle Boats\" type=\"thumbnail\" link=\"true\" href=\"https:\/\/westgatecdn.com\/2015\/07\/Westgate-Town-Center-Paddle-Boats.jpg\" title=\"Westgate Town Center Paddle Boats\"]\r\n[lightbox selector=\".resort-gallery-img1\" deeplink=\"\" opacity=\"0.875\" prev_scale=\"0.75\" prev_opacity=\"0.75\" next_scale=\"0.75\" next_opacity=\"0.75\" orientation=\"horizontal\" thumbnails=\"true\"]\r\n<h5 class=\"mts subheading\">Westgate Town Center<\/h5>\r\n[\/column]\r\n[column type=\"one-half\" last=\"true\"]\r\n[image class=\"resort-gallery-img interior mbn\" src=\"https:\/\/westgatecdn.com\/2015\/07\/Westgate-Vacation-Villas-Orlando.jpg\" alt=\"Westgate Vacation Villas Orlando\" type=\"thumbnail\" link=\"true\" href=\"https:\/\/westgatecdn.com\/2015\/07\/Westgate-Vacation-Villas-Orlando.jpg\" title=\"\"]\r\n[image class=\"resort-gallery-img interior x-hidden-phone x-hidden-desktop\" src=\"https:\/\/westgatecdn.com\/2015\/07\/Westgate-Vacation-Villas-Kitchen.jpg\" alt=\"Westgate Vacation Villas Kitchen\" type=\"thumbnail\" link=\"true\" href=\"https:\/\/westgatecdn.com\/2015\/07\/Westgate-Vacation-Villas-Kitchen.jpg\" title=\"\"]\r\n[image class=\"resort-gallery-img interior x-hidden-phone x-hidden-desktop\" src=\"https:\/\/westgatecdn.com\/2015\/07\/villas-1br-new.jpg\" alt=\"Westgate Vacation Villas Living-Room\" type=\"thumbnail\" link=\"true\" href=\"https:\/\/westgatecdn.com\/2015\/07\/villas-1br-new.jpg\" title=\"\"]\r\n[image class=\"resort-gallery-img interior x-hidden-phone x-hidden-desktop\" src=\"https:\/\/westgatecdn.com\/2015\/07\/Westgate-Vacation-Villas-Living-Room.jpg\" alt=\"Westgate Vacation Villas Living-Room\" type=\"thumbnail\" link=\"true\" href=\"https:\/\/westgatecdn.com\/2015\/07\/Westgate-Vacation-Villas-Living-Room.jpg\" title=\"\"]\r\n[image class=\"resort-gallery-img interior x-hidden-phone x-hidden-desktop\" src=\"https:\/\/westgatecdn.com\/2015\/07\/Westgate-Vacation-Villas-Pool.jpg\" alt=\"Westgate Vacation Villas Pool\" type=\"thumbnail\" link=\"true\" href=\"https:\/\/westgatecdn.com\/2015\/07\/Westgate-Vacation-Villas-Pool.jpg\" title=\"\"]\r\n[image class=\"resort-gallery-img interior x-hidden-phone x-hidden-desktop\" src=\"https:\/\/westgatecdn.com\/2015\/07\/Westgate-Vacation-Villas-Waterpark.jpg\" alt=\"Westgate Vacation Villas Waterpark\" type=\"thumbnail\" link=\"true\" href=\"https:\/\/westgatecdn.com\/2015\/07\/Westgate-Vacation-Villas-Waterpark.jpg\" title=\"\"]\r\n[lightbox selector=\".resort-gallery-img\" deeplink=\"\" opacity=\"0.875\" prev_scale=\"0.75\" prev_opacity=\"0.75\" next_scale=\"0.75\" next_opacity=\"0.75\" orientation=\"horizontal\" thumbnails=\"true\"]\r\n<h5 class=\"mts subheading\">Westgate Vacation Villas<\/h5>\r\n[\/column]\r\n<\/div>\r\n<p>\r\nA diferencia de una habitaci\u00f3n t\u00edpica, peque\u00f1a y estrecha de hotel, nuestras propiedades vacacionales pueden ofrecer mucho m\u00e1s por pr\u00e1cticamente el mismo precio. Westgate Town Center Resort & Spa y Westgate Vacation Villas son s\u00f3lo dos de los resorts vacacionales de Westgate en la zona de Kissimmee y cerca de Disney.\r\n<\/p>\r\n\r\n<h5>Una Habitaci\u00f3n y Mucho M\u00e1s<\/h5>\r\n<div>\r\n[column type=\"one-fifth\" fade_animation=\"in\" fade_animation_offset=\"45px\"]<img decoding=\"async\" src=\"https:\/\/westgatecdn.com\/2015\/08\/Villas-2br-bedrooml.jpg\" \/>[\/column]\r\n[column type=\"one-fifth\" fade_animation=\"in\" fade_animation_offset=\"45px\" class=\"x-hidden-phone\"]<img decoding=\"async\" src=\"https:\/\/westgatecdn.com\/2015\/08\/Villas-2-4br-livingroom-new.jpg\" \/>[\/column]\r\n[column type=\"one-fifth\" fade_animation=\"in\" fade_animation_offset=\"45px\" class=\"x-hidden-phone\"]<img decoding=\"async\" src=\"https:\/\/westgatecdn.com\/2015\/08\/villas-1br-new.jpg\" \/>[\/column]\r\n[column type=\"one-fifth\" fade_animation=\"in\" fade_animation_offset=\"45px\" class=\"x-hidden-phone\"]<img decoding=\"async\" src=\"https:\/\/westgatecdn.com\/2015\/08\/Villas-2-4br-livingroom-new.jpg\" \/>[\/column]\r\n[column type=\"one-fifth\" fade_animation=\"in\" fade_animation_offset=\"45px\" class=\"x-hidden-phone\"]<img decoding=\"async\" src=\"https:\/\/westgatecdn.com\/2015\/08\/Villas-2br-kitchen.jpg\" \/>[\/column]\r\n<\/div>\r\n[clear]\r\n<hr class=\"darker-hr\" \/>\r\n<p>\r\nLas propiedades de Westgate Resorts ofrecen mucho m\u00e1s que una peque\u00f1a habitaci\u00f3n y un par de camas. En las espaciosas y lujosas villas o suites podr\u00e1s disfrutar de todas las comodidades del hogar. Imag\u00ednate abrir la puerta de tu alojamiento y encontrar una cocina totalmente equipada, comedor y sala separada, balc\u00f3n o terraza, muebles en piel, televisor de pantalla grande y m\u00e1s. \r\n\r\nMejor a\u00fan, en lugar de una peque\u00f1a piscina cerca del estacionamiento, Westgate Town Center & Villas Resort ofrece canchas de baloncesto, voleibol, tiendas, restaurantes, gimnasio, sala de juegos, cine de Disney, actividades programadas y m\u00e1s. Se puede nadar en no una, sino 14 piscinas climatizadas al aire libre y 1 jacuzzis. De igual manera puede visitar el Parque Acu\u00e1tico Shipwreck Island que incluye un Lazy River, zona de juegos en un barco pirata con ca\u00f1ones de agua, toboganes de tubo, solarium, sala de estar a la sombra, \u00e1rea de comer y bares en la piscina.\r\n<\/p>\r\n[gap size=\"1em\"]\r\n<h5>Qu\u00e9date y Juegue - A\u00f1o tras A\u00f1o<\/h5>\r\n<p>\r\nNuestras propiedades vacacionales tambi\u00e9n ofrecen una oportunidad para quedarse y jugar en resorts como Westgate Town Center & Vacation Villas a\u00f1o tras a\u00f1o. \u00bfQu\u00e9 mejor manera de aprovechar los parques tem\u00e1ticos de clase mundial de la zona central de la Florida y lugares de inter\u00e9s? Estas incre\u00edbles propiedades est\u00e1n a solo una milla de la entrada principal de Disney. De igual forma estar\u00e1s cerca de SeaWorld, Universal Studios, tiendas, vida nocturna, restaurantes y docenas de otras atracciones tur\u00edsticas de Orlando y Kissimmee.\r\n[google_map lat=\"28.387344\" lng=\"-81.463559\" zoom=\"11\" zoom_control=\"true\" drag=\"true\" height=\"300px\" no_container=\"true\" class=\"mbm x-img-thumbnail\"]\r\n[google_map_marker image=\"https:\/\/westgatecdn.com\/2015\/07\/marker-resort.png\" lat=\"28.329507\" lng=\"-81.597821\" info=\"Westgate Town Center\"][\/google_map_marker]\r\n[google_map_marker image=\"https:\/\/westgatecdn.com\/2015\/07\/marker-disney.png\" lat=\"28.359634\" lng=\"-81.591549\" info=\"Disney's Animal Kingdom Theme Park\"][\/google_map_marker]\r\n[google_map_marker image=\"https:\/\/westgatecdn.com\/2015\/07\/marker-disney.png\" lat=\"28.417663\" lng=\"-81.581437\" info=\"Disney's Magic Kingdom Theme Park\"][\/google_map_marker]\r\n[google_map_marker image=\"https:\/\/westgatecdn.com\/2015\/07\/marker-disney.png\" lat=\"28.374425\" lng=\"-81.550268\" info=\"Disney's Epcot\"][\/google_map_marker]\r\n[google_map_marker image=\"https:\/\/westgatecdn.com\/2015\/07\/marker-disney.png\" lat=\"28.357001\" lng=\"-81.559473\" info=\"Disney's Hollywood Studios\"][\/google_map_marker]\r\n[google_map_marker image=\"https:\/\/westgatecdn.com\/2015\/07\/marker-seaworld.png\" lat=\"28.411445\" lng=\"-81.463559\" info=\"SeaWorld Orlando\"][\/google_map_marker]\r\n[google_map_marker image=\"https:\/\/westgatecdn.com\/2015\/07\/marker-waterpark.png\" lat=\"28.461475\" lng=\"-81.465764\" info=\"Wet 'n' Wild waterpark\"][\/google_map_marker]\r\n[google_map_marker image=\"https:\/\/westgatecdn.com\/2015\/07\/marker-universal.png\" lat=\"28.474881\" lng=\"-81.470426\" info=\"Universal Studios Orlando\"][\/google_map_marker]\r\n[google_map_marker image=\"https:\/\/westgatecdn.com\/2015\/07\/marker-disney-waterpark.png\" lat=\"28.365441\" lng=\"-81.528575\" info=\"Disney's Typhoon Lagoon\"][\/google_map_marker]\r\n[google_map_marker image=\"https:\/\/westgatecdn.com\/2015\/07\/marker-disney-waterpark.png\" lat=\"28.351581\" lng=\"-81.575075\" info=\"Disney's Blizzard Beach\"][\/google_map_marker]\r\n[google_map_marker image=\"https:\/\/westgatecdn.com\/2015\/07\/shopping-marker1.png\" lat=\"28.479219\" lng=\"-81.451498\" info=\"Prime Outlets International Dr.\"][\/google_map_marker]\r\n[google_map_marker image=\"https:\/\/westgatecdn.com\/2015\/07\/shopping-marker1.png\" lat=\"28.387344\" lng=\"-81.492183\" info=\"Orlando Vineland Prime Outlets\"][\/google_map_marker]\r\n[google_map_marker image=\"https:\/\/westgatecdn.com\/2015\/07\/shopping-marker.png\" lat=\"28.44622\" lng=\"-81.394905\" info=\"Florida Mall\"]\r\n[\/google_map_marker]\r\n[google_map_marker image=\"https:\/\/westgatecdn.com\/2015\/07\/shopping-marker.png\" lat=\"28.485769\" lng=\"-81.431595\" info=\"Mall at Millenia\"]\r\n[\/google_map_marker]\r\n[google_map_marker image=\"https:\/\/westgatecdn.com\/2015\/07\/Orlando-Eye-Icon.png\" lat=\"28.443489\" lng=\"-81.469079\" info=\"Orlando Eye\"]\r\n[\/google_map_marker]\r\n[\/google_map]\r\nVis\u00edtanos y ve cu\u00e1n divertido puede ser tener una propiedad vacacional y crear las vacaciones familiares de tus sue\u00f1os a\u00f1o tras a\u00f1o. \r\n<\/p>\r\n[gap size=\"1em\"]\r\n<h5 class=\"center-text\">\u00a1Comienza tus Vacaciones en Kissimmee, FL Hoy!<br\/>\r\nLlama Hoy [phone_link][tel][\/phone_link]<\/h5>\r\n[gap size=\"3em\"]\r\n<\/div>\r\n<div class=\"x-column x-sm x-1-4 last\">\r\n[sidebar sidebar_id=\"ups-sidebar-kissimmee-silo-sidebar\"]\r\n<\/div>\r\n<\/div>\r\n<!--\/content 2\/3 - 1\/3-->\r\n\r\n[\/container]","protected":false},"excerpt":{"rendered":"<p>[container] [visibility type=\"visible-phone\"] Llama para Reservar [gap size=\"2em\"] [\/visibility] \u00c9chale un vistazo a las Propiedades Vacacionales de Westgate Resorts Cuando se trata de vacaciones en los Parques Tem\u00e1ticos de Orlando, ... <\/p>\n<div><a href=\"https:\/\/www.westgatereservations.com\/es\/kissimmee\/vacation-ownership-resorts\/\" class=\"more-link\">Leer M\u00e1s<\/a><\/div>\n","protected":false},"author":2,"featured_media":0,"parent":10203,"menu_order":0,"comment_status":"closed","ping_status":"closed","template":"template-blank-4.php","meta":{"footnotes":""},"_links":{"self":[{"href":"https:\/\/www.westgatereservations.com\/es\/wp-json\/wp\/v2\/pages\/10297"}],"collection":[{"href":"https:\/\/www.westgatereservations.com\/es\/wp-json\/wp\/v2\/pages"}],"about":[{"href":"https:\/\/www.westgatereservations.com\/es\/wp-json\/wp\/v2\/types\/page"}],"author":[{"embeddable":true,"href":"https:\/\/www.westgatereservations.com\/es\/wp-json\/wp\/v2\/users\/2"}],"replies":[{"embeddable":true,"href":"https:\/\/www.westgatereservations.com\/es\/wp-json\/wp\/v2\/comments?post=10297"}],"version-history":[{"count":0,"href":"https:\/\/www.westgatereservations.com\/es\/wp-json\/wp\/v2\/pages\/10297\/revisions"}],"up":[{"embeddable":true,"href":"https:\/\/www.westgatereservations.com\/es\/wp-json\/wp\/v2\/pages\/10203"}],"wp:attachment":[{"href":"https:\/\/www.westgatereservations.com\/es\/wp-json\/wp\/v2\/media?parent=10297"}],"curies":[{"name":"wp","href":"https:\/\/api.w.org\/{rel}","templated":true}]}}