{"id":10296,"date":"2016-07-08T11:18:14","date_gmt":"2016-07-08T15:18:14","guid":{"rendered":"https:\/\/www.westgatereservations.com\/es\/kissimmee\/historic-downtown\/"},"modified":"2016-12-28T10:10:07","modified_gmt":"2016-12-28T15:10:07","slug":"historic-downtown","status":"publish","type":"page","link":"https:\/\/www.westgatereservations.com\/es\/kissimmee\/historic-downtown\/","title":{"rendered":"Centro Hist\u00f3rico de Kissimmee"},"content":{"rendered":"[container]\r\n[visibility type=\"visible-phone\"]\r\n<a class=\"x-btn x-btn-block x-btn-rounded x-btn-regular btn-orange\" href=\"tel:[tel]\">\r\n<i class=\"x-icon-phone\"><\/i> Llama para Reservar<\/a>\r\n[gap size=\"2em\"]\r\n[\/visibility]\r\n<!--content 3\/4 - 1\/4-->\r\n<div>\r\n<div class=\"x-column x-sm x-3-4\">\r\n<h5 class=\"mtn\">Conoce toda la diversi\u00f3n del Centro Hist\u00f3rico de Kissimmee<\/h5>\r\n<div>\r\n[column type=\"one-third\"]\r\n<img decoding=\"async\" class=\"x-img-thumbnail\" src=\"https:\/\/westgatecdn.com\/2016\/07\/downtown-Kissimmee.jpg\" alt=\"Dpwntown Kissimmee\" title=\"Downtown Kissimmee Historic\"\/>\r\n[\/column]\r\n[column type=\"two-thirds\" last=\"true\"]\r\n<p>Situado justo al sur de Orlando, FL ya pocos minutos de la entrada principal de Walt Disney World Resort, <a href=\"https:\/\/www.westgatereservations.com\/es\/kissimmee\/\">Kissimmee<\/a> es conocido como la puerta de entrada a la diversi\u00f3n. Los visitantes pueden disfrutar de acceso f\u00e1cil a algunos de los parques tem\u00e1ticos y atracciones m\u00e1s populares del mundo. Sin embargo, tu visita a la zona tambi\u00e9n deber\u00eda incluir una visita al Centro Hist\u00f3rico de Kissimmee. Esta pintoresca ciudad es m\u00e1s que la entrada a Disney, tambi\u00e9n tiene una historia con ra\u00edces profundas en el ganado de Florida y las industrias de c\u00edtricos. Hoy d\u00eda esta hist\u00f3rica \u00e1rea est\u00e1 llena de tiendas, boutiques, restaurantes, vida nocturna y mucho m\u00e1s.<\/p>\r\n[\/column]\r\n<\/div>\r\n[clear]\r\n<hr class=\"darker-hr\" \/>\r\n<h5 class=\"mtn\">Un Centro de Renacimiento<\/h5>\r\n[column type=\"one-third\"]\r\n<img decoding=\"async\" class=\"x-img-thumbnail\" src=\"https:\/\/westgatecdn.com\/2016\/07\/kissimmee-downtown1.jpg\" alt=\"Downtown Kissimmee Historic\" Title=\"Downtown Kissimmee Historic\" \/>\r\n[\/column]\r\n[column type=\"two-thirds\" last=\"true\"]\r\n<p>\r\nEn los \u00faltimos a\u00f1os, el <strong>Centro Hist\u00f3rico de Kissimmee<\/strong> ha disfrutado de una maravillosa renovaci\u00f3n. La avenida Dakin es el coraz\u00f3n de la zona, ofreciendo una gran variedad de restaurantes, bares y vida nocturna. Visita Savion\u2019s Place para comida caribe\u00f1a, Willy\u2019s Weiners para m\u00e1s de una docena de diferentes perros calientes, o Red Shoe Martini Bar para un c\u00f3ctel. El popular Kissimmee Lakefront Park dispone de un mercado agr\u00edcola semanal, noches de Food Trucks y otros eventos cada mes como lo es el cine al aire libre. \r\n<\/p>\r\n[\/column]\r\n[clear]\r\n<hr class=\"darker-hr\" \/>\r\n<h5 class=\"mtn\">Disfruta de las Orillas del Lago Toho<\/h5>\r\n[column type=\"one-third\"]\r\n<img decoding=\"async\" class=\"x-img-thumbnail\" src=\"https:\/\/westgatecdn.com\/2016\/07\/kissimmee-lake-taho-park.jpg\" alt=\"Lake Taho Park Kissimmee\" title=\"Lake Taho Park Kissimmee\" \/>\r\n[\/column]\r\n[column type=\"two-thirds\" last=\"true\"]\r\n<p>El <strong>Centro Hist\u00f3rico de Kissimmee<\/strong> Lakefront Park es un espectacular parcela de 25 acres de tierra a lo largo de las orillas del lago Tohopekaliga (Lago Toho) - uno de los m\u00e1s lagos de pesca de lubinas m\u00e1s famosos del mundo. El parque tambi\u00e9n cuenta con el monumento de los Estados, una torre gigante de 50 pies de altura hecha de granito, cuarzo, rocas, f\u00f3siles y piezas de los edificios antiguos de todo el pa\u00eds. Los visitantes tambi\u00e9n encontrar\u00e1n un \u00e1rea de juegos, y un sendero de 3 millas de largo a lo largo del agua, popular entre los caminantes, corredores, ciclistas y pescadores.\r\n\r\n<\/p>\r\n[\/column]\r\n[clear]\r\n<hr class=\"darker-hr\" \/>\r\n\r\n<h5 class=\"mtn\">Explora Kissimmee Hoy<\/h5>\r\n<p>\r\nEl <strong>Centro Hist\u00f3rico de Kissimmee<\/strong> cuenta con una amplia gama de casas encantadoras, tiendas, galer\u00edas, tiendas de antig\u00fcedades y mucho m\u00e1s. Los compradores encontrar\u00e1n tesoros, art\u00edculos de colecci\u00f3n y obras de arte \u00fanicas. \u00a1No pierdas la oportunidad de <a href=\"https:\/\/www.westgatereservations.com\/es\/kissimmee\/\">explorar Kissimmee<\/a>! Hay un mundo especial de aventura esper\u00e1ndote a s\u00f3lo minutos de Walt Disney World Resort.\r\n<\/p>\r\n[google_map lat=\"28.387344\" lng=\"-81.463559\" zoom=\"11\" zoom_control=\"true\" drag=\"true\" height=\"300px\" no_container=\"true\" class=\"mbm x-img-thumbnail\"]\r\n[google_map_marker image=\"https:\/\/westgatecdn.com\/2015\/07\/marker-resort.png\" lat=\"28.329507\" lng=\"-81.597821\" info=\"Westgate Town Center\"][\/google_map_marker]\r\n[google_map_marker image=\"https:\/\/westgatecdn.com\/2015\/07\/marker-disney.png\" lat=\"28.359634\" lng=\"-81.591549\" info=\"Disney's Animal Kingdom Theme Park\"][\/google_map_marker]\r\n[google_map_marker image=\"https:\/\/westgatecdn.com\/2015\/07\/marker-disney.png\" lat=\"28.417663\" lng=\"-81.581437\" info=\"Disney's Magic Kingdom Theme Park\"][\/google_map_marker]\r\n[google_map_marker image=\"https:\/\/westgatecdn.com\/2015\/07\/marker-disney.png\" lat=\"28.374425\" lng=\"-81.550268\" info=\"Disney's Epcot\"][\/google_map_marker]\r\n[google_map_marker image=\"https:\/\/westgatecdn.com\/2015\/07\/marker-disney.png\" lat=\"28.357001\" lng=\"-81.559473\" info=\"Disney's Hollywood Studios\"][\/google_map_marker]\r\n[google_map_marker image=\"https:\/\/westgatecdn.com\/2015\/07\/marker-seaworld.png\" lat=\"28.411445\" lng=\"-81.463559\" info=\"SeaWorld Orlando\"][\/google_map_marker]\r\n[google_map_marker image=\"https:\/\/westgatecdn.com\/2015\/07\/marker-waterpark.png\" lat=\"28.461475\" lng=\"-81.465764\" info=\"Wet 'n' Wild waterpark\"][\/google_map_marker]\r\n[google_map_marker image=\"https:\/\/westgatecdn.com\/2015\/07\/marker-universal.png\" lat=\"28.474881\" lng=\"-81.470426\" info=\"Universal Studios Orlando\"][\/google_map_marker]\r\n[google_map_marker image=\"https:\/\/westgatecdn.com\/2015\/07\/marker-disney-waterpark.png\" lat=\"28.365441\" lng=\"-81.528575\" info=\"Disney's Typhoon Lagoon\"][\/google_map_marker]\r\n[google_map_marker image=\"https:\/\/westgatecdn.com\/2015\/07\/marker-disney-waterpark.png\" lat=\"28.351581\" lng=\"-81.575075\" info=\"Disney's Blizzard Beach\"][\/google_map_marker]\r\n[google_map_marker image=\"https:\/\/westgatecdn.com\/2015\/07\/shopping-marker1.png\" lat=\"28.479219\" lng=\"-81.451498\" info=\"Prime Outlets International Dr.\"][\/google_map_marker]\r\n[google_map_marker image=\"https:\/\/westgatecdn.com\/2015\/07\/shopping-marker1.png\" lat=\"28.387344\" lng=\"-81.492183\" info=\"Orlando Vineland Prime Outlets\"][\/google_map_marker]\r\n[google_map_marker image=\"https:\/\/westgatecdn.com\/2015\/07\/shopping-marker.png\" lat=\"28.44622\" lng=\"-81.394905\" info=\"Florida Mall\"]\r\n[\/google_map_marker]\r\n[google_map_marker image=\"https:\/\/westgatecdn.com\/2015\/07\/shopping-marker.png\" lat=\"28.485769\" lng=\"-81.431595\" info=\"Mall at Millenia\"]\r\n[\/google_map_marker]\r\n[google_map_marker image=\"https:\/\/westgatecdn.com\/2015\/07\/Orlando-Eye-Icon.png\" lat=\"28.443489\" lng=\"-81.469079\" info=\"Orlando Eye\"]\r\n[\/google_map_marker]\r\n[\/google_map]\r\n[clear]\r\n\r\n[gap size=\"1em\"]\r\n<h5 class=\"center-text\">\u00a1Planifica tus <a href=\"https:\/\/www.westgatereservations.com\/es\/kissimmee\/\">Vacaciones en Kissimmee, FL<\/a> Hoy!<br\/>\r\nLlama Hoy [phone_link][tel][\/phone_link]<\/h5>\r\n[gap size=\"3em\"]\r\n<\/div>\r\n<div class=\"x-column x-sm x-1-4 last\">\r\n[sidebar sidebar_id=\"ups-sidebar-kissimmee-silo-sidebar\"]\r\n<\/div>\r\n<\/div>\r\n<!--\/content 2\/3 - 1\/3-->\r\n\r\n[\/container]","protected":false},"excerpt":{"rendered":"<p>[container] [visibility type=\"visible-phone\"] Llama para Reservar [gap size=\"2em\"] [\/visibility] Conoce toda la diversi\u00f3n del Centro Hist\u00f3rico de Kissimmee [column type=\"one-third\"] [\/column] [column type=\"two-thirds\" last=\"true\"] Situado justo al sur de Orlando, ... <\/p>\n<div><a href=\"https:\/\/www.westgatereservations.com\/es\/kissimmee\/historic-downtown\/\" class=\"more-link\">Leer M\u00e1s<\/a><\/div>\n","protected":false},"author":2,"featured_media":0,"parent":10203,"menu_order":0,"comment_status":"closed","ping_status":"closed","template":"template-blank-4.php","meta":{"footnotes":""},"_links":{"self":[{"href":"https:\/\/www.westgatereservations.com\/es\/wp-json\/wp\/v2\/pages\/10296"}],"collection":[{"href":"https:\/\/www.westgatereservations.com\/es\/wp-json\/wp\/v2\/pages"}],"about":[{"href":"https:\/\/www.westgatereservations.com\/es\/wp-json\/wp\/v2\/types\/page"}],"author":[{"embeddable":true,"href":"https:\/\/www.westgatereservations.com\/es\/wp-json\/wp\/v2\/users\/2"}],"replies":[{"embeddable":true,"href":"https:\/\/www.westgatereservations.com\/es\/wp-json\/wp\/v2\/comments?post=10296"}],"version-history":[{"count":0,"href":"https:\/\/www.westgatereservations.com\/es\/wp-json\/wp\/v2\/pages\/10296\/revisions"}],"up":[{"embeddable":true,"href":"https:\/\/www.westgatereservations.com\/es\/wp-json\/wp\/v2\/pages\/10203"}],"wp:attachment":[{"href":"https:\/\/www.westgatereservations.com\/es\/wp-json\/wp\/v2\/media?parent=10296"}],"curies":[{"name":"wp","href":"https:\/\/api.w.org\/{rel}","templated":true}]}}