{"id":10203,"date":"2016-07-05T14:41:40","date_gmt":"2016-07-05T18:41:40","guid":{"rendered":"https:\/\/www.westgatereservations.com\/es\/kissimmee\/"},"modified":"2019-10-24T09:58:44","modified_gmt":"2019-10-24T13:58:44","slug":"kissimmee","status":"publish","type":"page","link":"https:\/\/www.westgatereservations.com\/es\/kissimmee\/","title":{"rendered":"Vacaciones en Kissimmee"},"content":{"rendered":"<img decoding=\"async\" src=\"https:\/\/westgatecdn.com\/2016\/06\/cinderella-castle-disney.jpg\" class=\"x-visible-phone\" \/>\r\n<div class=\"x-container max width\">\r\n    [gap size=\"3em\" class=\"x-hidden-phone\"]\r\n    <div class=\"full-banner-bg x-hidden-phone\" style=\"height:400px; background-image:url(https:\/\/westgatecdn.com\/2016\/06\/cinderella-castle-disney.jpg); background-position: center; \"><\/div>\r\n    <div style=\"\" class=\"x-column x-1-3 x-sm mtm\">\r\n    [search-availability layout=\"vertical\" destination=\"Orlando\"]\r\n    <\/div>\r\n[clear]\r\n[gap size=\"2em\"]\r\n<\/div>\r\n[gap size=\"5em\" class=\"x-hidden-phone\"]\r\n[container]\r\n<div class=\"x-column x-sm x-3-4\">\r\n<!-- Left Content -->\r\n<h1 class=\"h4 mbs mtn\">Vacaciones en Kissimmee Florida<\/h1>\r\n[specials ids=\"3419,8270,11382\"]\r\n<hr class=\"darker-hr mbl\" \/>\r\n<h4>\u00a1Conoce Kissimmee y toda su diversi\u00f3n!<\/h4>\r\n<p>Cuando se trata de Vacaciones en Disney World, Orlando y Kissimmee van de la mano. \u00a1\u00c9chale un vistazo a las atracciones y resorts que pueden hacer que tus <a href=\"https:\/\/www.westgatereservations.com\/es\/\">Vacaciones Disney<\/a> sean m\u00e1gicas y memorables. Desde resorts llenos de diversi\u00f3n y lujos hasta un Centro Hist\u00f3rico repleto de tiendas y restaurantes, \u00a1Kissimmee tiene algo para todos! \r\n<\/p>\r\n<ul>\t\r\n<li><a href=\"\/es\/kissimmee\/hotels-resorts\/\">Resorts en Kissimmee Florida<\/a><\/li>\r\n<!--<li><a href=\"\/kissimmeee\/westgate-resorts\/\">kissimmeee\/westgate-resorts<\/a><\/li>-->\r\n<li><a href=\"\/es\/kissimmee\/historic-downtown\/\">Centro Hist\u00f3rico de Kissimmee<\/a><\/li>\r\n<li><a href=\"\/es\/kissimmee\/vacation-ownership-resorts\/\">Propiedades Vacacionales en Kissimmee<\/a><\/li>\r\n<\/ul>\r\n<hr class=\"mtl mbl darker-hr\" \/>\r\n<div>\r\n<img decoding=\"async\" class=\"mtl\" src=\"https:\/\/westgatecdn.com\/2015\/07\/Westgate-Town-Center-interior.jpg\" alt=\"westgate town center in Kissimmee, FL\" \/>\r\n<h4 class=\"mtm\">Vacaciones en Kissimmee, Florida - La Entrada a la Diversi\u00f3n<\/h4>\r\n<p>Ubicado al sur de Orlando, Kissimmee es mejor conocido por su proximidad a los parques tem\u00e1ticos y atracciones de Florida Central - incluyendo Walt Disney World Resort. Cuando se trata de vacaciones en los parques tem\u00e1ticos, \u00a1no hay mejor opci\u00f3n que unas vacaciones en Kissimmee Florida! \r\n<\/p>\r\n<\/div>\r\n\r\n<div style=\"padding:2em 0;\">\r\n<div style=\"float:left; margin-right:1.5em; text-align: center; height: 50px;width: 50px;background: rgba(255,200,102,1);border-radius: 50%;color: #fff; padding-top: .4em; background: rgba(255,240,76,1);\r\nbackground: -moz-linear-gradient(top, rgba(255,240,76,1) 0%, rgba(255,146,10,1) 100%);\r\nbackground: -webkit-gradient(left top, left bottom, color-stop(0%, rgba(255,240,76,1)), color-stop(100%, rgba(255,146,10,1)));\r\nbackground: -webkit-linear-gradient(top, rgba(255,240,76,1) 0%, rgba(255,146,10,1) 100%);\r\nbackground: -o-linear-gradient(top, rgba(255,240,76,1) 0%, rgba(255,146,10,1) 100%);\r\nbackground: -ms-linear-gradient(top, rgba(255,240,76,1) 0%, rgba(255,146,10,1) 100%);\r\nbackground: linear-gradient(to bottom, rgba(255,240,76,1) 0%, rgba(255,146,10,1) 100%);\">\r\n<i style=\"font-size:1.8em;\" class=\"far fa-sun aria-hidden=\"true\"><\/i>\r\n<\/div>\r\n<h5 class=\"mtn subheading\">Clima Perfecto<\/h5>\r\n<p>Con un sol radiante y un clima subtropical, Kissimmee es el mejor destino vacacional en cualquier \u00e9poca del a\u00f1o. Ya sea que prefieres un verano c\u00e1lido y h\u00famedo o un invierno un poco fr\u00edo, todas las \u00e9pocas del a\u00f1o son perfectas en Florida.  Las temperaturas de verano normalmente son en los 90s, mientras que el invierno puede ver temperaturas en los 50s-70s grados Fahrenheit.\r\n <\/p>\r\n<\/div>\r\n\r\n<div style=\"padding:1em 0;\">\r\n<div style=\"float:left; margin-right:1.5em; text-align: center;height: 50px;width: 50px;background: #0997f8;border-radius: 50%;color: #fff;padding-top: .8em;\r\nbackground: rgba(73,155,234,1);\r\nbackground: -moz-linear-gradient(top, rgba(73,155,234,1) 0%, rgba(32,124,229,1) 100%);\r\nbackground: -webkit-gradient(left top, left bottom, color-stop(0%, rgba(73,155,234,1)), color-stop(100%, rgba(32,124,229,1)));\r\nbackground: -webkit-linear-gradient(top, rgba(73,155,234,1) 0%, rgba(32,124,229,1) 100%);\r\nbackground: -o-linear-gradient(top, rgba(73,155,234,1) 0%, rgba(32,124,229,1) 100%);\r\nbackground: -ms-linear-gradient(top, rgba(73,155,234,1) 0%, rgba(32,124,229,1) 100%);\r\nbackground: linear-gradient(to bottom, rgba(73,155,234,1) 0%, rgba(32,124,229,1) 100%);\">\r\n<i style=\"font-size:2em;\" class=\"fas fa-map -marker\" aria-hidden=\"true\"><\/i>\r\n<\/div>\r\n<h5 class=\"mtn subheading\">Ubicaci\u00f3n Conveniente<\/h5>\r\n<p>Kissimmee, FL est\u00e1 situado cerca de Orlando y a menos de 30 minutos del Aeropuerto Internacional de Orlando. Estar en Kissimmee permite acceso r\u00e1pido a la zona de restaurantes, tiendas, atracciones y parques tem\u00e1ticos como Disney World. Las excepcionales playas de Florida tambi\u00e9n pueden ser alcanzadas f\u00e1cilmente. Cocoa Beach es la m\u00e1s cercana, a s\u00f3lo una hora de distancia.<\/p>\r\n<\/div>\r\n\r\n<div style=\"padding:1em 0;\">\r\n<div style=\"float:left; margin-right:1.5em; text-align: center;height: 50px;width: 50px;background: #026bde;border-radius: 50%;color: #fff; padding-top: .9em;\r\nbackground: rgba(255,93,177,1);\r\nbackground: -moz-linear-gradient(top, rgba(255,93,177,1) 0%, rgba(239,1,124,1) 100%);\r\nbackground: -webkit-gradient(left top, left bottom, color-stop(0%, rgba(255,93,177,1)), color-stop(100%, rgba(239,1,124,1)));\r\nbackground: -webkit-linear-gradient(top, rgba(255,93,177,1) 0%, rgba(239,1,124,1) 100%);\r\nbackground: -o-linear-gradient(top, rgba(255,93,177,1) 0%, rgba(239,1,124,1) 100%);\r\nbackground: -ms-linear-gradient(top, rgba(255,93,177,1) 0%, rgba(239,1,124,1) 100%);\r\nbackground: linear-gradient(to bottom, rgba(255,93,177,1) 0%, rgba(239,1,124,1) 100%);\">\r\n<i style=\"font-size:2em;\" class=\"fas fa-magic\" aria-hidden=\"true\"><\/i>\r\n<\/div>\r\n<h5 class=\"mtn subheading\">A Pasos de Disney<\/h5>\r\n<P>Una estad\u00eda en Kissimmee te coloca a solo pasos de Walt Disney World Resort. Disfruta de Magic Kingdom, Epcot, Disney\u2019s Animal Kingdom, Disney\u2019s Hollywood Studios, Blizzard Beach, Typhoon Lagoon, Disney Springs y mucho m\u00e1s!<\/p>\r\n<\/div>\r\n\r\n<div style=\"padding:1em 0;\">\r\n<div style=\"float:left; margin-right:1.5em; text-align: center;height: 50px;width: 50px;background: #014292;border-radius: 50%;color: #fff;padding-top: .9em;\r\nbackground: rgba(179,220,237,1);\r\nbackground: -moz-linear-gradient(top, rgba(179,220,237,1) 0%, rgba(41,184,229,1) 100%);\r\nbackground: -webkit-gradient(left top, left bottom, color-stop(0%, rgba(179,220,237,1)), color-stop(100%, rgba(41,184,229,1)));\r\nbackground: -webkit-linear-gradient(top, rgba(179,220,237,1) 0%, rgba(41,184,229,1) 100%);\r\nbackground: -o-linear-gradient(top, rgba(179,220,237,1) 0%, rgba(41,184,229,1) 100%);\r\nbackground: -ms-linear-gradient(top, rgba(179,220,237,1) 0%, rgba(41,184,229,1) 100%);\r\nbackground: linear-gradient(to bottom, rgba(179,220,237,1) 0%, rgba(41,184,229,1) 100%);\">\r\n<i style=\"font-size:2em;\" class=\"fas fa-child\" aria-hidden=\"true\"><\/i>\r\n<\/div>\r\n<h5 class=\"mtn subheading\">Actividades & Aventuras para Ni\u00f1os\r\n<\/h5>\r\n<p>En Kissimmee siempre encontrar\u00e1s actividades para los peque\u00f1os. Adem\u00e1s de aventuras al aire libre y parques tem\u00e1ticos, podr\u00e1s disfrutar de emocionantes espect\u00e1culos mientras cenas como Medieval Times Dinner & Tournament, el Osceola County Pioneer Village & Museum y  Green Meadows Petting Farm, donde se puede encontrar una variedad de animales, pasear en pony e incluso orde\u00f1ar una vaca.\r\n<\/p>\r\n<\/div>\r\n\r\n<div style=\"padding:1em 0;\">\r\n<div style=\"float:left; margin-right:1.5em; text-align: center;height: 50px;width: 50px;background: #002f68;border-radius: 50%;color: #fff;padding-top: 1em; background: rgba(95,79,94,1);\r\nbackground: -moz-linear-gradient(top, rgba(95,79,94,1) 0%, rgba(12,22,72,1) 100%);\r\nbackground: -webkit-gradient(left top, left bottom, color-stop(0%, rgba(95,79,94,1)), color-stop(100%, rgba(12,22,72,1)));\r\nbackground: -webkit-linear-gradient(top, rgba(95,79,94,1) 0%, rgba(12,22,72,1) 100%);\r\nbackground: -o-linear-gradient(top, rgba(95,79,94,1) 0%, rgba(12,22,72,1) 100%);\r\nbackground: -ms-linear-gradient(top, rgba(95,79,94,1) 0%, rgba(12,22,72,1) 100%);\r\nbackground: linear-gradient(to bottom, rgba(95,79,94,1) 0%, rgba(12,22,72,1) 100%);\">\r\n<i style=\"font-size:1.6em;\" class=\"fas fa-glass\" aria-hidden=\"true\"><\/i>\r\n<\/div>\r\n<h5 class=\"mtn subheading\">Goza de la Vida Nocturna de Kissimmee\r\n<\/h5>\r\n<p>\u00bfBuscas vida nocturna? Cuando vacaciones en Kissimmee tienes muchas opciones. Disfruta de actuaciones de teatro en vivo, conciertos, exposiciones de arte y deportes. Tambi\u00e9n estar\u00e1s cerca del parque tem\u00e1tico y complejos como Disney y Universal CityWalk Resorts. Kissimmee tambi\u00e9n se encuentra a lo largo de las orillas del lago Tohopekaliga (Lago Toho) y cuenta con 25 vibrantes acres frente al agua con senderos, parques infantiles y un muelle de pesca. El Parque cuenta con el monumento de los Estados, una torre de 50 pies hecha de granito, cuarzo, rocas, f\u00f3siles y piezas de los edificios antiguos de todo el pa\u00eds. Cerca de all\u00ed, se encuentra el Centro Hist\u00f3rico de Kissimmee el cual cuenta con una amplia gama de encantadoras casas, tiendas, galer\u00edas, tiendas de antig\u00fcedades y mucho m\u00e1s. Encontrar\u00e1s un sinn\u00famero de tesoros, art\u00edculos de colecci\u00f3n y obras de arte \u00fanicas.\r\n\r\n<\/p>\r\n<\/div>\r\n\r\n[clear]\r\n[gap size=\"2em\"]\r\n<!-- \/Left Content -->\r\n<\/div>\r\n<div class=\"x-column x-sm x-1-4 last\">\r\n[sidebar sidebar_id=\"ups-sidebar-kissimmee-silo-sidebar\"]\r\n<\/div>\r\n\r\n[\/container]","protected":false},"excerpt":{"rendered":"<p>[gap size=\"3em\" class=\"x-hidden-phone\"] [search-availability layout=\"vertical\" destination=\"Orlando\"] [clear] [gap size=\"2em\"] [gap size=\"5em\" class=\"x-hidden-phone\"] [container] Vacaciones en Kissimmee Florida [specials ids=\"3419,8270,11382\"] \u00a1Conoce Kissimmee y toda su diversi\u00f3n! Cuando se trata de Vacaciones ... <\/p>\n<div><a href=\"https:\/\/www.westgatereservations.com\/es\/kissimmee\/\" class=\"more-link\">Leer M\u00e1s<\/a><\/div>\n","protected":false},"author":2,"featured_media":0,"parent":0,"menu_order":0,"comment_status":"closed","ping_status":"closed","template":"template-blank-4.php","meta":{"footnotes":""},"_links":{"self":[{"href":"https:\/\/www.westgatereservations.com\/es\/wp-json\/wp\/v2\/pages\/10203"}],"collection":[{"href":"https:\/\/www.westgatereservations.com\/es\/wp-json\/wp\/v2\/pages"}],"about":[{"href":"https:\/\/www.westgatereservations.com\/es\/wp-json\/wp\/v2\/types\/page"}],"author":[{"embeddable":true,"href":"https:\/\/www.westgatereservations.com\/es\/wp-json\/wp\/v2\/users\/2"}],"replies":[{"embeddable":true,"href":"https:\/\/www.westgatereservations.com\/es\/wp-json\/wp\/v2\/comments?post=10203"}],"version-history":[{"count":0,"href":"https:\/\/www.westgatereservations.com\/es\/wp-json\/wp\/v2\/pages\/10203\/revisions"}],"wp:attachment":[{"href":"https:\/\/www.westgatereservations.com\/es\/wp-json\/wp\/v2\/media?parent=10203"}],"curies":[{"name":"wp","href":"https:\/\/api.w.org\/{rel}","templated":true}]}}